{"id":4157,"date":"2014-08-21T10:11:18","date_gmt":"2014-08-21T10:11:18","guid":{"rendered":"https:\/\/www.kdrei-2009.de\/WPKdrei\/?page_id=4157"},"modified":"2016-03-16T12:23:43","modified_gmt":"2016-03-16T12:23:43","slug":"kleine-wanderung-von-teck-zu-teck","status":"publish","type":"page","link":"https:\/\/www.kdrei-2009.de\/WPKdrei\/kultur\/kultur-2014\/kleine-wanderung-von-teck-zu-teck\/","title":{"rendered":"Kleine Wanderung von Teck zu Teck"},"content":{"rendered":"<h3><span style=\"color: #808080;\">Immer wieder zieht es uns auf die Alb. Wenn sch\u00f6nes Wetter ist. Sonntags, zwischen Fr\u00fchst\u00fcck und Nachmittagsboulen oder einfach so. Hier einige Bilder von der Tour: Teck Parkplatz-Sybillenloch-Sattelbogen-Rauber-Ochsenwang-Bissingen-Parkplatz Teck Das haben wir uns etwas k\u00fcrzer vorgestellt, aber es war herrliches Wanderwetter, es gab den Ochsenwanger H\u00fclehock und am Schlu\u00df hat es sogar noch zum Boulen gereicht.<\/span><\/h3>\n<p><a href=\"https:\/\/www.kdrei-2009.de\/WPKdrei\/wp-content\/uploads\/2014\/08\/Breitenstein-14_04web.jpg\" rel=\"lightbox[4157]\"><img loading=\"lazy\" decoding=\"async\" class=\"size-full wp-image-4150 alignleft\" title=\"Breitenstein 14_04web\" src=\"https:\/\/www.kdrei-2009.de\/WPKdrei\/wp-content\/uploads\/2014\/08\/Breitenstein-14_04web.jpg\" alt=\"\" width=\"680\" height=\"511\" srcset=\"https:\/\/www.kdrei-2009.de\/WPKdrei\/wp-content\/uploads\/2014\/08\/Breitenstein-14_04web.jpg 680w, https:\/\/www.kdrei-2009.de\/WPKdrei\/wp-content\/uploads\/2014\/08\/Breitenstein-14_04web-300x225.jpg 300w\" sizes=\"(max-width: 680px) 100vw, 680px\" \/><\/a><\/p>\n<div id=\"attachment_4151\" style=\"width: 690px\" class=\"wp-caption alignleft\"><a href=\"https:\/\/www.kdrei-2009.de\/WPKdrei\/wp-content\/uploads\/2014\/08\/Breitenstein-14_05web.jpg\" rel=\"lightbox[4157]\"><img loading=\"lazy\" decoding=\"async\" aria-describedby=\"caption-attachment-4151\" class=\"size-full wp-image-4151 \" title=\"Breitenstein 14_05web\" src=\"https:\/\/www.kdrei-2009.de\/WPKdrei\/wp-content\/uploads\/2014\/08\/Breitenstein-14_05web.jpg\" alt=\"\" width=\"680\" height=\"366\" srcset=\"https:\/\/www.kdrei-2009.de\/WPKdrei\/wp-content\/uploads\/2014\/08\/Breitenstein-14_05web.jpg 680w, https:\/\/www.kdrei-2009.de\/WPKdrei\/wp-content\/uploads\/2014\/08\/Breitenstein-14_05web-300x161.jpg 300w\" sizes=\"(max-width: 680px) 100vw, 680px\" \/><\/a><p id=\"caption-attachment-4151\" class=\"wp-caption-text\">H\u00fcle-Hock in Ochsenwang. Endlich kalte isotonische Getr\u00e4nke.<\/p><\/div>\n<div id=\"attachment_4152\" style=\"width: 690px\" class=\"wp-caption alignleft\"><a href=\"https:\/\/www.kdrei-2009.de\/WPKdrei\/wp-content\/uploads\/2014\/08\/Breitenstein-14_08wb.jpg\" rel=\"lightbox[4157]\"><img loading=\"lazy\" decoding=\"async\" aria-describedby=\"caption-attachment-4152\" class=\"size-full wp-image-4152\" title=\"Breitenstein 14_08wb\" src=\"https:\/\/www.kdrei-2009.de\/WPKdrei\/wp-content\/uploads\/2014\/08\/Breitenstein-14_08wb.jpg\" alt=\"\" width=\"680\" height=\"401\" srcset=\"https:\/\/www.kdrei-2009.de\/WPKdrei\/wp-content\/uploads\/2014\/08\/Breitenstein-14_08wb.jpg 680w, https:\/\/www.kdrei-2009.de\/WPKdrei\/wp-content\/uploads\/2014\/08\/Breitenstein-14_08wb-300x176.jpg 300w\" sizes=\"(max-width: 680px) 100vw, 680px\" \/><\/a><p id=\"caption-attachment-4152\" class=\"wp-caption-text\">Vom Breitenstein zur Teck.<\/p><\/div>\n<p><a href=\"https:\/\/www.kdrei-2009.de\/WPKdrei\/wp-content\/uploads\/2014\/08\/Breitenstein-14_16web.jpg\" rel=\"lightbox[4157]\"><img loading=\"lazy\" decoding=\"async\" class=\"alignleft size-full wp-image-4153\" title=\"Breitenstein 14_16web\" src=\"https:\/\/www.kdrei-2009.de\/WPKdrei\/wp-content\/uploads\/2014\/08\/Breitenstein-14_16web.jpg\" alt=\"\" width=\"680\" height=\"382\" srcset=\"https:\/\/www.kdrei-2009.de\/WPKdrei\/wp-content\/uploads\/2014\/08\/Breitenstein-14_16web.jpg 680w, https:\/\/www.kdrei-2009.de\/WPKdrei\/wp-content\/uploads\/2014\/08\/Breitenstein-14_16web-300x168.jpg 300w\" sizes=\"(max-width: 680px) 100vw, 680px\" \/><\/a><\/p>\n<div id=\"attachment_4154\" style=\"width: 690px\" class=\"wp-caption alignleft\"><a href=\"https:\/\/www.kdrei-2009.de\/WPKdrei\/wp-content\/uploads\/2014\/08\/Breitenstein-14_17web.jpg\" rel=\"lightbox[4157]\"><img loading=\"lazy\" decoding=\"async\" aria-describedby=\"caption-attachment-4154\" class=\"size-full wp-image-4154\" title=\"Breitenstein 14_17web\" src=\"https:\/\/www.kdrei-2009.de\/WPKdrei\/wp-content\/uploads\/2014\/08\/Breitenstein-14_17web.jpg\" alt=\"\" width=\"680\" height=\"412\" srcset=\"https:\/\/www.kdrei-2009.de\/WPKdrei\/wp-content\/uploads\/2014\/08\/Breitenstein-14_17web.jpg 680w, https:\/\/www.kdrei-2009.de\/WPKdrei\/wp-content\/uploads\/2014\/08\/Breitenstein-14_17web-300x181.jpg 300w\" sizes=\"(max-width: 680px) 100vw, 680px\" \/><\/a><p id=\"caption-attachment-4154\" class=\"wp-caption-text\">Blick ins Filstal mit den Kaiserbergen.<\/p><\/div>\n<div id=\"attachment_4160\" style=\"width: 1030px\" class=\"wp-caption alignleft\"><a href=\"https:\/\/www.kdrei-2009.de\/WPKdrei\/wp-content\/uploads\/2014\/08\/Breitenstein14-pan-web1.jpg\" rel=\"lightbox[4157]\"><img loading=\"lazy\" decoding=\"async\" aria-describedby=\"caption-attachment-4160\" class=\"size-full wp-image-4160\" title=\"Breitenstein14 pan-web\" src=\"https:\/\/www.kdrei-2009.de\/WPKdrei\/wp-content\/uploads\/2014\/08\/Breitenstein14-pan-web1.jpg\" alt=\"\" width=\"1020\" height=\"226\" srcset=\"https:\/\/www.kdrei-2009.de\/WPKdrei\/wp-content\/uploads\/2014\/08\/Breitenstein14-pan-web1.jpg 1020w, https:\/\/www.kdrei-2009.de\/WPKdrei\/wp-content\/uploads\/2014\/08\/Breitenstein14-pan-web1-300x66.jpg 300w\" sizes=\"(max-width: 1020px) 100vw, 1020px\" \/><\/a><p id=\"caption-attachment-4160\" class=\"wp-caption-text\">Schon ein grandioser Ausblick...<\/p><\/div>\n","protected":false},"excerpt":{"rendered":"<p>Immer wieder zieht es uns auf die Alb. Wenn sch\u00f6nes Wetter ist. Sonntags, zwischen Fr\u00fchst\u00fcck und Nachmittagsboulen oder einfach so. Hier einige Bilder von der Tour: Teck Parkplatz-Sybillenloch-Sattelbogen-Rauber-Ochsenwang-Bissingen-Parkplatz Teck Das [&hellip;]<\/p>\n","protected":false},"author":1,"featured_media":0,"parent":5290,"menu_order":0,"comment_status":"open","ping_status":"open","template":"","meta":{"footnotes":""},"_links":{"self":[{"href":"https:\/\/www.kdrei-2009.de\/WPKdrei\/wp-json\/wp\/v2\/pages\/4157"}],"collection":[{"href":"https:\/\/www.kdrei-2009.de\/WPKdrei\/wp-json\/wp\/v2\/pages"}],"about":[{"href":"https:\/\/www.kdrei-2009.de\/WPKdrei\/wp-json\/wp\/v2\/types\/page"}],"author":[{"embeddable":true,"href":"https:\/\/www.kdrei-2009.de\/WPKdrei\/wp-json\/wp\/v2\/users\/1"}],"replies":[{"embeddable":true,"href":"https:\/\/www.kdrei-2009.de\/WPKdrei\/wp-json\/wp\/v2\/comments?post=4157"}],"version-history":[{"count":5,"href":"https:\/\/www.kdrei-2009.de\/WPKdrei\/wp-json\/wp\/v2\/pages\/4157\/revisions"}],"predecessor-version":[{"id":5511,"href":"https:\/\/www.kdrei-2009.de\/WPKdrei\/wp-json\/wp\/v2\/pages\/4157\/revisions\/5511"}],"up":[{"embeddable":true,"href":"https:\/\/www.kdrei-2009.de\/WPKdrei\/wp-json\/wp\/v2\/pages\/5290"}],"wp:attachment":[{"href":"https:\/\/www.kdrei-2009.de\/WPKdrei\/wp-json\/wp\/v2\/media?parent=4157"}],"curies":[{"name":"wp","href":"https:\/\/api.w.org\/{rel}","templated":true}]}}