{"id":4193,"date":"2014-09-01T16:27:59","date_gmt":"2014-09-01T16:27:59","guid":{"rendered":"https:\/\/www.kdrei-2009.de\/WPKdrei\/?page_id=4193"},"modified":"2016-03-15T10:57:53","modified_gmt":"2016-03-15T10:57:53","slug":"streuobstwiesenpflegebirnensammelaktion-2014","status":"publish","type":"page","link":"https:\/\/www.kdrei-2009.de\/WPKdrei\/kultur\/kultur-2014\/streuobstwiesenpflegebirnensammelaktion-2014\/","title":{"rendered":"Streuobstwiesenpflegebirnensammelaktion 2014"},"content":{"rendered":"<h3><span style=\"color: #808080;\">Im Rahmen unseres Umweltprogrammes &#8220; Streuobst zu Destillat &#8220; waren einige Kdreiler vergangenen Samstag auf einem Streuobstwiesle in N\u00fcrtingen. Die genaue Lage geben wir inzwischen nicht mehr preis, da uns ja letztes Jahr ein ganzer Zwetschgenbaum weggeerntet wurde. Der oder die Diebe sollen von diesen Zwetschgen immer wieder Durchfall und Bauchschmerzen bekommen.<\/span><\/h3>\n<h3><span style=\"color: #808080;\">Hier Bilder dieser Aktion. Wir haben schon 2 F\u00e4sser Maische. Demn\u00e4chst gehts dann zu den \u00c4pfeln und wir versuchen wieder einen so leckeren Apfelbrand wie 2013 zu bekommen. <\/span><\/h3>\n<p><a href=\"https:\/\/www.kdrei-2009.de\/WPKdrei\/wp-content\/uploads\/2014\/09\/K3-Brand14-birnensammeln-026web.jpg\" rel=\"lightbox[4193]\"><img loading=\"lazy\" decoding=\"async\" class=\"alignleft size-medium wp-image-4190\" title=\"K3-Brand14-birnensammeln-026web\" src=\"https:\/\/www.kdrei-2009.de\/WPKdrei\/wp-content\/uploads\/2014\/09\/K3-Brand14-birnensammeln-026web-300x300.jpg\" alt=\"\" width=\"300\" height=\"300\" srcset=\"https:\/\/www.kdrei-2009.de\/WPKdrei\/wp-content\/uploads\/2014\/09\/K3-Brand14-birnensammeln-026web-300x300.jpg 300w, https:\/\/www.kdrei-2009.de\/WPKdrei\/wp-content\/uploads\/2014\/09\/K3-Brand14-birnensammeln-026web-150x150.jpg 150w, https:\/\/www.kdrei-2009.de\/WPKdrei\/wp-content\/uploads\/2014\/09\/K3-Brand14-birnensammeln-026web.jpg 567w\" sizes=\"(max-width: 300px) 100vw, 300px\" \/><\/a><a href=\"https:\/\/www.kdrei-2009.de\/WPKdrei\/wp-content\/uploads\/2014\/09\/K3-Brand14-birnensammeln-025web.jpg\" rel=\"lightbox[4193]\"><img loading=\"lazy\" decoding=\"async\" class=\"alignleft size-medium wp-image-4189\" title=\"K3-Brand14-birnensammeln-025web\" src=\"https:\/\/www.kdrei-2009.de\/WPKdrei\/wp-content\/uploads\/2014\/09\/K3-Brand14-birnensammeln-025web-300x300.jpg\" alt=\"\" width=\"300\" height=\"300\" srcset=\"https:\/\/www.kdrei-2009.de\/WPKdrei\/wp-content\/uploads\/2014\/09\/K3-Brand14-birnensammeln-025web-300x300.jpg 300w, https:\/\/www.kdrei-2009.de\/WPKdrei\/wp-content\/uploads\/2014\/09\/K3-Brand14-birnensammeln-025web-150x150.jpg 150w, https:\/\/www.kdrei-2009.de\/WPKdrei\/wp-content\/uploads\/2014\/09\/K3-Brand14-birnensammeln-025web.jpg 567w\" sizes=\"(max-width: 300px) 100vw, 300px\" \/><\/a><\/p>\n<p><a href=\"https:\/\/www.kdrei-2009.de\/WPKdrei\/wp-content\/uploads\/2014\/09\/K3-Brand14-birnensammeln-024web.jpg\" rel=\"lightbox[4193]\"><img loading=\"lazy\" decoding=\"async\" class=\"alignleft size-medium wp-image-4187\" title=\"K3-Brand14-birnensammeln-024web\" src=\"https:\/\/www.kdrei-2009.de\/WPKdrei\/wp-content\/uploads\/2014\/09\/K3-Brand14-birnensammeln-024web-300x300.jpg\" alt=\"\" width=\"300\" height=\"300\" srcset=\"https:\/\/www.kdrei-2009.de\/WPKdrei\/wp-content\/uploads\/2014\/09\/K3-Brand14-birnensammeln-024web-300x300.jpg 300w, https:\/\/www.kdrei-2009.de\/WPKdrei\/wp-content\/uploads\/2014\/09\/K3-Brand14-birnensammeln-024web-150x150.jpg 150w, https:\/\/www.kdrei-2009.de\/WPKdrei\/wp-content\/uploads\/2014\/09\/K3-Brand14-birnensammeln-024web.jpg 567w\" sizes=\"(max-width: 300px) 100vw, 300px\" \/><\/a><a href=\"https:\/\/www.kdrei-2009.de\/WPKdrei\/wp-content\/uploads\/2014\/09\/K3-Brand14-birnensammeln-023web.jpg\" rel=\"lightbox[4193]\"><img loading=\"lazy\" decoding=\"async\" class=\"alignleft size-medium wp-image-4186\" title=\"K3-Brand14-birnensammeln-023web\" src=\"https:\/\/www.kdrei-2009.de\/WPKdrei\/wp-content\/uploads\/2014\/09\/K3-Brand14-birnensammeln-023web-300x300.jpg\" alt=\"\" width=\"300\" height=\"300\" srcset=\"https:\/\/www.kdrei-2009.de\/WPKdrei\/wp-content\/uploads\/2014\/09\/K3-Brand14-birnensammeln-023web-300x300.jpg 300w, https:\/\/www.kdrei-2009.de\/WPKdrei\/wp-content\/uploads\/2014\/09\/K3-Brand14-birnensammeln-023web-150x150.jpg 150w, https:\/\/www.kdrei-2009.de\/WPKdrei\/wp-content\/uploads\/2014\/09\/K3-Brand14-birnensammeln-023web.jpg 567w\" sizes=\"(max-width: 300px) 100vw, 300px\" \/><\/a><\/p>\n<p><a href=\"https:\/\/www.kdrei-2009.de\/WPKdrei\/wp-content\/uploads\/2014\/09\/K3-Brand14-birnensammeln-020web.jpg\" rel=\"lightbox[4193]\"><img loading=\"lazy\" decoding=\"async\" class=\"alignleft size-medium wp-image-4185\" title=\"K3-Brand14-birnensammeln-020web\" src=\"https:\/\/www.kdrei-2009.de\/WPKdrei\/wp-content\/uploads\/2014\/09\/K3-Brand14-birnensammeln-020web-300x300.jpg\" alt=\"\" width=\"300\" height=\"300\" srcset=\"https:\/\/www.kdrei-2009.de\/WPKdrei\/wp-content\/uploads\/2014\/09\/K3-Brand14-birnensammeln-020web-300x300.jpg 300w, https:\/\/www.kdrei-2009.de\/WPKdrei\/wp-content\/uploads\/2014\/09\/K3-Brand14-birnensammeln-020web-150x150.jpg 150w, https:\/\/www.kdrei-2009.de\/WPKdrei\/wp-content\/uploads\/2014\/09\/K3-Brand14-birnensammeln-020web.jpg 567w\" sizes=\"(max-width: 300px) 100vw, 300px\" \/><\/a><a href=\"https:\/\/www.kdrei-2009.de\/WPKdrei\/wp-content\/uploads\/2014\/09\/K3-Brand14-birnensammeln-019web.jpg\" rel=\"lightbox[4193]\"><img loading=\"lazy\" decoding=\"async\" class=\"alignleft size-medium wp-image-4184\" title=\"K3-Brand14-birnensammeln-019web\" src=\"https:\/\/www.kdrei-2009.de\/WPKdrei\/wp-content\/uploads\/2014\/09\/K3-Brand14-birnensammeln-019web-300x300.jpg\" alt=\"\" width=\"300\" height=\"300\" srcset=\"https:\/\/www.kdrei-2009.de\/WPKdrei\/wp-content\/uploads\/2014\/09\/K3-Brand14-birnensammeln-019web-300x300.jpg 300w, https:\/\/www.kdrei-2009.de\/WPKdrei\/wp-content\/uploads\/2014\/09\/K3-Brand14-birnensammeln-019web-150x150.jpg 150w, https:\/\/www.kdrei-2009.de\/WPKdrei\/wp-content\/uploads\/2014\/09\/K3-Brand14-birnensammeln-019web.jpg 567w\" sizes=\"(max-width: 300px) 100vw, 300px\" \/><\/a><a href=\"https:\/\/www.kdrei-2009.de\/WPKdrei\/wp-content\/uploads\/2014\/09\/K3-Brand14-birnensammeln-018web.jpg\" rel=\"lightbox[4193]\"><img loading=\"lazy\" decoding=\"async\" class=\"alignleft size-medium wp-image-4183\" title=\"K3-Brand14-birnensammeln-018web\" src=\"https:\/\/www.kdrei-2009.de\/WPKdrei\/wp-content\/uploads\/2014\/09\/K3-Brand14-birnensammeln-018web-300x300.jpg\" alt=\"\" width=\"300\" height=\"300\" srcset=\"https:\/\/www.kdrei-2009.de\/WPKdrei\/wp-content\/uploads\/2014\/09\/K3-Brand14-birnensammeln-018web-300x300.jpg 300w, https:\/\/www.kdrei-2009.de\/WPKdrei\/wp-content\/uploads\/2014\/09\/K3-Brand14-birnensammeln-018web-150x150.jpg 150w, https:\/\/www.kdrei-2009.de\/WPKdrei\/wp-content\/uploads\/2014\/09\/K3-Brand14-birnensammeln-018web.jpg 567w\" sizes=\"(max-width: 300px) 100vw, 300px\" \/><\/a><\/p>\n<p><a href=\"https:\/\/www.kdrei-2009.de\/WPKdrei\/wp-content\/uploads\/2014\/09\/K3-Brand14-birnensammeln-017web.jpg\" rel=\"lightbox[4193]\"><img loading=\"lazy\" decoding=\"async\" class=\"alignleft size-medium wp-image-4182\" title=\"K3-Brand14-birnensammeln-017web\" src=\"https:\/\/www.kdrei-2009.de\/WPKdrei\/wp-content\/uploads\/2014\/09\/K3-Brand14-birnensammeln-017web-300x300.jpg\" alt=\"\" width=\"300\" height=\"300\" srcset=\"https:\/\/www.kdrei-2009.de\/WPKdrei\/wp-content\/uploads\/2014\/09\/K3-Brand14-birnensammeln-017web-300x300.jpg 300w, https:\/\/www.kdrei-2009.de\/WPKdrei\/wp-content\/uploads\/2014\/09\/K3-Brand14-birnensammeln-017web-150x150.jpg 150w, https:\/\/www.kdrei-2009.de\/WPKdrei\/wp-content\/uploads\/2014\/09\/K3-Brand14-birnensammeln-017web.jpg 567w\" sizes=\"(max-width: 300px) 100vw, 300px\" \/><\/a><a href=\"https:\/\/www.kdrei-2009.de\/WPKdrei\/wp-content\/uploads\/2014\/09\/K3-Brand14-birnensammeln-016web.jpg\" rel=\"lightbox[4193]\"><img loading=\"lazy\" decoding=\"async\" class=\"alignleft size-medium wp-image-4181\" title=\"K3-Brand14-birnensammeln-016web\" src=\"https:\/\/www.kdrei-2009.de\/WPKdrei\/wp-content\/uploads\/2014\/09\/K3-Brand14-birnensammeln-016web-300x300.jpg\" alt=\"\" width=\"300\" height=\"300\" srcset=\"https:\/\/www.kdrei-2009.de\/WPKdrei\/wp-content\/uploads\/2014\/09\/K3-Brand14-birnensammeln-016web-300x300.jpg 300w, https:\/\/www.kdrei-2009.de\/WPKdrei\/wp-content\/uploads\/2014\/09\/K3-Brand14-birnensammeln-016web-150x150.jpg 150w, https:\/\/www.kdrei-2009.de\/WPKdrei\/wp-content\/uploads\/2014\/09\/K3-Brand14-birnensammeln-016web.jpg 567w\" sizes=\"(max-width: 300px) 100vw, 300px\" \/><\/a><a href=\"https:\/\/www.kdrei-2009.de\/WPKdrei\/wp-content\/uploads\/2014\/09\/K3-Brand14-birnensammeln-012web.jpg\" rel=\"lightbox[4193]\"><img loading=\"lazy\" decoding=\"async\" class=\"alignleft size-medium wp-image-4179\" title=\"K3-Brand14-birnensammeln-012web\" src=\"https:\/\/www.kdrei-2009.de\/WPKdrei\/wp-content\/uploads\/2014\/09\/K3-Brand14-birnensammeln-012web-300x300.jpg\" alt=\"\" width=\"300\" height=\"300\" srcset=\"https:\/\/www.kdrei-2009.de\/WPKdrei\/wp-content\/uploads\/2014\/09\/K3-Brand14-birnensammeln-012web-300x300.jpg 300w, https:\/\/www.kdrei-2009.de\/WPKdrei\/wp-content\/uploads\/2014\/09\/K3-Brand14-birnensammeln-012web-150x150.jpg 150w, https:\/\/www.kdrei-2009.de\/WPKdrei\/wp-content\/uploads\/2014\/09\/K3-Brand14-birnensammeln-012web.jpg 567w\" sizes=\"(max-width: 300px) 100vw, 300px\" \/><\/a><\/p>\n<p><a href=\"https:\/\/www.kdrei-2009.de\/WPKdrei\/wp-content\/uploads\/2014\/09\/K3-Brand14-birnensammeln-011web.jpg\" rel=\"lightbox[4193]\"><img loading=\"lazy\" decoding=\"async\" class=\"alignleft size-medium wp-image-4178\" title=\"K3-Brand14-birnensammeln-011web\" src=\"https:\/\/www.kdrei-2009.de\/WPKdrei\/wp-content\/uploads\/2014\/09\/K3-Brand14-birnensammeln-011web-300x300.jpg\" alt=\"\" width=\"300\" height=\"300\" srcset=\"https:\/\/www.kdrei-2009.de\/WPKdrei\/wp-content\/uploads\/2014\/09\/K3-Brand14-birnensammeln-011web-300x300.jpg 300w, https:\/\/www.kdrei-2009.de\/WPKdrei\/wp-content\/uploads\/2014\/09\/K3-Brand14-birnensammeln-011web-150x150.jpg 150w, https:\/\/www.kdrei-2009.de\/WPKdrei\/wp-content\/uploads\/2014\/09\/K3-Brand14-birnensammeln-011web.jpg 567w\" sizes=\"(max-width: 300px) 100vw, 300px\" \/><\/a><a href=\"https:\/\/www.kdrei-2009.de\/WPKdrei\/wp-content\/uploads\/2014\/09\/K3-Brand14-birnensammeln-010web.jpg\" rel=\"lightbox[4193]\"><img loading=\"lazy\" decoding=\"async\" class=\"alignleft size-medium wp-image-4177\" title=\"K3-Brand14-birnensammeln-010web\" src=\"https:\/\/www.kdrei-2009.de\/WPKdrei\/wp-content\/uploads\/2014\/09\/K3-Brand14-birnensammeln-010web-300x300.jpg\" alt=\"\" width=\"300\" height=\"300\" srcset=\"https:\/\/www.kdrei-2009.de\/WPKdrei\/wp-content\/uploads\/2014\/09\/K3-Brand14-birnensammeln-010web-300x300.jpg 300w, https:\/\/www.kdrei-2009.de\/WPKdrei\/wp-content\/uploads\/2014\/09\/K3-Brand14-birnensammeln-010web-150x150.jpg 150w, https:\/\/www.kdrei-2009.de\/WPKdrei\/wp-content\/uploads\/2014\/09\/K3-Brand14-birnensammeln-010web.jpg 567w\" sizes=\"(max-width: 300px) 100vw, 300px\" \/><\/a><a href=\"https:\/\/www.kdrei-2009.de\/WPKdrei\/wp-content\/uploads\/2014\/09\/K3-Brand14-birnensammeln-008web1.jpg\" rel=\"lightbox[4193]\"><img loading=\"lazy\" decoding=\"async\" class=\"alignleft size-medium wp-image-4176\" title=\"K3-Brand14-birnensammeln-008web\" src=\"https:\/\/www.kdrei-2009.de\/WPKdrei\/wp-content\/uploads\/2014\/09\/K3-Brand14-birnensammeln-008web1-300x300.jpg\" alt=\"\" width=\"300\" height=\"300\" srcset=\"https:\/\/www.kdrei-2009.de\/WPKdrei\/wp-content\/uploads\/2014\/09\/K3-Brand14-birnensammeln-008web1-300x300.jpg 300w, https:\/\/www.kdrei-2009.de\/WPKdrei\/wp-content\/uploads\/2014\/09\/K3-Brand14-birnensammeln-008web1-150x150.jpg 150w, https:\/\/www.kdrei-2009.de\/WPKdrei\/wp-content\/uploads\/2014\/09\/K3-Brand14-birnensammeln-008web1.jpg 567w\" sizes=\"(max-width: 300px) 100vw, 300px\" \/><\/a><\/p>\n<p><a href=\"https:\/\/www.kdrei-2009.de\/WPKdrei\/wp-content\/uploads\/2014\/09\/K3-Brand14-birnensammeln-007web1.jpg\" rel=\"lightbox[4193]\"><img loading=\"lazy\" decoding=\"async\" class=\"alignleft size-medium wp-image-4175\" title=\"K3-Brand14-birnensammeln-007web\" src=\"https:\/\/www.kdrei-2009.de\/WPKdrei\/wp-content\/uploads\/2014\/09\/K3-Brand14-birnensammeln-007web1-300x300.jpg\" alt=\"\" width=\"300\" height=\"300\" srcset=\"https:\/\/www.kdrei-2009.de\/WPKdrei\/wp-content\/uploads\/2014\/09\/K3-Brand14-birnensammeln-007web1-300x300.jpg 300w, https:\/\/www.kdrei-2009.de\/WPKdrei\/wp-content\/uploads\/2014\/09\/K3-Brand14-birnensammeln-007web1-150x150.jpg 150w, https:\/\/www.kdrei-2009.de\/WPKdrei\/wp-content\/uploads\/2014\/09\/K3-Brand14-birnensammeln-007web1.jpg 567w\" sizes=\"(max-width: 300px) 100vw, 300px\" \/><\/a><a href=\"https:\/\/www.kdrei-2009.de\/WPKdrei\/wp-content\/uploads\/2014\/09\/K3-Brand14-birnensammeln-006web1.jpg\" rel=\"lightbox[4193]\"><img loading=\"lazy\" decoding=\"async\" class=\"alignleft size-medium wp-image-4174\" title=\"K3-Brand14-birnensammeln-006web\" src=\"https:\/\/www.kdrei-2009.de\/WPKdrei\/wp-content\/uploads\/2014\/09\/K3-Brand14-birnensammeln-006web1-300x300.jpg\" alt=\"\" width=\"300\" height=\"300\" srcset=\"https:\/\/www.kdrei-2009.de\/WPKdrei\/wp-content\/uploads\/2014\/09\/K3-Brand14-birnensammeln-006web1-300x300.jpg 300w, https:\/\/www.kdrei-2009.de\/WPKdrei\/wp-content\/uploads\/2014\/09\/K3-Brand14-birnensammeln-006web1-150x150.jpg 150w, https:\/\/www.kdrei-2009.de\/WPKdrei\/wp-content\/uploads\/2014\/09\/K3-Brand14-birnensammeln-006web1.jpg 567w\" sizes=\"(max-width: 300px) 100vw, 300px\" \/><\/a><a href=\"https:\/\/www.kdrei-2009.de\/WPKdrei\/wp-content\/uploads\/2014\/09\/K3-Brand14-birnensammeln-004web1.jpg\" rel=\"lightbox[4193]\"><img loading=\"lazy\" decoding=\"async\" class=\"alignleft size-medium wp-image-4173\" title=\"K3-Brand14-birnensammeln-004web\" src=\"https:\/\/www.kdrei-2009.de\/WPKdrei\/wp-content\/uploads\/2014\/09\/K3-Brand14-birnensammeln-004web1-300x300.jpg\" alt=\"\" width=\"300\" height=\"300\" srcset=\"https:\/\/www.kdrei-2009.de\/WPKdrei\/wp-content\/uploads\/2014\/09\/K3-Brand14-birnensammeln-004web1-300x300.jpg 300w, https:\/\/www.kdrei-2009.de\/WPKdrei\/wp-content\/uploads\/2014\/09\/K3-Brand14-birnensammeln-004web1-150x150.jpg 150w, https:\/\/www.kdrei-2009.de\/WPKdrei\/wp-content\/uploads\/2014\/09\/K3-Brand14-birnensammeln-004web1.jpg 567w\" sizes=\"(max-width: 300px) 100vw, 300px\" \/><\/a><\/p>\n<p><a href=\"https:\/\/www.kdrei-2009.de\/WPKdrei\/wp-content\/uploads\/2014\/09\/K3-Brand14-birnensammeln-003web1.jpg\" rel=\"lightbox[4193]\"><img loading=\"lazy\" decoding=\"async\" class=\"alignleft size-medium wp-image-4172\" title=\"K3-Brand14-birnensammeln-003web\" src=\"https:\/\/www.kdrei-2009.de\/WPKdrei\/wp-content\/uploads\/2014\/09\/K3-Brand14-birnensammeln-003web1-300x300.jpg\" alt=\"\" width=\"300\" height=\"300\" srcset=\"https:\/\/www.kdrei-2009.de\/WPKdrei\/wp-content\/uploads\/2014\/09\/K3-Brand14-birnensammeln-003web1-300x300.jpg 300w, https:\/\/www.kdrei-2009.de\/WPKdrei\/wp-content\/uploads\/2014\/09\/K3-Brand14-birnensammeln-003web1-150x150.jpg 150w, https:\/\/www.kdrei-2009.de\/WPKdrei\/wp-content\/uploads\/2014\/09\/K3-Brand14-birnensammeln-003web1.jpg 567w\" sizes=\"(max-width: 300px) 100vw, 300px\" \/><\/a><a href=\"https:\/\/www.kdrei-2009.de\/WPKdrei\/wp-content\/uploads\/2014\/09\/K3-Brand14-birnensammeln-008web.jpg\" rel=\"lightbox[4193]\"><img loading=\"lazy\" decoding=\"async\" class=\"alignleft size-medium wp-image-4171\" title=\"K3-Brand14-birnensammeln-008web\" src=\"https:\/\/www.kdrei-2009.de\/WPKdrei\/wp-content\/uploads\/2014\/09\/K3-Brand14-birnensammeln-008web-300x300.jpg\" alt=\"\" width=\"300\" height=\"300\" srcset=\"https:\/\/www.kdrei-2009.de\/WPKdrei\/wp-content\/uploads\/2014\/09\/K3-Brand14-birnensammeln-008web-300x300.jpg 300w, https:\/\/www.kdrei-2009.de\/WPKdrei\/wp-content\/uploads\/2014\/09\/K3-Brand14-birnensammeln-008web-150x150.jpg 150w, https:\/\/www.kdrei-2009.de\/WPKdrei\/wp-content\/uploads\/2014\/09\/K3-Brand14-birnensammeln-008web.jpg 567w\" sizes=\"(max-width: 300px) 100vw, 300px\" \/><\/a><\/p>\n","protected":false},"excerpt":{"rendered":"<p>Im Rahmen unseres Umweltprogrammes &#8220; Streuobst zu Destillat &#8220; waren einige Kdreiler vergangenen Samstag auf einem Streuobstwiesle in N\u00fcrtingen. Die genaue Lage geben wir inzwischen nicht mehr preis, da uns [&hellip;]<\/p>\n","protected":false},"author":1,"featured_media":0,"parent":5290,"menu_order":0,"comment_status":"open","ping_status":"open","template":"","meta":{"footnotes":""},"_links":{"self":[{"href":"https:\/\/www.kdrei-2009.de\/WPKdrei\/wp-json\/wp\/v2\/pages\/4193"}],"collection":[{"href":"https:\/\/www.kdrei-2009.de\/WPKdrei\/wp-json\/wp\/v2\/pages"}],"about":[{"href":"https:\/\/www.kdrei-2009.de\/WPKdrei\/wp-json\/wp\/v2\/types\/page"}],"author":[{"embeddable":true,"href":"https:\/\/www.kdrei-2009.de\/WPKdrei\/wp-json\/wp\/v2\/users\/1"}],"replies":[{"embeddable":true,"href":"https:\/\/www.kdrei-2009.de\/WPKdrei\/wp-json\/wp\/v2\/comments?post=4193"}],"version-history":[{"count":5,"href":"https:\/\/www.kdrei-2009.de\/WPKdrei\/wp-json\/wp\/v2\/pages\/4193\/revisions"}],"predecessor-version":[{"id":5329,"href":"https:\/\/www.kdrei-2009.de\/WPKdrei\/wp-json\/wp\/v2\/pages\/4193\/revisions\/5329"}],"up":[{"embeddable":true,"href":"https:\/\/www.kdrei-2009.de\/WPKdrei\/wp-json\/wp\/v2\/pages\/5290"}],"wp:attachment":[{"href":"https:\/\/www.kdrei-2009.de\/WPKdrei\/wp-json\/wp\/v2\/media?parent=4193"}],"curies":[{"name":"wp","href":"https:\/\/api.w.org\/{rel}","templated":true}]}}