{"id":4217,"date":"2014-09-08T11:45:54","date_gmt":"2014-09-08T11:45:54","guid":{"rendered":"https:\/\/www.kdrei-2009.de\/WPKdrei\/?page_id=4217"},"modified":"2016-03-15T10:57:53","modified_gmt":"2016-03-15T10:57:53","slug":"schon-wieder-das-mit-dem-bucken-auflesen-ausschneiden","status":"publish","type":"page","link":"https:\/\/www.kdrei-2009.de\/WPKdrei\/kultur\/kultur-2014\/schon-wieder-das-mit-dem-bucken-auflesen-ausschneiden\/","title":{"rendered":"Schon wieder das mit dem B\u00fccken, Auflesen, Ausschneiden&#8230;"},"content":{"rendered":"<h3><span style=\"color: #808080;\">Dass es dieses Jahr sehr viel Obst gibt, freut uns. Es ging am vergangenen Samstag in die 2. Runde. Zwetschgen und \u00c4pfel waren angesagt. Es war wieder sch\u00f6nes Streuobstwiesenpflegewetter. Zum Vesper gab es leckeren ger\u00e4ucherten Heilbutt und Lachs, Brot und Meerrettich. Wir hatten nachher wieder alle m\u00fcde Arme und Beine (nicht vom Heilbutt und Lachs) , aber wir hatten auch eine Menge Obst am Ende. F\u00fcr unseren begehrten Apfelbrand im Eichenfass werden wir aber nochmals lesen m\u00fcssen. Die letzte Flasche 2013 ist jetzt ebenfalls verkauft. <\/span><span style=\"color: #808080;\">Hier gibts die Impressionen des Tages.<\/span><\/h3>\n<div id=\"attachment_4203\" style=\"width: 310px\" class=\"wp-caption alignleft\"><a href=\"https:\/\/www.kdrei-2009.de\/WPKdrei\/wp-content\/uploads\/2014\/09\/K3-Brand-2014.2_02web.jpg\" rel=\"lightbox[4217]\"><img loading=\"lazy\" decoding=\"async\" aria-describedby=\"caption-attachment-4203\" class=\"size-medium wp-image-4203\" title=\"K3-Brand 2014.2_02web\" src=\"https:\/\/www.kdrei-2009.de\/WPKdrei\/wp-content\/uploads\/2014\/09\/K3-Brand-2014.2_02web-300x206.jpg\" alt=\"\" width=\"300\" height=\"206\" srcset=\"https:\/\/www.kdrei-2009.de\/WPKdrei\/wp-content\/uploads\/2014\/09\/K3-Brand-2014.2_02web-300x206.jpg 300w, https:\/\/www.kdrei-2009.de\/WPKdrei\/wp-content\/uploads\/2014\/09\/K3-Brand-2014.2_02web.jpg 680w\" sizes=\"(max-width: 300px) 100vw, 300px\" \/><\/a><p id=\"caption-attachment-4203\" class=\"wp-caption-text\">Was nach dem Sch\u00fctteln f\u00e4llt, ist reif.<\/p><\/div>\n<div id=\"attachment_4204\" style=\"width: 310px\" class=\"wp-caption alignleft\"><a href=\"https:\/\/www.kdrei-2009.de\/WPKdrei\/wp-content\/uploads\/2014\/09\/K3-Brand-2014.2_03web.jpg\" rel=\"lightbox[4217]\"><img loading=\"lazy\" decoding=\"async\" aria-describedby=\"caption-attachment-4204\" class=\"size-medium wp-image-4204\" title=\"K3-Brand 2014.2_03web\" src=\"https:\/\/www.kdrei-2009.de\/WPKdrei\/wp-content\/uploads\/2014\/09\/K3-Brand-2014.2_03web-300x209.jpg\" alt=\"\" width=\"300\" height=\"209\" srcset=\"https:\/\/www.kdrei-2009.de\/WPKdrei\/wp-content\/uploads\/2014\/09\/K3-Brand-2014.2_03web-300x209.jpg 300w, https:\/\/www.kdrei-2009.de\/WPKdrei\/wp-content\/uploads\/2014\/09\/K3-Brand-2014.2_03web.jpg 680w\" sizes=\"(max-width: 300px) 100vw, 300px\" \/><\/a><p id=\"caption-attachment-4204\" class=\"wp-caption-text\">Wilhelm, Traktorist, Sch\u00fcttler, Stoffbesitzer..<\/p><\/div>\n<div id=\"attachment_4205\" style=\"width: 310px\" class=\"wp-caption alignleft\"><a href=\"https:\/\/www.kdrei-2009.de\/WPKdrei\/wp-content\/uploads\/2014\/09\/K3-Brand-2014.2_04web.jpg\" rel=\"lightbox[4217]\"><img loading=\"lazy\" decoding=\"async\" aria-describedby=\"caption-attachment-4205\" class=\"size-medium wp-image-4205\" title=\"K3-Brand 2014.2_04web\" src=\"https:\/\/www.kdrei-2009.de\/WPKdrei\/wp-content\/uploads\/2014\/09\/K3-Brand-2014.2_04web-300x246.jpg\" alt=\"\" width=\"300\" height=\"246\" srcset=\"https:\/\/www.kdrei-2009.de\/WPKdrei\/wp-content\/uploads\/2014\/09\/K3-Brand-2014.2_04web-300x246.jpg 300w, https:\/\/www.kdrei-2009.de\/WPKdrei\/wp-content\/uploads\/2014\/09\/K3-Brand-2014.2_04web.jpg 680w\" sizes=\"(max-width: 300px) 100vw, 300px\" \/><\/a><p id=\"caption-attachment-4205\" class=\"wp-caption-text\">Beim Zwetschgen z\u00e4hlen...<\/p><\/div>\n<div id=\"attachment_4206\" style=\"width: 310px\" class=\"wp-caption alignleft\"><a href=\"https:\/\/www.kdrei-2009.de\/WPKdrei\/wp-content\/uploads\/2014\/09\/K3-Brand-2014.2_05web.jpg\" rel=\"lightbox[4217]\"><img loading=\"lazy\" decoding=\"async\" aria-describedby=\"caption-attachment-4206\" class=\"size-medium wp-image-4206\" title=\"K3-Brand 2014.2_05web\" src=\"https:\/\/www.kdrei-2009.de\/WPKdrei\/wp-content\/uploads\/2014\/09\/K3-Brand-2014.2_05web-300x210.jpg\" alt=\"\" width=\"300\" height=\"210\" srcset=\"https:\/\/www.kdrei-2009.de\/WPKdrei\/wp-content\/uploads\/2014\/09\/K3-Brand-2014.2_05web-300x210.jpg 300w, https:\/\/www.kdrei-2009.de\/WPKdrei\/wp-content\/uploads\/2014\/09\/K3-Brand-2014.2_05web.jpg 680w\" sizes=\"(max-width: 300px) 100vw, 300px\" \/><\/a><p id=\"caption-attachment-4206\" class=\"wp-caption-text\">Die Reifepr\u00fcfung 1.<\/p><\/div>\n<div id=\"attachment_4207\" style=\"width: 310px\" class=\"wp-caption alignleft\"><a href=\"https:\/\/www.kdrei-2009.de\/WPKdrei\/wp-content\/uploads\/2014\/09\/K3-Brand-2014.2_06web.jpg\" rel=\"lightbox[4217]\"><img loading=\"lazy\" decoding=\"async\" aria-describedby=\"caption-attachment-4207\" class=\"size-medium wp-image-4207\" title=\"K3-Brand 2014.2_06web\" src=\"https:\/\/www.kdrei-2009.de\/WPKdrei\/wp-content\/uploads\/2014\/09\/K3-Brand-2014.2_06web-300x195.jpg\" alt=\"\" width=\"300\" height=\"195\" srcset=\"https:\/\/www.kdrei-2009.de\/WPKdrei\/wp-content\/uploads\/2014\/09\/K3-Brand-2014.2_06web-300x195.jpg 300w, https:\/\/www.kdrei-2009.de\/WPKdrei\/wp-content\/uploads\/2014\/09\/K3-Brand-2014.2_06web.jpg 680w\" sizes=\"(max-width: 300px) 100vw, 300px\" \/><\/a><p id=\"caption-attachment-4207\" class=\"wp-caption-text\">Die Reifepr\u00fcfung 2.<\/p><\/div>\n<p><a href=\"https:\/\/www.kdrei-2009.de\/WPKdrei\/wp-content\/uploads\/2014\/09\/K3-Brand-2014.2_07web.jpg\" rel=\"lightbox[4217]\"><img loading=\"lazy\" decoding=\"async\" class=\"alignleft size-medium wp-image-4208\" title=\"K3-Brand 2014.2_07web\" src=\"https:\/\/www.kdrei-2009.de\/WPKdrei\/wp-content\/uploads\/2014\/09\/K3-Brand-2014.2_07web-300x165.jpg\" alt=\"\" width=\"300\" height=\"165\" srcset=\"https:\/\/www.kdrei-2009.de\/WPKdrei\/wp-content\/uploads\/2014\/09\/K3-Brand-2014.2_07web-300x165.jpg 300w, https:\/\/www.kdrei-2009.de\/WPKdrei\/wp-content\/uploads\/2014\/09\/K3-Brand-2014.2_07web.jpg 680w\" sizes=\"(max-width: 300px) 100vw, 300px\" \/><\/a><\/p>\n<div id=\"attachment_4209\" style=\"width: 310px\" class=\"wp-caption alignleft\"><a href=\"https:\/\/www.kdrei-2009.de\/WPKdrei\/wp-content\/uploads\/2014\/09\/K3-Brand-2014.2_08web.jpg\" rel=\"lightbox[4217]\"><img loading=\"lazy\" decoding=\"async\" aria-describedby=\"caption-attachment-4209\" class=\"size-medium wp-image-4209\" title=\"K3-Brand 2014.2_08web\" src=\"https:\/\/www.kdrei-2009.de\/WPKdrei\/wp-content\/uploads\/2014\/09\/K3-Brand-2014.2_08web-300x170.jpg\" alt=\"\" width=\"300\" height=\"170\" srcset=\"https:\/\/www.kdrei-2009.de\/WPKdrei\/wp-content\/uploads\/2014\/09\/K3-Brand-2014.2_08web-300x170.jpg 300w, https:\/\/www.kdrei-2009.de\/WPKdrei\/wp-content\/uploads\/2014\/09\/K3-Brand-2014.2_08web.jpg 680w\" sizes=\"(max-width: 300px) 100vw, 300px\" \/><\/a><p id=\"caption-attachment-4209\" class=\"wp-caption-text\">Eigentlich sehr idyllisch. <\/p><\/div>\n<p><a href=\"https:\/\/www.kdrei-2009.de\/WPKdrei\/wp-content\/uploads\/2014\/09\/K3-Brand-2014.2_12web.jpg\" rel=\"lightbox[4217]\"><img loading=\"lazy\" decoding=\"async\" class=\"alignleft size-medium wp-image-4211\" title=\"K3-Brand 2014.2_12web\" src=\"https:\/\/www.kdrei-2009.de\/WPKdrei\/wp-content\/uploads\/2014\/09\/K3-Brand-2014.2_12web-300x175.jpg\" alt=\"\" width=\"300\" height=\"175\" srcset=\"https:\/\/www.kdrei-2009.de\/WPKdrei\/wp-content\/uploads\/2014\/09\/K3-Brand-2014.2_12web-300x175.jpg 300w, https:\/\/www.kdrei-2009.de\/WPKdrei\/wp-content\/uploads\/2014\/09\/K3-Brand-2014.2_12web.jpg 680w\" sizes=\"(max-width: 300px) 100vw, 300px\" \/><\/a><\/p>\n<p><a href=\"https:\/\/www.kdrei-2009.de\/WPKdrei\/wp-content\/uploads\/2014\/09\/K3-Brand-2014.2_16web.jpg\" rel=\"lightbox[4217]\"><img loading=\"lazy\" decoding=\"async\" class=\"alignleft size-medium wp-image-4212\" title=\"K3-Brand 2014.2_16web\" src=\"https:\/\/www.kdrei-2009.de\/WPKdrei\/wp-content\/uploads\/2014\/09\/K3-Brand-2014.2_16web-300x184.jpg\" alt=\"\" width=\"300\" height=\"184\" srcset=\"https:\/\/www.kdrei-2009.de\/WPKdrei\/wp-content\/uploads\/2014\/09\/K3-Brand-2014.2_16web-300x184.jpg 300w, https:\/\/www.kdrei-2009.de\/WPKdrei\/wp-content\/uploads\/2014\/09\/K3-Brand-2014.2_16web.jpg 680w\" sizes=\"(max-width: 300px) 100vw, 300px\" \/><\/a><\/p>\n<div id=\"attachment_4213\" style=\"width: 310px\" class=\"wp-caption alignleft\"><a href=\"https:\/\/www.kdrei-2009.de\/WPKdrei\/wp-content\/uploads\/2014\/09\/K3-Brand-2014.2_17web.jpg\" rel=\"lightbox[4217]\"><img loading=\"lazy\" decoding=\"async\" aria-describedby=\"caption-attachment-4213\" class=\"size-medium wp-image-4213\" title=\"K3-Brand 2014.2_17web\" src=\"https:\/\/www.kdrei-2009.de\/WPKdrei\/wp-content\/uploads\/2014\/09\/K3-Brand-2014.2_17web-300x121.jpg\" alt=\"\" width=\"300\" height=\"121\" srcset=\"https:\/\/www.kdrei-2009.de\/WPKdrei\/wp-content\/uploads\/2014\/09\/K3-Brand-2014.2_17web-300x121.jpg 300w, https:\/\/www.kdrei-2009.de\/WPKdrei\/wp-content\/uploads\/2014\/09\/K3-Brand-2014.2_17web.jpg 680w\" sizes=\"(max-width: 300px) 100vw, 300px\" \/><\/a><p id=\"caption-attachment-4213\" class=\"wp-caption-text\">Ohne Trakor w\u00e4rs schwierig.<\/p><\/div>\n<div id=\"attachment_4214\" style=\"width: 310px\" class=\"wp-caption alignleft\"><a href=\"https:\/\/www.kdrei-2009.de\/WPKdrei\/wp-content\/uploads\/2014\/09\/K3-Brand-2014.2_19web.jpg\" rel=\"lightbox[4217]\"><img loading=\"lazy\" decoding=\"async\" aria-describedby=\"caption-attachment-4214\" class=\"size-medium wp-image-4214\" title=\"K3-Brand 2014.2_19web\" src=\"https:\/\/www.kdrei-2009.de\/WPKdrei\/wp-content\/uploads\/2014\/09\/K3-Brand-2014.2_19web-300x163.jpg\" alt=\"\" width=\"300\" height=\"163\" srcset=\"https:\/\/www.kdrei-2009.de\/WPKdrei\/wp-content\/uploads\/2014\/09\/K3-Brand-2014.2_19web-300x163.jpg 300w, https:\/\/www.kdrei-2009.de\/WPKdrei\/wp-content\/uploads\/2014\/09\/K3-Brand-2014.2_19web.jpg 680w\" sizes=\"(max-width: 300px) 100vw, 300px\" \/><\/a><p id=\"caption-attachment-4214\" class=\"wp-caption-text\">Die Strecke war ganz sch\u00f6n steil, aber der Trekker lag gut auf der Strasse.<\/p><\/div>\n<p><a href=\"https:\/\/www.kdrei-2009.de\/WPKdrei\/wp-content\/uploads\/2014\/09\/K3-Brand-2014.2_23web.jpg\" rel=\"lightbox[4217]\"><img loading=\"lazy\" decoding=\"async\" class=\"alignleft size-medium wp-image-4215\" title=\"K3-Brand 2014.2_23web\" src=\"https:\/\/www.kdrei-2009.de\/WPKdrei\/wp-content\/uploads\/2014\/09\/K3-Brand-2014.2_23web-300x150.jpg\" alt=\"\" width=\"300\" height=\"150\" srcset=\"https:\/\/www.kdrei-2009.de\/WPKdrei\/wp-content\/uploads\/2014\/09\/K3-Brand-2014.2_23web-300x150.jpg 300w, https:\/\/www.kdrei-2009.de\/WPKdrei\/wp-content\/uploads\/2014\/09\/K3-Brand-2014.2_23web.jpg 680w\" sizes=\"(max-width: 300px) 100vw, 300px\" \/><\/a><\/p>\n<p><a href=\"https:\/\/www.kdrei-2009.de\/WPKdrei\/wp-content\/uploads\/2014\/09\/K3-Brand-2014.2_24web.jpg\" rel=\"lightbox[4217]\"><img loading=\"lazy\" decoding=\"async\" class=\"alignleft size-medium wp-image-4216\" title=\"K3-Brand 2014.2_24web\" src=\"https:\/\/www.kdrei-2009.de\/WPKdrei\/wp-content\/uploads\/2014\/09\/K3-Brand-2014.2_24web-300x161.jpg\" alt=\"\" width=\"300\" height=\"161\" srcset=\"https:\/\/www.kdrei-2009.de\/WPKdrei\/wp-content\/uploads\/2014\/09\/K3-Brand-2014.2_24web-300x161.jpg 300w, https:\/\/www.kdrei-2009.de\/WPKdrei\/wp-content\/uploads\/2014\/09\/K3-Brand-2014.2_24web.jpg 680w\" sizes=\"(max-width: 300px) 100vw, 300px\" \/><\/a><\/p>\n<div id=\"attachment_4219\" style=\"width: 310px\" class=\"wp-caption alignleft\"><a href=\"https:\/\/www.kdrei-2009.de\/WPKdrei\/wp-content\/uploads\/2014\/09\/K3-Brand-2014.2_21AWEB.jpg\" rel=\"lightbox[4217]\"><img loading=\"lazy\" decoding=\"async\" aria-describedby=\"caption-attachment-4219\" class=\"size-medium wp-image-4219\" title=\"K3-Brand 2014.2_21AWEB\" src=\"https:\/\/www.kdrei-2009.de\/WPKdrei\/wp-content\/uploads\/2014\/09\/K3-Brand-2014.2_21AWEB-300x161.jpg\" alt=\"\" width=\"300\" height=\"161\" srcset=\"https:\/\/www.kdrei-2009.de\/WPKdrei\/wp-content\/uploads\/2014\/09\/K3-Brand-2014.2_21AWEB-300x161.jpg 300w, https:\/\/www.kdrei-2009.de\/WPKdrei\/wp-content\/uploads\/2014\/09\/K3-Brand-2014.2_21AWEB.jpg 680w\" sizes=\"(max-width: 300px) 100vw, 300px\" \/><\/a><p id=\"caption-attachment-4219\" class=\"wp-caption-text\">Der Frickenh\u00e4user Roadtrain...geballte Kraft...<\/p><\/div>\n","protected":false},"excerpt":{"rendered":"<p>Dass es dieses Jahr sehr viel Obst gibt, freut uns. Es ging am vergangenen Samstag in die 2. Runde. Zwetschgen und \u00c4pfel waren angesagt. Es war wieder sch\u00f6nes Streuobstwiesenpflegewetter. Zum [&hellip;]<\/p>\n","protected":false},"author":1,"featured_media":0,"parent":5290,"menu_order":0,"comment_status":"open","ping_status":"open","template":"","meta":{"footnotes":""},"_links":{"self":[{"href":"https:\/\/www.kdrei-2009.de\/WPKdrei\/wp-json\/wp\/v2\/pages\/4217"}],"collection":[{"href":"https:\/\/www.kdrei-2009.de\/WPKdrei\/wp-json\/wp\/v2\/pages"}],"about":[{"href":"https:\/\/www.kdrei-2009.de\/WPKdrei\/wp-json\/wp\/v2\/types\/page"}],"author":[{"embeddable":true,"href":"https:\/\/www.kdrei-2009.de\/WPKdrei\/wp-json\/wp\/v2\/users\/1"}],"replies":[{"embeddable":true,"href":"https:\/\/www.kdrei-2009.de\/WPKdrei\/wp-json\/wp\/v2\/comments?post=4217"}],"version-history":[{"count":6,"href":"https:\/\/www.kdrei-2009.de\/WPKdrei\/wp-json\/wp\/v2\/pages\/4217\/revisions"}],"predecessor-version":[{"id":5328,"href":"https:\/\/www.kdrei-2009.de\/WPKdrei\/wp-json\/wp\/v2\/pages\/4217\/revisions\/5328"}],"up":[{"embeddable":true,"href":"https:\/\/www.kdrei-2009.de\/WPKdrei\/wp-json\/wp\/v2\/pages\/5290"}],"wp:attachment":[{"href":"https:\/\/www.kdrei-2009.de\/WPKdrei\/wp-json\/wp\/v2\/media?parent=4217"}],"curies":[{"name":"wp","href":"https:\/\/api.w.org\/{rel}","templated":true}]}}