{"id":4313,"date":"2014-10-13T13:40:44","date_gmt":"2014-10-13T13:40:44","guid":{"rendered":"https:\/\/www.kdrei-2009.de\/WPKdrei\/?page_id=4313"},"modified":"2016-03-15T11:34:47","modified_gmt":"2016-03-15T11:34:47","slug":"winterrunde-20142015-denkendorf-und-ruit","status":"publish","type":"page","link":"https:\/\/www.kdrei-2009.de\/WPKdrei\/kugelsport-2\/kugelsport-2014\/turniere-2014\/winterrunde-20142015-denkendorf-und-ruit\/","title":{"rendered":"Winterrunde 2014\/2015 Denkendorf und Ruit"},"content":{"rendered":"<h3><span style=\"color: #808080;\">Es wird Winter, die Winterrunden werden ausgepackt. Kauft euch Angoraunterw\u00e4sche, Daunenjacken, Schneeschaufeln und Taschenw\u00e4rmer. Der n\u00e4chste Winter wird ein harter, unerb\u00e4rmlicher Boulegegner. Legen und schiessen ist nicht alles, blaue Finger, Frostbeulen und eine tropfende Nase sind ernsthafte Gegner eines jeden Boulespielers. Lasst euch trotzdem nicht entmutigen. Kommt nach Denkendorf oder Ruit. Das macht Spass und h\u00e4rtet ab. Freut euch auf literweise Gl\u00fchwein und warme Suppen, beheizte Boulebahnen und wohltemperierte Kugeln.<br \/>\n<\/span><\/h3>\n<h3><span style=\"color: #808080;\">Hier alle wichtigen Daten und Termine.<\/span><\/h3>\n<p><span style=\"color: #808080;\"><a href=\"https:\/\/www.kdrei-2009.de\/WPKdrei\/wp-content\/uploads\/2014\/10\/Winterrunde-2014-2015.jpg\" rel=\"lightbox[4313]\"><img loading=\"lazy\" decoding=\"async\" class=\"alignleft size-large wp-image-4315\" title=\"Winterrunde 2014 2015\" src=\"https:\/\/www.kdrei-2009.de\/WPKdrei\/wp-content\/uploads\/2014\/10\/Winterrunde-2014-2015-745x1024.jpg\" alt=\"\" width=\"745\" height=\"1024\" srcset=\"https:\/\/www.kdrei-2009.de\/WPKdrei\/wp-content\/uploads\/2014\/10\/Winterrunde-2014-2015-745x1024.jpg 745w, https:\/\/www.kdrei-2009.de\/WPKdrei\/wp-content\/uploads\/2014\/10\/Winterrunde-2014-2015-218x300.jpg 218w, https:\/\/www.kdrei-2009.de\/WPKdrei\/wp-content\/uploads\/2014\/10\/Winterrunde-2014-2015.jpg 2027w\" sizes=\"(max-width: 745px) 100vw, 745px\" \/><\/a><br \/>\n<\/span><\/p>\n","protected":false},"excerpt":{"rendered":"<p>Es wird Winter, die Winterrunden werden ausgepackt. Kauft euch Angoraunterw\u00e4sche, Daunenjacken, Schneeschaufeln und Taschenw\u00e4rmer. Der n\u00e4chste Winter wird ein harter, unerb\u00e4rmlicher Boulegegner. Legen und schiessen ist nicht alles, blaue Finger, [&hellip;]<\/p>\n","protected":false},"author":1,"featured_media":0,"parent":5207,"menu_order":0,"comment_status":"open","ping_status":"open","template":"","meta":{"footnotes":""},"_links":{"self":[{"href":"https:\/\/www.kdrei-2009.de\/WPKdrei\/wp-json\/wp\/v2\/pages\/4313"}],"collection":[{"href":"https:\/\/www.kdrei-2009.de\/WPKdrei\/wp-json\/wp\/v2\/pages"}],"about":[{"href":"https:\/\/www.kdrei-2009.de\/WPKdrei\/wp-json\/wp\/v2\/types\/page"}],"author":[{"embeddable":true,"href":"https:\/\/www.kdrei-2009.de\/WPKdrei\/wp-json\/wp\/v2\/users\/1"}],"replies":[{"embeddable":true,"href":"https:\/\/www.kdrei-2009.de\/WPKdrei\/wp-json\/wp\/v2\/comments?post=4313"}],"version-history":[{"count":3,"href":"https:\/\/www.kdrei-2009.de\/WPKdrei\/wp-json\/wp\/v2\/pages\/4313\/revisions"}],"predecessor-version":[{"id":5413,"href":"https:\/\/www.kdrei-2009.de\/WPKdrei\/wp-json\/wp\/v2\/pages\/4313\/revisions\/5413"}],"up":[{"embeddable":true,"href":"https:\/\/www.kdrei-2009.de\/WPKdrei\/wp-json\/wp\/v2\/pages\/5207"}],"wp:attachment":[{"href":"https:\/\/www.kdrei-2009.de\/WPKdrei\/wp-json\/wp\/v2\/media?parent=4313"}],"curies":[{"name":"wp","href":"https:\/\/api.w.org\/{rel}","templated":true}]}}