{"id":4321,"date":"2014-10-27T18:39:01","date_gmt":"2014-10-27T18:39:01","guid":{"rendered":"https:\/\/www.kdrei-2009.de\/WPKdrei\/?page_id=4321"},"modified":"2016-03-15T10:54:42","modified_gmt":"2016-03-15T10:54:42","slug":"5-kochkurs-und-galamenu-erste-bilder","status":"publish","type":"page","link":"https:\/\/www.kdrei-2009.de\/WPKdrei\/kdrei-events\/events-2014\/5-kochkurs-und-galamenu-erste-bilder\/","title":{"rendered":"5. Kochkurs und Galamen\u00fc&#8230;erste Bilder..erste Reaktionen"},"content":{"rendered":"<h3><span style=\"color: #808080;\"><strong>K\u00f6che und Gourmets in der Festhalle<\/strong><\/span><\/h3>\n<h3><span style=\"color: #808080;\">Unser 5.  Galamen\u00fc mit Kochkurs kann wieder als voller Erfolg verbucht werden. Das  war f\u00fcr alle K\u00f6che und Teilnehmer des Kochkurses ein anstrengender aber  auch lustiger Tag mit viel Spass am Kochen und Lernen von Tips und  Tricks rund um den Kochtopf. Einfacher hatten es nat\u00fcrlich unsere  Galamen\u00fcg\u00e4ste, die von 18.00Uhr bis nach Mitternacht das Vergn\u00fcgen  hatten, sich von Kdrei verw\u00f6hnen zu lassen. F\u00fcnf G\u00e4nge der  orientalischen K\u00fcche waren angesagt. Doch traditionsgem\u00e4ss beginnen wir  mit Austern und Sekt als Aperitif und Willkommensgruss. Wir servierten  frische\u00a0Dublaix Fines de Claire Austern Nr. 4 und f\u00fcr alle Einsteiger in  die Austernverkostung auch eine gratinierte Variante. Der begleitende  Chardonnay Brut 2012 Sekt kam von der WG Edenkoben. Als Vorspeise trug  das Kdrei Serviceteam orientalische Mezze mit frischem Fladenbrot auf.  Bereits die Namen der Speisen verzauberten unsere G\u00e4ste. Baba Ghanoush  (Auberginendip mit Granatapfel), Muhammarah (Scharfer  Walnuss-Paprikadip) oder Hummus mit Limone und Oliven\u00f6l liesen eine  Stimmung wie bei 1001 Nacht aufkommen. Eine trockene Scheurebe von  Wagner-Stempel aus Rheinhessen rundete die Vorspeise gekonnt ab und lies  schon den ersten Applaus aufkommen. Mit zweierlei S\u00fcppchen wurde der  Gaumenzauber fortgef\u00fchrt. Ein feines K\u00fcrbiss\u00fcppchen mit scharf-w\u00fcrzigem  Ingwer und edlem Safran und eine erfrischende Joghurt-Minze-Suppe mit  roten Linsen und Kaisergranat f\u00fchrte die G\u00e4ste von der kalten Vorspeise  zum Fischgang. Die S\u00fcppchen wurden von einem feinherben Riesling 2013  vom Weingut Th\u00f6rle aus Rheinhessen begleitet. Heilbutt trifft  Eismeergarnele im Papiermantel. Zu Besuch kommen gegrillter Ananas,  braisierter Fenchel, Quinoa und eine scharfe Harissacreme. Das war ein  weiterer Knaller f\u00fcr unsere Liebhaber des guten Essens. S\u00fcss-saure  Frucht, dezente Karamellaromen  und angenehme Sch\u00e4rfe zu einem, auf den  Punkt gegarten Heilbuttfilet. Da darf der Wein nicht schw\u00e4cheln, sondern  muss Charakter und St\u00e4rke zeigen und die Aromen aufgreifen. Mit einem  Riesling JS 2011 vom Weingut Beurer aus W\u00fcrttemberg war es f\u00fcr unseren  &#8222;Sommelier&#8220; Gerald Jantschik auch bei diesem Gang kein Problem, die  Harmonie zwischen Essen und Getr\u00e4nk herzustellen. Gerald Jantschik  moderierte alle Weine gekonnt und unterhaltsam mit kurzen, informativen  Vortr\u00e4gen zwischen den G\u00e4ngen. Der Hauptgang f\u00fchrte ihn dann auch vom  Weiss- zum Rotwein. Die Auswahl des &#8222;Sommeliers&#8220; viel auf einen  Dornfelder Kuriosum 2009 von Leiner aus der Pfalz, der mit Frucht, Holz  und W\u00fcrze gegen\u00fcber dem Fleischgang bestehen konnte. Als Alternative ein  Cuv\u00e9e von Fr\u00fch- und Sp\u00e4tburgunder von Stefan Breuer aus dem Rheingau.  Two Faces Rot 2012, 12 Monate in franz\u00f6sicher Eiche ausgebaut,  \u00fcberzeugte mit sch\u00f6nen Kirscharomen, Fruchtigkeit und angenehmer S\u00e4ure.  Beide Weine begleiteten ein verf\u00fchrerisches Lammragout, ein zartrosa  gebratenes Roastbeef mit Pfeffer-Vanille Noten und einen gef\u00fcllten  H\u00e4hnchenschlegel mit Schmelzkartoffeln, Vanilletomaten und frisches  Marktgem\u00fcse. Auf Wunsch zahlreicher G\u00e4ste wurde der Digestif vorgezogen.  Wir servierten unseren eigenen Kdrei Apfelbrand 2013, 3 Monate im  kleinen Eichenfass gereift. Ein Brand, auf den wir wirklich Stolz sind.  Die beiden letzten Flaschen wurden anschliessend versteigert und gingen  nach Stuttgart und Meran. Letzter Gang, das Dessert. Hier haben wir  letztes Jahr mit einem Baba au Rhum gepunktet. Dieses Jahr ein echter  Schlankmacher. Ein mit Canache \u00fcberzogenes Schokok\u00fcchlein mit  Rumkirschen und Vanilleparfait. Das war echtes H\u00fcftgold, aber ehrlich  gesagt: <strong>Wer will an so einem Abend wirklich auf die Figur schauen und abnehmen?<\/strong> Das w\u00e4re das Thema verfehlt. Dazu servierten wir einen  aussergw\u00f6hnlichen S\u00fcsswein aus Cairanne vom Rh\u00f4ne-Tal. Camille Cayran  Basil\u00e9us 2008 vom Maison C.Cayran. Das passte. Das machte wirkliche  Freude. Unsere G\u00e4ste waren sehr zufrieden. Manche haben in der Tat schon  f\u00fcr 2015 angefragt und gebucht. das freut uns nat\u00fcrlich und wir wollen  uns nochmals bei allen G\u00e4sten f\u00fcr diesen sch\u00f6nen Abend bedanken. Nach  dem Essen ist vor dem Essen.<\/span><\/h3>\n<p><span style=\"color: #808080;\">Lieber Walter,<\/p>\n<p>ich wollte mich nur noch einmal f\u00fcr das Engagement von Kdrei ganz herzlich bedanken. Es war insgesamt ein sehr gelungener Abend. Wahrscheinlich steckt da sehr viel mehr Arbeit dahinter, wie es aussieht. Wir freuen uns schon auf den entsprechenden n\u00e4chstj\u00e4hrigen Event!<br \/>\nSei ganz herzlich gegr\u00fc\u00dft von Mathias<\/span><\/p>\n<p><span style=\"color: #808080;\"><br \/>\n<\/span><\/p>\n<h2><span style=\"color: #808080;\">Bald, bzw. demn\u00e4chst aber noch in diesem Jahr&#8230;weitere Bilder..\u00f6fters reinschauen.<\/span><\/h2>\n<p><span style=\"color: #808080;\"> <\/span><\/p>\n<div id=\"attachment_4334\" style=\"width: 690px\" class=\"wp-caption alignleft\"><a href=\"https:\/\/www.kdrei-2009.de\/WPKdrei\/wp-content\/uploads\/2014\/10\/K3-KK-2014_020a1.jpg\" rel=\"lightbox[4321]\"><img loading=\"lazy\" decoding=\"async\" aria-describedby=\"caption-attachment-4334\" class=\"size-full wp-image-4334\" title=\"K3-KK 2014_020a\" src=\"https:\/\/www.kdrei-2009.de\/WPKdrei\/wp-content\/uploads\/2014\/10\/K3-KK-2014_020a1.jpg\" alt=\"\" width=\"680\" height=\"270\" srcset=\"https:\/\/www.kdrei-2009.de\/WPKdrei\/wp-content\/uploads\/2014\/10\/K3-KK-2014_020a1.jpg 680w, https:\/\/www.kdrei-2009.de\/WPKdrei\/wp-content\/uploads\/2014\/10\/K3-KK-2014_020a1-300x119.jpg 300w\" sizes=\"(max-width: 680px) 100vw, 680px\" \/><\/a><p id=\"caption-attachment-4334\" class=\"wp-caption-text\">WAS F\u00dcR EINE SUPER TRUPPE. DANKE.<\/p><\/div>\n<p><span style=\"color: #808080;\"> <\/span><\/p>\n<p><span style=\"color: #808080;\"><a href=\"https:\/\/www.kdrei-2009.de\/WPKdrei\/wp-content\/uploads\/2014\/10\/K3-KK-2014_298a.jpg\" rel=\"lightbox[4321]\"><img loading=\"lazy\" decoding=\"async\" class=\"alignleft size-full wp-image-4323\" title=\"K3-KK 2014_298a\" src=\"https:\/\/www.kdrei-2009.de\/WPKdrei\/wp-content\/uploads\/2014\/10\/K3-KK-2014_298a.jpg\" alt=\"\" width=\"680\" height=\"685\" srcset=\"https:\/\/www.kdrei-2009.de\/WPKdrei\/wp-content\/uploads\/2014\/10\/K3-KK-2014_298a.jpg 680w, https:\/\/www.kdrei-2009.de\/WPKdrei\/wp-content\/uploads\/2014\/10\/K3-KK-2014_298a-150x150.jpg 150w, https:\/\/www.kdrei-2009.de\/WPKdrei\/wp-content\/uploads\/2014\/10\/K3-KK-2014_298a-297x300.jpg 297w\" sizes=\"(max-width: 680px) 100vw, 680px\" \/><\/a><\/span><\/p>\n<p><span style=\"color: #808080;\"><a href=\"https:\/\/www.kdrei-2009.de\/WPKdrei\/wp-content\/uploads\/2014\/10\/K3-KK-2014_307a.jpg\" rel=\"lightbox[4321]\"><img loading=\"lazy\" decoding=\"async\" class=\"alignleft size-full wp-image-4324\" title=\"K3-KK 2014_307a\" src=\"https:\/\/www.kdrei-2009.de\/WPKdrei\/wp-content\/uploads\/2014\/10\/K3-KK-2014_307a.jpg\" alt=\"\" width=\"680\" height=\"690\" srcset=\"https:\/\/www.kdrei-2009.de\/WPKdrei\/wp-content\/uploads\/2014\/10\/K3-KK-2014_307a.jpg 680w, https:\/\/www.kdrei-2009.de\/WPKdrei\/wp-content\/uploads\/2014\/10\/K3-KK-2014_307a-295x300.jpg 295w\" sizes=\"(max-width: 680px) 100vw, 680px\" \/><\/a><\/span><\/p>\n<p><a href=\"https:\/\/www.kdrei-2009.de\/WPKdrei\/wp-content\/uploads\/2014\/10\/K3-KK-2014_309a.jpg\" rel=\"lightbox[4321]\"><img loading=\"lazy\" decoding=\"async\" class=\"alignleft size-full wp-image-4325\" title=\"K3-KK 2014_309a\" src=\"https:\/\/www.kdrei-2009.de\/WPKdrei\/wp-content\/uploads\/2014\/10\/K3-KK-2014_309a.jpg\" alt=\"\" width=\"680\" height=\"719\" srcset=\"https:\/\/www.kdrei-2009.de\/WPKdrei\/wp-content\/uploads\/2014\/10\/K3-KK-2014_309a.jpg 680w, https:\/\/www.kdrei-2009.de\/WPKdrei\/wp-content\/uploads\/2014\/10\/K3-KK-2014_309a-283x300.jpg 283w\" sizes=\"(max-width: 680px) 100vw, 680px\" \/><\/a><\/p>\n<p><a href=\"https:\/\/www.kdrei-2009.de\/WPKdrei\/wp-content\/uploads\/2014\/10\/K3-KK-2014_335a.jpg\" rel=\"lightbox[4321]\"><img loading=\"lazy\" decoding=\"async\" class=\"alignleft size-full wp-image-4326\" title=\"K3-KK 2014_335a\" src=\"https:\/\/www.kdrei-2009.de\/WPKdrei\/wp-content\/uploads\/2014\/10\/K3-KK-2014_335a.jpg\" alt=\"\" width=\"680\" height=\"721\" srcset=\"https:\/\/www.kdrei-2009.de\/WPKdrei\/wp-content\/uploads\/2014\/10\/K3-KK-2014_335a.jpg 680w, https:\/\/www.kdrei-2009.de\/WPKdrei\/wp-content\/uploads\/2014\/10\/K3-KK-2014_335a-282x300.jpg 282w\" sizes=\"(max-width: 680px) 100vw, 680px\" \/><\/a><\/p>\n<p><a href=\"https:\/\/www.kdrei-2009.de\/WPKdrei\/wp-content\/uploads\/2014\/10\/K3-KK-2014_355a.jpg\" rel=\"lightbox[4321]\"><img loading=\"lazy\" decoding=\"async\" class=\"alignleft size-full wp-image-4327\" title=\"K3-KK 2014_355a\" src=\"https:\/\/www.kdrei-2009.de\/WPKdrei\/wp-content\/uploads\/2014\/10\/K3-KK-2014_355a.jpg\" alt=\"\" width=\"680\" height=\"572\" srcset=\"https:\/\/www.kdrei-2009.de\/WPKdrei\/wp-content\/uploads\/2014\/10\/K3-KK-2014_355a.jpg 680w, https:\/\/www.kdrei-2009.de\/WPKdrei\/wp-content\/uploads\/2014\/10\/K3-KK-2014_355a-300x252.jpg 300w\" sizes=\"(max-width: 680px) 100vw, 680px\" \/><\/a><\/p>\n<p><a href=\"https:\/\/www.kdrei-2009.de\/WPKdrei\/wp-content\/uploads\/2014\/10\/K3-KK-2014_370a.jpg\" rel=\"lightbox[4321]\"><img loading=\"lazy\" decoding=\"async\" class=\"alignleft size-full wp-image-4328\" title=\"K3-KK 2014_370a\" src=\"https:\/\/www.kdrei-2009.de\/WPKdrei\/wp-content\/uploads\/2014\/10\/K3-KK-2014_370a.jpg\" alt=\"\" width=\"680\" height=\"487\" srcset=\"https:\/\/www.kdrei-2009.de\/WPKdrei\/wp-content\/uploads\/2014\/10\/K3-KK-2014_370a.jpg 680w, https:\/\/www.kdrei-2009.de\/WPKdrei\/wp-content\/uploads\/2014\/10\/K3-KK-2014_370a-300x214.jpg 300w\" sizes=\"(max-width: 680px) 100vw, 680px\" \/><\/a><\/p>\n<p><a href=\"https:\/\/www.kdrei-2009.de\/WPKdrei\/wp-content\/uploads\/2014\/10\/K3-KK-2014_384a.jpg\" rel=\"lightbox[4321]\"><img loading=\"lazy\" decoding=\"async\" class=\"alignleft size-full wp-image-4329\" title=\"K3-KK 2014_384a\" src=\"https:\/\/www.kdrei-2009.de\/WPKdrei\/wp-content\/uploads\/2014\/10\/K3-KK-2014_384a.jpg\" alt=\"\" width=\"680\" height=\"689\" srcset=\"https:\/\/www.kdrei-2009.de\/WPKdrei\/wp-content\/uploads\/2014\/10\/K3-KK-2014_384a.jpg 680w, https:\/\/www.kdrei-2009.de\/WPKdrei\/wp-content\/uploads\/2014\/10\/K3-KK-2014_384a-296x300.jpg 296w\" sizes=\"(max-width: 680px) 100vw, 680px\" \/><\/a><\/p>\n<p><span style=\"color: #808080;\"><br \/>\n<\/span><\/p>\n","protected":false},"excerpt":{"rendered":"<p>K\u00f6che und Gourmets in der Festhalle Unser 5. Galamen\u00fc mit Kochkurs kann wieder als voller Erfolg verbucht werden. Das war f\u00fcr alle K\u00f6che und Teilnehmer des Kochkurses ein anstrengender aber [&hellip;]<\/p>\n","protected":false},"author":1,"featured_media":0,"parent":5321,"menu_order":0,"comment_status":"open","ping_status":"open","template":"","meta":{"footnotes":""},"_links":{"self":[{"href":"https:\/\/www.kdrei-2009.de\/WPKdrei\/wp-json\/wp\/v2\/pages\/4321"}],"collection":[{"href":"https:\/\/www.kdrei-2009.de\/WPKdrei\/wp-json\/wp\/v2\/pages"}],"about":[{"href":"https:\/\/www.kdrei-2009.de\/WPKdrei\/wp-json\/wp\/v2\/types\/page"}],"author":[{"embeddable":true,"href":"https:\/\/www.kdrei-2009.de\/WPKdrei\/wp-json\/wp\/v2\/users\/1"}],"replies":[{"embeddable":true,"href":"https:\/\/www.kdrei-2009.de\/WPKdrei\/wp-json\/wp\/v2\/comments?post=4321"}],"version-history":[{"count":6,"href":"https:\/\/www.kdrei-2009.de\/WPKdrei\/wp-json\/wp\/v2\/pages\/4321\/revisions"}],"predecessor-version":[{"id":4332,"href":"https:\/\/www.kdrei-2009.de\/WPKdrei\/wp-json\/wp\/v2\/pages\/4321\/revisions\/4332"}],"up":[{"embeddable":true,"href":"https:\/\/www.kdrei-2009.de\/WPKdrei\/wp-json\/wp\/v2\/pages\/5321"}],"wp:attachment":[{"href":"https:\/\/www.kdrei-2009.de\/WPKdrei\/wp-json\/wp\/v2\/media?parent=4321"}],"curies":[{"name":"wp","href":"https:\/\/api.w.org\/{rel}","templated":true}]}}