{"id":4359,"date":"2014-11-14T14:12:55","date_gmt":"2014-11-14T14:12:55","guid":{"rendered":"https:\/\/www.kdrei-2009.de\/WPKdrei\/?page_id=4359"},"modified":"2016-03-15T10:54:42","modified_gmt":"2016-03-15T10:54:42","slug":"das-kursbuch-2014","status":"publish","type":"page","link":"https:\/\/www.kdrei-2009.de\/WPKdrei\/kdrei-events\/events-2014\/das-kursbuch-2014\/","title":{"rendered":"Das Kursbuch 2014"},"content":{"rendered":"<h3><span style=\"color: #808080;\">Im Gegensatz zu anderen Kursb\u00fcchern hat unseres extrem wenig Text (nur Rezepte) und Bilder vom Kochkurs. Bei der Bundesbahn ist das Kursbuch nat\u00fcrlich etwas dicker, daf\u00fcr finden unsere Kurse aber p\u00fcnktlicher und zuverl\u00e4ssiger statt.<br \/>\n<\/span><\/h3>\n<h3><span style=\"color: #808080;\">Wer es haben will:<\/span><\/h3>\n<h3><span style=\"color: #808080;\">36 Seiten, 20,4cmx 27,0cm, vierfarbig in Fotobuchqualit\u00e4t.<br \/>\nSt\u00fcck 34,95 \u20ac zzgl. Versand<\/span><\/h3>\n<h3><span style=\"color: #808080;\">Bestellungen an : info(at)kdrei-2009.de Bitte wenn m\u00f6glich bis sp\u00e4testens Montag, 17.11.2014 um 12.00Uhr.<br \/>\n<\/span><\/h3>\n<p><span style=\"color: #808080;\">Hier seht ihr immer die Doppelseiten. Durch anklicken wirds gr\u00f6\u00dfer.<\/span><\/p>\n<p><a href=\"https:\/\/www.kdrei-2009.de\/WPKdrei\/wp-content\/uploads\/2014\/11\/K3-KK2014-0umschlagweb.jpg\" rel=\"lightbox[4359]\"><img loading=\"lazy\" decoding=\"async\" class=\"alignleft size-medium wp-image-4340\" title=\"K3-KK2014-0umschlagweb\" src=\"https:\/\/www.kdrei-2009.de\/WPKdrei\/wp-content\/uploads\/2014\/11\/K3-KK2014-0umschlagweb-300x198.jpg\" alt=\"\" width=\"300\" height=\"198\" srcset=\"https:\/\/www.kdrei-2009.de\/WPKdrei\/wp-content\/uploads\/2014\/11\/K3-KK2014-0umschlagweb-300x198.jpg 300w, https:\/\/www.kdrei-2009.de\/WPKdrei\/wp-content\/uploads\/2014\/11\/K3-KK2014-0umschlagweb.jpg 680w\" sizes=\"(max-width: 300px) 100vw, 300px\" \/><\/a><a href=\"https:\/\/www.kdrei-2009.de\/WPKdrei\/wp-content\/uploads\/2014\/11\/K3-KK2014-1web.jpg\" rel=\"lightbox[4359]\"><img loading=\"lazy\" decoding=\"async\" class=\"alignleft size-medium wp-image-4341\" title=\"K3-KK2014-1web\" src=\"https:\/\/www.kdrei-2009.de\/WPKdrei\/wp-content\/uploads\/2014\/11\/K3-KK2014-1web-226x300.jpg\" alt=\"\" width=\"226\" height=\"300\" srcset=\"https:\/\/www.kdrei-2009.de\/WPKdrei\/wp-content\/uploads\/2014\/11\/K3-KK2014-1web-226x300.jpg 226w, https:\/\/www.kdrei-2009.de\/WPKdrei\/wp-content\/uploads\/2014\/11\/K3-KK2014-1web.jpg 680w\" sizes=\"(max-width: 226px) 100vw, 226px\" \/><\/a><a href=\"https:\/\/www.kdrei-2009.de\/WPKdrei\/wp-content\/uploads\/2014\/11\/K3-KK2014-2+3web.jpg\" rel=\"lightbox[4359]\"><img loading=\"lazy\" decoding=\"async\" class=\"alignleft size-medium wp-image-4342\" title=\"K3-KK2014-2+3web\" src=\"https:\/\/www.kdrei-2009.de\/WPKdrei\/wp-content\/uploads\/2014\/11\/K3-KK2014-2+3web-300x198.jpg\" alt=\"\" width=\"300\" height=\"198\" srcset=\"https:\/\/www.kdrei-2009.de\/WPKdrei\/wp-content\/uploads\/2014\/11\/K3-KK2014-2+3web-300x198.jpg 300w, https:\/\/www.kdrei-2009.de\/WPKdrei\/wp-content\/uploads\/2014\/11\/K3-KK2014-2+3web.jpg 680w\" sizes=\"(max-width: 300px) 100vw, 300px\" \/><\/a><\/p>\n<p><a href=\"https:\/\/www.kdrei-2009.de\/WPKdrei\/wp-content\/uploads\/2014\/11\/K3-KK2014-4+5web.jpg\" rel=\"lightbox[4359]\"><img loading=\"lazy\" decoding=\"async\" class=\"alignleft size-medium wp-image-4343\" title=\"K3-KK2014-4+5web\" src=\"https:\/\/www.kdrei-2009.de\/WPKdrei\/wp-content\/uploads\/2014\/11\/K3-KK2014-4+5web-300x198.jpg\" alt=\"\" width=\"300\" height=\"198\" srcset=\"https:\/\/www.kdrei-2009.de\/WPKdrei\/wp-content\/uploads\/2014\/11\/K3-KK2014-4+5web-300x198.jpg 300w, https:\/\/www.kdrei-2009.de\/WPKdrei\/wp-content\/uploads\/2014\/11\/K3-KK2014-4+5web.jpg 680w\" sizes=\"(max-width: 300px) 100vw, 300px\" \/><\/a><\/p>\n<p><a href=\"https:\/\/www.kdrei-2009.de\/WPKdrei\/wp-content\/uploads\/2014\/11\/K3-KK2014-6+7web.jpg\" rel=\"lightbox[4359]\"><img loading=\"lazy\" decoding=\"async\" class=\"alignleft size-medium wp-image-4344\" title=\"K3-KK2014-6+7web\" src=\"https:\/\/www.kdrei-2009.de\/WPKdrei\/wp-content\/uploads\/2014\/11\/K3-KK2014-6+7web-300x198.jpg\" alt=\"\" width=\"300\" height=\"198\" srcset=\"https:\/\/www.kdrei-2009.de\/WPKdrei\/wp-content\/uploads\/2014\/11\/K3-KK2014-6+7web-300x198.jpg 300w, https:\/\/www.kdrei-2009.de\/WPKdrei\/wp-content\/uploads\/2014\/11\/K3-KK2014-6+7web.jpg 680w\" sizes=\"(max-width: 300px) 100vw, 300px\" \/><\/a><a href=\"https:\/\/www.kdrei-2009.de\/WPKdrei\/wp-content\/uploads\/2014\/11\/K3-KK2014-8+9web.jpg\" rel=\"lightbox[4359]\"><img loading=\"lazy\" decoding=\"async\" class=\"alignleft size-medium wp-image-4345\" title=\"K3-KK2014-8+9web\" src=\"https:\/\/www.kdrei-2009.de\/WPKdrei\/wp-content\/uploads\/2014\/11\/K3-KK2014-8+9web-300x198.jpg\" alt=\"\" width=\"300\" height=\"198\" srcset=\"https:\/\/www.kdrei-2009.de\/WPKdrei\/wp-content\/uploads\/2014\/11\/K3-KK2014-8+9web-300x198.jpg 300w, https:\/\/www.kdrei-2009.de\/WPKdrei\/wp-content\/uploads\/2014\/11\/K3-KK2014-8+9web.jpg 680w\" sizes=\"(max-width: 300px) 100vw, 300px\" \/><\/a><\/p>\n<p><a href=\"https:\/\/www.kdrei-2009.de\/WPKdrei\/wp-content\/uploads\/2014\/11\/K3-KK2014-10+11web.jpg\" rel=\"lightbox[4359]\"><img loading=\"lazy\" decoding=\"async\" class=\"alignleft size-medium wp-image-4346\" title=\"K3-KK2014-10+11web\" src=\"https:\/\/www.kdrei-2009.de\/WPKdrei\/wp-content\/uploads\/2014\/11\/K3-KK2014-10+11web-300x198.jpg\" alt=\"\" width=\"300\" height=\"198\" srcset=\"https:\/\/www.kdrei-2009.de\/WPKdrei\/wp-content\/uploads\/2014\/11\/K3-KK2014-10+11web-300x198.jpg 300w, https:\/\/www.kdrei-2009.de\/WPKdrei\/wp-content\/uploads\/2014\/11\/K3-KK2014-10+11web.jpg 680w\" sizes=\"(max-width: 300px) 100vw, 300px\" \/><\/a><a href=\"https:\/\/www.kdrei-2009.de\/WPKdrei\/wp-content\/uploads\/2014\/11\/K3-KK2014-12+13web.jpg\" rel=\"lightbox[4359]\"><img loading=\"lazy\" decoding=\"async\" class=\"alignleft size-medium wp-image-4347\" title=\"K3-KK2014-12+13web\" src=\"https:\/\/www.kdrei-2009.de\/WPKdrei\/wp-content\/uploads\/2014\/11\/K3-KK2014-12+13web-300x198.jpg\" alt=\"\" width=\"300\" height=\"198\" srcset=\"https:\/\/www.kdrei-2009.de\/WPKdrei\/wp-content\/uploads\/2014\/11\/K3-KK2014-12+13web-300x198.jpg 300w, https:\/\/www.kdrei-2009.de\/WPKdrei\/wp-content\/uploads\/2014\/11\/K3-KK2014-12+13web.jpg 680w\" sizes=\"(max-width: 300px) 100vw, 300px\" \/><\/a><\/p>\n<p><a href=\"https:\/\/www.kdrei-2009.de\/WPKdrei\/wp-content\/uploads\/2014\/11\/K3-KK2014-14+15web.jpg\" rel=\"lightbox[4359]\"><img loading=\"lazy\" decoding=\"async\" class=\"alignleft size-medium wp-image-4348\" title=\"K3-KK2014-14+15web\" src=\"https:\/\/www.kdrei-2009.de\/WPKdrei\/wp-content\/uploads\/2014\/11\/K3-KK2014-14+15web-300x198.jpg\" alt=\"\" width=\"300\" height=\"198\" srcset=\"https:\/\/www.kdrei-2009.de\/WPKdrei\/wp-content\/uploads\/2014\/11\/K3-KK2014-14+15web-300x198.jpg 300w, https:\/\/www.kdrei-2009.de\/WPKdrei\/wp-content\/uploads\/2014\/11\/K3-KK2014-14+15web.jpg 680w\" sizes=\"(max-width: 300px) 100vw, 300px\" \/><\/a><a href=\"https:\/\/www.kdrei-2009.de\/WPKdrei\/wp-content\/uploads\/2014\/11\/K3-KK2014-16+17web.jpg\" rel=\"lightbox[4359]\"><img loading=\"lazy\" decoding=\"async\" class=\"alignleft size-medium wp-image-4349\" title=\"K3-KK2014-16+17web\" src=\"https:\/\/www.kdrei-2009.de\/WPKdrei\/wp-content\/uploads\/2014\/11\/K3-KK2014-16+17web-300x198.jpg\" alt=\"\" width=\"300\" height=\"198\" srcset=\"https:\/\/www.kdrei-2009.de\/WPKdrei\/wp-content\/uploads\/2014\/11\/K3-KK2014-16+17web-300x198.jpg 300w, https:\/\/www.kdrei-2009.de\/WPKdrei\/wp-content\/uploads\/2014\/11\/K3-KK2014-16+17web.jpg 680w\" sizes=\"(max-width: 300px) 100vw, 300px\" \/><\/a><\/p>\n<p><a href=\"https:\/\/www.kdrei-2009.de\/WPKdrei\/wp-content\/uploads\/2014\/11\/K3-KK2014-18+19web.jpg\" rel=\"lightbox[4359]\"><img loading=\"lazy\" decoding=\"async\" class=\"alignleft size-medium wp-image-4350\" title=\"K3-KK2014-18+19web\" src=\"https:\/\/www.kdrei-2009.de\/WPKdrei\/wp-content\/uploads\/2014\/11\/K3-KK2014-18+19web-300x198.jpg\" alt=\"\" width=\"300\" height=\"198\" srcset=\"https:\/\/www.kdrei-2009.de\/WPKdrei\/wp-content\/uploads\/2014\/11\/K3-KK2014-18+19web-300x198.jpg 300w, https:\/\/www.kdrei-2009.de\/WPKdrei\/wp-content\/uploads\/2014\/11\/K3-KK2014-18+19web.jpg 680w\" sizes=\"(max-width: 300px) 100vw, 300px\" \/><\/a><a href=\"https:\/\/www.kdrei-2009.de\/WPKdrei\/wp-content\/uploads\/2014\/11\/K3-KK2014-20+21web.jpg\" rel=\"lightbox[4359]\"><img loading=\"lazy\" decoding=\"async\" class=\"alignleft size-medium wp-image-4351\" title=\"K3-KK2014-20+21web\" src=\"https:\/\/www.kdrei-2009.de\/WPKdrei\/wp-content\/uploads\/2014\/11\/K3-KK2014-20+21web-300x198.jpg\" alt=\"\" width=\"300\" height=\"198\" srcset=\"https:\/\/www.kdrei-2009.de\/WPKdrei\/wp-content\/uploads\/2014\/11\/K3-KK2014-20+21web-300x198.jpg 300w, https:\/\/www.kdrei-2009.de\/WPKdrei\/wp-content\/uploads\/2014\/11\/K3-KK2014-20+21web.jpg 680w\" sizes=\"(max-width: 300px) 100vw, 300px\" \/><\/a><\/p>\n<p><a href=\"https:\/\/www.kdrei-2009.de\/WPKdrei\/wp-content\/uploads\/2014\/11\/K3-KK2014-25+24web.jpg\" rel=\"lightbox[4359]\"><img loading=\"lazy\" decoding=\"async\" class=\"alignleft size-medium wp-image-4352\" title=\"K3-KK2014-25+24web\" src=\"https:\/\/www.kdrei-2009.de\/WPKdrei\/wp-content\/uploads\/2014\/11\/K3-KK2014-25+24web-300x198.jpg\" alt=\"\" width=\"300\" height=\"198\" srcset=\"https:\/\/www.kdrei-2009.de\/WPKdrei\/wp-content\/uploads\/2014\/11\/K3-KK2014-25+24web-300x198.jpg 300w, https:\/\/www.kdrei-2009.de\/WPKdrei\/wp-content\/uploads\/2014\/11\/K3-KK2014-25+24web.jpg 680w\" sizes=\"(max-width: 300px) 100vw, 300px\" \/><\/a><a href=\"https:\/\/www.kdrei-2009.de\/WPKdrei\/wp-content\/uploads\/2014\/11\/K3-KK2014-26+27web.jpg\" rel=\"lightbox[4359]\"><img loading=\"lazy\" decoding=\"async\" class=\"alignleft size-medium wp-image-4353\" title=\"K3-KK2014-26+27web\" src=\"https:\/\/www.kdrei-2009.de\/WPKdrei\/wp-content\/uploads\/2014\/11\/K3-KK2014-26+27web-300x198.jpg\" alt=\"\" width=\"300\" height=\"198\" srcset=\"https:\/\/www.kdrei-2009.de\/WPKdrei\/wp-content\/uploads\/2014\/11\/K3-KK2014-26+27web-300x198.jpg 300w, https:\/\/www.kdrei-2009.de\/WPKdrei\/wp-content\/uploads\/2014\/11\/K3-KK2014-26+27web.jpg 680w\" sizes=\"(max-width: 300px) 100vw, 300px\" \/><\/a><\/p>\n<p><a href=\"https:\/\/www.kdrei-2009.de\/WPKdrei\/wp-content\/uploads\/2014\/11\/K3-KK2014-30+31web.jpg\" rel=\"lightbox[4359]\"><img loading=\"lazy\" decoding=\"async\" class=\"alignleft size-medium wp-image-4355\" title=\"K3-KK2014-30+31web\" src=\"https:\/\/www.kdrei-2009.de\/WPKdrei\/wp-content\/uploads\/2014\/11\/K3-KK2014-30+31web-300x198.jpg\" alt=\"\" width=\"300\" height=\"198\" srcset=\"https:\/\/www.kdrei-2009.de\/WPKdrei\/wp-content\/uploads\/2014\/11\/K3-KK2014-30+31web-300x198.jpg 300w, https:\/\/www.kdrei-2009.de\/WPKdrei\/wp-content\/uploads\/2014\/11\/K3-KK2014-30+31web.jpg 680w\" sizes=\"(max-width: 300px) 100vw, 300px\" \/><\/a><a href=\"https:\/\/www.kdrei-2009.de\/WPKdrei\/wp-content\/uploads\/2014\/11\/K3-KK2014-28+29web.jpg\" rel=\"lightbox[4359]\"><img loading=\"lazy\" decoding=\"async\" class=\"alignleft size-medium wp-image-4354\" title=\"K3-KK2014-28+29web\" src=\"https:\/\/www.kdrei-2009.de\/WPKdrei\/wp-content\/uploads\/2014\/11\/K3-KK2014-28+29web-300x198.jpg\" alt=\"\" width=\"300\" height=\"198\" srcset=\"https:\/\/www.kdrei-2009.de\/WPKdrei\/wp-content\/uploads\/2014\/11\/K3-KK2014-28+29web-300x198.jpg 300w, https:\/\/www.kdrei-2009.de\/WPKdrei\/wp-content\/uploads\/2014\/11\/K3-KK2014-28+29web.jpg 680w\" sizes=\"(max-width: 300px) 100vw, 300px\" \/><\/a><\/p>\n<p><a href=\"https:\/\/www.kdrei-2009.de\/WPKdrei\/wp-content\/uploads\/2014\/11\/K3-KK2014-32+33web.jpg\" rel=\"lightbox[4359]\"><img loading=\"lazy\" decoding=\"async\" class=\"alignleft size-medium wp-image-4356\" title=\"K3-KK2014-32+33web\" src=\"https:\/\/www.kdrei-2009.de\/WPKdrei\/wp-content\/uploads\/2014\/11\/K3-KK2014-32+33web-300x198.jpg\" alt=\"\" width=\"300\" height=\"198\" srcset=\"https:\/\/www.kdrei-2009.de\/WPKdrei\/wp-content\/uploads\/2014\/11\/K3-KK2014-32+33web-300x198.jpg 300w, https:\/\/www.kdrei-2009.de\/WPKdrei\/wp-content\/uploads\/2014\/11\/K3-KK2014-32+33web.jpg 680w\" sizes=\"(max-width: 300px) 100vw, 300px\" \/><\/a><a href=\"https:\/\/www.kdrei-2009.de\/WPKdrei\/wp-content\/uploads\/2014\/11\/K3-KK2014-34+35web.jpg\" rel=\"lightbox[4359]\"><img loading=\"lazy\" decoding=\"async\" class=\"alignleft size-medium wp-image-4357\" title=\"K3-KK2014-34+35web\" src=\"https:\/\/www.kdrei-2009.de\/WPKdrei\/wp-content\/uploads\/2014\/11\/K3-KK2014-34+35web-300x198.jpg\" alt=\"\" width=\"300\" height=\"198\" srcset=\"https:\/\/www.kdrei-2009.de\/WPKdrei\/wp-content\/uploads\/2014\/11\/K3-KK2014-34+35web-300x198.jpg 300w, https:\/\/www.kdrei-2009.de\/WPKdrei\/wp-content\/uploads\/2014\/11\/K3-KK2014-34+35web.jpg 680w\" sizes=\"(max-width: 300px) 100vw, 300px\" \/><\/a><\/p>\n<p><a href=\"https:\/\/www.kdrei-2009.de\/WPKdrei\/wp-content\/uploads\/2014\/11\/K3-KK2014-36web.jpg\" rel=\"lightbox[4359]\"><img loading=\"lazy\" decoding=\"async\" class=\"alignleft size-medium wp-image-4358\" title=\"K3-KK2014-36web\" src=\"https:\/\/www.kdrei-2009.de\/WPKdrei\/wp-content\/uploads\/2014\/11\/K3-KK2014-36web-226x300.jpg\" alt=\"\" width=\"226\" height=\"300\" srcset=\"https:\/\/www.kdrei-2009.de\/WPKdrei\/wp-content\/uploads\/2014\/11\/K3-KK2014-36web-226x300.jpg 226w, https:\/\/www.kdrei-2009.de\/WPKdrei\/wp-content\/uploads\/2014\/11\/K3-KK2014-36web.jpg 680w\" sizes=\"(max-width: 226px) 100vw, 226px\" \/><\/a><\/p>\n","protected":false},"excerpt":{"rendered":"<p>Im Gegensatz zu anderen Kursb\u00fcchern hat unseres extrem wenig Text (nur Rezepte) und Bilder vom Kochkurs. Bei der Bundesbahn ist das Kursbuch nat\u00fcrlich etwas dicker, daf\u00fcr finden unsere Kurse aber [&hellip;]<\/p>\n","protected":false},"author":1,"featured_media":0,"parent":5321,"menu_order":0,"comment_status":"open","ping_status":"open","template":"","meta":{"footnotes":""},"_links":{"self":[{"href":"https:\/\/www.kdrei-2009.de\/WPKdrei\/wp-json\/wp\/v2\/pages\/4359"}],"collection":[{"href":"https:\/\/www.kdrei-2009.de\/WPKdrei\/wp-json\/wp\/v2\/pages"}],"about":[{"href":"https:\/\/www.kdrei-2009.de\/WPKdrei\/wp-json\/wp\/v2\/types\/page"}],"author":[{"embeddable":true,"href":"https:\/\/www.kdrei-2009.de\/WPKdrei\/wp-json\/wp\/v2\/users\/1"}],"replies":[{"embeddable":true,"href":"https:\/\/www.kdrei-2009.de\/WPKdrei\/wp-json\/wp\/v2\/comments?post=4359"}],"version-history":[{"count":3,"href":"https:\/\/www.kdrei-2009.de\/WPKdrei\/wp-json\/wp\/v2\/pages\/4359\/revisions"}],"predecessor-version":[{"id":4361,"href":"https:\/\/www.kdrei-2009.de\/WPKdrei\/wp-json\/wp\/v2\/pages\/4359\/revisions\/4361"}],"up":[{"embeddable":true,"href":"https:\/\/www.kdrei-2009.de\/WPKdrei\/wp-json\/wp\/v2\/pages\/5321"}],"wp:attachment":[{"href":"https:\/\/www.kdrei-2009.de\/WPKdrei\/wp-json\/wp\/v2\/media?parent=4359"}],"curies":[{"name":"wp","href":"https:\/\/api.w.org\/{rel}","templated":true}]}}