{"id":4379,"date":"2014-11-17T09:18:56","date_gmt":"2014-11-17T09:18:56","guid":{"rendered":"https:\/\/www.kdrei-2009.de\/WPKdrei\/?page_id=4379"},"modified":"2016-03-16T12:41:28","modified_gmt":"2016-03-16T12:41:28","slug":"boule-und-warmspieler","status":"publish","type":"page","link":"https:\/\/www.kdrei-2009.de\/WPKdrei\/plaisanterie\/plaisanterie-2014\/boule-und-warmspieler\/","title":{"rendered":"Boule und Warmspieler"},"content":{"rendered":"<h3><span style=\"color: #808080;\">Ja, es wird wie jedes Jahr wieder Winter. In jedem Verein kommt dann die Frage auf&#8230;wollen wir draussen, mit kalten Kugeln&#8230;oder lieber drinnen mit einem heissen Gl\u00fchwein???<\/span><\/h3>\n<h3><span style=\"color: #808080;\">Kdrei hat ab sofort die L\u00f6sung. Draussen, mit heissen Kugeln und heissen Getr\u00e4nken. Dank einem genialen Kugelerw\u00e4rmungsger\u00e4t. Hier ein Prototyp. Die Kugeln werden schon verdammt heiss&#8230;<br \/>\n<\/span><\/h3>\n<p><a href=\"https:\/\/www.kdrei-2009.de\/WPKdrei\/wp-content\/uploads\/2014\/11\/Kugelw\u00e4rmer2-Kopie.jpg\" rel=\"lightbox[4379]\"><img loading=\"lazy\" decoding=\"async\" class=\"alignleft size-medium wp-image-4378\" title=\"Kugelw\u00e4rmer2 Kopie\" src=\"https:\/\/www.kdrei-2009.de\/WPKdrei\/wp-content\/uploads\/2014\/11\/Kugelw\u00e4rmer2-Kopie-225x300.jpg\" alt=\"\" width=\"225\" height=\"300\" srcset=\"https:\/\/www.kdrei-2009.de\/WPKdrei\/wp-content\/uploads\/2014\/11\/Kugelw\u00e4rmer2-Kopie-225x300.jpg 225w, https:\/\/www.kdrei-2009.de\/WPKdrei\/wp-content\/uploads\/2014\/11\/Kugelw\u00e4rmer2-Kopie.jpg 480w\" sizes=\"(max-width: 225px) 100vw, 225px\" \/><\/a><a href=\"https:\/\/www.kdrei-2009.de\/WPKdrei\/wp-content\/uploads\/2014\/11\/Kugelw\u00e4rmer1.jpg\" rel=\"lightbox[4379]\"><img loading=\"lazy\" decoding=\"async\" class=\"alignleft size-medium wp-image-4377\" title=\"Kugelw\u00e4rmer1\" src=\"https:\/\/www.kdrei-2009.de\/WPKdrei\/wp-content\/uploads\/2014\/11\/Kugelw\u00e4rmer1-225x300.jpg\" alt=\"\" width=\"225\" height=\"300\" srcset=\"https:\/\/www.kdrei-2009.de\/WPKdrei\/wp-content\/uploads\/2014\/11\/Kugelw\u00e4rmer1-225x300.jpg 225w, https:\/\/www.kdrei-2009.de\/WPKdrei\/wp-content\/uploads\/2014\/11\/Kugelw\u00e4rmer1.jpg 480w\" sizes=\"(max-width: 225px) 100vw, 225px\" \/><\/a><\/p>\n","protected":false},"excerpt":{"rendered":"<p>Ja, es wird wie jedes Jahr wieder Winter. In jedem Verein kommt dann die Frage auf&#8230;wollen wir draussen, mit kalten Kugeln&#8230;oder lieber drinnen mit einem heissen Gl\u00fchwein??? Kdrei hat ab [&hellip;]<\/p>\n","protected":false},"author":1,"featured_media":0,"parent":5548,"menu_order":0,"comment_status":"open","ping_status":"open","template":"","meta":{"footnotes":""},"_links":{"self":[{"href":"https:\/\/www.kdrei-2009.de\/WPKdrei\/wp-json\/wp\/v2\/pages\/4379"}],"collection":[{"href":"https:\/\/www.kdrei-2009.de\/WPKdrei\/wp-json\/wp\/v2\/pages"}],"about":[{"href":"https:\/\/www.kdrei-2009.de\/WPKdrei\/wp-json\/wp\/v2\/types\/page"}],"author":[{"embeddable":true,"href":"https:\/\/www.kdrei-2009.de\/WPKdrei\/wp-json\/wp\/v2\/users\/1"}],"replies":[{"embeddable":true,"href":"https:\/\/www.kdrei-2009.de\/WPKdrei\/wp-json\/wp\/v2\/comments?post=4379"}],"version-history":[{"count":4,"href":"https:\/\/www.kdrei-2009.de\/WPKdrei\/wp-json\/wp\/v2\/pages\/4379\/revisions"}],"predecessor-version":[{"id":5564,"href":"https:\/\/www.kdrei-2009.de\/WPKdrei\/wp-json\/wp\/v2\/pages\/4379\/revisions\/5564"}],"up":[{"embeddable":true,"href":"https:\/\/www.kdrei-2009.de\/WPKdrei\/wp-json\/wp\/v2\/pages\/5548"}],"wp:attachment":[{"href":"https:\/\/www.kdrei-2009.de\/WPKdrei\/wp-json\/wp\/v2\/media?parent=4379"}],"curies":[{"name":"wp","href":"https:\/\/api.w.org\/{rel}","templated":true}]}}