{"id":4401,"date":"2014-12-08T13:59:10","date_gmt":"2014-12-08T13:59:10","guid":{"rendered":"https:\/\/www.kdrei-2009.de\/WPKdrei\/?page_id=4401"},"modified":"2016-03-16T12:45:57","modified_gmt":"2016-03-16T12:45:57","slug":"schoot-um-schoot","status":"publish","type":"page","link":"https:\/\/www.kdrei-2009.de\/WPKdrei\/bosseln\/schoot-um-schoot\/","title":{"rendered":"Sch\u00f6\u00f6t um Sch\u00f6\u00f6t"},"content":{"rendered":"<h3><span style=\"color: #808080;\">Wie bei jeder anst\u00e4ndigen Sportart, gibt es auch beim Bosseln genug Anlass, die Regeln zu er\u00f6rtern, anzuzweifeln oder gar eigene Regeln ins Spiel zu bringen. Die Bosselregeln sind nat\u00fcrlich f\u00fcr alle verbindlich, die am Spiel teilnehmen. Hier ein Beispiel aus dem Internet:<\/span><\/h3>\n<h3><span style=\"color: #808080;\"><strong>&#8222;Die urspr\u00fcngliche Z\u00e4hlweise des Sch\u00f6\u00f6ts<\/strong><\/span><\/h3>\n<h3><span style=\"color: #808080;\"> <\/span><\/h3>\n<h3><span style=\"color: #808080;\"> Bis vor wenigen Jahren, wurde der Erfolg im Bo\u00dfeln, mit einer nur im Bo\u00dfelsport angewandten Z\u00e4hlweise, gemessen.<br \/>\nEs wirft der erste Spieler der Mannschaft A, hier im Beispiel 210 m.  Jetzt wirft der erste Spieler der Mannschaft B, er erreicht eine Weite  von 140 m. Da zwingend die Mannschaft zuerst wirft, deren Kugel  zur\u00fcckliegt, startet jetzt der Spieler Nr. 2 der Mannschaft B seinen  Wurf, der nach 60 Metern endet. Spieler Nr. 1 und Nr. 2 der Mannschaft B  (zusammen 200 m), haben gemeinsam den Wurf (210 m) des Spielers Nr. 1  der Mannschaft A nicht erreicht. Die Mannschaft A hat einen Sch\u00f6\u00f6t. Um  die Paarigkeit der Spielerreihenfolge zu erhalten (Spieler Nr. 1 der  Mannschaft A gegen den 1 Spieler der Mannschaft B, Spieler Nr. 2 A gegen  den Spieler Nr. 2 B, Spieler Nr. 3 A gegen den Spieler Nr. 3 B usw.),  darf der Werfer Nummer 2 der Mannschaft A in dieser Runde nicht bo\u00dfeln.  Es folgen Werfer Nr. 3 B (Mannschaft B liegt hinten) und Werfer Nr. 3 A.  Lassen Sie sich bitte nicht von dieser kompliziert anmutenden  Beschreibung entmutigen, Generationen von Ostfriesen ist diese Z\u00e4hlweise  in Fleisch und Blut \u00fcbergegangen. Beim Ausprobieren stellt sich die  Z\u00e4hlweise als recht einfach dar.<\/p>\n<p>Im folgenden Beispiel erzielt die schwarze Mannschaft einen Sch\u00f6\u00f6t, da  die rote Mannschaft nach dem ersten Wurf zur\u00fcckliegt und es nicht  schafft, mit zwei W\u00fcrfen an den zweiten Wurf der schwarzen Mannschaft  heranzukommen.&#8220;<\/p>\n<p><a href=\"https:\/\/www.kdrei-2009.de\/WPKdrei\/wp-content\/uploads\/2014\/12\/schoet.jpg\" rel=\"lightbox[4401]\"><img loading=\"lazy\" decoding=\"async\" class=\"alignleft size-full wp-image-4403\" title=\"schoet\" src=\"https:\/\/www.kdrei-2009.de\/WPKdrei\/wp-content\/uploads\/2014\/12\/schoet.jpg\" alt=\"\" width=\"945\" height=\"190\" srcset=\"https:\/\/www.kdrei-2009.de\/WPKdrei\/wp-content\/uploads\/2014\/12\/schoet.jpg 945w, https:\/\/www.kdrei-2009.de\/WPKdrei\/wp-content\/uploads\/2014\/12\/schoet-300x60.jpg 300w\" sizes=\"(max-width: 945px) 100vw, 945px\" \/><\/a><\/p>\n<p>Wir hatten trotzdem enorm Spass. Vor allem Mannschaft Rot, die bis zur H\u00e4lfte des Spieles mit 7:1 in F\u00fchrung lag. Nach einer Regeldiskussion bei Kilometer 4,7 wurde leider kein weiterer Sch\u00f6\u00f6t mehr erzielt. Ob das nun an den Spielern oder den Regeln lag, wissen wir aktuell noch nicht. Wir bilden jetzt mal eine Arbeitsgruppe. Wenn jemand sachdienliche Hinweise beisteuern kann, bitte hier als Kommentar eingeben. Wir hoffen, da\u00df wir zum n\u00e4chsten Bosseln dann einheitliche Regeln f\u00fcr beide Mannschaften ausgeben k\u00f6nnen. Es hat nat\u00fcrlich trotzdem echt Spass gemacht. Kugelwerfend durch den Wald, auf Feldwegen und diesmal sogar einer echten Stra\u00dfe. Anschliessend lecker gekochtes Ripple auf dem Lindenhof.<\/p>\n<p>Hier noch einige Bilder.<\/p>\n<p><a href=\"https:\/\/www.kdrei-2009.de\/WPKdrei\/wp-content\/uploads\/2014\/12\/K3-Bosseln141106_02web.jpg\" rel=\"lightbox[4401]\"><\/a><a href=\"https:\/\/www.kdrei-2009.de\/WPKdrei\/wp-content\/uploads\/2014\/12\/K3-Bosseln141106_03web.jpg\" rel=\"lightbox[4401]\"><img loading=\"lazy\" decoding=\"async\" class=\"alignleft size-full wp-image-4389\" title=\"K3-Bosseln141106_03web\" src=\"https:\/\/www.kdrei-2009.de\/WPKdrei\/wp-content\/uploads\/2014\/12\/K3-Bosseln141106_03web.jpg\" alt=\"\" width=\"408\" height=\"367\" srcset=\"https:\/\/www.kdrei-2009.de\/WPKdrei\/wp-content\/uploads\/2014\/12\/K3-Bosseln141106_03web.jpg 680w, https:\/\/www.kdrei-2009.de\/WPKdrei\/wp-content\/uploads\/2014\/12\/K3-Bosseln141106_03web-300x270.jpg 300w\" sizes=\"(max-width: 408px) 100vw, 408px\" \/><\/a><a href=\"https:\/\/www.kdrei-2009.de\/WPKdrei\/wp-content\/uploads\/2014\/12\/K3-Bosseln141106_02web.jpg\" rel=\"lightbox[4401]\"><img loading=\"lazy\" decoding=\"async\" class=\"alignleft size-full wp-image-4388\" title=\"K3-Bosseln141106_02web\" src=\"https:\/\/www.kdrei-2009.de\/WPKdrei\/wp-content\/uploads\/2014\/12\/K3-Bosseln141106_02web.jpg\" alt=\"\" width=\"408\" height=\"323\" srcset=\"https:\/\/www.kdrei-2009.de\/WPKdrei\/wp-content\/uploads\/2014\/12\/K3-Bosseln141106_02web.jpg 680w, https:\/\/www.kdrei-2009.de\/WPKdrei\/wp-content\/uploads\/2014\/12\/K3-Bosseln141106_02web-300x237.jpg 300w\" sizes=\"(max-width: 408px) 100vw, 408px\" \/><\/a><\/p>\n<p><a href=\"https:\/\/www.kdrei-2009.de\/WPKdrei\/wp-content\/uploads\/2014\/12\/K3-Bosseln141106_04web.jpg\" rel=\"lightbox[4401]\"><img loading=\"lazy\" decoding=\"async\" class=\"alignleft size-full wp-image-4391\" title=\"K3-Bosseln141106_04web\" src=\"https:\/\/www.kdrei-2009.de\/WPKdrei\/wp-content\/uploads\/2014\/12\/K3-Bosseln141106_04web.jpg\" alt=\"\" width=\"408\" height=\"596\" srcset=\"https:\/\/www.kdrei-2009.de\/WPKdrei\/wp-content\/uploads\/2014\/12\/K3-Bosseln141106_04web.jpg 680w, https:\/\/www.kdrei-2009.de\/WPKdrei\/wp-content\/uploads\/2014\/12\/K3-Bosseln141106_04web-205x300.jpg 205w\" sizes=\"(max-width: 408px) 100vw, 408px\" \/><\/a><a href=\"https:\/\/www.kdrei-2009.de\/WPKdrei\/wp-content\/uploads\/2014\/12\/K3-Bosseln141106_06web.jpg\" rel=\"lightbox[4401]\"><img loading=\"lazy\" decoding=\"async\" class=\"alignleft size-full wp-image-4392\" title=\"K3-Bosseln141106_06web\" src=\"https:\/\/www.kdrei-2009.de\/WPKdrei\/wp-content\/uploads\/2014\/12\/K3-Bosseln141106_06web.jpg\" alt=\"\" width=\"408\" height=\"224\" srcset=\"https:\/\/www.kdrei-2009.de\/WPKdrei\/wp-content\/uploads\/2014\/12\/K3-Bosseln141106_06web.jpg 680w, https:\/\/www.kdrei-2009.de\/WPKdrei\/wp-content\/uploads\/2014\/12\/K3-Bosseln141106_06web-300x164.jpg 300w\" sizes=\"(max-width: 408px) 100vw, 408px\" \/><\/a><\/p>\n<p><a href=\"https:\/\/www.kdrei-2009.de\/WPKdrei\/wp-content\/uploads\/2014\/12\/K3-Bosseln141106_08web.jpg\" rel=\"lightbox[4401]\"><img loading=\"lazy\" decoding=\"async\" class=\"alignleft size-full wp-image-4393\" title=\"K3-Bosseln141106_08web\" src=\"https:\/\/www.kdrei-2009.de\/WPKdrei\/wp-content\/uploads\/2014\/12\/K3-Bosseln141106_08web.jpg\" alt=\"\" width=\"408\" height=\"363\" srcset=\"https:\/\/www.kdrei-2009.de\/WPKdrei\/wp-content\/uploads\/2014\/12\/K3-Bosseln141106_08web.jpg 680w, https:\/\/www.kdrei-2009.de\/WPKdrei\/wp-content\/uploads\/2014\/12\/K3-Bosseln141106_08web-300x266.jpg 300w\" sizes=\"(max-width: 408px) 100vw, 408px\" \/><\/a><\/p>\n<p><a href=\"https:\/\/www.kdrei-2009.de\/WPKdrei\/wp-content\/uploads\/2014\/12\/K3-Bosseln141106_09web.jpg\" rel=\"lightbox[4401]\"><img loading=\"lazy\" decoding=\"async\" class=\"alignleft size-full wp-image-4394\" title=\"K3-Bosseln141106_09web\" src=\"https:\/\/www.kdrei-2009.de\/WPKdrei\/wp-content\/uploads\/2014\/12\/K3-Bosseln141106_09web.jpg\" alt=\"\" width=\"408\" height=\"310\" srcset=\"https:\/\/www.kdrei-2009.de\/WPKdrei\/wp-content\/uploads\/2014\/12\/K3-Bosseln141106_09web.jpg 680w, https:\/\/www.kdrei-2009.de\/WPKdrei\/wp-content\/uploads\/2014\/12\/K3-Bosseln141106_09web-300x228.jpg 300w\" sizes=\"(max-width: 408px) 100vw, 408px\" \/><\/a><a href=\"https:\/\/www.kdrei-2009.de\/WPKdrei\/wp-content\/uploads\/2014\/12\/K3-Bosseln141106_10web.jpg\" rel=\"lightbox[4401]\"><img loading=\"lazy\" decoding=\"async\" class=\"alignleft size-full wp-image-4395\" title=\"K3-Bosseln141106_10web\" src=\"https:\/\/www.kdrei-2009.de\/WPKdrei\/wp-content\/uploads\/2014\/12\/K3-Bosseln141106_10web.jpg\" alt=\"\" width=\"408\" height=\"313\" srcset=\"https:\/\/www.kdrei-2009.de\/WPKdrei\/wp-content\/uploads\/2014\/12\/K3-Bosseln141106_10web.jpg 680w, https:\/\/www.kdrei-2009.de\/WPKdrei\/wp-content\/uploads\/2014\/12\/K3-Bosseln141106_10web-300x230.jpg 300w\" sizes=\"(max-width: 408px) 100vw, 408px\" \/><\/a><\/p>\n<p><a href=\"https:\/\/www.kdrei-2009.de\/WPKdrei\/wp-content\/uploads\/2014\/12\/K3-Bosseln141106_12web.jpg\" rel=\"lightbox[4401]\"><img loading=\"lazy\" decoding=\"async\" class=\"alignleft size-full wp-image-4397\" title=\"K3-Bosseln141106_12web\" src=\"https:\/\/www.kdrei-2009.de\/WPKdrei\/wp-content\/uploads\/2014\/12\/K3-Bosseln141106_12web.jpg\" alt=\"\" width=\"408\" height=\"278\" srcset=\"https:\/\/www.kdrei-2009.de\/WPKdrei\/wp-content\/uploads\/2014\/12\/K3-Bosseln141106_12web.jpg 680w, https:\/\/www.kdrei-2009.de\/WPKdrei\/wp-content\/uploads\/2014\/12\/K3-Bosseln141106_12web-300x204.jpg 300w\" sizes=\"(max-width: 408px) 100vw, 408px\" \/><\/a><a href=\"https:\/\/www.kdrei-2009.de\/WPKdrei\/wp-content\/uploads\/2014\/12\/K3-Bosseln141106_11web.jpg\" rel=\"lightbox[4401]\"><img loading=\"lazy\" decoding=\"async\" class=\"alignleft size-full wp-image-4396\" title=\"K3-Bosseln141106_11web\" src=\"https:\/\/www.kdrei-2009.de\/WPKdrei\/wp-content\/uploads\/2014\/12\/K3-Bosseln141106_11web.jpg\" alt=\"\" width=\"408\" height=\"206\" srcset=\"https:\/\/www.kdrei-2009.de\/WPKdrei\/wp-content\/uploads\/2014\/12\/K3-Bosseln141106_11web.jpg 680w, https:\/\/www.kdrei-2009.de\/WPKdrei\/wp-content\/uploads\/2014\/12\/K3-Bosseln141106_11web-300x151.jpg 300w\" sizes=\"(max-width: 408px) 100vw, 408px\" \/><\/a><\/p>\n<p><a href=\"https:\/\/www.kdrei-2009.de\/WPKdrei\/wp-content\/uploads\/2014\/12\/K3-Bosseln141106_13web.jpg\" rel=\"lightbox[4401]\"><img loading=\"lazy\" decoding=\"async\" class=\"alignleft size-full wp-image-4398\" title=\"K3-Bosseln141106_13web\" src=\"https:\/\/www.kdrei-2009.de\/WPKdrei\/wp-content\/uploads\/2014\/12\/K3-Bosseln141106_13web.jpg\" alt=\"\" width=\"408\" height=\"212\" srcset=\"https:\/\/www.kdrei-2009.de\/WPKdrei\/wp-content\/uploads\/2014\/12\/K3-Bosseln141106_13web.jpg 680w, https:\/\/www.kdrei-2009.de\/WPKdrei\/wp-content\/uploads\/2014\/12\/K3-Bosseln141106_13web-300x155.jpg 300w\" sizes=\"(max-width: 408px) 100vw, 408px\" \/><\/a><a href=\"https:\/\/www.kdrei-2009.de\/WPKdrei\/wp-content\/uploads\/2014\/12\/K3-141106_01web.jpg\" rel=\"lightbox[4401]\"><img loading=\"lazy\" decoding=\"async\" class=\"alignleft size-full wp-image-4400\" title=\"K3-141106_01web\" src=\"https:\/\/www.kdrei-2009.de\/WPKdrei\/wp-content\/uploads\/2014\/12\/K3-141106_01web.jpg\" alt=\"\" width=\"408\" height=\"161\" srcset=\"https:\/\/www.kdrei-2009.de\/WPKdrei\/wp-content\/uploads\/2014\/12\/K3-141106_01web.jpg 680w, https:\/\/www.kdrei-2009.de\/WPKdrei\/wp-content\/uploads\/2014\/12\/K3-141106_01web-300x118.jpg 300w\" sizes=\"(max-width: 408px) 100vw, 408px\" \/><\/a><\/p>\n<p><a href=\"https:\/\/www.kdrei-2009.de\/WPKdrei\/wp-content\/uploads\/2014\/12\/K3-Bosseln141106_14web.jpg\" rel=\"lightbox[4401]\"><img loading=\"lazy\" decoding=\"async\" class=\"alignleft size-full wp-image-4399\" title=\"K3-Bosseln141106_14web\" src=\"https:\/\/www.kdrei-2009.de\/WPKdrei\/wp-content\/uploads\/2014\/12\/K3-Bosseln141106_14web.jpg\" alt=\"\" width=\"680\" height=\"545\" srcset=\"https:\/\/www.kdrei-2009.de\/WPKdrei\/wp-content\/uploads\/2014\/12\/K3-Bosseln141106_14web.jpg 680w, https:\/\/www.kdrei-2009.de\/WPKdrei\/wp-content\/uploads\/2014\/12\/K3-Bosseln141106_14web-300x240.jpg 300w\" sizes=\"(max-width: 680px) 100vw, 680px\" \/><\/a><\/p>\n<p><\/span><\/h3>\n","protected":false},"excerpt":{"rendered":"<p>Wie bei jeder anst\u00e4ndigen Sportart, gibt es auch beim Bosseln genug Anlass, die Regeln zu er\u00f6rtern, anzuzweifeln oder gar eigene Regeln ins Spiel zu bringen. Die Bosselregeln sind nat\u00fcrlich f\u00fcr [&hellip;]<\/p>\n","protected":false},"author":1,"featured_media":0,"parent":5565,"menu_order":0,"comment_status":"open","ping_status":"open","template":"","meta":{"footnotes":""},"_links":{"self":[{"href":"https:\/\/www.kdrei-2009.de\/WPKdrei\/wp-json\/wp\/v2\/pages\/4401"}],"collection":[{"href":"https:\/\/www.kdrei-2009.de\/WPKdrei\/wp-json\/wp\/v2\/pages"}],"about":[{"href":"https:\/\/www.kdrei-2009.de\/WPKdrei\/wp-json\/wp\/v2\/types\/page"}],"author":[{"embeddable":true,"href":"https:\/\/www.kdrei-2009.de\/WPKdrei\/wp-json\/wp\/v2\/users\/1"}],"replies":[{"embeddable":true,"href":"https:\/\/www.kdrei-2009.de\/WPKdrei\/wp-json\/wp\/v2\/comments?post=4401"}],"version-history":[{"count":8,"href":"https:\/\/www.kdrei-2009.de\/WPKdrei\/wp-json\/wp\/v2\/pages\/4401\/revisions"}],"predecessor-version":[{"id":5588,"href":"https:\/\/www.kdrei-2009.de\/WPKdrei\/wp-json\/wp\/v2\/pages\/4401\/revisions\/5588"}],"up":[{"embeddable":true,"href":"https:\/\/www.kdrei-2009.de\/WPKdrei\/wp-json\/wp\/v2\/pages\/5565"}],"wp:attachment":[{"href":"https:\/\/www.kdrei-2009.de\/WPKdrei\/wp-json\/wp\/v2\/media?parent=4401"}],"curies":[{"name":"wp","href":"https:\/\/api.w.org\/{rel}","templated":true}]}}