{"id":443,"date":"2010-04-09T13:48:45","date_gmt":"2010-04-09T13:48:45","guid":{"rendered":"https:\/\/www.kdrei-2009.de\/WPKdrei\/?page_id=443"},"modified":"2018-01-29T15:57:01","modified_gmt":"2018-01-29T15:57:01","slug":"impressum","status":"publish","type":"page","link":"https:\/\/www.kdrei-2009.de\/WPKdrei\/impressum\/","title":{"rendered":"IMPRESSUM"},"content":{"rendered":"<p><strong>Kdrei e. V. Grafenberg<br \/>\nSchillerstra\u00dfe 5\/1<br \/>\nD-72636 Frickenhausen<br \/>\nTelefon : +49 7022 67625<br \/>\n<\/strong><\/p>\n<p><strong>Email: info (at) kdrei-2009.de<br \/>\n<\/strong><\/p>\n<p><strong>Internet : www.Kdrei-2009.de<br \/>\n<\/strong><br \/>\n<strong>Vertretungsberechtigter Vorstand: Walter Schreiber, (Anschrift wie oben)<br \/>\nVereinsregister: Amtsgericht Bad Urach<br \/>\nRegisternummer: VR 787<\/strong><\/p>\n<p><strong>Inhaltlich Verantwortlicher gem\u00e4\u00df \u00a7 55 Abs. 2 RStV: Walter Schreiber, Schillerstra\u00dfe 5\/1\u00a0\u00a0 D-72636 Frickenhausen<br \/>\n<\/strong><\/p>\n<p><strong>Abmahnungen <\/strong><\/p>\n<p>Keine Abmahnung ohne vorherigen Kontakt !<\/p>\n<p>Sollte irgendwelcher Inhalt oder die designtechnische Gestaltung einzelner Seiten oder Teile dieses Website fremde Rechte Dritter<br \/>\noder gesetzliche Bestimmungen verletzen oder anderweitig in irgendeiner Form wettbewerbsrechtliche Probleme hervorbringen, so bitten wir<br \/>\nunter Berufung auf \u00a7 8 Abs. 4 UWG, um eine angemessene, ausreichend erl\u00e4uternde und schnelle Nachricht ohne Kostennote. Wir garantieren,<br \/>\ndass die zu Recht beanstandeten Passagen oder Teile dieser Webseiten in angemessener Frist entfernt, bzw. den rechtlichen Vorgaben<br \/>\numf\u00e4nglich angepasst werden, ohne dass die Einschaltung eines Rechtsanwaltes erforderlich w\u00e4re.<\/p>\n<p>Die Einschaltung eines Anwaltes, zur f\u00fcr den Diensteanbieter kostenpflichtigen Abmahnung, entspricht nicht dessen wirklichen und mutma\u00dflichen<br \/>\nWillen und w\u00fcrde damit einen Versto\u00df gegen den \u00a7 13 Abs. 5 UWG, wegen der Verfolgung sachfremder Ziele als beherrschendes Motiv der<br \/>\nVerfahrenseinleitung, insbesondere einer Kostenerzielungsabsicht als eigentliche Triebfeder, sowie einen Versto\u00df gegen die<br \/>\nSchadensminderungspflicht darstellen. Hinsichtlich der Inhalte in den bereitgestellten Kunden und Partneraccounts nehmen wir als Diensteanbieter die Haftungsprivilegien nach \u00a7 5 Nr. 3 TDG bzw. nach \u00a7 11 TDG in Anspruch.<br \/>\n<strong><br \/>\n<\/strong><\/p>\n<p><strong>Haftungshinweis:<\/strong> Trotz sorgf\u00e4ltiger inhaltlicher Kontrolle \u00fcbernehmen wir keine Haftung f\u00fcr die Inhalte externer Links. F\u00fcr den Inhalt der verlinkten Seiten sind ausschlie\u00dflich deren Betreiber verantwortlich.<\/p>\n<p>Die auf dieser Website enthaltenen Informationen dienen ausschlie\u00dflich der Information, Illustration und Unterrichtung. Sie f\u00fchren zu keiner vertraglichen Bindung oder zu einer Beziehung auf der Basis beruflicher Dienstleistungen. Der Sitebetreiber \u00fcbernimmt keine Gew\u00e4hr f\u00fcr die Richtigkeit der enthaltenen Informationen. Verl\u00e4sst sich ein Anwender auf diese Informationen, so geschieht dies auf sein eigenes Risiko.<\/p>\n<p>Diese Website enth\u00e4lt Verbindungen zu anderen Servern, die von anderen Personen, Institutionen und Unternehmen gepflegt werden und deren Inhalte nicht bekannt sind. Der Sitebetreiber kann hinsichtlich der Richtigkeit oder der Quelle der auf diesen Servern gefundenen Informationen bzw. hinsichtlich des Inhalts einer Datei, die der Anwender eventuell von der Website dritter Parteien herunterladen m\u00f6chte, keine Gew\u00e4hr \u00fcbernehmen.<\/p>\n<p>Alle auf dieser Website erw\u00e4hnten Handelsmarken sind das Eigentum ihrer jeweiligen Besitzer. Sofern nichts anderes angegeben ist, ist der Inhalt aller Websites Copyright des Sitebetreibers , all rights reserved. S\u00e4mtliche Vervielf\u00e4ltigungen, Verbreitung oder sonstige Benutzung des Inhalts der einzelnen Websites oder der gesamten Homepage bed\u00fcrfen der Zustimmung des Sitebetreibers.<\/p>\n<p><img loading=\"lazy\" decoding=\"async\" src=\"http:\/\/www.net-and-law.de\/images\/img_spacer_transparent.gif\" alt=\"\" width=\"18\" height=\"1\" \/><\/p>\n","protected":false},"excerpt":{"rendered":"<p>Kdrei e. V. Grafenberg Schillerstra\u00dfe 5\/1 D-72636 Frickenhausen Telefon : +49 7022 67625 Email: info (at) kdrei-2009.de Internet : www.Kdrei-2009.de Vertretungsberechtigter Vorstand: Walter Schreiber, (Anschrift wie oben) Vereinsregister: Amtsgericht Bad [&hellip;]<\/p>\n","protected":false},"author":1,"featured_media":0,"parent":0,"menu_order":0,"comment_status":"closed","ping_status":"closed","template":"","meta":{"footnotes":""},"_links":{"self":[{"href":"https:\/\/www.kdrei-2009.de\/WPKdrei\/wp-json\/wp\/v2\/pages\/443"}],"collection":[{"href":"https:\/\/www.kdrei-2009.de\/WPKdrei\/wp-json\/wp\/v2\/pages"}],"about":[{"href":"https:\/\/www.kdrei-2009.de\/WPKdrei\/wp-json\/wp\/v2\/types\/page"}],"author":[{"embeddable":true,"href":"https:\/\/www.kdrei-2009.de\/WPKdrei\/wp-json\/wp\/v2\/users\/1"}],"replies":[{"embeddable":true,"href":"https:\/\/www.kdrei-2009.de\/WPKdrei\/wp-json\/wp\/v2\/comments?post=443"}],"version-history":[{"count":7,"href":"https:\/\/www.kdrei-2009.de\/WPKdrei\/wp-json\/wp\/v2\/pages\/443\/revisions"}],"predecessor-version":[{"id":510,"href":"https:\/\/www.kdrei-2009.de\/WPKdrei\/wp-json\/wp\/v2\/pages\/443\/revisions\/510"}],"wp:attachment":[{"href":"https:\/\/www.kdrei-2009.de\/WPKdrei\/wp-json\/wp\/v2\/media?parent=443"}],"curies":[{"name":"wp","href":"https:\/\/api.w.org\/{rel}","templated":true}]}}