{"id":4477,"date":"2014-12-29T14:51:00","date_gmt":"2014-12-29T14:51:00","guid":{"rendered":"https:\/\/www.kdrei-2009.de\/WPKdrei\/?page_id=4477"},"modified":"2016-03-16T12:45:56","modified_gmt":"2016-03-16T12:45:56","slug":"bosseln-2014-02","status":"publish","type":"page","link":"https:\/\/www.kdrei-2009.de\/WPKdrei\/bosseln\/bosseln-2014-02\/","title":{"rendered":"Bosseln 2014.02"},"content":{"rendered":"<h3><span style=\"color: #808080;\">Ja, wir haben es nochmal getan. Diesmal bei winterlichem Wetter. Schnee, Wind, K\u00e4lte&#8230;das ist Bosseln. \u00dcber die Regeln waren wir uns einig. Die neuen bergauf und bergab Varianten f\u00fcr jugendliche Spieler werden aber bestimmt\u00a0 im kommenden Jahr f\u00fcr Diskussionen sorgen. Wir haben uns bei diesem Spiel f\u00fcr die Doppelwurf-Variante bergauf und bergab entschieden und diese bis zum Ende beibehalten. Dies f\u00fchrte nat\u00fcrlich nach der Halbzeit zu einer Verzerrung des Spielverlaufes zu Gunsten von Mannschaft Blau. Mannschaft Rot hat dies stillschweigend hingenommen. Am Ende stand es 10:5 oder 11:6 f\u00fcr Mannschaft Blau. Allen war es sch\u00f6n kalt an den H\u00e4nden und wir haben uns alle \u00fcber die k\u00f6stlichen gegrillten Hamburger gefreut. Das war echt lecker. <\/span><\/h3>\n<h3><span style=\"color: #808080;\">Hier Bilder vom Spiel und das Gruppenbild. Nach dem Spiel ist vor dem Spiel.<\/span><\/h3>\n<p><span style=\"color: #808080;\"><br \/>\n<\/span><\/p>\n<p><span style=\"color: #808080;\"><a href=\"https:\/\/www.kdrei-2009.de\/WPKdrei\/wp-content\/uploads\/2014\/12\/K3-Bosseln-141228-07web.jpg\" rel=\"lightbox[4477]\"><img loading=\"lazy\" decoding=\"async\" class=\"alignleft size-medium wp-image-4472\" title=\"K3-Bosseln-141228-07web\" src=\"https:\/\/www.kdrei-2009.de\/WPKdrei\/wp-content\/uploads\/2014\/12\/K3-Bosseln-141228-07web-265x300.jpg\" alt=\"\" width=\"265\" height=\"300\" srcset=\"https:\/\/www.kdrei-2009.de\/WPKdrei\/wp-content\/uploads\/2014\/12\/K3-Bosseln-141228-07web-265x300.jpg 265w, https:\/\/www.kdrei-2009.de\/WPKdrei\/wp-content\/uploads\/2014\/12\/K3-Bosseln-141228-07web.jpg 680w\" sizes=\"(max-width: 265px) 100vw, 265px\" \/><\/a><a href=\"https:\/\/www.kdrei-2009.de\/WPKdrei\/wp-content\/uploads\/2014\/12\/K3-Bosseln-141228-05web.jpg\" rel=\"lightbox[4477]\"><img loading=\"lazy\" decoding=\"async\" class=\"alignleft size-medium wp-image-4474\" title=\"K3-Bosseln-141228-05web\" src=\"https:\/\/www.kdrei-2009.de\/WPKdrei\/wp-content\/uploads\/2014\/12\/K3-Bosseln-141228-05web-300x190.jpg\" alt=\"\" width=\"300\" height=\"190\" srcset=\"https:\/\/www.kdrei-2009.de\/WPKdrei\/wp-content\/uploads\/2014\/12\/K3-Bosseln-141228-05web-300x190.jpg 300w, https:\/\/www.kdrei-2009.de\/WPKdrei\/wp-content\/uploads\/2014\/12\/K3-Bosseln-141228-05web.jpg 954w\" sizes=\"(max-width: 300px) 100vw, 300px\" \/><\/a><\/span><\/p>\n<p><span style=\"color: #808080;\"><a href=\"https:\/\/www.kdrei-2009.de\/WPKdrei\/wp-content\/uploads\/2014\/12\/K3-Bosseln-141228-01web.jpg\" rel=\"lightbox[4477]\"><img loading=\"lazy\" decoding=\"async\" class=\"alignleft size-medium wp-image-4476\" title=\"K3-Bosseln-141228-01web\" src=\"https:\/\/www.kdrei-2009.de\/WPKdrei\/wp-content\/uploads\/2014\/12\/K3-Bosseln-141228-01web-300x160.jpg\" alt=\"\" width=\"300\" height=\"160\" srcset=\"https:\/\/www.kdrei-2009.de\/WPKdrei\/wp-content\/uploads\/2014\/12\/K3-Bosseln-141228-01web-300x160.jpg 300w, https:\/\/www.kdrei-2009.de\/WPKdrei\/wp-content\/uploads\/2014\/12\/K3-Bosseln-141228-01web.jpg 680w\" sizes=\"(max-width: 300px) 100vw, 300px\" \/><\/a><a href=\"https:\/\/www.kdrei-2009.de\/WPKdrei\/wp-content\/uploads\/2014\/12\/K3-Bosseln-141228-06web.jpg\" rel=\"lightbox[4477]\"><img loading=\"lazy\" decoding=\"async\" class=\"alignleft size-medium wp-image-4473\" title=\"K3-Bosseln-141228-06web\" src=\"https:\/\/www.kdrei-2009.de\/WPKdrei\/wp-content\/uploads\/2014\/12\/K3-Bosseln-141228-06web-300x168.jpg\" alt=\"\" width=\"300\" height=\"168\" srcset=\"https:\/\/www.kdrei-2009.de\/WPKdrei\/wp-content\/uploads\/2014\/12\/K3-Bosseln-141228-06web-300x168.jpg 300w, https:\/\/www.kdrei-2009.de\/WPKdrei\/wp-content\/uploads\/2014\/12\/K3-Bosseln-141228-06web.jpg 680w\" sizes=\"(max-width: 300px) 100vw, 300px\" \/><\/a><\/span><\/p>\n<p><span style=\"color: #808080;\"><a href=\"https:\/\/www.kdrei-2009.de\/WPKdrei\/wp-content\/uploads\/2014\/12\/K3-Bosseln-141228-04web1.jpg\" rel=\"lightbox[4477]\"><img loading=\"lazy\" decoding=\"async\" class=\"alignleft size-medium wp-image-4485\" title=\"K3-Bosseln-141228-04web\" src=\"https:\/\/www.kdrei-2009.de\/WPKdrei\/wp-content\/uploads\/2014\/12\/K3-Bosseln-141228-04web1-300x269.jpg\" alt=\"\" width=\"300\" height=\"269\" srcset=\"https:\/\/www.kdrei-2009.de\/WPKdrei\/wp-content\/uploads\/2014\/12\/K3-Bosseln-141228-04web1-300x269.jpg 300w, https:\/\/www.kdrei-2009.de\/WPKdrei\/wp-content\/uploads\/2014\/12\/K3-Bosseln-141228-04web1.jpg 680w\" sizes=\"(max-width: 300px) 100vw, 300px\" \/><\/a><br \/>\n<\/span><\/p>\n","protected":false},"excerpt":{"rendered":"<p>Ja, wir haben es nochmal getan. Diesmal bei winterlichem Wetter. Schnee, Wind, K\u00e4lte&#8230;das ist Bosseln. \u00dcber die Regeln waren wir uns einig. Die neuen bergauf und bergab Varianten f\u00fcr jugendliche [&hellip;]<\/p>\n","protected":false},"author":1,"featured_media":0,"parent":5565,"menu_order":0,"comment_status":"open","ping_status":"open","template":"","meta":{"footnotes":""},"_links":{"self":[{"href":"https:\/\/www.kdrei-2009.de\/WPKdrei\/wp-json\/wp\/v2\/pages\/4477"}],"collection":[{"href":"https:\/\/www.kdrei-2009.de\/WPKdrei\/wp-json\/wp\/v2\/pages"}],"about":[{"href":"https:\/\/www.kdrei-2009.de\/WPKdrei\/wp-json\/wp\/v2\/types\/page"}],"author":[{"embeddable":true,"href":"https:\/\/www.kdrei-2009.de\/WPKdrei\/wp-json\/wp\/v2\/users\/1"}],"replies":[{"embeddable":true,"href":"https:\/\/www.kdrei-2009.de\/WPKdrei\/wp-json\/wp\/v2\/comments?post=4477"}],"version-history":[{"count":10,"href":"https:\/\/www.kdrei-2009.de\/WPKdrei\/wp-json\/wp\/v2\/pages\/4477\/revisions"}],"predecessor-version":[{"id":5584,"href":"https:\/\/www.kdrei-2009.de\/WPKdrei\/wp-json\/wp\/v2\/pages\/4477\/revisions\/5584"}],"up":[{"embeddable":true,"href":"https:\/\/www.kdrei-2009.de\/WPKdrei\/wp-json\/wp\/v2\/pages\/5565"}],"wp:attachment":[{"href":"https:\/\/www.kdrei-2009.de\/WPKdrei\/wp-json\/wp\/v2\/media?parent=4477"}],"curies":[{"name":"wp","href":"https:\/\/api.w.org\/{rel}","templated":true}]}}