{"id":4559,"date":"2015-03-23T08:54:57","date_gmt":"2015-03-23T08:54:57","guid":{"rendered":"https:\/\/www.kdrei-2009.de\/WPKdrei\/?page_id=4559"},"modified":"2016-03-14T12:25:53","modified_gmt":"2016-03-14T12:25:53","slug":"marzturnier-2015","status":"publish","type":"page","link":"https:\/\/www.kdrei-2009.de\/WPKdrei\/kugelsport-2\/kugelsport-2015\/turniere-2015\/marzturnier-2015\/","title":{"rendered":"M\u00e4rzturnier 2015"},"content":{"rendered":"<h3><span style=\"color: #808080;\">M\u00fcssen wir uns um die Kondition im Neckar-Alb Raum Sorgen machen? Sind nur unsere Neuffener Boulefreunde fit f\u00fcr 2 Bouletage nacheinander ? War der Ligapokaltag so anstrengend? War es zu kalt?\u00a0 Wir wissen es nicht, sind aber froh, dass soviele Neuffener zu unserem Turnier kamen und es somit zu einem kleinen Lokalderby gemacht haben. Herzlichen Dank nach Neuffen, wir revanchieren uns dann mal wieder. Horst Urban war der einzige Teilnehmer von ausserhalb. Es wurde zu einem kleinen, feinen Turnier mit 16 Spielern. Wir hatten wieder unsere leckere Kartoffelsuppe aus dem Brot, Kaffee und Kuchen liefen sehr gut. Es war ein Turnier wie zu unseren Anf\u00e4ngen. Keine Schiedsrichter, keine Verletzten, viel Spass. Gegen 17.00Uhr waren wir fertig mit 4 Runden Doublette superm\u00eal\u00e9e, Halbfinale und Finale. Gewinnen kann aber auch hier nur eine Mannschaft. J\u00fcrgen Marx und Aniello Matrone teilten sich das Preisgeld und eine Magnumflasche 2012 Ensinger Schanzenreiter Lemberger trocken vom Weingut Walz. Platz 2 belegten Werner Kley \/ Walter Schreiber<span style=\"font-size: x-small;\"> <span style=\"font-family: Verdana,Arial,Helvetica,sans-serif; font-size: x-small;\">vor G\u00fcnther Rapp \/ Andi Alt und Gundi Kley \/ Wolfgang Bessenroth.<br \/>\n<\/span><\/span><\/span><\/h3>\n<div id=\"attachment_4551\" style=\"width: 247px\" class=\"wp-caption alignleft\"><strong><a href=\"https:\/\/www.kdrei-2009.de\/WPKdrei\/wp-content\/uploads\/2015\/03\/K3-Maerzturn2015_07web.jpg\" rel=\"lightbox[4559]\"><img loading=\"lazy\" decoding=\"async\" aria-describedby=\"caption-attachment-4551\" class=\"size-medium wp-image-4551\" title=\"K3-Maerzturn2015_07web\" src=\"https:\/\/www.kdrei-2009.de\/WPKdrei\/wp-content\/uploads\/2015\/03\/K3-Maerzturn2015_07web-237x300.jpg\" alt=\"\" width=\"237\" height=\"300\" srcset=\"https:\/\/www.kdrei-2009.de\/WPKdrei\/wp-content\/uploads\/2015\/03\/K3-Maerzturn2015_07web-237x300.jpg 237w, https:\/\/www.kdrei-2009.de\/WPKdrei\/wp-content\/uploads\/2015\/03\/K3-Maerzturn2015_07web-810x1023.jpg 810w, https:\/\/www.kdrei-2009.de\/WPKdrei\/wp-content\/uploads\/2015\/03\/K3-Maerzturn2015_07web.jpg 1577w\" sizes=\"(max-width: 237px) 100vw, 237px\" \/><\/a><\/strong><p id=\"caption-attachment-4551\" class=\"wp-caption-text\">Darum gings auch.<\/p><\/div>\n<p><strong><br \/>\n<\/strong><\/p>\n<p><strong> <\/strong><\/p>\n<p><strong><br \/>\n<\/strong><\/p>\n<div id=\"attachment_4552\" style=\"width: 310px\" class=\"wp-caption alignleft\"><strong><a href=\"https:\/\/www.kdrei-2009.de\/WPKdrei\/wp-content\/uploads\/2015\/03\/K3-Maerzturn2015_08web.jpg\" rel=\"lightbox[4559]\"><img loading=\"lazy\" decoding=\"async\" aria-describedby=\"caption-attachment-4552\" class=\"size-medium wp-image-4552\" title=\"K3-Maerzturn2015_08web\" src=\"https:\/\/www.kdrei-2009.de\/WPKdrei\/wp-content\/uploads\/2015\/03\/K3-Maerzturn2015_08web-300x198.jpg\" alt=\"\" width=\"300\" height=\"198\" srcset=\"https:\/\/www.kdrei-2009.de\/WPKdrei\/wp-content\/uploads\/2015\/03\/K3-Maerzturn2015_08web-300x198.jpg 300w, https:\/\/www.kdrei-2009.de\/WPKdrei\/wp-content\/uploads\/2015\/03\/K3-Maerzturn2015_08web.jpg 680w\" sizes=\"(max-width: 300px) 100vw, 300px\" \/><\/a><\/strong><p id=\"caption-attachment-4552\" class=\"wp-caption-text\">Essen macht Spass.<\/p><\/div>\n<p><strong><br \/>\n<\/strong><\/p>\n<p><strong> <\/strong><\/p>\n<p><strong> <\/strong><\/p>\n<p><strong> <\/strong><\/p>\n<p><strong> <\/strong><\/p>\n<p><strong> <\/strong><\/p>\n<p><strong> <\/strong><\/p>\n<p><strong> <\/strong><\/p>\n<p><strong><\/p>\n<div id=\"attachment_4553\" style=\"width: 310px\" class=\"wp-caption alignleft\"><a href=\"https:\/\/www.kdrei-2009.de\/WPKdrei\/wp-content\/uploads\/2015\/03\/K3-Maerzturn2015_09web.jpg\" rel=\"lightbox[4559]\"><img loading=\"lazy\" decoding=\"async\" aria-describedby=\"caption-attachment-4553\" class=\"size-medium wp-image-4553\" title=\"K3-Maerzturn2015_09web\" src=\"https:\/\/www.kdrei-2009.de\/WPKdrei\/wp-content\/uploads\/2015\/03\/K3-Maerzturn2015_09web-300x256.jpg\" alt=\"\" width=\"300\" height=\"256\" srcset=\"https:\/\/www.kdrei-2009.de\/WPKdrei\/wp-content\/uploads\/2015\/03\/K3-Maerzturn2015_09web-300x256.jpg 300w, https:\/\/www.kdrei-2009.de\/WPKdrei\/wp-content\/uploads\/2015\/03\/K3-Maerzturn2015_09web.jpg 680w\" sizes=\"(max-width: 300px) 100vw, 300px\" \/><\/a><p id=\"caption-attachment-4553\" class=\"wp-caption-text\">Schw\u00e4tzle muss sein.<\/p><\/div>\n<div id=\"attachment_4554\" style=\"width: 310px\" class=\"wp-caption alignleft\"><a href=\"https:\/\/www.kdrei-2009.de\/WPKdrei\/wp-content\/uploads\/2015\/03\/K3-Maerzturn2015_10web.jpg\" rel=\"lightbox[4559]\"><img loading=\"lazy\" decoding=\"async\" aria-describedby=\"caption-attachment-4554\" class=\"size-medium wp-image-4554\" title=\"K3-Maerzturn2015_10web\" src=\"https:\/\/www.kdrei-2009.de\/WPKdrei\/wp-content\/uploads\/2015\/03\/K3-Maerzturn2015_10web-300x232.jpg\" alt=\"\" width=\"300\" height=\"232\" srcset=\"https:\/\/www.kdrei-2009.de\/WPKdrei\/wp-content\/uploads\/2015\/03\/K3-Maerzturn2015_10web-300x232.jpg 300w, https:\/\/www.kdrei-2009.de\/WPKdrei\/wp-content\/uploads\/2015\/03\/K3-Maerzturn2015_10web.jpg 680w\" sizes=\"(max-width: 300px) 100vw, 300px\" \/><\/a><p id=\"caption-attachment-4554\" class=\"wp-caption-text\">Einer hatte immer noch einen auf Lager.<\/p><\/div>\n<div id=\"attachment_4555\" style=\"width: 310px\" class=\"wp-caption alignleft\"><a href=\"https:\/\/www.kdrei-2009.de\/WPKdrei\/wp-content\/uploads\/2015\/03\/K3-Maerzturn2015_12web.jpg\" rel=\"lightbox[4559]\"><img loading=\"lazy\" decoding=\"async\" aria-describedby=\"caption-attachment-4555\" class=\"size-medium wp-image-4555\" title=\"K3-Maerzturn2015_12web\" src=\"https:\/\/www.kdrei-2009.de\/WPKdrei\/wp-content\/uploads\/2015\/03\/K3-Maerzturn2015_12web-300x178.jpg\" alt=\"\" width=\"300\" height=\"178\" srcset=\"https:\/\/www.kdrei-2009.de\/WPKdrei\/wp-content\/uploads\/2015\/03\/K3-Maerzturn2015_12web-300x178.jpg 300w, https:\/\/www.kdrei-2009.de\/WPKdrei\/wp-content\/uploads\/2015\/03\/K3-Maerzturn2015_12web.jpg 680w\" sizes=\"(max-width: 300px) 100vw, 300px\" \/><\/a><p id=\"caption-attachment-4555\" class=\"wp-caption-text\">Ohne Kommentar<\/p><\/div>\n<div id=\"attachment_4557\" style=\"width: 310px\" class=\"wp-caption alignleft\"><a href=\"https:\/\/www.kdrei-2009.de\/WPKdrei\/wp-content\/uploads\/2015\/03\/K3-Maerzturn2015_17web.jpg\" rel=\"lightbox[4559]\"><img loading=\"lazy\" decoding=\"async\" aria-describedby=\"caption-attachment-4557\" class=\"size-medium wp-image-4557\" title=\"K3-Maerzturn2015_17web\" src=\"https:\/\/www.kdrei-2009.de\/WPKdrei\/wp-content\/uploads\/2015\/03\/K3-Maerzturn2015_17web-300x180.jpg\" alt=\"\" width=\"300\" height=\"180\" srcset=\"https:\/\/www.kdrei-2009.de\/WPKdrei\/wp-content\/uploads\/2015\/03\/K3-Maerzturn2015_17web-300x180.jpg 300w, https:\/\/www.kdrei-2009.de\/WPKdrei\/wp-content\/uploads\/2015\/03\/K3-Maerzturn2015_17web.jpg 680w\" sizes=\"(max-width: 300px) 100vw, 300px\" \/><\/a><p id=\"caption-attachment-4557\" class=\"wp-caption-text\">Echt franz\u00f6sisches Flair. Das ist kein fahrbarer Aschenbecher, sondern ein Renault  R4<\/p><\/div>\n<div id=\"attachment_4556\" style=\"width: 310px\" class=\"wp-caption alignleft\"><a href=\"https:\/\/www.kdrei-2009.de\/WPKdrei\/wp-content\/uploads\/2015\/03\/K3-Maerzturn2015_14web.jpg\" rel=\"lightbox[4559]\"><img loading=\"lazy\" decoding=\"async\" aria-describedby=\"caption-attachment-4556\" class=\"size-medium wp-image-4556\" title=\"K3-Maerzturn2015_14web\" src=\"https:\/\/www.kdrei-2009.de\/WPKdrei\/wp-content\/uploads\/2015\/03\/K3-Maerzturn2015_14web-300x213.jpg\" alt=\"\" width=\"300\" height=\"213\" srcset=\"https:\/\/www.kdrei-2009.de\/WPKdrei\/wp-content\/uploads\/2015\/03\/K3-Maerzturn2015_14web-300x213.jpg 300w, https:\/\/www.kdrei-2009.de\/WPKdrei\/wp-content\/uploads\/2015\/03\/K3-Maerzturn2015_14web.jpg 680w\" sizes=\"(max-width: 300px) 100vw, 300px\" \/><\/a><p id=\"caption-attachment-4556\" class=\"wp-caption-text\">Die kennt ja jeder.<\/p><\/div>\n<p><\/strong><\/p>\n<p><strong> <\/strong><\/p>\n<p><strong> <\/strong><\/p>\n<p><strong> <\/strong><\/p>\n<p><strong> <\/strong><\/p>\n<p><strong> <\/strong><\/p>\n<p><strong> <\/strong><\/p>\n<p><strong> <\/strong><\/p>\n<p><strong> <\/strong><\/p>\n<p><span style=\"color: #808080;\"><span style=\"font-size: x-small;\"><strong><br \/>\n<\/strong><\/span><\/span><\/p>\n","protected":false},"excerpt":{"rendered":"<p>M\u00fcssen wir uns um die Kondition im Neckar-Alb Raum Sorgen machen? Sind nur unsere Neuffener Boulefreunde fit f\u00fcr 2 Bouletage nacheinander ? War der Ligapokaltag so anstrengend? War es zu [&hellip;]<\/p>\n","protected":false},"author":1,"featured_media":0,"parent":5180,"menu_order":0,"comment_status":"open","ping_status":"open","template":"","meta":{"footnotes":""},"_links":{"self":[{"href":"https:\/\/www.kdrei-2009.de\/WPKdrei\/wp-json\/wp\/v2\/pages\/4559"}],"collection":[{"href":"https:\/\/www.kdrei-2009.de\/WPKdrei\/wp-json\/wp\/v2\/pages"}],"about":[{"href":"https:\/\/www.kdrei-2009.de\/WPKdrei\/wp-json\/wp\/v2\/types\/page"}],"author":[{"embeddable":true,"href":"https:\/\/www.kdrei-2009.de\/WPKdrei\/wp-json\/wp\/v2\/users\/1"}],"replies":[{"embeddable":true,"href":"https:\/\/www.kdrei-2009.de\/WPKdrei\/wp-json\/wp\/v2\/comments?post=4559"}],"version-history":[{"count":6,"href":"https:\/\/www.kdrei-2009.de\/WPKdrei\/wp-json\/wp\/v2\/pages\/4559\/revisions"}],"predecessor-version":[{"id":5182,"href":"https:\/\/www.kdrei-2009.de\/WPKdrei\/wp-json\/wp\/v2\/pages\/4559\/revisions\/5182"}],"up":[{"embeddable":true,"href":"https:\/\/www.kdrei-2009.de\/WPKdrei\/wp-json\/wp\/v2\/pages\/5180"}],"wp:attachment":[{"href":"https:\/\/www.kdrei-2009.de\/WPKdrei\/wp-json\/wp\/v2\/media?parent=4559"}],"curies":[{"name":"wp","href":"https:\/\/api.w.org\/{rel}","templated":true}]}}