{"id":4576,"date":"2015-03-26T14:23:20","date_gmt":"2015-03-26T14:23:20","guid":{"rendered":"https:\/\/www.kdrei-2009.de\/WPKdrei\/?page_id=4576"},"modified":"2016-03-14T12:37:30","modified_gmt":"2016-03-14T12:37:30","slug":"kochkurs-galamenu-2015","status":"publish","type":"page","link":"https:\/\/www.kdrei-2009.de\/WPKdrei\/kdrei-events\/events-2015\/kochkurs-galamenu-2015\/","title":{"rendered":"KOCHKURS &#038; GALAMEN\u00dc 2015"},"content":{"rendered":"<h3><span style=\"color: #808080;\"> <\/span><\/h3>\n<h3><span style=\"color: #808080;\"> <\/span><\/h3>\n<h3><span style=\"color: #808080;\"> <\/span><\/h3>\n<h3><span style=\"color: #808080;\"> <\/span><\/h3>\n<h3><span style=\"color: #808080;\"> <\/span><\/h3>\n<h3><span style=\"color: #808080;\"> <\/span><\/h3>\n<h3><span style=\"color: #808080;\"> <\/span><\/h3>\n<h3><span style=\"color: #808080;\"> <\/span><\/h3>\n<h3><span style=\"color: #808080;\"> <\/span><\/h3>\n<h2>Leider m\u00fcssen wir den Kochkurs und das Galamen\u00fc in diesem Jahr absagen.<\/h2>\n<h3><span style=\"color: #000000;\">F\u00fcr 2016 werden wir uns um den gewohnten Termin bem\u00fchen. Wir freuen uns schon, alle Stammg\u00e4ste und alle neuen Teilnehmer im n\u00e4chsten Jahr begr\u00fc\u00dfen zu d\u00fcrfen. Wir geben rechtzeitig Bescheid.<\/span><\/h3>\n<h2><span class=\"alignleft\" style=\"color: #808080;\">Dieses Jahr w\u00e4re der Kochkurs von Mora F\u00fctterer (<a href=\"http:\/\/www.mocuisine.de\/\">www.mocuisine.de<\/a>) geleitet worden.<br \/>\n<\/span><\/h2>\n<h2><span style=\"color: #808080;\">Darauf haben wir uns schon gefreut, denn mit Mora haben wir eine erfahrene und sympathische K\u00f6chin engagieren k\u00f6nnen, die allen Kochkursteilnehmern Informationen, Tipps und Kniffe\u00a0 rund um Kochtopf und Backofen vermitteln kann.\u00a0 Mora F\u00fctterer ist mit Leib und Seele K\u00f6chin und bringt\u00a0 jede Menge Erfahrung in unsere K\u00fcche. Wer Ihre Vita liest, denkt sie w\u00e4re schon im Schwabenalter. Weit gefehlt, mit Mora haben wir einen echten Youngster mit pfiffigen, neuen Ideen und sch\u00f6nen Rezeptinterpretationen an unserer Seite. <\/span><\/h2>\n<h2><span style=\"color: #808080;\">Hier einige Stationen auf ihrem Weg:<\/span><\/h2>\n<h2><span style=\"color: #808080;\">2012: Gr\u00fcndung von Mocuisine! Eventplanung, Catering, Kochkurse.<br \/>\n2010\/11: Caf\u00e9 Schlossblick, Rocking Chefs, Stuttgart, K\u00fcchenchefin.<br \/>\n2010\/11: Gourmet-Restaurant Zirbelstube, Stuttgart, Chef de Partie (1 Michelin Stern, 18 Punkte im Gault Millau).<br \/>\n2009\/10: Gourmet-Restaurant Zum Hirschen, Fellbach, Chef de Partie (1 Michelin Stern, 17 Punkte im Gault Millau).<br \/>\n2007\/09: Gourmet-Restaurant Der Zauberlehrling, Stuttgart (15 Punkte im Gault Millau).<br \/>\n2006\/07: Restaurant Br\u00e4ust\u00fcble, Donaueschingen.<br \/>\n2005\/06: Parkrestaurant, Donaueschingen. <\/span><\/h2>\n<h2><span style=\"color: #808080;\"> <\/span><span style=\"color: #808080;\">Wie immer h\u00e4tte der Kochkurs in der K\u00fcche der Festhalle Frickenhausen stattgefunden. Dort hat es gen\u00fcgend Platz f\u00fcr alle Arbeiten, um das Men\u00fc auf die Teller zu bringen.<\/span><\/h2>\n<div id=\"attachment_4587\" style=\"width: 690px\" class=\"wp-caption alignleft\"><a href=\"https:\/\/www.kdrei-2009.de\/WPKdrei\/wp-content\/uploads\/2015\/03\/K3-Kochkurs2013_088web1.jpg\" rel=\"lightbox[4576]\"><img loading=\"lazy\" decoding=\"async\" aria-describedby=\"caption-attachment-4587\" class=\"size-full wp-image-4587 \" title=\"K3-Kochkurs2013_088web\" src=\"https:\/\/www.kdrei-2009.de\/WPKdrei\/wp-content\/uploads\/2015\/03\/K3-Kochkurs2013_088web1.jpg\" alt=\"\" width=\"680\" height=\"340\" srcset=\"https:\/\/www.kdrei-2009.de\/WPKdrei\/wp-content\/uploads\/2015\/03\/K3-Kochkurs2013_088web1.jpg 680w, https:\/\/www.kdrei-2009.de\/WPKdrei\/wp-content\/uploads\/2015\/03\/K3-Kochkurs2013_088web1-300x150.jpg 300w\" sizes=\"(max-width: 680px) 100vw, 680px\" \/><\/a><p id=\"caption-attachment-4587\" class=\"wp-caption-text\">Der Arbeitsplatz f\u00fcr alle ambitionierten K\u00f6che. Keine Angst, wir helfen euch.<\/p><\/div>\n<div id=\"attachment_4588\" style=\"width: 690px\" class=\"wp-caption alignleft\"><a href=\"https:\/\/www.kdrei-2009.de\/WPKdrei\/wp-content\/uploads\/2015\/03\/K3-Kochkurs2013_135web1.jpg\" rel=\"lightbox[4576]\"><img loading=\"lazy\" decoding=\"async\" aria-describedby=\"caption-attachment-4588\" class=\"size-full wp-image-4588 \" title=\"K3-Kochkurs2013_135web\" src=\"https:\/\/www.kdrei-2009.de\/WPKdrei\/wp-content\/uploads\/2015\/03\/K3-Kochkurs2013_135web1.jpg\" alt=\"\" width=\"680\" height=\"340\" srcset=\"https:\/\/www.kdrei-2009.de\/WPKdrei\/wp-content\/uploads\/2015\/03\/K3-Kochkurs2013_135web1.jpg 680w, https:\/\/www.kdrei-2009.de\/WPKdrei\/wp-content\/uploads\/2015\/03\/K3-Kochkurs2013_135web1-300x150.jpg 300w\" sizes=\"(max-width: 680px) 100vw, 680px\" \/><\/a><p id=\"caption-attachment-4588\" class=\"wp-caption-text\">Neulich, beim Galamen\u00fc 2013....<\/p><\/div>\n<p><span style=\"color: #808080;\"><a href=\"https:\/\/www.kdrei-2009.de\/WPKdrei\/wp-content\/uploads\/2015\/03\/K3-Kochkurs2013_148web.jpg\" rel=\"lightbox[4576]\"><img loading=\"lazy\" decoding=\"async\" class=\"alignleft size-full wp-image-4589\" title=\"K3-Kochkurs2013_148web\" src=\"https:\/\/www.kdrei-2009.de\/WPKdrei\/wp-content\/uploads\/2015\/03\/K3-Kochkurs2013_148web.jpg\" alt=\"\" width=\"680\" height=\"340\" srcset=\"https:\/\/www.kdrei-2009.de\/WPKdrei\/wp-content\/uploads\/2015\/03\/K3-Kochkurs2013_148web.jpg 680w, https:\/\/www.kdrei-2009.de\/WPKdrei\/wp-content\/uploads\/2015\/03\/K3-Kochkurs2013_148web-300x150.jpg 300w\" sizes=\"(max-width: 680px) 100vw, 680px\" \/><\/a><\/span><\/p>\n<p><span class=\"alignleft\"> <\/span><\/p>\n<p class=\"alignleft\">\n<p><span class=\"alignleft\"> <\/span><span class=\"alignleft\"> <\/span><span class=\"alignleft\"> <\/span><span class=\"alignleft\"> <\/span><span class=\"alignleft\"> <\/span><span class=\"alignleft\"> <\/span><span class=\"alignleft\"> <\/span><span class=\"alignleft\"> <\/span><span class=\"alignleft\"> <\/span><span class=\"alignleft\"> <\/span><span class=\"alignleft\"> <\/span><span class=\"alignleft\"> <\/span><span class=\"alignleft\"> <\/span><span class=\"alignleft\"> <\/span><span class=\"alignleft\"> <\/span><span class=\"alignleft\"> <\/span><span class=\"alignleft\"> <\/span><span class=\"alignleft\"> <\/span><span class=\"alignleft\"> <\/span><span class=\"alignleft\"> <\/span><span class=\"alignleft\"> <\/span><span class=\"alignleft\"> <\/span><span class=\"alignleft\"> <\/span><span class=\"alignleft\"> <\/span><span class=\"alignleft\"> <\/span><span class=\"alignleft\"> <\/span><span class=\"alignleft\"> <\/span><span class=\"alignleft\"> <\/span><span class=\"alignleft\"> <\/span><span class=\"alignleft\"> <\/span><\/p>\n<h2 class=\"alignleft\"><span style=\"color: #808080;\">Unser diesj\u00e4hriges Thema: &#8222;Classique, moderne, francaise&#8220; wird von regionalen und saisonalen Produkten gepr\u00e4gt werden.<\/span><\/h2>\n<h2 class=\"alignleft\"><span style=\"color: #808080;\"><br \/>\n<\/span><\/h2>\n<h2 class=\"alignleft\"><span style=\"color: #808080;\"><br \/>\n<\/span><\/h2>\n<h2 class=\"alignleft\"><span style=\"color: #808080;\"><br \/>\n<\/span><\/h2>\n<h2 class=\"alignleft\"><span style=\"color: #808080;\"><br \/>\n<\/span><\/h2>\n<h2 class=\"alignleft\"><span style=\"color: #808080;\"><br \/>\n<\/span><\/h2>\n<h2 class=\"alignleft\"><span style=\"color: #808080;\"><br \/>\n<\/span><\/h2>\n<h2 class=\"alignleft\"><span style=\"color: #808080;\"><br \/>\n<\/span><\/h2>\n<h2 class=\"alignleft\"><span style=\"color: #808080;\"><br \/>\n<\/span><\/h2>\n<h2 class=\"alignleft\"><span style=\"color: #808080;\"><br \/>\n<\/span><\/h2>\n<h2 class=\"alignleft\"><span style=\"color: #808080;\"><br \/>\n<\/span><\/h2>\n<h2 class=\"alignleft\"><span style=\"color: #808080;\"><br \/>\n<\/span><\/h2>\n<h2 class=\"alignleft\"><span style=\"color: #808080;\"><br \/>\n<\/span><\/h2>\n<h2 class=\"alignleft\"><span style=\"color: #808080;\"><br \/>\n<\/span><\/h2>\n<h2 class=\"alignleft\"><span style=\"color: #808080;\"><br \/>\n<\/span><\/h2>\n<h2 class=\"alignleft\"><span style=\"color: #808080;\"><br \/>\n<\/span><\/h2>\n<h2 class=\"alignleft\"><span style=\"color: #808080;\"><br \/>\n<\/span><\/h2>\n<h2 class=\"alignleft\"><span style=\"color: #808080;\"><br \/>\n<\/span><\/h2>\n<h2 class=\"alignleft\"><span style=\"color: #808080;\"><br \/>\n<\/span><\/h2>\n<h2 class=\"alignleft\"><span style=\"color: #808080;\"><br \/>\n<\/span><\/h2>\n<h2 class=\"alignleft\"><span style=\"color: #808080;\"><br \/>\n<\/span><\/h2>\n<h2 class=\"alignleft\"><span style=\"color: #808080;\"><br \/>\n<\/span><\/h2>\n<h2 class=\"alignleft\"><span style=\"color: #808080;\"><br \/>\n<\/span><\/h2>\n<h2 class=\"alignleft\"><span style=\"color: #808080;\"><br \/>\n<\/span><\/h2>\n<h2 class=\"alignleft\"><span style=\"color: #808080;\"><br \/>\n<\/span><\/h2>\n<h2 class=\"alignleft\"><span style=\"color: #808080;\"><br \/>\n<\/span><\/h2>\n<h2 class=\"alignleft\"><span style=\"color: #808080;\"><br \/>\n<\/span><\/h2>\n<h2 class=\"alignleft\"><span style=\"color: #808080;\"><br \/>\n<\/span><\/h2>\n<h2 class=\"alignleft\"><span style=\"color: #808080;\"><br \/>\n<\/span><\/h2>\n<h2 class=\"alignleft\"><span style=\"color: #808080;\"><br \/>\n<\/span><\/h2>\n<h2 class=\"alignleft\"><span style=\"color: #808080;\">Als Europ\u00e4er haben wir da nat\u00fcrlich mehr M\u00f6glichkeiten als im Schwabenl\u00e4ndle.<br \/>\n<\/span><\/h2>\n<p><span style=\"color: #808080;\"><span class=\"alignleft\"> <\/span><\/span><\/p>\n<h2 class=\"alignleft\"><span style=\"color: #808080;\">F\u00fcr alle neuen Teilnehmer gibt es unter &#8222;Events&#8220; Bilder und Beitr\u00e4ge von den vergangenen Galamen\u00fcs.<\/span><\/h2>\n<p><span class=\"alignleft\"> <\/span><\/p>\n<h2 class=\"alignleft\"><a href=\"https:\/\/www.kdrei-2009.de\/WPKdrei\/wp-content\/uploads\/2015\/03\/K3-KK2015-02abinfo-b-web.jpg\" rel=\"lightbox[4576]\"><img loading=\"lazy\" decoding=\"async\" class=\"alignleft size-full wp-image-4592\" title=\"Druck\" src=\"https:\/\/www.kdrei-2009.de\/WPKdrei\/wp-content\/uploads\/2015\/03\/K3-KK2015-02abinfo-b-web.jpg\" alt=\"\" width=\"680\" height=\"999\" srcset=\"https:\/\/www.kdrei-2009.de\/WPKdrei\/wp-content\/uploads\/2015\/03\/K3-KK2015-02abinfo-b-web.jpg 680w, https:\/\/www.kdrei-2009.de\/WPKdrei\/wp-content\/uploads\/2015\/03\/K3-KK2015-02abinfo-b-web-204x300.jpg 204w\" sizes=\"(max-width: 680px) 100vw, 680px\" \/><\/a><\/h2>\n<p><span class=\"alignleft\"> <\/span><\/p>\n<p><span style=\"color: #808080;\"><span class=\"alignleft\"><a href=\"https:\/\/www.kdrei-2009.de\/WPKdrei\/wp-content\/uploads\/2015\/03\/K3-KK2015-02abinfo-a-web.jpg\" rel=\"lightbox[4576]\"><img loading=\"lazy\" decoding=\"async\" class=\"alignleft size-full wp-image-4591\" title=\"Druck\" src=\"https:\/\/www.kdrei-2009.de\/WPKdrei\/wp-content\/uploads\/2015\/03\/K3-KK2015-02abinfo-a-web.jpg\" alt=\"\" width=\"680\" height=\"991\" srcset=\"https:\/\/www.kdrei-2009.de\/WPKdrei\/wp-content\/uploads\/2015\/03\/K3-KK2015-02abinfo-a-web.jpg 680w, https:\/\/www.kdrei-2009.de\/WPKdrei\/wp-content\/uploads\/2015\/03\/K3-KK2015-02abinfo-a-web-205x300.jpg 205w\" sizes=\"(max-width: 680px) 100vw, 680px\" \/><\/a><\/span><br \/>\n<\/span><\/p>\n","protected":false},"excerpt":{"rendered":"<p>Leider m\u00fcssen wir den Kochkurs und das Galamen\u00fc in diesem Jahr absagen. F\u00fcr 2016 werden wir uns um den gewohnten Termin bem\u00fchen. Wir freuen uns schon, alle Stammg\u00e4ste und alle [&hellip;]<\/p>\n","protected":false},"author":1,"featured_media":0,"parent":5194,"menu_order":0,"comment_status":"open","ping_status":"open","template":"","meta":{"footnotes":""},"_links":{"self":[{"href":"https:\/\/www.kdrei-2009.de\/WPKdrei\/wp-json\/wp\/v2\/pages\/4576"}],"collection":[{"href":"https:\/\/www.kdrei-2009.de\/WPKdrei\/wp-json\/wp\/v2\/pages"}],"about":[{"href":"https:\/\/www.kdrei-2009.de\/WPKdrei\/wp-json\/wp\/v2\/types\/page"}],"author":[{"embeddable":true,"href":"https:\/\/www.kdrei-2009.de\/WPKdrei\/wp-json\/wp\/v2\/users\/1"}],"replies":[{"embeddable":true,"href":"https:\/\/www.kdrei-2009.de\/WPKdrei\/wp-json\/wp\/v2\/comments?post=4576"}],"version-history":[{"count":32,"href":"https:\/\/www.kdrei-2009.de\/WPKdrei\/wp-json\/wp\/v2\/pages\/4576\/revisions"}],"predecessor-version":[{"id":5197,"href":"https:\/\/www.kdrei-2009.de\/WPKdrei\/wp-json\/wp\/v2\/pages\/4576\/revisions\/5197"}],"up":[{"embeddable":true,"href":"https:\/\/www.kdrei-2009.de\/WPKdrei\/wp-json\/wp\/v2\/pages\/5194"}],"wp:attachment":[{"href":"https:\/\/www.kdrei-2009.de\/WPKdrei\/wp-json\/wp\/v2\/media?parent=4576"}],"curies":[{"name":"wp","href":"https:\/\/api.w.org\/{rel}","templated":true}]}}