{"id":4632,"date":"2015-04-21T10:03:59","date_gmt":"2015-04-21T10:03:59","guid":{"rendered":"https:\/\/www.kdrei-2009.de\/WPKdrei\/?page_id=4632"},"modified":"2016-03-14T12:22:34","modified_gmt":"2016-03-14T12:22:34","slug":"liga-2015-01","status":"publish","type":"page","link":"https:\/\/www.kdrei-2009.de\/WPKdrei\/kugelsport-2\/kugelsport-2015\/liga-2015-orte-termine-neckar-alb\/liga-2015-01\/","title":{"rendered":"Liga 2015.01"},"content":{"rendered":"<h3><span style=\"color: #808080;\">1. Spieltag 2015 in Aichelberg. Normalerweise stellt sich ein erfahrener Boulespieler auf 2- 3 Stunden annehmbares Wetter und dann auf Wind und Dauerregen ein. Dieses Jahr wurden alle Spieler angenehm \u00fcberrascht. Der Wind war frisch, aber die Sonne schien den ganzen Tag.\u00a0 Wer nicht spielen musste, konnte sich bei leckeren Maultaschen mit Kartoffelsalat, Leberk\u00e4sweckle (mit supergeilen, krossen Br\u00f6tchen ) , Saitenw\u00fcrstchen oder Kaffee und Kuchen entspannen. Welch ein Ligaauftakt. F\u00fcr Kdrei war es ein ganz normaler Auftakt mit 1:2 Spielen. Hier Tabelle und alle unsere Spielergebnisse.<br \/>\n<\/span><\/h3>\n<p><a href=\"https:\/\/www.kdrei-2009.de\/WPKdrei\/wp-content\/uploads\/2015\/04\/K3-Tabelle-2015-01web.jpg\" rel=\"lightbox[4632]\"><img loading=\"lazy\" decoding=\"async\" class=\"alignleft size-full wp-image-4640\" title=\"K3-Tabelle 2015-01web\" src=\"https:\/\/www.kdrei-2009.de\/WPKdrei\/wp-content\/uploads\/2015\/04\/K3-Tabelle-2015-01web.jpg\" alt=\"\" width=\"567\" height=\"565\" srcset=\"https:\/\/www.kdrei-2009.de\/WPKdrei\/wp-content\/uploads\/2015\/04\/K3-Tabelle-2015-01web.jpg 567w, https:\/\/www.kdrei-2009.de\/WPKdrei\/wp-content\/uploads\/2015\/04\/K3-Tabelle-2015-01web-150x150.jpg 150w, https:\/\/www.kdrei-2009.de\/WPKdrei\/wp-content\/uploads\/2015\/04\/K3-Tabelle-2015-01web-300x298.jpg 300w\" sizes=\"(max-width: 567px) 100vw, 567px\" \/><\/a><a href=\"https:\/\/www.kdrei-2009.de\/WPKdrei\/wp-content\/uploads\/2015\/04\/Liga2015-01_01web1.jpg\" rel=\"lightbox[4632]\"><img loading=\"lazy\" decoding=\"async\" class=\"alignleft size-full wp-image-4642\" title=\"Liga2015-01_01web\" src=\"https:\/\/www.kdrei-2009.de\/WPKdrei\/wp-content\/uploads\/2015\/04\/Liga2015-01_01web1.jpg\" alt=\"\" width=\"567\" height=\"57\" srcset=\"https:\/\/www.kdrei-2009.de\/WPKdrei\/wp-content\/uploads\/2015\/04\/Liga2015-01_01web1.jpg 567w, https:\/\/www.kdrei-2009.de\/WPKdrei\/wp-content\/uploads\/2015\/04\/Liga2015-01_01web1-300x30.jpg 300w\" sizes=\"(max-width: 567px) 100vw, 567px\" \/><\/a><a href=\"https:\/\/www.kdrei-2009.de\/WPKdrei\/wp-content\/uploads\/2015\/04\/Liga2015-01_02web1.jpg\" rel=\"lightbox[4632]\"><img loading=\"lazy\" decoding=\"async\" class=\"alignleft size-full wp-image-4643\" title=\"Liga2015-01_02web\" src=\"https:\/\/www.kdrei-2009.de\/WPKdrei\/wp-content\/uploads\/2015\/04\/Liga2015-01_02web1.jpg\" alt=\"\" width=\"567\" height=\"397\" srcset=\"https:\/\/www.kdrei-2009.de\/WPKdrei\/wp-content\/uploads\/2015\/04\/Liga2015-01_02web1.jpg 567w, https:\/\/www.kdrei-2009.de\/WPKdrei\/wp-content\/uploads\/2015\/04\/Liga2015-01_02web1-300x210.jpg 300w\" sizes=\"(max-width: 567px) 100vw, 567px\" \/><\/a><a href=\"https:\/\/www.kdrei-2009.de\/WPKdrei\/wp-content\/uploads\/2015\/04\/Liga2015-01_05web1.jpg\" rel=\"lightbox[4632]\"><img loading=\"lazy\" decoding=\"async\" class=\"alignleft size-full wp-image-4644\" title=\"Liga2015-01_05web\" src=\"https:\/\/www.kdrei-2009.de\/WPKdrei\/wp-content\/uploads\/2015\/04\/Liga2015-01_05web1.jpg\" alt=\"\" width=\"567\" height=\"283\" srcset=\"https:\/\/www.kdrei-2009.de\/WPKdrei\/wp-content\/uploads\/2015\/04\/Liga2015-01_05web1.jpg 567w, https:\/\/www.kdrei-2009.de\/WPKdrei\/wp-content\/uploads\/2015\/04\/Liga2015-01_05web1-300x149.jpg 300w\" sizes=\"(max-width: 567px) 100vw, 567px\" \/><\/a><a href=\"https:\/\/www.kdrei-2009.de\/WPKdrei\/wp-content\/uploads\/2015\/04\/Liga2015-01_07web1.jpg\" rel=\"lightbox[4632]\"><img loading=\"lazy\" decoding=\"async\" class=\"alignleft size-full wp-image-4645\" title=\"Liga2015-01_07web\" src=\"https:\/\/www.kdrei-2009.de\/WPKdrei\/wp-content\/uploads\/2015\/04\/Liga2015-01_07web1.jpg\" alt=\"\" width=\"567\" height=\"397\" srcset=\"https:\/\/www.kdrei-2009.de\/WPKdrei\/wp-content\/uploads\/2015\/04\/Liga2015-01_07web1.jpg 567w, https:\/\/www.kdrei-2009.de\/WPKdrei\/wp-content\/uploads\/2015\/04\/Liga2015-01_07web1-300x210.jpg 300w\" sizes=\"(max-width: 567px) 100vw, 567px\" \/><\/a><\/p>\n","protected":false},"excerpt":{"rendered":"<p>1. Spieltag 2015 in Aichelberg. Normalerweise stellt sich ein erfahrener Boulespieler auf 2- 3 Stunden annehmbares Wetter und dann auf Wind und Dauerregen ein. Dieses Jahr wurden alle Spieler angenehm [&hellip;]<\/p>\n","protected":false},"author":1,"featured_media":0,"parent":4546,"menu_order":0,"comment_status":"open","ping_status":"open","template":"","meta":{"footnotes":""},"_links":{"self":[{"href":"https:\/\/www.kdrei-2009.de\/WPKdrei\/wp-json\/wp\/v2\/pages\/4632"}],"collection":[{"href":"https:\/\/www.kdrei-2009.de\/WPKdrei\/wp-json\/wp\/v2\/pages"}],"about":[{"href":"https:\/\/www.kdrei-2009.de\/WPKdrei\/wp-json\/wp\/v2\/types\/page"}],"author":[{"embeddable":true,"href":"https:\/\/www.kdrei-2009.de\/WPKdrei\/wp-json\/wp\/v2\/users\/1"}],"replies":[{"embeddable":true,"href":"https:\/\/www.kdrei-2009.de\/WPKdrei\/wp-json\/wp\/v2\/comments?post=4632"}],"version-history":[{"count":6,"href":"https:\/\/www.kdrei-2009.de\/WPKdrei\/wp-json\/wp\/v2\/pages\/4632\/revisions"}],"predecessor-version":[{"id":4649,"href":"https:\/\/www.kdrei-2009.de\/WPKdrei\/wp-json\/wp\/v2\/pages\/4632\/revisions\/4649"}],"up":[{"embeddable":true,"href":"https:\/\/www.kdrei-2009.de\/WPKdrei\/wp-json\/wp\/v2\/pages\/4546"}],"wp:attachment":[{"href":"https:\/\/www.kdrei-2009.de\/WPKdrei\/wp-json\/wp\/v2\/media?parent=4632"}],"curies":[{"name":"wp","href":"https:\/\/api.w.org\/{rel}","templated":true}]}}