{"id":4674,"date":"2015-04-27T12:13:27","date_gmt":"2015-04-27T12:13:27","guid":{"rendered":"https:\/\/www.kdrei-2009.de\/WPKdrei\/?page_id=4674"},"modified":"2016-03-14T13:03:34","modified_gmt":"2016-03-14T13:03:34","slug":"bbpv-pokal-2015-in-ruit","status":"publish","type":"page","link":"https:\/\/www.kdrei-2009.de\/WPKdrei\/kugelsport-2\/kugelsport-2015\/turniere-2015\/bbpv-pokal-2015-in-ruit\/","title":{"rendered":"BBPV-Pokal 2015 in Ruit"},"content":{"rendered":"<h3><span style=\"color: #808080;\">Bei unseren Boulefreunden in Ruit macht es eigentlich immer Spass. Da gibt es leckeres Essen und sch\u00f6ne Spiele. Letztes Jahr haben wir gewonnen, dieses Jahr haben wir uns mehr auf das Grillen konzentriert.\u00a0 Die Salate waren sehr lecker und die Getr\u00e4nke optimal gek\u00fchlt. Herzlichen Gl\u00fcckwunsch nach Ruit und weiterhin viel Erfolg im BBPV-Pokal. Ich glaube wir haben 15:16 verloren.<\/span><\/h3>\n<div id=\"attachment_4657\" style=\"width: 577px\" class=\"wp-caption alignleft\"><a href=\"https:\/\/www.kdrei-2009.de\/WPKdrei\/wp-content\/uploads\/2015\/04\/K3-BBPVPokal2015_01web.jpg\" rel=\"lightbox[4674]\"><img loading=\"lazy\" decoding=\"async\" aria-describedby=\"caption-attachment-4657\" class=\"size-full wp-image-4657\" title=\"K3-BBPVPokal2015_01web\" src=\"https:\/\/www.kdrei-2009.de\/WPKdrei\/wp-content\/uploads\/2015\/04\/K3-BBPVPokal2015_01web.jpg\" alt=\"\" width=\"567\" height=\"425\" srcset=\"https:\/\/www.kdrei-2009.de\/WPKdrei\/wp-content\/uploads\/2015\/04\/K3-BBPVPokal2015_01web.jpg 567w, https:\/\/www.kdrei-2009.de\/WPKdrei\/wp-content\/uploads\/2015\/04\/K3-BBPVPokal2015_01web-300x224.jpg 300w\" sizes=\"(max-width: 567px) 100vw, 567px\" \/><\/a><p id=\"caption-attachment-4657\" class=\"wp-caption-text\">H.P. und Thomas im vertieften Gespr\u00e4ch.<\/p><\/div>\n<div id=\"attachment_4658\" style=\"width: 577px\" class=\"wp-caption alignleft\"><a href=\"https:\/\/www.kdrei-2009.de\/WPKdrei\/wp-content\/uploads\/2015\/04\/K3-BBPVPokal2015_02web.jpg\" rel=\"lightbox[4674]\"><img loading=\"lazy\" decoding=\"async\" aria-describedby=\"caption-attachment-4658\" class=\"size-full wp-image-4658\" title=\"K3-BBPVPokal2015_02web\" src=\"https:\/\/www.kdrei-2009.de\/WPKdrei\/wp-content\/uploads\/2015\/04\/K3-BBPVPokal2015_02web.jpg\" alt=\"\" width=\"567\" height=\"425\" srcset=\"https:\/\/www.kdrei-2009.de\/WPKdrei\/wp-content\/uploads\/2015\/04\/K3-BBPVPokal2015_02web.jpg 567w, https:\/\/www.kdrei-2009.de\/WPKdrei\/wp-content\/uploads\/2015\/04\/K3-BBPVPokal2015_02web-300x224.jpg 300w\" sizes=\"(max-width: 567px) 100vw, 567px\" \/><\/a><p id=\"caption-attachment-4658\" class=\"wp-caption-text\">Dennis beim vertieften Legen.<\/p><\/div>\n<div id=\"attachment_4659\" style=\"width: 577px\" class=\"wp-caption alignleft\"><a href=\"https:\/\/www.kdrei-2009.de\/WPKdrei\/wp-content\/uploads\/2015\/04\/K3-BBPVPokal2015_03web.jpg\" rel=\"lightbox[4674]\"><img loading=\"lazy\" decoding=\"async\" aria-describedby=\"caption-attachment-4659\" class=\"size-full wp-image-4659\" title=\"K3-BBPVPokal2015_03web\" src=\"https:\/\/www.kdrei-2009.de\/WPKdrei\/wp-content\/uploads\/2015\/04\/K3-BBPVPokal2015_03web.jpg\" alt=\"Markus beim vertiefetn Messen.\" width=\"567\" height=\"425\" srcset=\"https:\/\/www.kdrei-2009.de\/WPKdrei\/wp-content\/uploads\/2015\/04\/K3-BBPVPokal2015_03web.jpg 567w, https:\/\/www.kdrei-2009.de\/WPKdrei\/wp-content\/uploads\/2015\/04\/K3-BBPVPokal2015_03web-300x224.jpg 300w\" sizes=\"(max-width: 567px) 100vw, 567px\" \/><\/a><p id=\"caption-attachment-4659\" class=\"wp-caption-text\">Markus beim vertieften Messen.<\/p><\/div>\n<div id=\"attachment_4660\" style=\"width: 577px\" class=\"wp-caption alignleft\"><a href=\"https:\/\/www.kdrei-2009.de\/WPKdrei\/wp-content\/uploads\/2015\/04\/K3-BBPVPokal2015_04web.jpg\" rel=\"lightbox[4674]\"><img loading=\"lazy\" decoding=\"async\" aria-describedby=\"caption-attachment-4660\" class=\"size-full wp-image-4660\" title=\"K3-BBPVPokal2015_04web\" src=\"https:\/\/www.kdrei-2009.de\/WPKdrei\/wp-content\/uploads\/2015\/04\/K3-BBPVPokal2015_04web.jpg\" alt=\"\" width=\"567\" height=\"425\" srcset=\"https:\/\/www.kdrei-2009.de\/WPKdrei\/wp-content\/uploads\/2015\/04\/K3-BBPVPokal2015_04web.jpg 567w, https:\/\/www.kdrei-2009.de\/WPKdrei\/wp-content\/uploads\/2015\/04\/K3-BBPVPokal2015_04web-300x224.jpg 300w\" sizes=\"(max-width: 567px) 100vw, 567px\" \/><\/a><p id=\"caption-attachment-4660\" class=\"wp-caption-text\">Drei ganz vertiefte Ruiter.<\/p><\/div>\n<div id=\"attachment_4661\" style=\"width: 577px\" class=\"wp-caption alignleft\"><a href=\"https:\/\/www.kdrei-2009.de\/WPKdrei\/wp-content\/uploads\/2015\/04\/K3-BBPVPokal2015_06web.jpg\" rel=\"lightbox[4674]\"><img loading=\"lazy\" decoding=\"async\" aria-describedby=\"caption-attachment-4661\" class=\"size-full wp-image-4661\" title=\"K3-BBPVPokal2015_06web\" src=\"https:\/\/www.kdrei-2009.de\/WPKdrei\/wp-content\/uploads\/2015\/04\/K3-BBPVPokal2015_06web.jpg\" alt=\"\" width=\"567\" height=\"425\" srcset=\"https:\/\/www.kdrei-2009.de\/WPKdrei\/wp-content\/uploads\/2015\/04\/K3-BBPVPokal2015_06web.jpg 567w, https:\/\/www.kdrei-2009.de\/WPKdrei\/wp-content\/uploads\/2015\/04\/K3-BBPVPokal2015_06web-300x224.jpg 300w\" sizes=\"(max-width: 567px) 100vw, 567px\" \/><\/a><p id=\"caption-attachment-4661\" class=\"wp-caption-text\">6x sehr vertieft.<\/p><\/div>\n<p><a href=\"https:\/\/www.kdrei-2009.de\/WPKdrei\/wp-content\/uploads\/2015\/04\/K3-BBPVPokal2015_08bweb.jpg\" rel=\"lightbox[4674]\"><img loading=\"lazy\" decoding=\"async\" class=\"alignleft size-full wp-image-4662\" title=\"K3-BBPVPokal2015_08bweb\" src=\"https:\/\/www.kdrei-2009.de\/WPKdrei\/wp-content\/uploads\/2015\/04\/K3-BBPVPokal2015_08bweb.jpg\" alt=\"\" width=\"567\" height=\"425\" srcset=\"https:\/\/www.kdrei-2009.de\/WPKdrei\/wp-content\/uploads\/2015\/04\/K3-BBPVPokal2015_08bweb.jpg 567w, https:\/\/www.kdrei-2009.de\/WPKdrei\/wp-content\/uploads\/2015\/04\/K3-BBPVPokal2015_08bweb-300x224.jpg 300w\" sizes=\"(max-width: 567px) 100vw, 567px\" \/><\/a><\/p>\n","protected":false},"excerpt":{"rendered":"<p>Bei unseren Boulefreunden in Ruit macht es eigentlich immer Spass. Da gibt es leckeres Essen und sch\u00f6ne Spiele. Letztes Jahr haben wir gewonnen, dieses Jahr haben wir uns mehr auf [&hellip;]<\/p>\n","protected":false},"author":1,"featured_media":0,"parent":5180,"menu_order":0,"comment_status":"open","ping_status":"open","template":"","meta":{"footnotes":""},"_links":{"self":[{"href":"https:\/\/www.kdrei-2009.de\/WPKdrei\/wp-json\/wp\/v2\/pages\/4674"}],"collection":[{"href":"https:\/\/www.kdrei-2009.de\/WPKdrei\/wp-json\/wp\/v2\/pages"}],"about":[{"href":"https:\/\/www.kdrei-2009.de\/WPKdrei\/wp-json\/wp\/v2\/types\/page"}],"author":[{"embeddable":true,"href":"https:\/\/www.kdrei-2009.de\/WPKdrei\/wp-json\/wp\/v2\/users\/1"}],"replies":[{"embeddable":true,"href":"https:\/\/www.kdrei-2009.de\/WPKdrei\/wp-json\/wp\/v2\/comments?post=4674"}],"version-history":[{"count":2,"href":"https:\/\/www.kdrei-2009.de\/WPKdrei\/wp-json\/wp\/v2\/pages\/4674\/revisions"}],"predecessor-version":[{"id":5231,"href":"https:\/\/www.kdrei-2009.de\/WPKdrei\/wp-json\/wp\/v2\/pages\/4674\/revisions\/5231"}],"up":[{"embeddable":true,"href":"https:\/\/www.kdrei-2009.de\/WPKdrei\/wp-json\/wp\/v2\/pages\/5180"}],"wp:attachment":[{"href":"https:\/\/www.kdrei-2009.de\/WPKdrei\/wp-json\/wp\/v2\/media?parent=4674"}],"curies":[{"name":"wp","href":"https:\/\/api.w.org\/{rel}","templated":true}]}}