{"id":4728,"date":"2015-09-28T11:04:03","date_gmt":"2015-09-28T11:04:03","guid":{"rendered":"https:\/\/www.kdrei-2009.de\/WPKdrei\/?page_id=4728"},"modified":"2016-03-14T12:38:33","modified_gmt":"2016-03-14T12:38:33","slug":"coupe-d%e2%80%99oignon-2015","status":"publish","type":"page","link":"https:\/\/www.kdrei-2009.de\/WPKdrei\/kugelsport-2\/kugelsport-2015\/turniere-2015\/coupe-d%e2%80%99oignon-2015\/","title":{"rendered":"Coupe d\u2019oignon 2015"},"content":{"rendered":"<h3><span style=\"color: #808080;\">Zum 20. Vereinsjubil\u00e4um und zum 15. Zwiebelturnier war Kdrei gerne in  Esslingen. Das Zwiebelturnier geh\u00f6rt seit Jahren zum Pflichtprogramm und  macht immer Spass. Die sch\u00f6ne Lage in Esslingen auf der Burg, leckeres  Essen w.z.B. Paella in diesem Jahr und eine kompetente Turnierleitung  machen es zu einem begehrten Turnier in der Region. So war es nicht  verwunderlich, dass mit 57 Mannschaften ein neuer Teilnehmerrekord  aufgestellt wurde. Mangels ausreichenden Pl\u00e4tzen, wurden Poule und die  ersten Finalspiele mit Zeitbegrenzung gespielt. F\u00fcr Kdrei, mit Aniello  Matrone und Walter Schreiber, begann das Turnier sehr gut. Sie gewannen  das erste Spiel gegen den sp\u00e4teren Halbfinalist, die Steinenbronner Uwe  Klemm und Stefan Holtmann, nach spannnendem Spiel mit 13:12. Das zweite  Spiel konnte souver\u00e4n mit 13:0 gegen Plochinger Boulefreunde gewonnen  werden. Der Weg ins A-Turnier war geebnet, musste dann aber gegen stark  aufspielende Neuffener Bouler schlagartig verlassen werden. R\u00e4pple und  Rico waren an diesem Tag einfach besser und zogen verdient weiter im  A-Turnier. Sieger A-Turnier: Bruno Cecillon und Sabbir Akbaraly  (T\u00fcbingen) vor Ralf Bauer und Patrick Wetzel (Stuttgart). Sieger  B-Turnier: Gerd Ritz und Dieter H\u00f6rger (Steinenbronn) vor Yan Jung und  Werner Voitl (Esslingen). Allen Siegern herzlichen Gl\u00fcckwunsch.<\/span><\/h3>\n<div id=\"attachment_4726\" style=\"width: 690px\" class=\"wp-caption alignleft\"><a href=\"https:\/\/www.kdrei-2009.de\/WPKdrei\/wp-content\/uploads\/2015\/09\/K3-Esslingen2015_01web.jpg\" rel=\"lightbox[4728]\"><img loading=\"lazy\" decoding=\"async\" aria-describedby=\"caption-attachment-4726\" class=\"size-full wp-image-4726\" title=\"K3-Esslingen2015_01web\" src=\"https:\/\/www.kdrei-2009.de\/WPKdrei\/wp-content\/uploads\/2015\/09\/K3-Esslingen2015_01web.jpg\" alt=\"\" width=\"680\" height=\"214\" srcset=\"https:\/\/www.kdrei-2009.de\/WPKdrei\/wp-content\/uploads\/2015\/09\/K3-Esslingen2015_01web.jpg 680w, https:\/\/www.kdrei-2009.de\/WPKdrei\/wp-content\/uploads\/2015\/09\/K3-Esslingen2015_01web-300x94.jpg 300w\" sizes=\"(max-width: 680px) 100vw, 680px\" \/><\/a><p id=\"caption-attachment-4726\" class=\"wp-caption-text\">Ganz sch\u00f6n viele Bouler.<\/p><\/div>\n<div id=\"attachment_4727\" style=\"width: 690px\" class=\"wp-caption alignleft\"><a href=\"https:\/\/www.kdrei-2009.de\/WPKdrei\/wp-content\/uploads\/2015\/09\/K3-Esslingen2015_03web.jpg\" rel=\"lightbox[4728]\"><img loading=\"lazy\" decoding=\"async\" aria-describedby=\"caption-attachment-4727\" class=\"size-full wp-image-4727\" title=\"K3-Esslingen2015_03web\" src=\"https:\/\/www.kdrei-2009.de\/WPKdrei\/wp-content\/uploads\/2015\/09\/K3-Esslingen2015_03web.jpg\" alt=\"\" width=\"680\" height=\"583\" srcset=\"https:\/\/www.kdrei-2009.de\/WPKdrei\/wp-content\/uploads\/2015\/09\/K3-Esslingen2015_03web.jpg 680w, https:\/\/www.kdrei-2009.de\/WPKdrei\/wp-content\/uploads\/2015\/09\/K3-Esslingen2015_03web-300x257.jpg 300w\" sizes=\"(max-width: 680px) 100vw, 680px\" \/><\/a><p id=\"caption-attachment-4727\" class=\"wp-caption-text\">Sport und Politik. <\/p><\/div>\n","protected":false},"excerpt":{"rendered":"<p>Zum 20. Vereinsjubil\u00e4um und zum 15. Zwiebelturnier war Kdrei gerne in Esslingen. Das Zwiebelturnier geh\u00f6rt seit Jahren zum Pflichtprogramm und macht immer Spass. Die sch\u00f6ne Lage in Esslingen auf der [&hellip;]<\/p>\n","protected":false},"author":1,"featured_media":0,"parent":5180,"menu_order":0,"comment_status":"open","ping_status":"open","template":"","meta":{"footnotes":""},"_links":{"self":[{"href":"https:\/\/www.kdrei-2009.de\/WPKdrei\/wp-json\/wp\/v2\/pages\/4728"}],"collection":[{"href":"https:\/\/www.kdrei-2009.de\/WPKdrei\/wp-json\/wp\/v2\/pages"}],"about":[{"href":"https:\/\/www.kdrei-2009.de\/WPKdrei\/wp-json\/wp\/v2\/types\/page"}],"author":[{"embeddable":true,"href":"https:\/\/www.kdrei-2009.de\/WPKdrei\/wp-json\/wp\/v2\/users\/1"}],"replies":[{"embeddable":true,"href":"https:\/\/www.kdrei-2009.de\/WPKdrei\/wp-json\/wp\/v2\/comments?post=4728"}],"version-history":[{"count":4,"href":"https:\/\/www.kdrei-2009.de\/WPKdrei\/wp-json\/wp\/v2\/pages\/4728\/revisions"}],"predecessor-version":[{"id":4742,"href":"https:\/\/www.kdrei-2009.de\/WPKdrei\/wp-json\/wp\/v2\/pages\/4728\/revisions\/4742"}],"up":[{"embeddable":true,"href":"https:\/\/www.kdrei-2009.de\/WPKdrei\/wp-json\/wp\/v2\/pages\/5180"}],"wp:attachment":[{"href":"https:\/\/www.kdrei-2009.de\/WPKdrei\/wp-json\/wp\/v2\/media?parent=4728"}],"curies":[{"name":"wp","href":"https:\/\/api.w.org\/{rel}","templated":true}]}}