{"id":4762,"date":"2015-10-05T11:19:36","date_gmt":"2015-10-05T11:19:36","guid":{"rendered":"https:\/\/www.kdrei-2009.de\/WPKdrei\/?page_id=4762"},"modified":"2016-03-14T12:27:17","modified_gmt":"2016-03-14T12:27:17","slug":"1-meraner-seminocturne","status":"publish","type":"page","link":"https:\/\/www.kdrei-2009.de\/WPKdrei\/kugelsport-2\/kugelsport-2015\/turniere-2015\/1-meraner-seminocturne\/","title":{"rendered":"1. Meraner Seminocturne"},"content":{"rendered":"<h3><span style=\"color: #808080;\">Wir waren dabei. Das konnten wir uns nat\u00fcrlich nicht entgehen lassen. &#8222;Palle d&#8217;acciaio&#8220;, der erste Meraner Bouleclub veranstaltet das erste Seminocturne Bouleturnier in Meran. Das gab es noch nie im Marconi-Park zu Meran. Endlich klacken auch in Meran die &#8222;Palle&#8220; . Wir freuen uns f\u00fcr Holger, dass er nicht immer 5 Stunden im Auto sitzen muss, um eine gepflegte Partie Boule zu spielen. Endlich zu Fuss, in 5 Minuten, mit guten Kumpels und Freunden in einem sch\u00f6nen Park, entspannt dem Boulevergn\u00fcgen fr\u00f6nen. Was will man mehr? Nat\u00fcrlich wollte Palle d&#8217;acciaio auch ein Turnier. Das erste Bouleturnier in der langen Historie Merans. Wir wollten sie nicht alleine ein so geschichtstr\u00e4chtiges Turnier spielen lassen. Hanne, Anniello, Uli und Walter machten eine kleine Wochenendausfahrt nach S\u00fcdtirol. Gespielt wurde 4 Runden Superm\u00eal\u00e9e mit Halbfinale und Finale. Das Terrain war schwierig, das Ambiente super, der Abend wundersch\u00f6n und die Pizzen echt lecker. Alle hatten Spass und wie immer wurde \u00fcber manche Kugel gejammert oder gejubelt. Am Ende gewinnt dann eine Mannschaft. Dieses Mal waren es Nik und Walter vor Eduard und Holger. Um Platz 3 belegten Christina und Meinhard die gegen Jogi und Aniello spielten. Kdrei bedankt sich bei allen Palle d&#8217;acciaio Spielern f\u00fcr den sch\u00f6nen Tag und wir freuen uns schon auf den Gegenbesuch in Frickenhausen. <\/span><\/h3>\n<div id=\"attachment_4763\" style=\"width: 407px\" class=\"wp-caption alignleft\"><a href=\"https:\/\/www.kdrei-2009.de\/WPKdrei\/wp-content\/uploads\/2015\/10\/K3-Meran-2015_02web1.jpg\" rel=\"lightbox[4762]\"><img loading=\"lazy\" decoding=\"async\" aria-describedby=\"caption-attachment-4763\" class=\"size-full wp-image-4763\" title=\"K3-Meran-2015_02web\" src=\"https:\/\/www.kdrei-2009.de\/WPKdrei\/wp-content\/uploads\/2015\/10\/K3-Meran-2015_02web1.jpg\" alt=\"\" width=\"397\" height=\"298\" srcset=\"https:\/\/www.kdrei-2009.de\/WPKdrei\/wp-content\/uploads\/2015\/10\/K3-Meran-2015_02web1.jpg 567w, https:\/\/www.kdrei-2009.de\/WPKdrei\/wp-content\/uploads\/2015\/10\/K3-Meran-2015_02web1-300x224.jpg 300w\" sizes=\"(max-width: 397px) 100vw, 397px\" \/><\/a><p id=\"caption-attachment-4763\" class=\"wp-caption-text\">Nocturnespiele haben schon Stimmung...<\/p><\/div>\n<div id=\"attachment_4759\" style=\"width: 350px\" class=\"wp-caption alignleft\"><a href=\"https:\/\/www.kdrei-2009.de\/WPKdrei\/wp-content\/uploads\/2015\/10\/K3-Meran-2015_19a-web.jpg\" rel=\"lightbox[4762]\"><img loading=\"lazy\" decoding=\"async\" aria-describedby=\"caption-attachment-4759\" class=\"size-full wp-image-4759\" title=\"K3-Meran-2015_19a-web\" src=\"https:\/\/www.kdrei-2009.de\/WPKdrei\/wp-content\/uploads\/2015\/10\/K3-Meran-2015_19a-web.jpg\" alt=\"\" width=\"340\" height=\"255\" srcset=\"https:\/\/www.kdrei-2009.de\/WPKdrei\/wp-content\/uploads\/2015\/10\/K3-Meran-2015_19a-web.jpg 567w, https:\/\/www.kdrei-2009.de\/WPKdrei\/wp-content\/uploads\/2015\/10\/K3-Meran-2015_19a-web-300x224.jpg 300w\" sizes=\"(max-width: 340px) 100vw, 340px\" \/><\/a><p id=\"caption-attachment-4759\" class=\"wp-caption-text\">Alle Zuschauer sa\u00dfen in der ersten Reihe.<\/p><\/div>\n<div id=\"attachment_4758\" style=\"width: 350px\" class=\"wp-caption alignleft\"><a href=\"https:\/\/www.kdrei-2009.de\/WPKdrei\/wp-content\/uploads\/2015\/10\/K3-Meran-2015_17web.jpg\" rel=\"lightbox[4762]\"><img loading=\"lazy\" decoding=\"async\" aria-describedby=\"caption-attachment-4758\" class=\"size-full wp-image-4758\" title=\"K3-Meran-2015_17web\" src=\"https:\/\/www.kdrei-2009.de\/WPKdrei\/wp-content\/uploads\/2015\/10\/K3-Meran-2015_17web.jpg\" alt=\"\" width=\"340\" height=\"255\" srcset=\"https:\/\/www.kdrei-2009.de\/WPKdrei\/wp-content\/uploads\/2015\/10\/K3-Meran-2015_17web.jpg 567w, https:\/\/www.kdrei-2009.de\/WPKdrei\/wp-content\/uploads\/2015\/10\/K3-Meran-2015_17web-300x224.jpg 300w\" sizes=\"(max-width: 340px) 100vw, 340px\" \/><\/a><p id=\"caption-attachment-4758\" class=\"wp-caption-text\">Ob Tag oder Nacht, das ist auf jeden Fall Aniello.<\/p><\/div>\n<div id=\"attachment_4757\" style=\"width: 350px\" class=\"wp-caption alignleft\"><a href=\"https:\/\/www.kdrei-2009.de\/WPKdrei\/wp-content\/uploads\/2015\/10\/K3-Meran-2015_14web.jpg\" rel=\"lightbox[4762]\"><img loading=\"lazy\" decoding=\"async\" aria-describedby=\"caption-attachment-4757\" class=\"size-full wp-image-4757\" title=\"K3-Meran-2015_14web\" src=\"https:\/\/www.kdrei-2009.de\/WPKdrei\/wp-content\/uploads\/2015\/10\/K3-Meran-2015_14web.jpg\" alt=\"\" width=\"340\" height=\"255\" srcset=\"https:\/\/www.kdrei-2009.de\/WPKdrei\/wp-content\/uploads\/2015\/10\/K3-Meran-2015_14web.jpg 567w, https:\/\/www.kdrei-2009.de\/WPKdrei\/wp-content\/uploads\/2015\/10\/K3-Meran-2015_14web-300x224.jpg 300w\" sizes=\"(max-width: 340px) 100vw, 340px\" \/><\/a><p id=\"caption-attachment-4757\" class=\"wp-caption-text\">Das ist schon wieder Aniello.<\/p><\/div>\n<div id=\"attachment_4756\" style=\"width: 350px\" class=\"wp-caption alignleft\"><a href=\"https:\/\/www.kdrei-2009.de\/WPKdrei\/wp-content\/uploads\/2015\/10\/K3-Meran-2015_12web.jpg\" rel=\"lightbox[4762]\"><img loading=\"lazy\" decoding=\"async\" aria-describedby=\"caption-attachment-4756\" class=\"size-full wp-image-4756\" title=\"K3-Meran-2015_12web\" src=\"https:\/\/www.kdrei-2009.de\/WPKdrei\/wp-content\/uploads\/2015\/10\/K3-Meran-2015_12web.jpg\" alt=\"\" width=\"340\" height=\"255\" srcset=\"https:\/\/www.kdrei-2009.de\/WPKdrei\/wp-content\/uploads\/2015\/10\/K3-Meran-2015_12web.jpg 567w, https:\/\/www.kdrei-2009.de\/WPKdrei\/wp-content\/uploads\/2015\/10\/K3-Meran-2015_12web-300x224.jpg 300w\" sizes=\"(max-width: 340px) 100vw, 340px\" \/><\/a><p id=\"caption-attachment-4756\" class=\"wp-caption-text\">Hier sa\u00df niemand in der ersten Reihe.<\/p><\/div>\n<p>+<\/p>\n<div id=\"attachment_4755\" style=\"width: 350px\" class=\"wp-caption alignleft\"><a href=\"https:\/\/www.kdrei-2009.de\/WPKdrei\/wp-content\/uploads\/2015\/10\/K3-Meran-2015_10web.jpg\" rel=\"lightbox[4762]\"><img loading=\"lazy\" decoding=\"async\" aria-describedby=\"caption-attachment-4755\" class=\"size-full wp-image-4755\" title=\"K3-Meran-2015_10web\" src=\"https:\/\/www.kdrei-2009.de\/WPKdrei\/wp-content\/uploads\/2015\/10\/K3-Meran-2015_10web.jpg\" alt=\"\" width=\"340\" height=\"255\" srcset=\"https:\/\/www.kdrei-2009.de\/WPKdrei\/wp-content\/uploads\/2015\/10\/K3-Meran-2015_10web.jpg 567w, https:\/\/www.kdrei-2009.de\/WPKdrei\/wp-content\/uploads\/2015\/10\/K3-Meran-2015_10web-300x224.jpg 300w\" sizes=\"(max-width: 340px) 100vw, 340px\" \/><\/a><p id=\"caption-attachment-4755\" class=\"wp-caption-text\">Holger legt mal.<\/p><\/div>\n<div id=\"attachment_4754\" style=\"width: 350px\" class=\"wp-caption alignleft\"><a href=\"https:\/\/www.kdrei-2009.de\/WPKdrei\/wp-content\/uploads\/2015\/10\/K3-Meran-2015_09web.jpg\" rel=\"lightbox[4762]\"><img loading=\"lazy\" decoding=\"async\" aria-describedby=\"caption-attachment-4754\" class=\"size-full wp-image-4754\" title=\"K3-Meran-2015_09web\" src=\"https:\/\/www.kdrei-2009.de\/WPKdrei\/wp-content\/uploads\/2015\/10\/K3-Meran-2015_09web.jpg\" alt=\"\" width=\"340\" height=\"255\" srcset=\"https:\/\/www.kdrei-2009.de\/WPKdrei\/wp-content\/uploads\/2015\/10\/K3-Meran-2015_09web.jpg 567w, https:\/\/www.kdrei-2009.de\/WPKdrei\/wp-content\/uploads\/2015\/10\/K3-Meran-2015_09web-300x224.jpg 300w\" sizes=\"(max-width: 340px) 100vw, 340px\" \/><\/a><p id=\"caption-attachment-4754\" class=\"wp-caption-text\">Holger legt schon wieder.<\/p><\/div>\n<div id=\"attachment_4753\" style=\"width: 350px\" class=\"wp-caption alignleft\"><a href=\"https:\/\/www.kdrei-2009.de\/WPKdrei\/wp-content\/uploads\/2015\/10\/K3-Meran-2015_08web.jpg\" rel=\"lightbox[4762]\"><img loading=\"lazy\" decoding=\"async\" aria-describedby=\"caption-attachment-4753\" class=\"size-full wp-image-4753\" title=\"K3-Meran-2015_08web\" src=\"https:\/\/www.kdrei-2009.de\/WPKdrei\/wp-content\/uploads\/2015\/10\/K3-Meran-2015_08web.jpg\" alt=\"\" width=\"340\" height=\"255\" srcset=\"https:\/\/www.kdrei-2009.de\/WPKdrei\/wp-content\/uploads\/2015\/10\/K3-Meran-2015_08web.jpg 567w, https:\/\/www.kdrei-2009.de\/WPKdrei\/wp-content\/uploads\/2015\/10\/K3-Meran-2015_08web-300x224.jpg 300w\" sizes=\"(max-width: 340px) 100vw, 340px\" \/><\/a><p id=\"caption-attachment-4753\" class=\"wp-caption-text\">War das schon ein Halbfinale? Aniello, Holger, Nik und Meinhard.<\/p><\/div>\n<div id=\"attachment_4752\" style=\"width: 350px\" class=\"wp-caption alignleft\"><a href=\"https:\/\/www.kdrei-2009.de\/WPKdrei\/wp-content\/uploads\/2015\/10\/K3-Meran-2015_06web.jpg\" rel=\"lightbox[4762]\"><img loading=\"lazy\" decoding=\"async\" aria-describedby=\"caption-attachment-4752\" class=\"size-full wp-image-4752\" title=\"K3-Meran-2015_06web\" src=\"https:\/\/www.kdrei-2009.de\/WPKdrei\/wp-content\/uploads\/2015\/10\/K3-Meran-2015_06web.jpg\" alt=\"\" width=\"340\" height=\"255\" srcset=\"https:\/\/www.kdrei-2009.de\/WPKdrei\/wp-content\/uploads\/2015\/10\/K3-Meran-2015_06web.jpg 567w, https:\/\/www.kdrei-2009.de\/WPKdrei\/wp-content\/uploads\/2015\/10\/K3-Meran-2015_06web-300x224.jpg 300w\" sizes=\"(max-width: 340px) 100vw, 340px\" \/><\/a><p id=\"caption-attachment-4752\" class=\"wp-caption-text\">Meinhard legt eine gr\u00e4fliche Kugel.<\/p><\/div>\n<div id=\"attachment_4751\" style=\"width: 350px\" class=\"wp-caption alignleft\"><a href=\"https:\/\/www.kdrei-2009.de\/WPKdrei\/wp-content\/uploads\/2015\/10\/K3-Meran-2015_05web.jpg\" rel=\"lightbox[4762]\"><img loading=\"lazy\" decoding=\"async\" aria-describedby=\"caption-attachment-4751\" class=\"size-full wp-image-4751\" title=\"K3-Meran-2015_05web\" src=\"https:\/\/www.kdrei-2009.de\/WPKdrei\/wp-content\/uploads\/2015\/10\/K3-Meran-2015_05web.jpg\" alt=\"\" width=\"340\" height=\"255\" srcset=\"https:\/\/www.kdrei-2009.de\/WPKdrei\/wp-content\/uploads\/2015\/10\/K3-Meran-2015_05web.jpg 567w, https:\/\/www.kdrei-2009.de\/WPKdrei\/wp-content\/uploads\/2015\/10\/K3-Meran-2015_05web-300x224.jpg 300w\" sizes=\"(max-width: 340px) 100vw, 340px\" \/><\/a><p id=\"caption-attachment-4751\" class=\"wp-caption-text\">Seit der Erfindung des Ma\u00dfbandes dauern Boulespiele ca. 15 Minuten l\u00e4nger.<\/p><\/div>\n<div id=\"attachment_4748\" style=\"width: 350px\" class=\"wp-caption alignleft\"><a href=\"https:\/\/www.kdrei-2009.de\/WPKdrei\/wp-content\/uploads\/2015\/10\/K3-Meran-2015_02web.jpg\" rel=\"lightbox[4762]\"><img loading=\"lazy\" decoding=\"async\" aria-describedby=\"caption-attachment-4748\" class=\"size-full wp-image-4748\" title=\"K3-Meran-2015_02web\" src=\"https:\/\/www.kdrei-2009.de\/WPKdrei\/wp-content\/uploads\/2015\/10\/K3-Meran-2015_02web.jpg\" alt=\"\" width=\"340\" height=\"255\" srcset=\"https:\/\/www.kdrei-2009.de\/WPKdrei\/wp-content\/uploads\/2015\/10\/K3-Meran-2015_02web.jpg 567w, https:\/\/www.kdrei-2009.de\/WPKdrei\/wp-content\/uploads\/2015\/10\/K3-Meran-2015_02web-300x224.jpg 300w\" sizes=\"(max-width: 340px) 100vw, 340px\" \/><\/a><p id=\"caption-attachment-4748\" class=\"wp-caption-text\">Einer spielt, drei warten.<\/p><\/div>\n<div id=\"attachment_4749\" style=\"width: 350px\" class=\"wp-caption alignleft\"><a href=\"https:\/\/www.kdrei-2009.de\/WPKdrei\/wp-content\/uploads\/2015\/10\/K3-Meran-2015_03aweb.jpg\" rel=\"lightbox[4762]\"><img loading=\"lazy\" decoding=\"async\" aria-describedby=\"caption-attachment-4749\" class=\"size-full wp-image-4749\" title=\"K3-Meran-2015_03aweb\" src=\"https:\/\/www.kdrei-2009.de\/WPKdrei\/wp-content\/uploads\/2015\/10\/K3-Meran-2015_03aweb.jpg\" alt=\"\" width=\"340\" height=\"255\" srcset=\"https:\/\/www.kdrei-2009.de\/WPKdrei\/wp-content\/uploads\/2015\/10\/K3-Meran-2015_03aweb.jpg 567w, https:\/\/www.kdrei-2009.de\/WPKdrei\/wp-content\/uploads\/2015\/10\/K3-Meran-2015_03aweb-300x224.jpg 300w\" sizes=\"(max-width: 340px) 100vw, 340px\" \/><\/a><p id=\"caption-attachment-4749\" class=\"wp-caption-text\">Wie gesagt, einer spielt.....<\/p><\/div>\n<div id=\"attachment_4760\" style=\"width: 350px\" class=\"wp-caption alignleft\"><a href=\"https:\/\/www.kdrei-2009.de\/WPKdrei\/wp-content\/uploads\/2015\/10\/K3-Meran-2015_pokal-web.jpg\" rel=\"lightbox[4762]\"><img loading=\"lazy\" decoding=\"async\" aria-describedby=\"caption-attachment-4760\" class=\"size-full wp-image-4760\" title=\"K3-Meran-2015_pokal web\" src=\"https:\/\/www.kdrei-2009.de\/WPKdrei\/wp-content\/uploads\/2015\/10\/K3-Meran-2015_pokal-web.jpg\" alt=\"\" width=\"340\" height=\"454\" srcset=\"https:\/\/www.kdrei-2009.de\/WPKdrei\/wp-content\/uploads\/2015\/10\/K3-Meran-2015_pokal-web.jpg 567w, https:\/\/www.kdrei-2009.de\/WPKdrei\/wp-content\/uploads\/2015\/10\/K3-Meran-2015_pokal-web-225x300.jpg 225w\" sizes=\"(max-width: 340px) 100vw, 340px\" \/><\/a><p id=\"caption-attachment-4760\" class=\"wp-caption-text\">Die Siegersau sieht etwas mager aus.<\/p><\/div>\n<p><a href=\"https:\/\/www.kdrei-2009.de\/WPKdrei\/wp-content\/uploads\/2015\/10\/K3-Meran-2015_04web.jpg\" rel=\"lightbox[4762]\"><\/a><\/p>\n","protected":false},"excerpt":{"rendered":"<p>Wir waren dabei. Das konnten wir uns nat\u00fcrlich nicht entgehen lassen. &#8222;Palle d&#8217;acciaio&#8220;, der erste Meraner Bouleclub veranstaltet das erste Seminocturne Bouleturnier in Meran. Das gab es noch nie im [&hellip;]<\/p>\n","protected":false},"author":1,"featured_media":0,"parent":5180,"menu_order":0,"comment_status":"open","ping_status":"open","template":"","meta":{"footnotes":""},"_links":{"self":[{"href":"https:\/\/www.kdrei-2009.de\/WPKdrei\/wp-json\/wp\/v2\/pages\/4762"}],"collection":[{"href":"https:\/\/www.kdrei-2009.de\/WPKdrei\/wp-json\/wp\/v2\/pages"}],"about":[{"href":"https:\/\/www.kdrei-2009.de\/WPKdrei\/wp-json\/wp\/v2\/types\/page"}],"author":[{"embeddable":true,"href":"https:\/\/www.kdrei-2009.de\/WPKdrei\/wp-json\/wp\/v2\/users\/1"}],"replies":[{"embeddable":true,"href":"https:\/\/www.kdrei-2009.de\/WPKdrei\/wp-json\/wp\/v2\/comments?post=4762"}],"version-history":[{"count":9,"href":"https:\/\/www.kdrei-2009.de\/WPKdrei\/wp-json\/wp\/v2\/pages\/4762\/revisions"}],"predecessor-version":[{"id":5183,"href":"https:\/\/www.kdrei-2009.de\/WPKdrei\/wp-json\/wp\/v2\/pages\/4762\/revisions\/5183"}],"up":[{"embeddable":true,"href":"https:\/\/www.kdrei-2009.de\/WPKdrei\/wp-json\/wp\/v2\/pages\/5180"}],"wp:attachment":[{"href":"https:\/\/www.kdrei-2009.de\/WPKdrei\/wp-json\/wp\/v2\/media?parent=4762"}],"curies":[{"name":"wp","href":"https:\/\/api.w.org\/{rel}","templated":true}]}}