{"id":4836,"date":"2015-10-28T11:26:29","date_gmt":"2015-10-28T11:26:29","guid":{"rendered":"https:\/\/www.kdrei-2009.de\/WPKdrei\/?page_id=4836"},"modified":"2016-03-16T12:27:17","modified_gmt":"2016-03-16T12:27:17","slug":"pianotopia-premiere-in-wendlingen","status":"publish","type":"page","link":"https:\/\/www.kdrei-2009.de\/WPKdrei\/kunst\/akustisches\/akustisches-2015\/pianotopia-premiere-in-wendlingen\/","title":{"rendered":"PIANOTOPIA Premiere in Wendlingen"},"content":{"rendered":"<h3><span style=\"color: #808080;\">Liebe Musikfreunde!<\/span><\/h3>\n<h3><span style=\"color: #808080;\">Hiermit m\u00f6chte ich auf unsere Premiere mit dem Projekt &#8222;Pianotopia&#8220; hinweisen. Wir spielen am 14.11.2015, 20:00 in Wendlingen im Treffpunkt Stadtmitte, Am Marktplatz 2, 73240 Wendlingen am Neckar. <\/span><\/h3>\n<h3><span style=\"color: #808080;\">Bei diesem Konzert wird uns Sven Bauer mit seinen Visuals begleiten.<\/span><\/h3>\n<h3><span style=\"color: #808080;\">Seit heute ist unser 1. Musikvideo online &#8211; dieses und alle Informationen \u00fcber die Musik finden sich auf:<\/span><\/h3>\n<h2><a href=\"http:\/\/www.pianotopia.de\/\"><span style=\"color: #808080;\">Schauts euch selber an&#8230;&#8230;&#8230;.http:\/\/www.pianotopia.de<\/span><\/a><\/h2>\n<p><span style=\"color: #808080;\"><br \/>\n<\/span><\/p>\n<p><span style=\"color: #808080;\"><br \/>\n<\/span><\/p>\n<div>\n<h3><span style=\"color: #808080;\">&#8230;&#8220;Pianotopia erschafft eine neue und einzigartige Perspektive auf den klassischen Impressionismus\u00a0|<\/span><\/p>\n<p><span style=\"color: #808080;\">Das Substantielle der Kompositionen\u00a0von Debussy, Brahms, Ravel oder Mozart dient als Ausgangspunkt f\u00fcr musikalisches Experimentieren |<\/span><\/p>\n<p><span style=\"color: #808080;\">Die  visuelle Ebene kontrastiert und umspielt die f\u00fchlbar intime N\u00e4he der  Duo-Improvisationen von Kontrabass und Klavier, wodurch eine dichte,  fast gl\u00fchende Atmosph\u00e4re entsteht |<\/span><\/p>\n<p><span style=\"color: #808080;\">Erleben  Sie diese einzigartige Melange aus klassischem Impressionismus,  virtuosen Improvisationen, verzaubernden Farbenspielen und spannenden  elektronischen Eingriffen |<\/span><\/p>\n<p><span style=\"color: #808080;\">Die  Suche nach dem Umspannenden, nach der Verbindung zwischen den  Zeitaltern der gro\u00dfen klassischen Komponisten und dem Raum auf ihre  Musik aus heutiger Perspektive |<\/span><\/p>\n<p><span style=\"color: #808080;\">dargestellt  durch Kl\u00e4nge aus dem Innenleben einer Kirchenorgel und  elektromagnetischen Wellen unserer Galaxie\u00a0\u00a0&#8211; aufgenommen von der NASA  in den 70er Jahren &#8211;\u00a0\u00a0|<\/span><\/p>\n<p><span style=\"color: #808080;\"> <\/span><\/p>\n<p><span style=\"color: #808080;\">Eine emotionale Reise in die neue Welt des alten Klangs&#8220;&#8230;<\/span><\/h3>\n<\/div>\n<p><span style=\"color: #808080;\"><a href=\"https:\/\/www.kdrei-2009.de\/WPKdrei\/wp-content\/uploads\/2015\/10\/pianotopia-web.jpg\" rel=\"lightbox[4836]\"><img loading=\"lazy\" decoding=\"async\" class=\"alignleft size-full wp-image-4835\" title=\"pianotopia-web\" src=\"https:\/\/www.kdrei-2009.de\/WPKdrei\/wp-content\/uploads\/2015\/10\/pianotopia-web.jpg\" alt=\"\" width=\"611\" height=\"611\" srcset=\"https:\/\/www.kdrei-2009.de\/WPKdrei\/wp-content\/uploads\/2015\/10\/pianotopia-web.jpg 1018w, https:\/\/www.kdrei-2009.de\/WPKdrei\/wp-content\/uploads\/2015\/10\/pianotopia-web-150x150.jpg 150w, https:\/\/www.kdrei-2009.de\/WPKdrei\/wp-content\/uploads\/2015\/10\/pianotopia-web-299x300.jpg 299w\" sizes=\"(max-width: 611px) 100vw, 611px\" \/><\/a><\/span><\/p>\n<p><span style=\"color: #808080;\"><a href=\"https:\/\/www.kdrei-2009.de\/WPKdrei\/wp-content\/uploads\/2015\/10\/pianotopia-01web.jpg\" rel=\"lightbox[4836]\"><img loading=\"lazy\" decoding=\"async\" class=\"alignleft size-full wp-image-4833\" title=\"pianotopia-01web\" src=\"https:\/\/www.kdrei-2009.de\/WPKdrei\/wp-content\/uploads\/2015\/10\/pianotopia-01web.jpg\" alt=\"\" width=\"567\" height=\"794\" srcset=\"https:\/\/www.kdrei-2009.de\/WPKdrei\/wp-content\/uploads\/2015\/10\/pianotopia-01web.jpg 567w, https:\/\/www.kdrei-2009.de\/WPKdrei\/wp-content\/uploads\/2015\/10\/pianotopia-01web-214x300.jpg 214w\" sizes=\"(max-width: 567px) 100vw, 567px\" \/><\/a><br \/>\n<\/span><\/p>\n","protected":false},"excerpt":{"rendered":"<p>Liebe Musikfreunde! Hiermit m\u00f6chte ich auf unsere Premiere mit dem Projekt &#8222;Pianotopia&#8220; hinweisen. Wir spielen am 14.11.2015, 20:00 in Wendlingen im Treffpunkt Stadtmitte, Am Marktplatz 2, 73240 Wendlingen am Neckar. [&hellip;]<\/p>\n","protected":false},"author":1,"featured_media":0,"parent":5470,"menu_order":0,"comment_status":"open","ping_status":"open","template":"","meta":{"footnotes":""},"_links":{"self":[{"href":"https:\/\/www.kdrei-2009.de\/WPKdrei\/wp-json\/wp\/v2\/pages\/4836"}],"collection":[{"href":"https:\/\/www.kdrei-2009.de\/WPKdrei\/wp-json\/wp\/v2\/pages"}],"about":[{"href":"https:\/\/www.kdrei-2009.de\/WPKdrei\/wp-json\/wp\/v2\/types\/page"}],"author":[{"embeddable":true,"href":"https:\/\/www.kdrei-2009.de\/WPKdrei\/wp-json\/wp\/v2\/users\/1"}],"replies":[{"embeddable":true,"href":"https:\/\/www.kdrei-2009.de\/WPKdrei\/wp-json\/wp\/v2\/comments?post=4836"}],"version-history":[{"count":6,"href":"https:\/\/www.kdrei-2009.de\/WPKdrei\/wp-json\/wp\/v2\/pages\/4836\/revisions"}],"predecessor-version":[{"id":5530,"href":"https:\/\/www.kdrei-2009.de\/WPKdrei\/wp-json\/wp\/v2\/pages\/4836\/revisions\/5530"}],"up":[{"embeddable":true,"href":"https:\/\/www.kdrei-2009.de\/WPKdrei\/wp-json\/wp\/v2\/pages\/5470"}],"wp:attachment":[{"href":"https:\/\/www.kdrei-2009.de\/WPKdrei\/wp-json\/wp\/v2\/media?parent=4836"}],"curies":[{"name":"wp","href":"https:\/\/api.w.org\/{rel}","templated":true}]}}