{"id":5164,"date":"2016-03-07T07:03:19","date_gmt":"2016-03-07T07:03:19","guid":{"rendered":"https:\/\/www.kdrei-2009.de\/WPKdrei\/?page_id=5164"},"modified":"2016-03-15T10:44:43","modified_gmt":"2016-03-15T10:44:43","slug":"brand-im-detail","status":"publish","type":"page","link":"https:\/\/www.kdrei-2009.de\/WPKdrei\/kultur\/kultur-2010\/brand-im-detail\/","title":{"rendered":"Brand im Detail"},"content":{"rendered":"<h3><span style=\"color: #808080;\">Am vergangenen Samstag haben wir unsere Apfel- und Birnenernte 2015 gebrannt. Wir hatten je ein Fass Birnen- und Apfelmaische. Das Ergebnis war zufriedenstellend und wir freuen uns jetzt schon auf das Abf\u00fcllen. Hier einige Bilder en gros und en detail&#8230;<\/span><\/h3>\n<div id=\"attachment_5157\" style=\"width: 577px\" class=\"wp-caption alignleft\"><a href=\"https:\/\/www.kdrei-2009.de\/WPKdrei\/wp-content\/uploads\/2016\/03\/K3-BRAND-2016-02_02web1.jpg\" rel=\"lightbox[5164]\"><img loading=\"lazy\" decoding=\"async\" aria-describedby=\"caption-attachment-5157\" class=\"size-full wp-image-5157\" title=\"K3-BRAND 2016-02_02web\" src=\"https:\/\/www.kdrei-2009.de\/WPKdrei\/wp-content\/uploads\/2016\/03\/K3-BRAND-2016-02_02web1.jpg\" alt=\"\" width=\"567\" height=\"567\" srcset=\"https:\/\/www.kdrei-2009.de\/WPKdrei\/wp-content\/uploads\/2016\/03\/K3-BRAND-2016-02_02web1.jpg 567w, https:\/\/www.kdrei-2009.de\/WPKdrei\/wp-content\/uploads\/2016\/03\/K3-BRAND-2016-02_02web1-150x150.jpg 150w, https:\/\/www.kdrei-2009.de\/WPKdrei\/wp-content\/uploads\/2016\/03\/K3-BRAND-2016-02_02web1-300x300.jpg 300w\" sizes=\"(max-width: 567px) 100vw, 567px\" \/><\/a><p id=\"caption-attachment-5157\" class=\"wp-caption-text\">Jetzt gehts dann los.<\/p><\/div>\n<div id=\"attachment_5156\" style=\"width: 577px\" class=\"wp-caption alignleft\"><a href=\"https:\/\/www.kdrei-2009.de\/WPKdrei\/wp-content\/uploads\/2016\/03\/K3-BRAND-2016-02_02a-web1.jpg\" rel=\"lightbox[5164]\"><img loading=\"lazy\" decoding=\"async\" aria-describedby=\"caption-attachment-5156\" class=\"size-full wp-image-5156\" title=\"K3-BRAND 2016-02_02a-web\" src=\"https:\/\/www.kdrei-2009.de\/WPKdrei\/wp-content\/uploads\/2016\/03\/K3-BRAND-2016-02_02a-web1.jpg\" alt=\"\" width=\"567\" height=\"567\" srcset=\"https:\/\/www.kdrei-2009.de\/WPKdrei\/wp-content\/uploads\/2016\/03\/K3-BRAND-2016-02_02a-web1.jpg 567w, https:\/\/www.kdrei-2009.de\/WPKdrei\/wp-content\/uploads\/2016\/03\/K3-BRAND-2016-02_02a-web1-150x150.jpg 150w, https:\/\/www.kdrei-2009.de\/WPKdrei\/wp-content\/uploads\/2016\/03\/K3-BRAND-2016-02_02a-web1-300x300.jpg 300w\" sizes=\"(max-width: 567px) 100vw, 567px\" \/><\/a><p id=\"caption-attachment-5156\" class=\"wp-caption-text\">Der Zeiger liegt in der Kurve...<\/p><\/div>\n<div id=\"attachment_5163\" style=\"width: 577px\" class=\"wp-caption alignleft\"><a href=\"https:\/\/www.kdrei-2009.de\/WPKdrei\/wp-content\/uploads\/2016\/03\/K3-BRAND-2016-02_06web.jpg\" rel=\"lightbox[5164]\"><img loading=\"lazy\" decoding=\"async\" aria-describedby=\"caption-attachment-5163\" class=\"size-full wp-image-5163\" title=\"K3-BRAND 2016-02_06web\" src=\"https:\/\/www.kdrei-2009.de\/WPKdrei\/wp-content\/uploads\/2016\/03\/K3-BRAND-2016-02_06web.jpg\" alt=\"\" width=\"567\" height=\"567\" srcset=\"https:\/\/www.kdrei-2009.de\/WPKdrei\/wp-content\/uploads\/2016\/03\/K3-BRAND-2016-02_06web.jpg 567w, https:\/\/www.kdrei-2009.de\/WPKdrei\/wp-content\/uploads\/2016\/03\/K3-BRAND-2016-02_06web-150x150.jpg 150w, https:\/\/www.kdrei-2009.de\/WPKdrei\/wp-content\/uploads\/2016\/03\/K3-BRAND-2016-02_06web-300x300.jpg 300w\" sizes=\"(max-width: 567px) 100vw, 567px\" \/><\/a><p id=\"caption-attachment-5163\" class=\"wp-caption-text\">Ohne Druck geht nix...<\/p><\/div>\n<div id=\"attachment_5162\" style=\"width: 577px\" class=\"wp-caption alignleft\"><a href=\"https:\/\/www.kdrei-2009.de\/WPKdrei\/wp-content\/uploads\/2016\/03\/K3-BRAND-2016-02_06a-web.jpg\" rel=\"lightbox[5164]\"><img loading=\"lazy\" decoding=\"async\" aria-describedby=\"caption-attachment-5162\" class=\"size-full wp-image-5162\" title=\"K3-BRAND 2016-02_06a web\" src=\"https:\/\/www.kdrei-2009.de\/WPKdrei\/wp-content\/uploads\/2016\/03\/K3-BRAND-2016-02_06a-web.jpg\" alt=\"\" width=\"567\" height=\"567\" srcset=\"https:\/\/www.kdrei-2009.de\/WPKdrei\/wp-content\/uploads\/2016\/03\/K3-BRAND-2016-02_06a-web.jpg 567w, https:\/\/www.kdrei-2009.de\/WPKdrei\/wp-content\/uploads\/2016\/03\/K3-BRAND-2016-02_06a-web-150x150.jpg 150w, https:\/\/www.kdrei-2009.de\/WPKdrei\/wp-content\/uploads\/2016\/03\/K3-BRAND-2016-02_06a-web-300x300.jpg 300w\" sizes=\"(max-width: 567px) 100vw, 567px\" \/><\/a><p id=\"caption-attachment-5162\" class=\"wp-caption-text\">Auch hier liegt der Zeiger gut in der Kurve...<\/p><\/div>\n<div id=\"attachment_5158\" style=\"width: 577px\" class=\"wp-caption alignleft\"><a href=\"https:\/\/www.kdrei-2009.de\/WPKdrei\/wp-content\/uploads\/2016\/03\/K3-BRAND-2016-02_03web.jpg\" rel=\"lightbox[5164]\"><img loading=\"lazy\" decoding=\"async\" aria-describedby=\"caption-attachment-5158\" class=\"size-full wp-image-5158\" title=\"K3-BRAND 2016-02_03web\" src=\"https:\/\/www.kdrei-2009.de\/WPKdrei\/wp-content\/uploads\/2016\/03\/K3-BRAND-2016-02_03web.jpg\" alt=\"\" width=\"567\" height=\"567\" srcset=\"https:\/\/www.kdrei-2009.de\/WPKdrei\/wp-content\/uploads\/2016\/03\/K3-BRAND-2016-02_03web.jpg 567w, https:\/\/www.kdrei-2009.de\/WPKdrei\/wp-content\/uploads\/2016\/03\/K3-BRAND-2016-02_03web-150x150.jpg 150w, https:\/\/www.kdrei-2009.de\/WPKdrei\/wp-content\/uploads\/2016\/03\/K3-BRAND-2016-02_03web-300x300.jpg 300w\" sizes=\"(max-width: 567px) 100vw, 567px\" \/><\/a><p id=\"caption-attachment-5158\" class=\"wp-caption-text\">Ein gleichm\u00e4ssiger Mittelstrahl b\u00fcrgt f\u00fcr Qualit\u00e4t...<\/p><\/div>\n<div id=\"attachment_5159\" style=\"width: 577px\" class=\"wp-caption alignleft\"><a href=\"https:\/\/www.kdrei-2009.de\/WPKdrei\/wp-content\/uploads\/2016\/03\/K3-BRAND-2016-02_04web.jpg\" rel=\"lightbox[5164]\"><img loading=\"lazy\" decoding=\"async\" aria-describedby=\"caption-attachment-5159\" class=\"size-full wp-image-5159\" title=\"K3-BRAND 2016-02_04web\" src=\"https:\/\/www.kdrei-2009.de\/WPKdrei\/wp-content\/uploads\/2016\/03\/K3-BRAND-2016-02_04web.jpg\" alt=\"\" width=\"567\" height=\"567\" srcset=\"https:\/\/www.kdrei-2009.de\/WPKdrei\/wp-content\/uploads\/2016\/03\/K3-BRAND-2016-02_04web.jpg 567w, https:\/\/www.kdrei-2009.de\/WPKdrei\/wp-content\/uploads\/2016\/03\/K3-BRAND-2016-02_04web-150x150.jpg 150w, https:\/\/www.kdrei-2009.de\/WPKdrei\/wp-content\/uploads\/2016\/03\/K3-BRAND-2016-02_04web-300x300.jpg 300w\" sizes=\"(max-width: 567px) 100vw, 567px\" \/><\/a><p id=\"caption-attachment-5159\" class=\"wp-caption-text\">Wenn ihr jetzt riechen k\u00f6nntet...<\/p><\/div>\n<div id=\"attachment_5161\" style=\"width: 577px\" class=\"wp-caption alignleft\"><a href=\"https:\/\/www.kdrei-2009.de\/WPKdrei\/wp-content\/uploads\/2016\/03\/K3-BRAND-2016-02_05web.jpg\" rel=\"lightbox[5164]\"><img loading=\"lazy\" decoding=\"async\" aria-describedby=\"caption-attachment-5161\" class=\"size-full wp-image-5161\" title=\"K3-BRAND 2016-02_05web\" src=\"https:\/\/www.kdrei-2009.de\/WPKdrei\/wp-content\/uploads\/2016\/03\/K3-BRAND-2016-02_05web.jpg\" alt=\"\" width=\"567\" height=\"567\" srcset=\"https:\/\/www.kdrei-2009.de\/WPKdrei\/wp-content\/uploads\/2016\/03\/K3-BRAND-2016-02_05web.jpg 567w, https:\/\/www.kdrei-2009.de\/WPKdrei\/wp-content\/uploads\/2016\/03\/K3-BRAND-2016-02_05web-150x150.jpg 150w, https:\/\/www.kdrei-2009.de\/WPKdrei\/wp-content\/uploads\/2016\/03\/K3-BRAND-2016-02_05web-300x300.jpg 300w\" sizes=\"(max-width: 567px) 100vw, 567px\" \/><\/a><p id=\"caption-attachment-5161\" class=\"wp-caption-text\">Je h\u00f6her umso mehr...<\/p><\/div>\n<div id=\"attachment_5160\" style=\"width: 577px\" class=\"wp-caption alignleft\"><a href=\"https:\/\/www.kdrei-2009.de\/WPKdrei\/wp-content\/uploads\/2016\/03\/K3-BRAND-2016-02_05aweb.jpg\" rel=\"lightbox[5164]\"><img loading=\"lazy\" decoding=\"async\" aria-describedby=\"caption-attachment-5160\" class=\"size-full wp-image-5160\" title=\"K3-BRAND 2016-02_05aweb\" src=\"https:\/\/www.kdrei-2009.de\/WPKdrei\/wp-content\/uploads\/2016\/03\/K3-BRAND-2016-02_05aweb.jpg\" alt=\"\" width=\"567\" height=\"567\" srcset=\"https:\/\/www.kdrei-2009.de\/WPKdrei\/wp-content\/uploads\/2016\/03\/K3-BRAND-2016-02_05aweb.jpg 567w, https:\/\/www.kdrei-2009.de\/WPKdrei\/wp-content\/uploads\/2016\/03\/K3-BRAND-2016-02_05aweb-150x150.jpg 150w, https:\/\/www.kdrei-2009.de\/WPKdrei\/wp-content\/uploads\/2016\/03\/K3-BRAND-2016-02_05aweb-300x300.jpg 300w\" sizes=\"(max-width: 567px) 100vw, 567px\" \/><\/a><p id=\"caption-attachment-5160\" class=\"wp-caption-text\">70 und ein gutes Atoma...<\/p><\/div>\n","protected":false},"excerpt":{"rendered":"<p>Am vergangenen Samstag haben wir unsere Apfel- und Birnenernte 2015 gebrannt. Wir hatten je ein Fass Birnen- und Apfelmaische. Das Ergebnis war zufriedenstellend und wir freuen uns jetzt schon auf [&hellip;]<\/p>\n","protected":false},"author":1,"featured_media":0,"parent":5271,"menu_order":0,"comment_status":"open","ping_status":"open","template":"","meta":{"footnotes":""},"_links":{"self":[{"href":"https:\/\/www.kdrei-2009.de\/WPKdrei\/wp-json\/wp\/v2\/pages\/5164"}],"collection":[{"href":"https:\/\/www.kdrei-2009.de\/WPKdrei\/wp-json\/wp\/v2\/pages"}],"about":[{"href":"https:\/\/www.kdrei-2009.de\/WPKdrei\/wp-json\/wp\/v2\/types\/page"}],"author":[{"embeddable":true,"href":"https:\/\/www.kdrei-2009.de\/WPKdrei\/wp-json\/wp\/v2\/users\/1"}],"replies":[{"embeddable":true,"href":"https:\/\/www.kdrei-2009.de\/WPKdrei\/wp-json\/wp\/v2\/comments?post=5164"}],"version-history":[{"count":3,"href":"https:\/\/www.kdrei-2009.de\/WPKdrei\/wp-json\/wp\/v2\/pages\/5164\/revisions"}],"predecessor-version":[{"id":5166,"href":"https:\/\/www.kdrei-2009.de\/WPKdrei\/wp-json\/wp\/v2\/pages\/5164\/revisions\/5166"}],"up":[{"embeddable":true,"href":"https:\/\/www.kdrei-2009.de\/WPKdrei\/wp-json\/wp\/v2\/pages\/5271"}],"wp:attachment":[{"href":"https:\/\/www.kdrei-2009.de\/WPKdrei\/wp-json\/wp\/v2\/media?parent=5164"}],"curies":[{"name":"wp","href":"https:\/\/api.w.org\/{rel}","templated":true}]}}