{"id":553,"date":"2010-04-19T12:18:52","date_gmt":"2010-04-19T12:18:52","guid":{"rendered":"https:\/\/www.kdrei-2009.de\/WPKdrei\/?page_id=553"},"modified":"2016-03-16T12:26:51","modified_gmt":"2016-03-16T12:26:51","slug":"musik","status":"publish","type":"page","link":"https:\/\/www.kdrei-2009.de\/WPKdrei\/kunst\/akustisches\/akustisches-2010\/musik\/","title":{"rendered":"Chris Geisler"},"content":{"rendered":"<h3><span style=\"color: #808080;\">F\u00fcr alle H\u00f6rende, Musikliebhaber, Jazzfans:<\/span><\/h3>\n<h3><span style=\"color: #808080;\"><a href=\"http:\/\/www.chrisgeisler.de\/mp3\/Nice.mp3\"><span style=\"color: #99ccff;\">Hier eine kleine H\u00f6rprobe, live oder von der CD nat\u00fcrlich unschlagbar besser.<\/span><\/a><\/span><\/h3>\n<h3><span style=\"color: #808080;\">Hier gehts zur Seite von Chris Geisler.<\/span><\/h3>\n<h3 style=\"text-align: center;\"><a href=\"http:\/\/www.chrisgeisler.de\"><span style=\"color: #99ccff;\">www.chrisgeisler.de<\/span><\/a><strong><a href=\"http:\/\/www.chrisgeisler.de\"><\/a><\/strong><\/h3>\n<p style=\"text-align: center;\"><img loading=\"lazy\" decoding=\"async\" class=\"size-medium wp-image-563\" title=\"CGT_HG-beton_0308_21b-web\" src=\"https:\/\/www.kdrei-2009.de\/WPKdrei\/wp-content\/uploads\/2010\/04\/CGT_HG-beton_0308_21b-web-300x222.jpg\" alt=\"\" width=\"300\" height=\"222\" srcset=\"https:\/\/www.kdrei-2009.de\/WPKdrei\/wp-content\/uploads\/2010\/04\/CGT_HG-beton_0308_21b-web-300x222.jpg 300w, https:\/\/www.kdrei-2009.de\/WPKdrei\/wp-content\/uploads\/2010\/04\/CGT_HG-beton_0308_21b-web.jpg 765w\" sizes=\"(max-width: 300px) 100vw, 300px\" \/><\/p>\n<h4><span style=\"color: #808080;\"><\/p>\n<div class=\"mceTemp mceIEcenter\">\n<div class=\"mceTemp mceIEcenter\">\n<dl id=\"attachment_563\" class=\"wp-caption aligncenter\" style=\"width: 310px;\">\n<dd class=\"wp-caption-dd\" style=\"text-align: left;\">Das Chris Geisler Trio (v.l. Bernd Settelmeyer-drums, Chris Geisler-piano, Kurt Holzk\u00e4mper-bass)<\/dd>\n<\/dl>\n<\/div>\n<\/div>\n<p><\/span><\/h4>\n<h4 style=\"text-align: left;\"><span style=\"color: #808080;\">Am 5. Mai spielt das Chri Geisler Trio feat. Johannes Enders im BIX-Jazzclub in Stuttgart.Das Trio stellt erstmals seine neue CD &#8220; Katharsis&#8220; vor. Eine sch\u00f6ne Gelegenheit, dieses faszienierende Trio live und hautnah zu erleben. <\/span><\/h4>\n<h4 style=\"text-align: left;\"><span style=\"color: #808080;\">Infos bitte unter: <a href=\"http:\/\/www.chrisgeisler.de\"><span style=\"color: #99ccff;\">www.chrisgeisler.de<\/span><\/a><\/span><\/h4>\n<h4 style=\"text-align: left;\"><span style=\"color: #808080;\">oder Infos und Karten: <a href=\"http:\/\/www.bix-stuttgart.de\/\"><span style=\"color: #99ccff;\">www.bix-stuttgart.de.<\/span><\/a><\/span><\/h4>\n","protected":false},"excerpt":{"rendered":"<p>F\u00fcr alle H\u00f6rende, Musikliebhaber, Jazzfans: Hier eine kleine H\u00f6rprobe, live oder von der CD nat\u00fcrlich unschlagbar besser. Hier gehts zur Seite von Chris Geisler. www.chrisgeisler.de Das Chris Geisler Trio (v.l. [&hellip;]<\/p>\n","protected":false},"author":1,"featured_media":0,"parent":5480,"menu_order":1,"comment_status":"open","ping_status":"open","template":"","meta":{"footnotes":""},"_links":{"self":[{"href":"https:\/\/www.kdrei-2009.de\/WPKdrei\/wp-json\/wp\/v2\/pages\/553"}],"collection":[{"href":"https:\/\/www.kdrei-2009.de\/WPKdrei\/wp-json\/wp\/v2\/pages"}],"about":[{"href":"https:\/\/www.kdrei-2009.de\/WPKdrei\/wp-json\/wp\/v2\/types\/page"}],"author":[{"embeddable":true,"href":"https:\/\/www.kdrei-2009.de\/WPKdrei\/wp-json\/wp\/v2\/users\/1"}],"replies":[{"embeddable":true,"href":"https:\/\/www.kdrei-2009.de\/WPKdrei\/wp-json\/wp\/v2\/comments?post=553"}],"version-history":[{"count":19,"href":"https:\/\/www.kdrei-2009.de\/WPKdrei\/wp-json\/wp\/v2\/pages\/553\/revisions"}],"predecessor-version":[{"id":561,"href":"https:\/\/www.kdrei-2009.de\/WPKdrei\/wp-json\/wp\/v2\/pages\/553\/revisions\/561"}],"up":[{"embeddable":true,"href":"https:\/\/www.kdrei-2009.de\/WPKdrei\/wp-json\/wp\/v2\/pages\/5480"}],"wp:attachment":[{"href":"https:\/\/www.kdrei-2009.de\/WPKdrei\/wp-json\/wp\/v2\/media?parent=553"}],"curies":[{"name":"wp","href":"https:\/\/api.w.org\/{rel}","templated":true}]}}