{"id":5643,"date":"2016-04-12T09:10:48","date_gmt":"2016-04-12T09:10:48","guid":{"rendered":"https:\/\/www.kdrei-2009.de\/WPKdrei\/?page_id=5643"},"modified":"2016-04-12T09:12:49","modified_gmt":"2016-04-12T09:12:49","slug":"ligaauftakt-horb-2016","status":"publish","type":"page","link":"https:\/\/www.kdrei-2009.de\/WPKdrei\/kugelsport-2\/kugelsport-2012\/liga-2016\/ligaauftakt-horb-2016\/","title":{"rendered":"Ligaauftakt Horb 2016"},"content":{"rendered":"<h3><span style=\"color: #808080;\"><strong><\/p>\n<div id=\"attachment_5642\" style=\"width: 709px\" class=\"wp-caption alignleft\"><a href=\"https:\/\/www.kdrei-2009.de\/WPKdrei\/wp-content\/uploads\/2016\/04\/Tabelle-2016-01web.jpg\" rel=\"lightbox[5643]\"><img loading=\"lazy\" decoding=\"async\" aria-describedby=\"caption-attachment-5642\" class=\"size-full wp-image-5642\" title=\"Tabelle 2016-01web\" src=\"https:\/\/www.kdrei-2009.de\/WPKdrei\/wp-content\/uploads\/2016\/04\/Tabelle-2016-01web.jpg\" alt=\"\" width=\"699\" height=\"341\" srcset=\"https:\/\/www.kdrei-2009.de\/WPKdrei\/wp-content\/uploads\/2016\/04\/Tabelle-2016-01web.jpg 699w, https:\/\/www.kdrei-2009.de\/WPKdrei\/wp-content\/uploads\/2016\/04\/Tabelle-2016-01web-300x146.jpg 300w\" sizes=\"(max-width: 699px) 100vw, 699px\" \/><\/a><p id=\"caption-attachment-5642\" class=\"wp-caption-text\">Landesligatabelle 2016.01<\/p><\/div>\n<p><\/strong><strong>Ligaauftakt in Horb<\/strong><\/p>\n<p><\/span><\/h3>\n<h3><span style=\"color: #808080;\">Wie  jedes Jahr findet der Ligaauftakt in Horb statt. Normalerweise bei  gef\u00fchlten 3\u00b0 C, leichtem Regen und etwas Wind und einer durchwachsenen  Spielleistung der Kdrei-Mannschaft. Dieses Jahr war alles anders.  Gef\u00fchlte 10\u00b0C und kein Regen und auch kein Wind. Das erfreuliche war  jedoch, dass Kdrei, nach dem Abstieg, mit 2 Siegen in den Saisonauftakt  der Landesliga startet. Erster Gegner war T\u00fcbingen 3. Triplette 1 mit  Aniello, Max und Wolfgang und Triplette 2 mit Andi, Walter und Holger  setzten den Grundstein f\u00fcr den Erfolg. Triplette 1 spielte 13:10 und  Triplette 2 setzte sich souver\u00e4n mit 13:0 gegen ungl\u00fccklich agierende  T\u00fcbinger durch. In den Doublettes gelang Walter und Uli nochmals ein  13:0 gegen erneut schwach spielende T\u00fcbinger, die nie richtig ins Spiel  fanden. Andi \/ Holger gewannen ebenfalls deutlich mit 13:6 und  ledigllich Aniello\/Wolfgang mussten sich trotz Auswechslung und Einstieg  von Max mit\u00a0 4:13 geschlagen geben. Gegen Reutlingen 2 konnten wir dann  mit 5 Siegen auftrumpfen. Andi, Uli und Wolfgang spieltenn 13:4,  Walter, Holger und Max 13:3 in den Tripletten. Auch die Doublettes  lie\u00dfen nichts anbrennen. Walter\/Aniellomit 13:5, Andi\/Holger, der gegen  Max eingewechselt wurde, 13:3 und Wolfgang\/Uli, der gegen Hanne  eingewechselt wurde, 13:10. Eine sehr gute Bilanz, wenn auch gegen  schwach spielende Gegner.<\/span><\/h3>\n<p><span style=\"color: #808080;\"> <\/span><\/p>\n<div id=\"attachment_5640\" style=\"width: 577px\" class=\"wp-caption alignleft\"><a href=\"https:\/\/www.kdrei-2009.de\/WPKdrei\/wp-content\/uploads\/2016\/04\/K3-Liga2016-02web.jpg\" rel=\"lightbox[5643]\"><img loading=\"lazy\" decoding=\"async\" aria-describedby=\"caption-attachment-5640\" class=\"size-full wp-image-5640\" title=\"K3-Liga2016-02web\" src=\"https:\/\/www.kdrei-2009.de\/WPKdrei\/wp-content\/uploads\/2016\/04\/K3-Liga2016-02web.jpg\" alt=\"\" width=\"567\" height=\"425\" srcset=\"https:\/\/www.kdrei-2009.de\/WPKdrei\/wp-content\/uploads\/2016\/04\/K3-Liga2016-02web.jpg 567w, https:\/\/www.kdrei-2009.de\/WPKdrei\/wp-content\/uploads\/2016\/04\/K3-Liga2016-02web-300x224.jpg 300w\" sizes=\"(max-width: 567px) 100vw, 567px\" \/><\/a><p id=\"caption-attachment-5640\" class=\"wp-caption-text\">\u00c9quipe Kdrei. <\/p><\/div>\n","protected":false},"excerpt":{"rendered":"<p>Ligaauftakt in Horb Wie jedes Jahr findet der Ligaauftakt in Horb statt. Normalerweise bei gef\u00fchlten 3\u00b0 C, leichtem Regen und etwas Wind und einer durchwachsenen Spielleistung der Kdrei-Mannschaft. Dieses Jahr [&hellip;]<\/p>\n","protected":false},"author":1,"featured_media":0,"parent":5420,"menu_order":0,"comment_status":"open","ping_status":"open","template":"","meta":{"footnotes":""},"_links":{"self":[{"href":"https:\/\/www.kdrei-2009.de\/WPKdrei\/wp-json\/wp\/v2\/pages\/5643"}],"collection":[{"href":"https:\/\/www.kdrei-2009.de\/WPKdrei\/wp-json\/wp\/v2\/pages"}],"about":[{"href":"https:\/\/www.kdrei-2009.de\/WPKdrei\/wp-json\/wp\/v2\/types\/page"}],"author":[{"embeddable":true,"href":"https:\/\/www.kdrei-2009.de\/WPKdrei\/wp-json\/wp\/v2\/users\/1"}],"replies":[{"embeddable":true,"href":"https:\/\/www.kdrei-2009.de\/WPKdrei\/wp-json\/wp\/v2\/comments?post=5643"}],"version-history":[{"count":3,"href":"https:\/\/www.kdrei-2009.de\/WPKdrei\/wp-json\/wp\/v2\/pages\/5643\/revisions"}],"predecessor-version":[{"id":5645,"href":"https:\/\/www.kdrei-2009.de\/WPKdrei\/wp-json\/wp\/v2\/pages\/5643\/revisions\/5645"}],"up":[{"embeddable":true,"href":"https:\/\/www.kdrei-2009.de\/WPKdrei\/wp-json\/wp\/v2\/pages\/5420"}],"wp:attachment":[{"href":"https:\/\/www.kdrei-2009.de\/WPKdrei\/wp-json\/wp\/v2\/media?parent=5643"}],"curies":[{"name":"wp","href":"https:\/\/api.w.org\/{rel}","templated":true}]}}