{"id":5675,"date":"2016-05-11T10:27:03","date_gmt":"2016-05-11T10:27:03","guid":{"rendered":"https:\/\/www.kdrei-2009.de\/WPKdrei\/?page_id=5675"},"modified":"2016-05-15T08:18:24","modified_gmt":"2016-05-15T08:18:24","slug":"kochkurs-galamenu-2016","status":"publish","type":"page","link":"https:\/\/www.kdrei-2009.de\/WPKdrei\/kdrei-events\/events-2010\/kochkurs-galamenu-2016\/","title":{"rendered":"KOCHKURS &#038; GALAMEN\u00dc 2016"},"content":{"rendered":"<h3><span style=\"color: #808080;\">Jetzt gehts wieder los. Hier das Men\u00fc. Mora F\u00fctterer wird den Kochkurs leiten und Stefan Breuer wird uns mit seinen Weinen verw\u00f6hnen. Freut euch auf diesen Tag. Erz\u00e4hlt es euren Freunden und Bekannten. Wir freuen uns auf unsere Stammg\u00e4ste und w\u00fcrden sehr gerne neue Freunde des Kochens und Geniesens begr\u00fc\u00dfen.<\/span><\/h3>\n<h2><span style=\"color: #808080;\">Samstag, 12. November 2016. Festhalle Frickenhausen.<\/span><\/h2>\n<p><span style=\"color: #808080;\">Alle angemeldeten Teilnehmer erhalten weitere Informationen per Email.<br \/>\n<\/span><\/p>\n<h3><span style=\"color: #808080;\"><span style=\"color: #666699;\">Anmeldung \u00fcber:\u00a0\u00a0\u00a0\u00a0 info(at)kdrei-2009.de<\/span><\/span><\/h3>\n<p><span style=\"color: #808080;\"><span style=\"color: #666699;\"><a href=\"https:\/\/www.kdrei-2009.de\/WPKdrei\/wp-content\/uploads\/2016\/05\/K3-KK2016-Menue-01web.jpg\" rel=\"lightbox[5675]\"><img loading=\"lazy\" decoding=\"async\" class=\"aligncenter size-full wp-image-5699\" title=\"K3-KK2016-Menue-01\" src=\"https:\/\/www.kdrei-2009.de\/WPKdrei\/wp-content\/uploads\/2016\/05\/K3-KK2016-Menue-01web.jpg\" alt=\"\" width=\"827\" height=\"1169\" srcset=\"https:\/\/www.kdrei-2009.de\/WPKdrei\/wp-content\/uploads\/2016\/05\/K3-KK2016-Menue-01web.jpg 827w, https:\/\/www.kdrei-2009.de\/WPKdrei\/wp-content\/uploads\/2016\/05\/K3-KK2016-Menue-01web-212x300.jpg 212w, https:\/\/www.kdrei-2009.de\/WPKdrei\/wp-content\/uploads\/2016\/05\/K3-KK2016-Menue-01web-724x1024.jpg 724w\" sizes=\"(max-width: 827px) 100vw, 827px\" \/><\/a><a href=\"https:\/\/www.kdrei-2009.de\/WPKdrei\/wp-content\/uploads\/2016\/05\/K3-KK2016-Menue-02web.jpg\" rel=\"lightbox[5675]\"><img loading=\"lazy\" decoding=\"async\" class=\"aligncenter size-full wp-image-5700\" title=\"K3-KK2016-Menue-03\" src=\"https:\/\/www.kdrei-2009.de\/WPKdrei\/wp-content\/uploads\/2016\/05\/K3-KK2016-Menue-02web.jpg\" alt=\"\" width=\"827\" height=\"1169\" srcset=\"https:\/\/www.kdrei-2009.de\/WPKdrei\/wp-content\/uploads\/2016\/05\/K3-KK2016-Menue-02web.jpg 827w, https:\/\/www.kdrei-2009.de\/WPKdrei\/wp-content\/uploads\/2016\/05\/K3-KK2016-Menue-02web-212x300.jpg 212w, https:\/\/www.kdrei-2009.de\/WPKdrei\/wp-content\/uploads\/2016\/05\/K3-KK2016-Menue-02web-724x1024.jpg 724w\" sizes=\"(max-width: 827px) 100vw, 827px\" \/><\/a><a href=\"https:\/\/www.kdrei-2009.de\/WPKdrei\/wp-content\/uploads\/2016\/05\/K3-KK2016-Menue-03web.jpg\" rel=\"lightbox[5675]\"><img loading=\"lazy\" decoding=\"async\" class=\"aligncenter size-full wp-image-5701\" title=\"K3-KK2016-Menue-04\" src=\"https:\/\/www.kdrei-2009.de\/WPKdrei\/wp-content\/uploads\/2016\/05\/K3-KK2016-Menue-03web.jpg\" alt=\"\" width=\"827\" height=\"1169\" srcset=\"https:\/\/www.kdrei-2009.de\/WPKdrei\/wp-content\/uploads\/2016\/05\/K3-KK2016-Menue-03web.jpg 827w, https:\/\/www.kdrei-2009.de\/WPKdrei\/wp-content\/uploads\/2016\/05\/K3-KK2016-Menue-03web-212x300.jpg 212w, https:\/\/www.kdrei-2009.de\/WPKdrei\/wp-content\/uploads\/2016\/05\/K3-KK2016-Menue-03web-724x1024.jpg 724w\" sizes=\"(max-width: 827px) 100vw, 827px\" \/><\/a><br \/>\n<\/span><\/span><\/p>\n<p><span style=\"color: #808080;\"> <\/span><\/p>\n<p><a href=\"https:\/\/www.kdrei-2009.de\/WPKdrei\/wp-content\/uploads\/2016\/05\/K3-KK2016-Menue-04web1.jpg\" rel=\"lightbox[5675]\"><img loading=\"lazy\" decoding=\"async\" class=\"aligncenter size-full wp-image-5704\" title=\"K3-KK2016-Menue-02\" src=\"https:\/\/www.kdrei-2009.de\/WPKdrei\/wp-content\/uploads\/2016\/05\/K3-KK2016-Menue-04web1.jpg\" alt=\"\" width=\"827\" height=\"1169\" srcset=\"https:\/\/www.kdrei-2009.de\/WPKdrei\/wp-content\/uploads\/2016\/05\/K3-KK2016-Menue-04web1.jpg 827w, https:\/\/www.kdrei-2009.de\/WPKdrei\/wp-content\/uploads\/2016\/05\/K3-KK2016-Menue-04web1-212x300.jpg 212w, https:\/\/www.kdrei-2009.de\/WPKdrei\/wp-content\/uploads\/2016\/05\/K3-KK2016-Menue-04web1-724x1024.jpg 724w\" sizes=\"(max-width: 827px) 100vw, 827px\" \/><\/a><\/p>\n<p><span style=\"color: #808080;\"><br \/>\n<\/span><\/p>\n","protected":false},"excerpt":{"rendered":"<p>Jetzt gehts wieder los. Hier das Men\u00fc. Mora F\u00fctterer wird den Kochkurs leiten und Stefan Breuer wird uns mit seinen Weinen verw\u00f6hnen. Freut euch auf diesen Tag. Erz\u00e4hlt es euren [&hellip;]<\/p>\n","protected":false},"author":1,"featured_media":0,"parent":5242,"menu_order":0,"comment_status":"open","ping_status":"open","template":"","meta":{"footnotes":""},"_links":{"self":[{"href":"https:\/\/www.kdrei-2009.de\/WPKdrei\/wp-json\/wp\/v2\/pages\/5675"}],"collection":[{"href":"https:\/\/www.kdrei-2009.de\/WPKdrei\/wp-json\/wp\/v2\/pages"}],"about":[{"href":"https:\/\/www.kdrei-2009.de\/WPKdrei\/wp-json\/wp\/v2\/types\/page"}],"author":[{"embeddable":true,"href":"https:\/\/www.kdrei-2009.de\/WPKdrei\/wp-json\/wp\/v2\/users\/1"}],"replies":[{"embeddable":true,"href":"https:\/\/www.kdrei-2009.de\/WPKdrei\/wp-json\/wp\/v2\/comments?post=5675"}],"version-history":[{"count":10,"href":"https:\/\/www.kdrei-2009.de\/WPKdrei\/wp-json\/wp\/v2\/pages\/5675\/revisions"}],"predecessor-version":[{"id":5682,"href":"https:\/\/www.kdrei-2009.de\/WPKdrei\/wp-json\/wp\/v2\/pages\/5675\/revisions\/5682"}],"up":[{"embeddable":true,"href":"https:\/\/www.kdrei-2009.de\/WPKdrei\/wp-json\/wp\/v2\/pages\/5242"}],"wp:attachment":[{"href":"https:\/\/www.kdrei-2009.de\/WPKdrei\/wp-json\/wp\/v2\/media?parent=5675"}],"curies":[{"name":"wp","href":"https:\/\/api.w.org\/{rel}","templated":true}]}}