{"id":5827,"date":"2016-06-21T09:08:16","date_gmt":"2016-06-21T09:08:16","guid":{"rendered":"https:\/\/www.kdrei-2009.de\/WPKdrei\/?page_id=5827"},"modified":"2016-06-21T09:16:12","modified_gmt":"2016-06-21T09:16:12","slug":"mochental-auch-schoener-ausflug","status":"publish","type":"page","link":"https:\/\/www.kdrei-2009.de\/WPKdrei\/kultur\/kultur-2010\/mochental-auch-schoener-ausflug\/","title":{"rendered":"Mochental&#8230;auch sch\u00f6ner Ausflug&#8230;"},"content":{"rendered":"<h3><span style=\"color: #808080;\">&#8230;wenn es zum Boulen mal wieder zu nass ist. Sch\u00f6ne Fahrt \u00fcber die Schw\u00e4bische Alb. Renaissance und Gegenwartskunst. Wer m\u00f6chte kann in der Hofschenke noch etwas gegen Hunger und Durst unternehmen. Im Hof ist Selbstbedienung. Unterm Dach gibt es eine Besenmuseum&#8230;Also alles da f\u00fcr den Schwaben.<br \/>\n<\/span><\/h3>\n<p><a href=\"https:\/\/www.kdrei-2009.de\/WPKdrei\/wp-content\/uploads\/2016\/06\/Mochental2016_01web.png\" rel=\"lightbox[5827]\"><img loading=\"lazy\" decoding=\"async\" class=\"alignleft size-thumbnail wp-image-5805\" src=\"https:\/\/www.kdrei-2009.de\/WPKdrei\/wp-content\/uploads\/2016\/06\/Mochental2016_01web-150x150.png\" alt=\"Mochental2016_01web\" width=\"150\" height=\"150\" \/><\/a><a href=\"https:\/\/www.kdrei-2009.de\/WPKdrei\/wp-content\/uploads\/2016\/06\/Mochental2016_02web.png\" rel=\"lightbox[5827]\"><img loading=\"lazy\" decoding=\"async\" class=\"alignleft size-thumbnail wp-image-5806\" src=\"https:\/\/www.kdrei-2009.de\/WPKdrei\/wp-content\/uploads\/2016\/06\/Mochental2016_02web-150x150.png\" alt=\"Mochental2016_02web\" width=\"150\" height=\"150\" \/><\/a><a href=\"https:\/\/www.kdrei-2009.de\/WPKdrei\/wp-content\/uploads\/2016\/06\/Mochental2016_11web.png\" rel=\"lightbox[5827]\"><img loading=\"lazy\" decoding=\"async\" class=\"alignleft size-thumbnail wp-image-5807\" src=\"https:\/\/www.kdrei-2009.de\/WPKdrei\/wp-content\/uploads\/2016\/06\/Mochental2016_11web-150x150.png\" alt=\"Mochental2016_11web\" width=\"150\" height=\"150\" \/><\/a><a href=\"https:\/\/www.kdrei-2009.de\/WPKdrei\/wp-content\/uploads\/2016\/06\/Mochental2016_21web.png\" rel=\"lightbox[5827]\"><img loading=\"lazy\" decoding=\"async\" class=\"alignleft size-thumbnail wp-image-5810\" src=\"https:\/\/www.kdrei-2009.de\/WPKdrei\/wp-content\/uploads\/2016\/06\/Mochental2016_21web-150x150.png\" alt=\"Mochental2016_21web\" width=\"150\" height=\"150\" \/><\/a><a href=\"https:\/\/www.kdrei-2009.de\/WPKdrei\/wp-content\/uploads\/2016\/06\/Mochental2016_19web.png\" rel=\"lightbox[5827]\"><img loading=\"lazy\" decoding=\"async\" class=\"alignleft size-thumbnail wp-image-5809\" src=\"https:\/\/www.kdrei-2009.de\/WPKdrei\/wp-content\/uploads\/2016\/06\/Mochental2016_19web-150x150.png\" alt=\"Mochental2016_19web\" width=\"150\" height=\"150\" \/><\/a><a href=\"https:\/\/www.kdrei-2009.de\/WPKdrei\/wp-content\/uploads\/2016\/06\/Mochental2016_17web.png\" rel=\"lightbox[5827]\"><img loading=\"lazy\" decoding=\"async\" class=\"alignleft size-thumbnail wp-image-5808\" src=\"https:\/\/www.kdrei-2009.de\/WPKdrei\/wp-content\/uploads\/2016\/06\/Mochental2016_17web-150x150.png\" alt=\"Mochental2016_17web\" width=\"150\" height=\"150\" \/><\/a><a href=\"https:\/\/www.kdrei-2009.de\/WPKdrei\/wp-content\/uploads\/2016\/06\/Unbenanntes_Panorama1.png\" rel=\"lightbox[5827]\"><img loading=\"lazy\" decoding=\"async\" class=\"alignleft size-thumbnail wp-image-5826\" src=\"https:\/\/www.kdrei-2009.de\/WPKdrei\/wp-content\/uploads\/2016\/06\/Unbenanntes_Panorama1-150x150.png\" alt=\"Unbenanntes_Panorama1\" width=\"150\" height=\"150\" \/><\/a><a href=\"https:\/\/www.kdrei-2009.de\/WPKdrei\/wp-content\/uploads\/2016\/06\/Mochental2016_pan-03.png\" rel=\"lightbox[5827]\"><img loading=\"lazy\" decoding=\"async\" class=\"alignleft size-thumbnail wp-image-5825\" src=\"https:\/\/www.kdrei-2009.de\/WPKdrei\/wp-content\/uploads\/2016\/06\/Mochental2016_pan-03-150x150.png\" alt=\"Mochental2016_pan-03\" width=\"150\" height=\"150\" \/><\/a><a href=\"https:\/\/www.kdrei-2009.de\/WPKdrei\/wp-content\/uploads\/2016\/06\/Mochental2016_pan-02.png\" rel=\"lightbox[5827]\"><img loading=\"lazy\" decoding=\"async\" class=\"alignleft size-thumbnail wp-image-5824\" src=\"https:\/\/www.kdrei-2009.de\/WPKdrei\/wp-content\/uploads\/2016\/06\/Mochental2016_pan-02-150x150.png\" alt=\"Mochental2016_pan-02\" width=\"150\" height=\"150\" \/><\/a><a href=\"https:\/\/www.kdrei-2009.de\/WPKdrei\/wp-content\/uploads\/2016\/06\/Mochental2016_59web.png\" rel=\"lightbox[5827]\"><img loading=\"lazy\" decoding=\"async\" class=\"alignleft size-thumbnail wp-image-5823\" src=\"https:\/\/www.kdrei-2009.de\/WPKdrei\/wp-content\/uploads\/2016\/06\/Mochental2016_59web-150x150.png\" alt=\"Mochental2016_59web\" width=\"150\" height=\"150\" \/><\/a><a href=\"https:\/\/www.kdrei-2009.de\/WPKdrei\/wp-content\/uploads\/2016\/06\/Mochental2016_31web.png\" rel=\"lightbox[5827]\"><img loading=\"lazy\" decoding=\"async\" class=\"alignleft size-thumbnail wp-image-5812\" src=\"https:\/\/www.kdrei-2009.de\/WPKdrei\/wp-content\/uploads\/2016\/06\/Mochental2016_31web-150x150.png\" alt=\"Mochental2016_31web\" width=\"150\" height=\"150\" srcset=\"https:\/\/www.kdrei-2009.de\/WPKdrei\/wp-content\/uploads\/2016\/06\/Mochental2016_31web-150x150.png 150w, https:\/\/www.kdrei-2009.de\/WPKdrei\/wp-content\/uploads\/2016\/06\/Mochental2016_31web-300x300.png 300w, https:\/\/www.kdrei-2009.de\/WPKdrei\/wp-content\/uploads\/2016\/06\/Mochental2016_31web.png 567w\" sizes=\"(max-width: 150px) 100vw, 150px\" \/><\/a><a href=\"https:\/\/www.kdrei-2009.de\/WPKdrei\/wp-content\/uploads\/2016\/06\/Mochental2016_24web.png\" rel=\"lightbox[5827]\"><img loading=\"lazy\" decoding=\"async\" class=\"alignleft size-thumbnail wp-image-5811\" src=\"https:\/\/www.kdrei-2009.de\/WPKdrei\/wp-content\/uploads\/2016\/06\/Mochental2016_24web-150x150.png\" alt=\"Mochental2016_24web\" width=\"150\" height=\"150\" \/><\/a><a href=\"https:\/\/www.kdrei-2009.de\/WPKdrei\/wp-content\/uploads\/2016\/06\/Mochental2016_32web.png\" rel=\"lightbox[5827]\"><img loading=\"lazy\" decoding=\"async\" class=\"alignleft size-thumbnail wp-image-5813\" src=\"https:\/\/www.kdrei-2009.de\/WPKdrei\/wp-content\/uploads\/2016\/06\/Mochental2016_32web-150x150.png\" alt=\"Mochental2016_32web\" width=\"150\" height=\"150\" srcset=\"https:\/\/www.kdrei-2009.de\/WPKdrei\/wp-content\/uploads\/2016\/06\/Mochental2016_32web-150x150.png 150w, https:\/\/www.kdrei-2009.de\/WPKdrei\/wp-content\/uploads\/2016\/06\/Mochental2016_32web-300x300.png 300w, https:\/\/www.kdrei-2009.de\/WPKdrei\/wp-content\/uploads\/2016\/06\/Mochental2016_32web.png 567w\" sizes=\"(max-width: 150px) 100vw, 150px\" \/><\/a><a href=\"https:\/\/www.kdrei-2009.de\/WPKdrei\/wp-content\/uploads\/2016\/06\/Mochental2016_36web.png\" rel=\"lightbox[5827]\"><img loading=\"lazy\" decoding=\"async\" class=\"alignleft size-thumbnail wp-image-5814\" src=\"https:\/\/www.kdrei-2009.de\/WPKdrei\/wp-content\/uploads\/2016\/06\/Mochental2016_36web-150x150.png\" alt=\"Mochental2016_36web\" width=\"150\" height=\"150\" \/><\/a><a href=\"https:\/\/www.kdrei-2009.de\/WPKdrei\/wp-content\/uploads\/2016\/06\/Mochental2016_37web.png\" rel=\"lightbox[5827]\"><img loading=\"lazy\" decoding=\"async\" class=\"alignleft size-thumbnail wp-image-5815\" src=\"https:\/\/www.kdrei-2009.de\/WPKdrei\/wp-content\/uploads\/2016\/06\/Mochental2016_37web-150x150.png\" alt=\"Mochental2016_37web\" width=\"150\" height=\"150\" \/><\/a><a href=\"https:\/\/www.kdrei-2009.de\/WPKdrei\/wp-content\/uploads\/2016\/06\/Mochental2016_49web.png\" rel=\"lightbox[5827]\"><img loading=\"lazy\" decoding=\"async\" class=\"alignleft size-thumbnail wp-image-5818\" src=\"https:\/\/www.kdrei-2009.de\/WPKdrei\/wp-content\/uploads\/2016\/06\/Mochental2016_49web-150x150.png\" alt=\"Mochental2016_49web\" width=\"150\" height=\"150\" \/><\/a><a href=\"https:\/\/www.kdrei-2009.de\/WPKdrei\/wp-content\/uploads\/2016\/06\/Mochental2016_45web.png\" rel=\"lightbox[5827]\"><img loading=\"lazy\" decoding=\"async\" class=\"alignleft size-thumbnail wp-image-5817\" src=\"https:\/\/www.kdrei-2009.de\/WPKdrei\/wp-content\/uploads\/2016\/06\/Mochental2016_45web-150x150.png\" alt=\"Mochental2016_45web\" width=\"150\" height=\"150\" \/><\/a><a href=\"https:\/\/www.kdrei-2009.de\/WPKdrei\/wp-content\/uploads\/2016\/06\/Mochental2016_51web.png\" rel=\"lightbox[5827]\"><img loading=\"lazy\" decoding=\"async\" class=\"alignleft size-thumbnail wp-image-5819\" src=\"https:\/\/www.kdrei-2009.de\/WPKdrei\/wp-content\/uploads\/2016\/06\/Mochental2016_51web-150x150.png\" alt=\"Mochental2016_51web\" width=\"150\" height=\"150\" \/><\/a><a href=\"https:\/\/www.kdrei-2009.de\/WPKdrei\/wp-content\/uploads\/2016\/06\/Mochental2016_52web.png\" rel=\"lightbox[5827]\"><img loading=\"lazy\" decoding=\"async\" class=\"alignleft size-thumbnail wp-image-5820\" src=\"https:\/\/www.kdrei-2009.de\/WPKdrei\/wp-content\/uploads\/2016\/06\/Mochental2016_52web-150x150.png\" alt=\"Mochental2016_52web\" width=\"150\" height=\"150\" \/><\/a><a href=\"https:\/\/www.kdrei-2009.de\/WPKdrei\/wp-content\/uploads\/2016\/06\/Mochental2016_53web.png\" rel=\"lightbox[5827]\"><img loading=\"lazy\" decoding=\"async\" class=\"alignleft size-thumbnail wp-image-5821\" src=\"https:\/\/www.kdrei-2009.de\/WPKdrei\/wp-content\/uploads\/2016\/06\/Mochental2016_53web-150x150.png\" alt=\"Mochental2016_53web\" width=\"150\" height=\"150\" \/><\/a><a href=\"https:\/\/www.kdrei-2009.de\/WPKdrei\/wp-content\/uploads\/2016\/06\/Mochental2016_56web.png\" rel=\"lightbox[5827]\"><img loading=\"lazy\" decoding=\"async\" class=\"alignleft size-thumbnail wp-image-5822\" src=\"https:\/\/www.kdrei-2009.de\/WPKdrei\/wp-content\/uploads\/2016\/06\/Mochental2016_56web-150x150.png\" alt=\"Mochental2016_56web\" width=\"150\" height=\"150\" \/><\/a><\/p>\n","protected":false},"excerpt":{"rendered":"<p>&#8230;wenn es zum Boulen mal wieder zu nass ist. Sch\u00f6ne Fahrt \u00fcber die Schw\u00e4bische Alb. Renaissance und Gegenwartskunst. Wer m\u00f6chte kann in der Hofschenke noch etwas gegen Hunger und Durst [&hellip;]<\/p>\n","protected":false},"author":1,"featured_media":0,"parent":5271,"menu_order":0,"comment_status":"closed","ping_status":"closed","template":"","meta":{"footnotes":""},"_links":{"self":[{"href":"https:\/\/www.kdrei-2009.de\/WPKdrei\/wp-json\/wp\/v2\/pages\/5827"}],"collection":[{"href":"https:\/\/www.kdrei-2009.de\/WPKdrei\/wp-json\/wp\/v2\/pages"}],"about":[{"href":"https:\/\/www.kdrei-2009.de\/WPKdrei\/wp-json\/wp\/v2\/types\/page"}],"author":[{"embeddable":true,"href":"https:\/\/www.kdrei-2009.de\/WPKdrei\/wp-json\/wp\/v2\/users\/1"}],"replies":[{"embeddable":true,"href":"https:\/\/www.kdrei-2009.de\/WPKdrei\/wp-json\/wp\/v2\/comments?post=5827"}],"version-history":[{"count":4,"href":"https:\/\/www.kdrei-2009.de\/WPKdrei\/wp-json\/wp\/v2\/pages\/5827\/revisions"}],"predecessor-version":[{"id":5831,"href":"https:\/\/www.kdrei-2009.de\/WPKdrei\/wp-json\/wp\/v2\/pages\/5827\/revisions\/5831"}],"up":[{"embeddable":true,"href":"https:\/\/www.kdrei-2009.de\/WPKdrei\/wp-json\/wp\/v2\/pages\/5271"}],"wp:attachment":[{"href":"https:\/\/www.kdrei-2009.de\/WPKdrei\/wp-json\/wp\/v2\/media?parent=5827"}],"curies":[{"name":"wp","href":"https:\/\/api.w.org\/{rel}","templated":true}]}}