{"id":5887,"date":"2016-07-30T12:36:13","date_gmt":"2016-07-30T12:36:13","guid":{"rendered":"https:\/\/www.kdrei-2009.de\/WPKdrei\/?page_id=5887"},"modified":"2016-07-30T12:43:13","modified_gmt":"2016-07-30T12:43:13","slug":"hardter-turnier-2016","status":"publish","type":"page","link":"https:\/\/www.kdrei-2009.de\/WPKdrei\/kugelsport-2\/kugelsport-2012\/turniere-2016\/hardter-turnier-2016\/","title":{"rendered":"Hardter Turnier 2016"},"content":{"rendered":"<h4><span style=\"color: #808080;\">Ja das ist fast schon Kult bei Kdrei. Einmal im Jahr, samstags vor der kleinen Kehrwoche und Auto nass waschen, das Hardter Turnier. Macht immer Spass. Immer leckeres Essen und nette Leute. Mit 18 Spielern ein \u00fcberschaubares Feld. Mit Superm\u00eal\u00e9e ist Spass immer garantiert. Am Ende gewinnt dann G\u00fcnther aus Plochingen. Herzlichen Gl\u00fcckwunsch.<\/span><\/h4>\n\n\t\t<style type=\"text\/css\">\n\t\t\t#gallery-1 {\n\t\t\t\tmargin: auto;\n\t\t\t}\n\t\t\t#gallery-1 .gallery-item {\n\t\t\t\tfloat: left;\n\t\t\t\tmargin-top: 10px;\n\t\t\t\ttext-align: center;\n\t\t\t\twidth: 33%;\n\t\t\t}\n\t\t\t#gallery-1 img {\n\t\t\t\tborder: 2px solid #cfcfcf;\n\t\t\t}\n\t\t\t#gallery-1 .gallery-caption {\n\t\t\t\tmargin-left: 0;\n\t\t\t}\n\t\t\t\/* see gallery_shortcode() in wp-includes\/media.php *\/\n\t\t<\/style>\n\t\t<div id='gallery-1' class='gallery galleryid-5887 gallery-columns-3 gallery-size-thumbnail'><dl class='gallery-item'>\n\t\t\t<dt class='gallery-icon landscape'>\n\t\t\t\t<a href='https:\/\/www.kdrei-2009.de\/WPKdrei\/kugelsport-2\/kugelsport-2012\/turniere-2016\/hardter-turnier-2016\/k3-hardt2016_02web\/'><img loading=\"lazy\" decoding=\"async\" width=\"150\" height=\"150\" src=\"https:\/\/www.kdrei-2009.de\/WPKdrei\/wp-content\/uploads\/2016\/07\/K3-Hardt2016_02web-150x150.png\" class=\"attachment-thumbnail size-thumbnail\" alt=\"\" \/><\/a>\n\t\t\t<\/dt><\/dl><dl class='gallery-item'>\n\t\t\t<dt class='gallery-icon landscape'>\n\t\t\t\t<a href='https:\/\/www.kdrei-2009.de\/WPKdrei\/kugelsport-2\/kugelsport-2012\/turniere-2016\/hardter-turnier-2016\/k3-hardt2016_03web\/'><img loading=\"lazy\" decoding=\"async\" width=\"150\" height=\"150\" src=\"https:\/\/www.kdrei-2009.de\/WPKdrei\/wp-content\/uploads\/2016\/07\/K3-Hardt2016_03web-150x150.png\" class=\"attachment-thumbnail size-thumbnail\" alt=\"\" \/><\/a>\n\t\t\t<\/dt><\/dl><dl class='gallery-item'>\n\t\t\t<dt class='gallery-icon landscape'>\n\t\t\t\t<a href='https:\/\/www.kdrei-2009.de\/WPKdrei\/kugelsport-2\/kugelsport-2012\/turniere-2016\/hardter-turnier-2016\/k3-hardt2016_01web\/'><img loading=\"lazy\" decoding=\"async\" width=\"150\" height=\"150\" src=\"https:\/\/www.kdrei-2009.de\/WPKdrei\/wp-content\/uploads\/2016\/07\/K3-Hardt2016_01web-150x150.png\" class=\"attachment-thumbnail size-thumbnail\" alt=\"\" \/><\/a>\n\t\t\t<\/dt><\/dl><br style=\"clear: both\" \/>\n\t\t<\/div>\n\n","protected":false},"excerpt":{"rendered":"<p>Ja das ist fast schon Kult bei Kdrei. Einmal im Jahr, samstags vor der kleinen Kehrwoche und Auto nass waschen, das Hardter Turnier. Macht immer Spass. Immer leckeres Essen und [&hellip;]<\/p>\n","protected":false},"author":1,"featured_media":0,"parent":5418,"menu_order":0,"comment_status":"closed","ping_status":"closed","template":"","meta":{"footnotes":""},"_links":{"self":[{"href":"https:\/\/www.kdrei-2009.de\/WPKdrei\/wp-json\/wp\/v2\/pages\/5887"}],"collection":[{"href":"https:\/\/www.kdrei-2009.de\/WPKdrei\/wp-json\/wp\/v2\/pages"}],"about":[{"href":"https:\/\/www.kdrei-2009.de\/WPKdrei\/wp-json\/wp\/v2\/types\/page"}],"author":[{"embeddable":true,"href":"https:\/\/www.kdrei-2009.de\/WPKdrei\/wp-json\/wp\/v2\/users\/1"}],"replies":[{"embeddable":true,"href":"https:\/\/www.kdrei-2009.de\/WPKdrei\/wp-json\/wp\/v2\/comments?post=5887"}],"version-history":[{"count":3,"href":"https:\/\/www.kdrei-2009.de\/WPKdrei\/wp-json\/wp\/v2\/pages\/5887\/revisions"}],"predecessor-version":[{"id":5892,"href":"https:\/\/www.kdrei-2009.de\/WPKdrei\/wp-json\/wp\/v2\/pages\/5887\/revisions\/5892"}],"up":[{"embeddable":true,"href":"https:\/\/www.kdrei-2009.de\/WPKdrei\/wp-json\/wp\/v2\/pages\/5418"}],"wp:attachment":[{"href":"https:\/\/www.kdrei-2009.de\/WPKdrei\/wp-json\/wp\/v2\/media?parent=5887"}],"curies":[{"name":"wp","href":"https:\/\/api.w.org\/{rel}","templated":true}]}}