{"id":6260,"date":"2017-01-18T11:18:54","date_gmt":"2017-01-18T11:18:54","guid":{"rendered":"https:\/\/www.kdrei-2009.de\/WPKdrei\/?page_id=6260"},"modified":"2017-01-18T11:22:32","modified_gmt":"2017-01-18T11:22:32","slug":"infos-zum-kochkurs-galamenue-2017","status":"publish","type":"page","link":"https:\/\/www.kdrei-2009.de\/WPKdrei\/kdrei-events\/kochkurs-galamenue-2017-erste-infos\/infos-zum-kochkurs-galamenue-2017\/","title":{"rendered":"Infos zum Kochkurs &#038; Galamen\u00fc 2017"},"content":{"rendered":"<h2><span style=\"color: #808080;\">Zum besseren Planen hier unser Termin f\u00fcr 2017.<\/span><\/h2>\n<h2><\/h2>\n<h2><span style=\"color: #808080;\">Samstag, 04. November 2017, Festhalle Frickenhausen<\/span><\/h2>\n<h3><span style=\"color: #808080;\">Wir wollen auch gleich mitteilen, dass wir unsere Preise angepasst haben. Nach 7 Jahren und der dauernden Aufforderung dazu und wir seien ja sowieso zu g\u00fcnstig, haben wir uns jetzt dazu entschlossen. Danke f\u00fcr euer Verst\u00e4ndnis. <\/span><\/h3>\n<h3><\/h3>\n<h3><span style=\"color: #808080;\">Neue Preise:<\/span><\/h3>\n<h3><span style=\"color: #808080;\">Kochkurs incl. Galamen\u00fc&#8230;.115,00 \u20ac \/ Person<\/span><\/h3>\n<h3><span style=\"color: #808080;\">Galamen\u00fc&#8230;&#8230;&#8230;&#8230;&#8230;&#8230;&#8230;&#8230;&#8230;..85,00 \u20ac \/ Person<\/span><\/h3>\n","protected":false},"excerpt":{"rendered":"<p>Zum besseren Planen hier unser Termin f\u00fcr 2017. Samstag, 04. November 2017, Festhalle Frickenhausen Wir wollen auch gleich mitteilen, dass wir unsere Preise angepasst haben. Nach 7 Jahren und der [&hellip;]<\/p>\n","protected":false},"author":1,"featured_media":0,"parent":6257,"menu_order":0,"comment_status":"open","ping_status":"closed","template":"","meta":{"footnotes":""},"_links":{"self":[{"href":"https:\/\/www.kdrei-2009.de\/WPKdrei\/wp-json\/wp\/v2\/pages\/6260"}],"collection":[{"href":"https:\/\/www.kdrei-2009.de\/WPKdrei\/wp-json\/wp\/v2\/pages"}],"about":[{"href":"https:\/\/www.kdrei-2009.de\/WPKdrei\/wp-json\/wp\/v2\/types\/page"}],"author":[{"embeddable":true,"href":"https:\/\/www.kdrei-2009.de\/WPKdrei\/wp-json\/wp\/v2\/users\/1"}],"replies":[{"embeddable":true,"href":"https:\/\/www.kdrei-2009.de\/WPKdrei\/wp-json\/wp\/v2\/comments?post=6260"}],"version-history":[{"count":1,"href":"https:\/\/www.kdrei-2009.de\/WPKdrei\/wp-json\/wp\/v2\/pages\/6260\/revisions"}],"predecessor-version":[{"id":6261,"href":"https:\/\/www.kdrei-2009.de\/WPKdrei\/wp-json\/wp\/v2\/pages\/6260\/revisions\/6261"}],"up":[{"embeddable":true,"href":"https:\/\/www.kdrei-2009.de\/WPKdrei\/wp-json\/wp\/v2\/pages\/6257"}],"wp:attachment":[{"href":"https:\/\/www.kdrei-2009.de\/WPKdrei\/wp-json\/wp\/v2\/media?parent=6260"}],"curies":[{"name":"wp","href":"https:\/\/api.w.org\/{rel}","templated":true}]}}