{"id":6275,"date":"2017-02-15T12:14:49","date_gmt":"2017-02-15T12:14:49","guid":{"rendered":"https:\/\/www.kdrei-2009.de\/WPKdrei\/?page_id=6275"},"modified":"2017-02-16T08:06:13","modified_gmt":"2017-02-16T08:06:13","slug":"bosseln-2017-01","status":"publish","type":"page","link":"https:\/\/www.kdrei-2009.de\/WPKdrei\/bosseln\/bosseln-2017-01\/","title":{"rendered":"BOSSELN 2017.01"},"content":{"rendered":"<h4><span style=\"color: #808080;\">Waren mal wieder Winterboulen auf friesische Art. Wie immer im Wald bei Unterensingen an den Lindenh\u00f6fen. Das Wetter war optimal. Knackige K\u00e4lte, etwas Sonne und eine steife Briese aus Nordost. Unterwegs gab es immer wieder Erfrischungsgetr\u00e4nke und einmalig eine feste Mahlzeit.<\/span><\/h4>\n<div id=\"attachment_6276\" style=\"width: 690px\" class=\"wp-caption alignleft\"><a href=\"https:\/\/www.kdrei-2009.de\/WPKdrei\/wp-content\/uploads\/2017\/02\/K3-Bosseln100217_01aweb.png\" rel=\"lightbox[6275]\"><img loading=\"lazy\" decoding=\"async\" aria-describedby=\"caption-attachment-6276\" class=\"size-full wp-image-6276\" src=\"https:\/\/www.kdrei-2009.de\/WPKdrei\/wp-content\/uploads\/2017\/02\/K3-Bosseln100217_01aweb.png\" alt=\"\" width=\"680\" height=\"366\" srcset=\"https:\/\/www.kdrei-2009.de\/WPKdrei\/wp-content\/uploads\/2017\/02\/K3-Bosseln100217_01aweb.png 680w, https:\/\/www.kdrei-2009.de\/WPKdrei\/wp-content\/uploads\/2017\/02\/K3-Bosseln100217_01aweb-300x161.png 300w\" sizes=\"(max-width: 680px) 100vw, 680px\" \/><\/a><p id=\"caption-attachment-6276\" class=\"wp-caption-text\">Bernd kommt von da, wo die Kugeln herkommen.<\/p><\/div>\n<p>&nbsp;<\/p>\n<p>&nbsp;<\/p>\n<p>&nbsp;<\/p>\n<p>&nbsp;<\/p>\n<p>&nbsp;<\/p>\n<p>&nbsp;<\/p>\n<p>&nbsp;<\/p>\n<p>&nbsp;<\/p>\n<p>&nbsp;<\/p>\n<p>&nbsp;<\/p>\n<p>&nbsp;<\/p>\n<p>&nbsp;<\/p>\n<p>&nbsp;<\/p>\n<div id=\"attachment_6284\" style=\"width: 690px\" class=\"wp-caption alignleft\"><a href=\"https:\/\/www.kdrei-2009.de\/WPKdrei\/wp-content\/uploads\/2017\/02\/K3-Bosseln100217_15aweb.png\" rel=\"lightbox[6275]\"><img loading=\"lazy\" decoding=\"async\" aria-describedby=\"caption-attachment-6284\" class=\"size-full wp-image-6284\" src=\"https:\/\/www.kdrei-2009.de\/WPKdrei\/wp-content\/uploads\/2017\/02\/K3-Bosseln100217_15aweb.png\" alt=\"\" width=\"680\" height=\"517\" srcset=\"https:\/\/www.kdrei-2009.de\/WPKdrei\/wp-content\/uploads\/2017\/02\/K3-Bosseln100217_15aweb.png 680w, https:\/\/www.kdrei-2009.de\/WPKdrei\/wp-content\/uploads\/2017\/02\/K3-Bosseln100217_15aweb-300x228.png 300w\" sizes=\"(max-width: 680px) 100vw, 680px\" \/><\/a><p id=\"caption-attachment-6284\" class=\"wp-caption-text\">Taktische Besprechungen sind sinnvoll, aber wenig eintr\u00e4glich&#8230;<\/p><\/div>\n<p>&nbsp;<\/p>\n<p>&nbsp;<\/p>\n<p>&nbsp;<\/p>\n<p>&nbsp;<\/p>\n<p>&nbsp;<\/p>\n<p>&nbsp;<\/p>\n<p>&nbsp;<\/p>\n<p>&nbsp;<\/p>\n<p>&nbsp;<\/p>\n<p>&nbsp;<\/p>\n<p>&nbsp;<\/p>\n<p>&nbsp;<\/p>\n<p>&nbsp;<\/p>\n<p>&nbsp;<\/p>\n<p>&nbsp;<\/p>\n<p>&nbsp;<\/p>\n<p>&nbsp;<\/p>\n<p>&nbsp;<\/p>\n<div id=\"attachment_6279\" style=\"width: 690px\" class=\"wp-caption alignleft\"><a href=\"https:\/\/www.kdrei-2009.de\/WPKdrei\/wp-content\/uploads\/2017\/02\/K3-Bosseln100217_09aweb.png\" rel=\"lightbox[6275]\"><img loading=\"lazy\" decoding=\"async\" aria-describedby=\"caption-attachment-6279\" class=\"size-full wp-image-6279\" src=\"https:\/\/www.kdrei-2009.de\/WPKdrei\/wp-content\/uploads\/2017\/02\/K3-Bosseln100217_09aweb.png\" alt=\"\" width=\"680\" height=\"280\" srcset=\"https:\/\/www.kdrei-2009.de\/WPKdrei\/wp-content\/uploads\/2017\/02\/K3-Bosseln100217_09aweb.png 680w, https:\/\/www.kdrei-2009.de\/WPKdrei\/wp-content\/uploads\/2017\/02\/K3-Bosseln100217_09aweb-300x124.png 300w\" sizes=\"(max-width: 680px) 100vw, 680px\" \/><\/a><p id=\"caption-attachment-6279\" class=\"wp-caption-text\">Ein sch\u00f6ner Sport f\u00fcr Mann und Frau. Leider gibt es keine Haltungsnoten.<\/p><\/div>\n<p>&nbsp;<\/p>\n<p>&nbsp;<\/p>\n<p>&nbsp;<\/p>\n<p>&nbsp;<\/p>\n<p>&nbsp;<\/p>\n<p>&nbsp;<\/p>\n<p>&nbsp;<\/p>\n<p>&nbsp;<\/p>\n<p>&nbsp;<\/p>\n<p>&nbsp;<\/p>\n<div id=\"attachment_6283\" style=\"width: 690px\" class=\"wp-caption alignleft\"><a href=\"https:\/\/www.kdrei-2009.de\/WPKdrei\/wp-content\/uploads\/2017\/02\/K3-Bosseln100217_14aweb.png\" rel=\"lightbox[6275]\"><img loading=\"lazy\" decoding=\"async\" aria-describedby=\"caption-attachment-6283\" class=\"size-full wp-image-6283\" src=\"https:\/\/www.kdrei-2009.de\/WPKdrei\/wp-content\/uploads\/2017\/02\/K3-Bosseln100217_14aweb.png\" alt=\"\" width=\"680\" height=\"275\" srcset=\"https:\/\/www.kdrei-2009.de\/WPKdrei\/wp-content\/uploads\/2017\/02\/K3-Bosseln100217_14aweb.png 680w, https:\/\/www.kdrei-2009.de\/WPKdrei\/wp-content\/uploads\/2017\/02\/K3-Bosseln100217_14aweb-300x121.png 300w\" sizes=\"(max-width: 680px) 100vw, 680px\" \/><\/a><p id=\"caption-attachment-6283\" class=\"wp-caption-text\">Unser Ziel f\u00fcr das Vesper. Die Lindenh\u00f6fe in Unterensingen.<\/p><\/div>\n<p>&nbsp;<\/p>\n<p>&nbsp;<\/p>\n<p>&nbsp;<\/p>\n<p>&nbsp;<\/p>\n<p>&nbsp;<\/p>\n<p>&nbsp;<\/p>\n<p>&nbsp;<\/p>\n<p>&nbsp;<\/p>\n<p>&nbsp;<\/p>\n<p>&nbsp;<\/p>\n<p>&nbsp;<\/p>\n<div id=\"attachment_6277\" style=\"width: 690px\" class=\"wp-caption alignleft\"><a href=\"https:\/\/www.kdrei-2009.de\/WPKdrei\/wp-content\/uploads\/2017\/02\/K3-Bosseln100217_04aweb.png\" rel=\"lightbox[6275]\"><img loading=\"lazy\" decoding=\"async\" aria-describedby=\"caption-attachment-6277\" class=\"size-full wp-image-6277\" src=\"https:\/\/www.kdrei-2009.de\/WPKdrei\/wp-content\/uploads\/2017\/02\/K3-Bosseln100217_04aweb.png\" alt=\"\" width=\"680\" height=\"501\" srcset=\"https:\/\/www.kdrei-2009.de\/WPKdrei\/wp-content\/uploads\/2017\/02\/K3-Bosseln100217_04aweb.png 680w, https:\/\/www.kdrei-2009.de\/WPKdrei\/wp-content\/uploads\/2017\/02\/K3-Bosseln100217_04aweb-300x221.png 300w\" sizes=\"(max-width: 680px) 100vw, 680px\" \/><\/a><p id=\"caption-attachment-6277\" class=\"wp-caption-text\">So sieht das dann aus. Wurst, K\u00e4se, Gurken, Senf, Brot&#8230;.lecker, lecker.<\/p><\/div>\n<p>&nbsp;<\/p>\n<p>&nbsp;<\/p>\n<p>&nbsp;<\/p>\n<p>&nbsp;<\/p>\n<p>&nbsp;<\/p>\n<p>&nbsp;<\/p>\n<p>&nbsp;<\/p>\n<p>&nbsp;<\/p>\n<p>&nbsp;<\/p>\n<p>&nbsp;<\/p>\n<p>&nbsp;<\/p>\n<p>&nbsp;<\/p>\n<p>&nbsp;<\/p>\n<p>&nbsp;<\/p>\n<p>&nbsp;<\/p>\n<p>&nbsp;<\/p>\n<p>&nbsp;<\/p>\n<div id=\"attachment_6278\" style=\"width: 690px\" class=\"wp-caption alignleft\"><a href=\"https:\/\/www.kdrei-2009.de\/WPKdrei\/wp-content\/uploads\/2017\/02\/K3-Bosseln100217_06aweb.png\" rel=\"lightbox[6275]\"><img loading=\"lazy\" decoding=\"async\" aria-describedby=\"caption-attachment-6278\" class=\"size-full wp-image-6278\" src=\"https:\/\/www.kdrei-2009.de\/WPKdrei\/wp-content\/uploads\/2017\/02\/K3-Bosseln100217_06aweb.png\" alt=\"\" width=\"680\" height=\"387\" srcset=\"https:\/\/www.kdrei-2009.de\/WPKdrei\/wp-content\/uploads\/2017\/02\/K3-Bosseln100217_06aweb.png 680w, https:\/\/www.kdrei-2009.de\/WPKdrei\/wp-content\/uploads\/2017\/02\/K3-Bosseln100217_06aweb-300x171.png 300w\" sizes=\"(max-width: 680px) 100vw, 680px\" \/><\/a><p id=\"caption-attachment-6278\" class=\"wp-caption-text\">Nach dem Vesper war es nicht einfacher&#8230;mit vollem Magen.<\/p><\/div>\n<p>&nbsp;<\/p>\n<p>&nbsp;<\/p>\n<p>&nbsp;<\/p>\n<p>&nbsp;<\/p>\n<p>&nbsp;<\/p>\n<p>&nbsp;<\/p>\n<p>&nbsp;<\/p>\n<p>&nbsp;<\/p>\n<p>&nbsp;<\/p>\n<p>&nbsp;<\/p>\n<p>&nbsp;<\/p>\n<p>&nbsp;<\/p>\n<p>&nbsp;<\/p>\n<p>&nbsp;<\/p>\n<div id=\"attachment_6281\" style=\"width: 690px\" class=\"wp-caption alignleft\"><a href=\"https:\/\/www.kdrei-2009.de\/WPKdrei\/wp-content\/uploads\/2017\/02\/K3-Bosseln100217_11aweb.png\" rel=\"lightbox[6275]\"><img loading=\"lazy\" decoding=\"async\" aria-describedby=\"caption-attachment-6281\" class=\"size-full wp-image-6281\" src=\"https:\/\/www.kdrei-2009.de\/WPKdrei\/wp-content\/uploads\/2017\/02\/K3-Bosseln100217_11aweb.png\" alt=\"\" width=\"680\" height=\"357\" srcset=\"https:\/\/www.kdrei-2009.de\/WPKdrei\/wp-content\/uploads\/2017\/02\/K3-Bosseln100217_11aweb.png 680w, https:\/\/www.kdrei-2009.de\/WPKdrei\/wp-content\/uploads\/2017\/02\/K3-Bosseln100217_11aweb-300x158.png 300w\" sizes=\"(max-width: 680px) 100vw, 680px\" \/><\/a><p id=\"caption-attachment-6281\" class=\"wp-caption-text\">Auf der Strasse liefen die Kugeln wirklich gut.<\/p><\/div>\n<p>&nbsp;<\/p>\n<p>&nbsp;<\/p>\n<p>&nbsp;<\/p>\n<p>&nbsp;<\/p>\n<p>&nbsp;<\/p>\n<p>&nbsp;<\/p>\n<p>&nbsp;<\/p>\n<p>&nbsp;<\/p>\n<p>&nbsp;<\/p>\n<p>&nbsp;<\/p>\n<p>&nbsp;<\/p>\n<p>&nbsp;<\/p>\n<p>&nbsp;<\/p>\n<div id=\"attachment_6280\" style=\"width: 690px\" class=\"wp-caption alignleft\"><a href=\"https:\/\/www.kdrei-2009.de\/WPKdrei\/wp-content\/uploads\/2017\/02\/K3-Bosseln100217_10aweb.png\" rel=\"lightbox[6275]\"><img loading=\"lazy\" decoding=\"async\" aria-describedby=\"caption-attachment-6280\" class=\"size-full wp-image-6280\" src=\"https:\/\/www.kdrei-2009.de\/WPKdrei\/wp-content\/uploads\/2017\/02\/K3-Bosseln100217_10aweb.png\" alt=\"\" width=\"680\" height=\"257\" srcset=\"https:\/\/www.kdrei-2009.de\/WPKdrei\/wp-content\/uploads\/2017\/02\/K3-Bosseln100217_10aweb.png 680w, https:\/\/www.kdrei-2009.de\/WPKdrei\/wp-content\/uploads\/2017\/02\/K3-Bosseln100217_10aweb-300x113.png 300w\" sizes=\"(max-width: 680px) 100vw, 680px\" \/><\/a><p id=\"caption-attachment-6280\" class=\"wp-caption-text\">Wir mussten immer wieder Fussg\u00e4nger und Autofahrer vorwarnen.<\/p><\/div>\n<p>&nbsp;<\/p>\n<p>&nbsp;<\/p>\n<p>&nbsp;<\/p>\n<p>&nbsp;<\/p>\n<p>&nbsp;<\/p>\n<p>&nbsp;<\/p>\n<p>&nbsp;<\/p>\n<p>&nbsp;<\/p>\n<p>&nbsp;<\/p>\n<p>&nbsp;<\/p>\n<div id=\"attachment_6282\" style=\"width: 690px\" class=\"wp-caption alignleft\"><a href=\"https:\/\/www.kdrei-2009.de\/WPKdrei\/wp-content\/uploads\/2017\/02\/K3-Bosseln100217_13aweb.png\" rel=\"lightbox[6275]\"><img loading=\"lazy\" decoding=\"async\" aria-describedby=\"caption-attachment-6282\" class=\"size-full wp-image-6282\" src=\"https:\/\/www.kdrei-2009.de\/WPKdrei\/wp-content\/uploads\/2017\/02\/K3-Bosseln100217_13aweb.png\" alt=\"\" width=\"680\" height=\"415\" srcset=\"https:\/\/www.kdrei-2009.de\/WPKdrei\/wp-content\/uploads\/2017\/02\/K3-Bosseln100217_13aweb.png 680w, https:\/\/www.kdrei-2009.de\/WPKdrei\/wp-content\/uploads\/2017\/02\/K3-Bosseln100217_13aweb-300x183.png 300w\" sizes=\"(max-width: 680px) 100vw, 680px\" \/><\/a><p id=\"caption-attachment-6282\" class=\"wp-caption-text\">Auch um die Kurve muss gebosselt werden.<\/p><\/div>\n<div id=\"attachment_6285\" style=\"width: 690px\" class=\"wp-caption alignleft\"><a href=\"https:\/\/www.kdrei-2009.de\/WPKdrei\/wp-content\/uploads\/2017\/02\/K3-Bosseln100217_16aweb.png\" rel=\"lightbox[6275]\"><img loading=\"lazy\" decoding=\"async\" aria-describedby=\"caption-attachment-6285\" class=\"size-full wp-image-6285\" src=\"https:\/\/www.kdrei-2009.de\/WPKdrei\/wp-content\/uploads\/2017\/02\/K3-Bosseln100217_16aweb.png\" alt=\"\" width=\"680\" height=\"510\" srcset=\"https:\/\/www.kdrei-2009.de\/WPKdrei\/wp-content\/uploads\/2017\/02\/K3-Bosseln100217_16aweb.png 680w, https:\/\/www.kdrei-2009.de\/WPKdrei\/wp-content\/uploads\/2017\/02\/K3-Bosseln100217_16aweb-300x225.png 300w\" sizes=\"(max-width: 680px) 100vw, 680px\" \/><\/a><p id=\"caption-attachment-6285\" class=\"wp-caption-text\">Ja und dann das Gruppenbild.<\/p><\/div>\n","protected":false},"excerpt":{"rendered":"<p>Waren mal wieder Winterboulen auf friesische Art. Wie immer im Wald bei Unterensingen an den Lindenh\u00f6fen. Das Wetter war optimal. Knackige K\u00e4lte, etwas Sonne und eine steife Briese aus Nordost. [&hellip;]<\/p>\n","protected":false},"author":1,"featured_media":0,"parent":5565,"menu_order":0,"comment_status":"closed","ping_status":"closed","template":"","meta":{"footnotes":""},"_links":{"self":[{"href":"https:\/\/www.kdrei-2009.de\/WPKdrei\/wp-json\/wp\/v2\/pages\/6275"}],"collection":[{"href":"https:\/\/www.kdrei-2009.de\/WPKdrei\/wp-json\/wp\/v2\/pages"}],"about":[{"href":"https:\/\/www.kdrei-2009.de\/WPKdrei\/wp-json\/wp\/v2\/types\/page"}],"author":[{"embeddable":true,"href":"https:\/\/www.kdrei-2009.de\/WPKdrei\/wp-json\/wp\/v2\/users\/1"}],"replies":[{"embeddable":true,"href":"https:\/\/www.kdrei-2009.de\/WPKdrei\/wp-json\/wp\/v2\/comments?post=6275"}],"version-history":[{"count":3,"href":"https:\/\/www.kdrei-2009.de\/WPKdrei\/wp-json\/wp\/v2\/pages\/6275\/revisions"}],"predecessor-version":[{"id":6297,"href":"https:\/\/www.kdrei-2009.de\/WPKdrei\/wp-json\/wp\/v2\/pages\/6275\/revisions\/6297"}],"up":[{"embeddable":true,"href":"https:\/\/www.kdrei-2009.de\/WPKdrei\/wp-json\/wp\/v2\/pages\/5565"}],"wp:attachment":[{"href":"https:\/\/www.kdrei-2009.de\/WPKdrei\/wp-json\/wp\/v2\/media?parent=6275"}],"curies":[{"name":"wp","href":"https:\/\/api.w.org\/{rel}","templated":true}]}}