{"id":6301,"date":"2017-03-02T10:09:03","date_gmt":"2017-03-02T10:09:03","guid":{"rendered":"https:\/\/www.kdrei-2009.de\/WPKdrei\/?page_id=6301"},"modified":"2017-03-15T13:19:02","modified_gmt":"2017-03-15T13:19:02","slug":"zugabe-fuer-die-finalisten","status":"publish","type":"page","link":"https:\/\/www.kdrei-2009.de\/WPKdrei\/kugelsport-2\/visuelles-2016\/liga-2017\/zugabe-fuer-die-finalisten\/","title":{"rendered":"Zugabe f\u00fcr die Finalisten"},"content":{"rendered":"<h3><span style=\"color: #808080;\">Als kleines Schmankerl spendieren wir noch f\u00fcr die Finalisten je eine Flasche unseres Apfelbrandes. Nat\u00fcrlich ist das f\u00fcr einen echten Bouler nicht der Grund, sein Bestes zu geben und seinen Mitspielern zum Sieg zu verhelfen, aber es ist einfach eine kleine Motivationshilfe.<\/span><\/h3>\n<h2><span style=\"color: #808080;\"> Unser Motto: Destillat statt Pokal<\/span><\/h2>\n<h3><span style=\"color: #808080;\">Wer kann schon einen Pokal mit seinen Mitspielern, die ihm zum Sieg verholfen haben, teilen????<\/span><\/h3>\n<p><a href=\"https:\/\/www.kdrei-2009.de\/WPKdrei\/wp-content\/uploads\/2017\/03\/K3-MTurnier2017Siegerfl-web.png\" rel=\"lightbox[6301]\"><img loading=\"lazy\" decoding=\"async\" class=\"alignleft size-full wp-image-6300\" src=\"https:\/\/www.kdrei-2009.de\/WPKdrei\/wp-content\/uploads\/2017\/03\/K3-MTurnier2017Siegerfl-web.png\" alt=\"\" width=\"680\" height=\"555\" srcset=\"https:\/\/www.kdrei-2009.de\/WPKdrei\/wp-content\/uploads\/2017\/03\/K3-MTurnier2017Siegerfl-web.png 680w, https:\/\/www.kdrei-2009.de\/WPKdrei\/wp-content\/uploads\/2017\/03\/K3-MTurnier2017Siegerfl-web-300x245.png 300w\" sizes=\"(max-width: 680px) 100vw, 680px\" \/><\/a><\/p>\n<p>&nbsp;<\/p>\n<p>&nbsp;<\/p>\n","protected":false},"excerpt":{"rendered":"<p>Als kleines Schmankerl spendieren wir noch f\u00fcr die Finalisten je eine Flasche unseres Apfelbrandes. Nat\u00fcrlich ist das f\u00fcr einen echten Bouler nicht der Grund, sein Bestes zu geben und seinen [&hellip;]<\/p>\n","protected":false},"author":1,"featured_media":0,"parent":6384,"menu_order":0,"comment_status":"closed","ping_status":"closed","template":"","meta":{"footnotes":""},"_links":{"self":[{"href":"https:\/\/www.kdrei-2009.de\/WPKdrei\/wp-json\/wp\/v2\/pages\/6301"}],"collection":[{"href":"https:\/\/www.kdrei-2009.de\/WPKdrei\/wp-json\/wp\/v2\/pages"}],"about":[{"href":"https:\/\/www.kdrei-2009.de\/WPKdrei\/wp-json\/wp\/v2\/types\/page"}],"author":[{"embeddable":true,"href":"https:\/\/www.kdrei-2009.de\/WPKdrei\/wp-json\/wp\/v2\/users\/1"}],"replies":[{"embeddable":true,"href":"https:\/\/www.kdrei-2009.de\/WPKdrei\/wp-json\/wp\/v2\/comments?post=6301"}],"version-history":[{"count":3,"href":"https:\/\/www.kdrei-2009.de\/WPKdrei\/wp-json\/wp\/v2\/pages\/6301\/revisions"}],"predecessor-version":[{"id":6306,"href":"https:\/\/www.kdrei-2009.de\/WPKdrei\/wp-json\/wp\/v2\/pages\/6301\/revisions\/6306"}],"up":[{"embeddable":true,"href":"https:\/\/www.kdrei-2009.de\/WPKdrei\/wp-json\/wp\/v2\/pages\/6384"}],"wp:attachment":[{"href":"https:\/\/www.kdrei-2009.de\/WPKdrei\/wp-json\/wp\/v2\/media?parent=6301"}],"curies":[{"name":"wp","href":"https:\/\/api.w.org\/{rel}","templated":true}]}}