{"id":6338,"date":"2017-03-06T13:00:39","date_gmt":"2017-03-06T13:00:39","guid":{"rendered":"https:\/\/www.kdrei-2009.de\/WPKdrei\/?page_id=6338"},"modified":"2017-03-15T13:18:22","modified_gmt":"2017-03-15T13:18:22","slug":"unser-4-maerzturnier","status":"publish","type":"page","link":"https:\/\/www.kdrei-2009.de\/WPKdrei\/kugelsport-2\/visuelles-2016\/liga-2017\/unser-4-maerzturnier\/","title":{"rendered":"Unser 4. M\u00e4rzturnier"},"content":{"rendered":"<h3><span style=\"color: #808080;\">Am vergangenen Sonntag trafen sich 25 Bouler aus der Umgebung zum 4. M\u00e4rzturnier unseres Bouleclubs in den Krautg\u00e4rten. Es wurde ein kleines, feines Turnier mit sch\u00f6nen, spannenden und auch wirklich lustigen Aufnahmen. Wir spielten 4 Runden Schweizer System, superm\u00eal\u00e9e mit anschliessendem Halbfinale und Finale. Das Turnier verlief z\u00fcgig und reibungslos. Gegen Mittag war bereits die 2. Runde beendet und viele Spieler st\u00e4rkten sich an der traditionellen Kartoffelsuppe aus der Brotkugel. Wir essen unsere Suppenteller einfach mit und verhindern Plastikm\u00fcll. Gest\u00e4rkt ging es so in die n\u00e4chsten Runden mit immer neue Spielpartnern. Zwischen den Spielen blieb ausreichend Zeit, sich mit Kaffee und Kuchen oder einer weiteren Suppe vom Spielgeschehen zu erholen. Am Ende gab es dann wie immer 8 Spieler mit den besten Ergebnissen. Darunter 3 Spieler mit 4 gewonnenen Partien und 5 Spieler mit 3:1 gewonnen Partien. In den Halbfinals spielten: Roland F. (Hardt) \/ H.P. (Denkendorf) gegen Werner F. (Neuffen) \/ Bernd F. (Neuffen) und Petra F.(Neuffen) \/ Attila B. (Unterensingen) gegen Julio (Aichelberg) \/ Gerald J. (Aichelberg). Beide Spiele endeten 13:6 f\u00fcr Werner\/Bernd und Julio\/Gerald. Durch die erneute Zulosung beim Superm\u00eal\u00e9e ergaben sich folgende Finalpaarungen: Werner Flammer und Gerald Jantschik gegen Julio und Bernd Fechner. Am Ende trugen Flammer\/Jantschik den Turniersieg mit Preisgeld und einer Flasche Kdrei Apfeldestillat nach Hause. F\u00fcr Kdrei war es ein sch\u00f6nes und gelungenes Turnier mit Zeit zum Spielen aber auch zum Fachsimplen, Zuschauen und den neuesten Tratsch aus den umliegenden Boulevereinen auszutauschen. Wir danken allen Teilnehmern und Zuschauern f\u00fcr diesen netten Tag. <\/span><\/h3>\n<p><a href=\"https:\/\/www.kdrei-2009.de\/WPKdrei\/wp-content\/uploads\/2017\/03\/Maerzturnier2017_016web.png\" rel=\"lightbox[6338]\"><img loading=\"lazy\" decoding=\"async\" class=\"alignleft size-full wp-image-6336\" src=\"https:\/\/www.kdrei-2009.de\/WPKdrei\/wp-content\/uploads\/2017\/03\/Maerzturnier2017_016web.png\" alt=\"\" width=\"680\" height=\"339\" srcset=\"https:\/\/www.kdrei-2009.de\/WPKdrei\/wp-content\/uploads\/2017\/03\/Maerzturnier2017_016web.png 680w, https:\/\/www.kdrei-2009.de\/WPKdrei\/wp-content\/uploads\/2017\/03\/Maerzturnier2017_016web-300x150.png 300w\" sizes=\"(max-width: 680px) 100vw, 680px\" \/><\/a> <a href=\"https:\/\/www.kdrei-2009.de\/WPKdrei\/wp-content\/uploads\/2017\/03\/Maerzturnier2017_034web.png\" rel=\"lightbox[6338]\"><img loading=\"lazy\" decoding=\"async\" class=\"alignleft size-full wp-image-6335\" src=\"https:\/\/www.kdrei-2009.de\/WPKdrei\/wp-content\/uploads\/2017\/03\/Maerzturnier2017_034web.png\" alt=\"\" width=\"680\" height=\"564\" srcset=\"https:\/\/www.kdrei-2009.de\/WPKdrei\/wp-content\/uploads\/2017\/03\/Maerzturnier2017_034web.png 680w, https:\/\/www.kdrei-2009.de\/WPKdrei\/wp-content\/uploads\/2017\/03\/Maerzturnier2017_034web-300x249.png 300w\" sizes=\"(max-width: 680px) 100vw, 680px\" \/><\/a> <a href=\"https:\/\/www.kdrei-2009.de\/WPKdrei\/wp-content\/uploads\/2017\/03\/Maerzturnier2017_021web.png\" rel=\"lightbox[6338]\"><img loading=\"lazy\" decoding=\"async\" class=\"alignleft size-full wp-image-6334\" src=\"https:\/\/www.kdrei-2009.de\/WPKdrei\/wp-content\/uploads\/2017\/03\/Maerzturnier2017_021web.png\" alt=\"\" width=\"680\" height=\"457\" srcset=\"https:\/\/www.kdrei-2009.de\/WPKdrei\/wp-content\/uploads\/2017\/03\/Maerzturnier2017_021web.png 680w, https:\/\/www.kdrei-2009.de\/WPKdrei\/wp-content\/uploads\/2017\/03\/Maerzturnier2017_021web-300x202.png 300w\" sizes=\"(max-width: 680px) 100vw, 680px\" \/><\/a> <a href=\"https:\/\/www.kdrei-2009.de\/WPKdrei\/wp-content\/uploads\/2017\/03\/Maerzturnier2017_024web.png\" rel=\"lightbox[6338]\"><img loading=\"lazy\" decoding=\"async\" class=\"alignleft size-full wp-image-6333\" src=\"https:\/\/www.kdrei-2009.de\/WPKdrei\/wp-content\/uploads\/2017\/03\/Maerzturnier2017_024web.png\" alt=\"\" width=\"680\" height=\"366\" srcset=\"https:\/\/www.kdrei-2009.de\/WPKdrei\/wp-content\/uploads\/2017\/03\/Maerzturnier2017_024web.png 680w, https:\/\/www.kdrei-2009.de\/WPKdrei\/wp-content\/uploads\/2017\/03\/Maerzturnier2017_024web-300x161.png 300w\" sizes=\"(max-width: 680px) 100vw, 680px\" \/><\/a> <a href=\"https:\/\/www.kdrei-2009.de\/WPKdrei\/wp-content\/uploads\/2017\/03\/Maerzturnier2017_025web.png\" rel=\"lightbox[6338]\"><img loading=\"lazy\" decoding=\"async\" class=\"alignleft size-full wp-image-6332\" src=\"https:\/\/www.kdrei-2009.de\/WPKdrei\/wp-content\/uploads\/2017\/03\/Maerzturnier2017_025web.png\" alt=\"\" width=\"680\" height=\"250\" srcset=\"https:\/\/www.kdrei-2009.de\/WPKdrei\/wp-content\/uploads\/2017\/03\/Maerzturnier2017_025web.png 680w, https:\/\/www.kdrei-2009.de\/WPKdrei\/wp-content\/uploads\/2017\/03\/Maerzturnier2017_025web-300x110.png 300w\" sizes=\"(max-width: 680px) 100vw, 680px\" \/><\/a> <a href=\"https:\/\/www.kdrei-2009.de\/WPKdrei\/wp-content\/uploads\/2017\/03\/Maerzturnier2017_026web.png\" rel=\"lightbox[6338]\"><img loading=\"lazy\" decoding=\"async\" class=\"alignleft size-full wp-image-6331\" src=\"https:\/\/www.kdrei-2009.de\/WPKdrei\/wp-content\/uploads\/2017\/03\/Maerzturnier2017_026web.png\" alt=\"\" width=\"680\" height=\"375\" srcset=\"https:\/\/www.kdrei-2009.de\/WPKdrei\/wp-content\/uploads\/2017\/03\/Maerzturnier2017_026web.png 680w, https:\/\/www.kdrei-2009.de\/WPKdrei\/wp-content\/uploads\/2017\/03\/Maerzturnier2017_026web-300x165.png 300w\" sizes=\"(max-width: 680px) 100vw, 680px\" \/><\/a> <a href=\"https:\/\/www.kdrei-2009.de\/WPKdrei\/wp-content\/uploads\/2017\/03\/Maerzturnier2017_027web.png\" rel=\"lightbox[6338]\"><img loading=\"lazy\" decoding=\"async\" class=\"alignleft size-full wp-image-6330\" src=\"https:\/\/www.kdrei-2009.de\/WPKdrei\/wp-content\/uploads\/2017\/03\/Maerzturnier2017_027web.png\" alt=\"\" width=\"680\" height=\"577\" srcset=\"https:\/\/www.kdrei-2009.de\/WPKdrei\/wp-content\/uploads\/2017\/03\/Maerzturnier2017_027web.png 680w, https:\/\/www.kdrei-2009.de\/WPKdrei\/wp-content\/uploads\/2017\/03\/Maerzturnier2017_027web-300x255.png 300w\" sizes=\"(max-width: 680px) 100vw, 680px\" \/><\/a> <a href=\"https:\/\/www.kdrei-2009.de\/WPKdrei\/wp-content\/uploads\/2017\/03\/Maerzturnier2017_028web.png\" rel=\"lightbox[6338]\"><img loading=\"lazy\" decoding=\"async\" class=\"alignleft size-full wp-image-6329\" src=\"https:\/\/www.kdrei-2009.de\/WPKdrei\/wp-content\/uploads\/2017\/03\/Maerzturnier2017_028web.png\" alt=\"\" width=\"680\" height=\"384\" srcset=\"https:\/\/www.kdrei-2009.de\/WPKdrei\/wp-content\/uploads\/2017\/03\/Maerzturnier2017_028web.png 680w, https:\/\/www.kdrei-2009.de\/WPKdrei\/wp-content\/uploads\/2017\/03\/Maerzturnier2017_028web-300x169.png 300w\" sizes=\"(max-width: 680px) 100vw, 680px\" \/><\/a> <a href=\"https:\/\/www.kdrei-2009.de\/WPKdrei\/wp-content\/uploads\/2017\/03\/Maerzturnier2017_029web.png\" rel=\"lightbox[6338]\"><img loading=\"lazy\" decoding=\"async\" class=\"alignleft size-full wp-image-6328\" src=\"https:\/\/www.kdrei-2009.de\/WPKdrei\/wp-content\/uploads\/2017\/03\/Maerzturnier2017_029web.png\" alt=\"\" width=\"680\" height=\"234\" srcset=\"https:\/\/www.kdrei-2009.de\/WPKdrei\/wp-content\/uploads\/2017\/03\/Maerzturnier2017_029web.png 680w, https:\/\/www.kdrei-2009.de\/WPKdrei\/wp-content\/uploads\/2017\/03\/Maerzturnier2017_029web-300x103.png 300w\" sizes=\"(max-width: 680px) 100vw, 680px\" \/><\/a> <a href=\"https:\/\/www.kdrei-2009.de\/WPKdrei\/wp-content\/uploads\/2017\/03\/Maerzturnier2017_030web.png\" rel=\"lightbox[6338]\"><img loading=\"lazy\" decoding=\"async\" class=\"alignleft size-full wp-image-6327\" src=\"https:\/\/www.kdrei-2009.de\/WPKdrei\/wp-content\/uploads\/2017\/03\/Maerzturnier2017_030web.png\" alt=\"\" width=\"680\" height=\"608\" srcset=\"https:\/\/www.kdrei-2009.de\/WPKdrei\/wp-content\/uploads\/2017\/03\/Maerzturnier2017_030web.png 680w, https:\/\/www.kdrei-2009.de\/WPKdrei\/wp-content\/uploads\/2017\/03\/Maerzturnier2017_030web-300x268.png 300w\" sizes=\"(max-width: 680px) 100vw, 680px\" \/><\/a> <a href=\"https:\/\/www.kdrei-2009.de\/WPKdrei\/wp-content\/uploads\/2017\/03\/Maerzturnier2017_032web.png\" rel=\"lightbox[6338]\"><img loading=\"lazy\" decoding=\"async\" class=\"alignleft size-full wp-image-6326\" src=\"https:\/\/www.kdrei-2009.de\/WPKdrei\/wp-content\/uploads\/2017\/03\/Maerzturnier2017_032web.png\" alt=\"\" width=\"680\" height=\"695\" srcset=\"https:\/\/www.kdrei-2009.de\/WPKdrei\/wp-content\/uploads\/2017\/03\/Maerzturnier2017_032web.png 680w, https:\/\/www.kdrei-2009.de\/WPKdrei\/wp-content\/uploads\/2017\/03\/Maerzturnier2017_032web-294x300.png 294w\" sizes=\"(max-width: 680px) 100vw, 680px\" \/><\/a> <a href=\"https:\/\/www.kdrei-2009.de\/WPKdrei\/wp-content\/uploads\/2017\/03\/Maerzturnier2017_035web.png\" rel=\"lightbox[6338]\"><img loading=\"lazy\" decoding=\"async\" class=\"alignleft size-full wp-image-6325\" src=\"https:\/\/www.kdrei-2009.de\/WPKdrei\/wp-content\/uploads\/2017\/03\/Maerzturnier2017_035web.png\" alt=\"\" width=\"680\" height=\"565\" srcset=\"https:\/\/www.kdrei-2009.de\/WPKdrei\/wp-content\/uploads\/2017\/03\/Maerzturnier2017_035web.png 680w, https:\/\/www.kdrei-2009.de\/WPKdrei\/wp-content\/uploads\/2017\/03\/Maerzturnier2017_035web-300x249.png 300w\" sizes=\"(max-width: 680px) 100vw, 680px\" \/><\/a> <a href=\"https:\/\/www.kdrei-2009.de\/WPKdrei\/wp-content\/uploads\/2017\/03\/Maerzturnier2017_044web.png\" rel=\"lightbox[6338]\"><img loading=\"lazy\" decoding=\"async\" class=\"alignleft size-full wp-image-6324\" src=\"https:\/\/www.kdrei-2009.de\/WPKdrei\/wp-content\/uploads\/2017\/03\/Maerzturnier2017_044web.png\" alt=\"\" width=\"680\" height=\"515\" srcset=\"https:\/\/www.kdrei-2009.de\/WPKdrei\/wp-content\/uploads\/2017\/03\/Maerzturnier2017_044web.png 680w, https:\/\/www.kdrei-2009.de\/WPKdrei\/wp-content\/uploads\/2017\/03\/Maerzturnier2017_044web-300x227.png 300w\" sizes=\"(max-width: 680px) 100vw, 680px\" \/><\/a> <a href=\"https:\/\/www.kdrei-2009.de\/WPKdrei\/wp-content\/uploads\/2017\/03\/Maerzturnier2017_036web.png\" rel=\"lightbox[6338]\"><img loading=\"lazy\" decoding=\"async\" class=\"alignleft size-full wp-image-6323\" src=\"https:\/\/www.kdrei-2009.de\/WPKdrei\/wp-content\/uploads\/2017\/03\/Maerzturnier2017_036web.png\" alt=\"\" width=\"680\" height=\"322\" srcset=\"https:\/\/www.kdrei-2009.de\/WPKdrei\/wp-content\/uploads\/2017\/03\/Maerzturnier2017_036web.png 680w, https:\/\/www.kdrei-2009.de\/WPKdrei\/wp-content\/uploads\/2017\/03\/Maerzturnier2017_036web-300x142.png 300w\" sizes=\"(max-width: 680px) 100vw, 680px\" \/><\/a> <a href=\"https:\/\/www.kdrei-2009.de\/WPKdrei\/wp-content\/uploads\/2017\/03\/Maerzturnier2017_038web.png\" rel=\"lightbox[6338]\"><img loading=\"lazy\" decoding=\"async\" class=\"alignleft size-full wp-image-6322\" src=\"https:\/\/www.kdrei-2009.de\/WPKdrei\/wp-content\/uploads\/2017\/03\/Maerzturnier2017_038web.png\" alt=\"\" width=\"680\" height=\"469\" srcset=\"https:\/\/www.kdrei-2009.de\/WPKdrei\/wp-content\/uploads\/2017\/03\/Maerzturnier2017_038web.png 680w, https:\/\/www.kdrei-2009.de\/WPKdrei\/wp-content\/uploads\/2017\/03\/Maerzturnier2017_038web-300x207.png 300w\" sizes=\"(max-width: 680px) 100vw, 680px\" \/><\/a> <a href=\"https:\/\/www.kdrei-2009.de\/WPKdrei\/wp-content\/uploads\/2017\/03\/Maerzturnier2017_041web.png\" rel=\"lightbox[6338]\"><img loading=\"lazy\" decoding=\"async\" class=\"alignleft size-full wp-image-6321\" src=\"https:\/\/www.kdrei-2009.de\/WPKdrei\/wp-content\/uploads\/2017\/03\/Maerzturnier2017_041web.png\" alt=\"\" width=\"680\" height=\"401\" srcset=\"https:\/\/www.kdrei-2009.de\/WPKdrei\/wp-content\/uploads\/2017\/03\/Maerzturnier2017_041web.png 680w, https:\/\/www.kdrei-2009.de\/WPKdrei\/wp-content\/uploads\/2017\/03\/Maerzturnier2017_041web-300x177.png 300w\" sizes=\"(max-width: 680px) 100vw, 680px\" \/><\/a> <a href=\"https:\/\/www.kdrei-2009.de\/WPKdrei\/wp-content\/uploads\/2017\/03\/Maerzturnier2017_042web.png\" rel=\"lightbox[6338]\"><img loading=\"lazy\" decoding=\"async\" class=\"alignleft size-full wp-image-6320\" src=\"https:\/\/www.kdrei-2009.de\/WPKdrei\/wp-content\/uploads\/2017\/03\/Maerzturnier2017_042web.png\" alt=\"\" width=\"680\" height=\"386\" srcset=\"https:\/\/www.kdrei-2009.de\/WPKdrei\/wp-content\/uploads\/2017\/03\/Maerzturnier2017_042web.png 680w, https:\/\/www.kdrei-2009.de\/WPKdrei\/wp-content\/uploads\/2017\/03\/Maerzturnier2017_042web-300x170.png 300w\" sizes=\"(max-width: 680px) 100vw, 680px\" \/><\/a> <a href=\"https:\/\/www.kdrei-2009.de\/WPKdrei\/wp-content\/uploads\/2017\/03\/Maerzturnier2017_046web.png\" rel=\"lightbox[6338]\"><img loading=\"lazy\" decoding=\"async\" class=\"alignleft size-full wp-image-6319\" src=\"https:\/\/www.kdrei-2009.de\/WPKdrei\/wp-content\/uploads\/2017\/03\/Maerzturnier2017_046web.png\" alt=\"\" width=\"680\" height=\"561\" srcset=\"https:\/\/www.kdrei-2009.de\/WPKdrei\/wp-content\/uploads\/2017\/03\/Maerzturnier2017_046web.png 680w, https:\/\/www.kdrei-2009.de\/WPKdrei\/wp-content\/uploads\/2017\/03\/Maerzturnier2017_046web-300x248.png 300w\" sizes=\"(max-width: 680px) 100vw, 680px\" \/><\/a> <a href=\"https:\/\/www.kdrei-2009.de\/WPKdrei\/wp-content\/uploads\/2017\/03\/Maerzturnier2017_047web.png\" rel=\"lightbox[6338]\"><img loading=\"lazy\" decoding=\"async\" class=\"alignleft size-full wp-image-6318\" src=\"https:\/\/www.kdrei-2009.de\/WPKdrei\/wp-content\/uploads\/2017\/03\/Maerzturnier2017_047web.png\" alt=\"\" width=\"680\" height=\"740\" srcset=\"https:\/\/www.kdrei-2009.de\/WPKdrei\/wp-content\/uploads\/2017\/03\/Maerzturnier2017_047web.png 680w, https:\/\/www.kdrei-2009.de\/WPKdrei\/wp-content\/uploads\/2017\/03\/Maerzturnier2017_047web-276x300.png 276w\" sizes=\"(max-width: 680px) 100vw, 680px\" \/><\/a> <a href=\"https:\/\/www.kdrei-2009.de\/WPKdrei\/wp-content\/uploads\/2017\/03\/Maerzturnier2017_048web.png\" rel=\"lightbox[6338]\"><img loading=\"lazy\" decoding=\"async\" class=\"alignleft size-full wp-image-6317\" src=\"https:\/\/www.kdrei-2009.de\/WPKdrei\/wp-content\/uploads\/2017\/03\/Maerzturnier2017_048web.png\" alt=\"\" width=\"680\" height=\"694\" srcset=\"https:\/\/www.kdrei-2009.de\/WPKdrei\/wp-content\/uploads\/2017\/03\/Maerzturnier2017_048web.png 680w, https:\/\/www.kdrei-2009.de\/WPKdrei\/wp-content\/uploads\/2017\/03\/Maerzturnier2017_048web-294x300.png 294w\" sizes=\"(max-width: 680px) 100vw, 680px\" \/><\/a> <a href=\"https:\/\/www.kdrei-2009.de\/WPKdrei\/wp-content\/uploads\/2017\/03\/Maerzturnier2017_049web.png\" rel=\"lightbox[6338]\"><img loading=\"lazy\" decoding=\"async\" class=\"alignleft size-full wp-image-6316\" src=\"https:\/\/www.kdrei-2009.de\/WPKdrei\/wp-content\/uploads\/2017\/03\/Maerzturnier2017_049web.png\" alt=\"\" width=\"680\" height=\"384\" srcset=\"https:\/\/www.kdrei-2009.de\/WPKdrei\/wp-content\/uploads\/2017\/03\/Maerzturnier2017_049web.png 680w, https:\/\/www.kdrei-2009.de\/WPKdrei\/wp-content\/uploads\/2017\/03\/Maerzturnier2017_049web-300x169.png 300w\" sizes=\"(max-width: 680px) 100vw, 680px\" \/><\/a> <a href=\"https:\/\/www.kdrei-2009.de\/WPKdrei\/wp-content\/uploads\/2017\/03\/Maerzturnier2017_051web.png\" rel=\"lightbox[6338]\"><img loading=\"lazy\" decoding=\"async\" class=\"alignleft size-full wp-image-6315\" src=\"https:\/\/www.kdrei-2009.de\/WPKdrei\/wp-content\/uploads\/2017\/03\/Maerzturnier2017_051web.png\" alt=\"\" width=\"680\" height=\"524\" srcset=\"https:\/\/www.kdrei-2009.de\/WPKdrei\/wp-content\/uploads\/2017\/03\/Maerzturnier2017_051web.png 680w, https:\/\/www.kdrei-2009.de\/WPKdrei\/wp-content\/uploads\/2017\/03\/Maerzturnier2017_051web-300x231.png 300w\" sizes=\"(max-width: 680px) 100vw, 680px\" \/><\/a> <a href=\"https:\/\/www.kdrei-2009.de\/WPKdrei\/wp-content\/uploads\/2017\/03\/Maerzturnier2017_006web.png\" rel=\"lightbox[6338]\"><img loading=\"lazy\" decoding=\"async\" class=\"alignleft size-full wp-image-6314\" src=\"https:\/\/www.kdrei-2009.de\/WPKdrei\/wp-content\/uploads\/2017\/03\/Maerzturnier2017_006web.png\" alt=\"\" width=\"680\" height=\"500\" srcset=\"https:\/\/www.kdrei-2009.de\/WPKdrei\/wp-content\/uploads\/2017\/03\/Maerzturnier2017_006web.png 680w, https:\/\/www.kdrei-2009.de\/WPKdrei\/wp-content\/uploads\/2017\/03\/Maerzturnier2017_006web-300x221.png 300w\" sizes=\"(max-width: 680px) 100vw, 680px\" \/><\/a> <a href=\"https:\/\/www.kdrei-2009.de\/WPKdrei\/wp-content\/uploads\/2017\/03\/Maerzturnier2017_008web.png\" rel=\"lightbox[6338]\"><img loading=\"lazy\" decoding=\"async\" class=\"alignleft size-full wp-image-6313\" src=\"https:\/\/www.kdrei-2009.de\/WPKdrei\/wp-content\/uploads\/2017\/03\/Maerzturnier2017_008web.png\" alt=\"\" width=\"680\" height=\"601\" srcset=\"https:\/\/www.kdrei-2009.de\/WPKdrei\/wp-content\/uploads\/2017\/03\/Maerzturnier2017_008web.png 680w, https:\/\/www.kdrei-2009.de\/WPKdrei\/wp-content\/uploads\/2017\/03\/Maerzturnier2017_008web-300x265.png 300w\" sizes=\"(max-width: 680px) 100vw, 680px\" \/><\/a> <a href=\"https:\/\/www.kdrei-2009.de\/WPKdrei\/wp-content\/uploads\/2017\/03\/Maerzturnier2017_009web.png\" rel=\"lightbox[6338]\"><img loading=\"lazy\" decoding=\"async\" class=\"alignleft size-full wp-image-6312\" src=\"https:\/\/www.kdrei-2009.de\/WPKdrei\/wp-content\/uploads\/2017\/03\/Maerzturnier2017_009web.png\" alt=\"\" width=\"680\" height=\"405\" srcset=\"https:\/\/www.kdrei-2009.de\/WPKdrei\/wp-content\/uploads\/2017\/03\/Maerzturnier2017_009web.png 680w, https:\/\/www.kdrei-2009.de\/WPKdrei\/wp-content\/uploads\/2017\/03\/Maerzturnier2017_009web-300x179.png 300w\" sizes=\"(max-width: 680px) 100vw, 680px\" \/><\/a> <a href=\"https:\/\/www.kdrei-2009.de\/WPKdrei\/wp-content\/uploads\/2017\/03\/Maerzturnier2017_011web.png\" rel=\"lightbox[6338]\"><img loading=\"lazy\" decoding=\"async\" class=\"alignleft size-full wp-image-6311\" src=\"https:\/\/www.kdrei-2009.de\/WPKdrei\/wp-content\/uploads\/2017\/03\/Maerzturnier2017_011web.png\" alt=\"\" width=\"680\" height=\"358\" srcset=\"https:\/\/www.kdrei-2009.de\/WPKdrei\/wp-content\/uploads\/2017\/03\/Maerzturnier2017_011web.png 680w, https:\/\/www.kdrei-2009.de\/WPKdrei\/wp-content\/uploads\/2017\/03\/Maerzturnier2017_011web-300x158.png 300w\" sizes=\"(max-width: 680px) 100vw, 680px\" \/><\/a> <a href=\"https:\/\/www.kdrei-2009.de\/WPKdrei\/wp-content\/uploads\/2017\/03\/Maerzturnier2017_012web.png\" rel=\"lightbox[6338]\"><img loading=\"lazy\" decoding=\"async\" class=\"alignleft size-full wp-image-6310\" src=\"https:\/\/www.kdrei-2009.de\/WPKdrei\/wp-content\/uploads\/2017\/03\/Maerzturnier2017_012web.png\" alt=\"\" width=\"680\" height=\"579\" srcset=\"https:\/\/www.kdrei-2009.de\/WPKdrei\/wp-content\/uploads\/2017\/03\/Maerzturnier2017_012web.png 680w, https:\/\/www.kdrei-2009.de\/WPKdrei\/wp-content\/uploads\/2017\/03\/Maerzturnier2017_012web-300x255.png 300w\" sizes=\"(max-width: 680px) 100vw, 680px\" \/><\/a> <a href=\"https:\/\/www.kdrei-2009.de\/WPKdrei\/wp-content\/uploads\/2017\/03\/Maerzturnier2017_014web.png\" rel=\"lightbox[6338]\"><img loading=\"lazy\" decoding=\"async\" class=\"alignleft size-full wp-image-6309\" src=\"https:\/\/www.kdrei-2009.de\/WPKdrei\/wp-content\/uploads\/2017\/03\/Maerzturnier2017_014web.png\" alt=\"\" width=\"680\" height=\"718\" srcset=\"https:\/\/www.kdrei-2009.de\/WPKdrei\/wp-content\/uploads\/2017\/03\/Maerzturnier2017_014web.png 680w, https:\/\/www.kdrei-2009.de\/WPKdrei\/wp-content\/uploads\/2017\/03\/Maerzturnier2017_014web-284x300.png 284w\" sizes=\"(max-width: 680px) 100vw, 680px\" \/><\/a> <a href=\"https:\/\/www.kdrei-2009.de\/WPKdrei\/wp-content\/uploads\/2017\/03\/Maerzturnier2017_015web.png\" rel=\"lightbox[6338]\"><img loading=\"lazy\" decoding=\"async\" class=\"alignleft size-full wp-image-6308\" src=\"https:\/\/www.kdrei-2009.de\/WPKdrei\/wp-content\/uploads\/2017\/03\/Maerzturnier2017_015web.png\" alt=\"\" width=\"680\" height=\"459\" srcset=\"https:\/\/www.kdrei-2009.de\/WPKdrei\/wp-content\/uploads\/2017\/03\/Maerzturnier2017_015web.png 680w, https:\/\/www.kdrei-2009.de\/WPKdrei\/wp-content\/uploads\/2017\/03\/Maerzturnier2017_015web-300x203.png 300w\" sizes=\"(max-width: 680px) 100vw, 680px\" \/><\/a> <a href=\"https:\/\/www.kdrei-2009.de\/WPKdrei\/wp-content\/uploads\/2017\/03\/Maerzturnier2017_002web.png\" rel=\"lightbox[6338]\"><img loading=\"lazy\" decoding=\"async\" class=\"alignleft size-medium wp-image-6307\" src=\"https:\/\/www.kdrei-2009.de\/WPKdrei\/wp-content\/uploads\/2017\/03\/Maerzturnier2017_002web-300x173.png\" alt=\"\" width=\"300\" height=\"173\" srcset=\"https:\/\/www.kdrei-2009.de\/WPKdrei\/wp-content\/uploads\/2017\/03\/Maerzturnier2017_002web-300x173.png 300w, https:\/\/www.kdrei-2009.de\/WPKdrei\/wp-content\/uploads\/2017\/03\/Maerzturnier2017_002web.png 680w\" sizes=\"(max-width: 300px) 100vw, 300px\" \/><\/a><\/p>\n","protected":false},"excerpt":{"rendered":"<p>Am vergangenen Sonntag trafen sich 25 Bouler aus der Umgebung zum 4. M\u00e4rzturnier unseres Bouleclubs in den Krautg\u00e4rten. Es wurde ein kleines, feines Turnier mit sch\u00f6nen, spannenden und auch wirklich [&hellip;]<\/p>\n","protected":false},"author":1,"featured_media":0,"parent":6384,"menu_order":0,"comment_status":"closed","ping_status":"closed","template":"","meta":{"footnotes":""},"_links":{"self":[{"href":"https:\/\/www.kdrei-2009.de\/WPKdrei\/wp-json\/wp\/v2\/pages\/6338"}],"collection":[{"href":"https:\/\/www.kdrei-2009.de\/WPKdrei\/wp-json\/wp\/v2\/pages"}],"about":[{"href":"https:\/\/www.kdrei-2009.de\/WPKdrei\/wp-json\/wp\/v2\/types\/page"}],"author":[{"embeddable":true,"href":"https:\/\/www.kdrei-2009.de\/WPKdrei\/wp-json\/wp\/v2\/users\/1"}],"replies":[{"embeddable":true,"href":"https:\/\/www.kdrei-2009.de\/WPKdrei\/wp-json\/wp\/v2\/comments?post=6338"}],"version-history":[{"count":1,"href":"https:\/\/www.kdrei-2009.de\/WPKdrei\/wp-json\/wp\/v2\/pages\/6338\/revisions"}],"predecessor-version":[{"id":6341,"href":"https:\/\/www.kdrei-2009.de\/WPKdrei\/wp-json\/wp\/v2\/pages\/6338\/revisions\/6341"}],"up":[{"embeddable":true,"href":"https:\/\/www.kdrei-2009.de\/WPKdrei\/wp-json\/wp\/v2\/pages\/6384"}],"wp:attachment":[{"href":"https:\/\/www.kdrei-2009.de\/WPKdrei\/wp-json\/wp\/v2\/media?parent=6338"}],"curies":[{"name":"wp","href":"https:\/\/api.w.org\/{rel}","templated":true}]}}