{"id":6403,"date":"2017-03-18T17:38:11","date_gmt":"2017-03-18T17:38:11","guid":{"rendered":"https:\/\/www.kdrei-2009.de\/WPKdrei\/?page_id=6403"},"modified":"2017-03-19T08:27:04","modified_gmt":"2017-03-19T08:27:04","slug":"bernd-f-s-sprechblasen","status":"publish","type":"page","link":"https:\/\/www.kdrei-2009.de\/WPKdrei\/plaisanterie\/plaisanterie-2017\/bernd-f-s-sprechblasen\/","title":{"rendered":"Bernd F.s Sprechblasen"},"content":{"rendered":"<h3><span style=\"color: #808080;\">Auf speziellen Wunsch und nachtr\u00e4glich zum M\u00e4rzturnier unser Bernd mit seinen Sprechblasen. Er hat sich zu Recht auf dem verregneten Ligapokaltag in Unterensingen \u00fcber die mangelnden Sprechblasen beklagt. <\/span><\/h3>\n<p><a href=\"https:\/\/www.kdrei-2009.de\/WPKdrei\/wp-content\/uploads\/2017\/03\/Maerzturnier2017_009weba.png\" rel=\"lightbox[6403]\"><img loading=\"lazy\" decoding=\"async\" class=\"alignleft size-full wp-image-6399\" src=\"https:\/\/www.kdrei-2009.de\/WPKdrei\/wp-content\/uploads\/2017\/03\/Maerzturnier2017_009weba.png\" alt=\"\" width=\"567\" height=\"338\" srcset=\"https:\/\/www.kdrei-2009.de\/WPKdrei\/wp-content\/uploads\/2017\/03\/Maerzturnier2017_009weba.png 567w, https:\/\/www.kdrei-2009.de\/WPKdrei\/wp-content\/uploads\/2017\/03\/Maerzturnier2017_009weba-300x179.png 300w\" sizes=\"(max-width: 567px) 100vw, 567px\" \/><\/a><\/p>\n<p>&nbsp;<\/p>\n<p>&nbsp;<\/p>\n<p>&nbsp;<\/p>\n<p>&nbsp;<\/p>\n<p>&nbsp;<\/p>\n<p>&nbsp;<\/p>\n<p>&nbsp;<\/p>\n<p>&nbsp;<\/p>\n<p>&nbsp;<\/p>\n<p>&nbsp;<\/p>\n<p><a href=\"https:\/\/www.kdrei-2009.de\/WPKdrei\/wp-content\/uploads\/2017\/03\/Maerzturnier2017_012webA.png\" rel=\"lightbox[6403]\"><img loading=\"lazy\" decoding=\"async\" class=\"alignleft size-full wp-image-6398\" src=\"https:\/\/www.kdrei-2009.de\/WPKdrei\/wp-content\/uploads\/2017\/03\/Maerzturnier2017_012webA.png\" alt=\"\" width=\"567\" height=\"483\" srcset=\"https:\/\/www.kdrei-2009.de\/WPKdrei\/wp-content\/uploads\/2017\/03\/Maerzturnier2017_012webA.png 567w, https:\/\/www.kdrei-2009.de\/WPKdrei\/wp-content\/uploads\/2017\/03\/Maerzturnier2017_012webA-300x256.png 300w\" sizes=\"(max-width: 567px) 100vw, 567px\" \/><\/a><\/p>\n<p>&nbsp;<\/p>\n<p>&nbsp;<\/p>\n<p>&nbsp;<\/p>\n<p>&nbsp;<\/p>\n<p>&nbsp;<\/p>\n<p>&nbsp;<\/p>\n<p>&nbsp;<\/p>\n<p>&nbsp;<\/p>\n<p>&nbsp;<\/p>\n<p>&nbsp;<\/p>\n<p>&nbsp;<\/p>\n<p>&nbsp;<\/p>\n<p>&nbsp;<\/p>\n<p>&nbsp;<\/p>\n<p><a href=\"https:\/\/www.kdrei-2009.de\/WPKdrei\/wp-content\/uploads\/2017\/03\/Maerzturnier2017_026weba.png\" rel=\"lightbox[6403]\"><img loading=\"lazy\" decoding=\"async\" class=\"alignleft size-full wp-image-6397\" src=\"https:\/\/www.kdrei-2009.de\/WPKdrei\/wp-content\/uploads\/2017\/03\/Maerzturnier2017_026weba.png\" alt=\"\" width=\"567\" height=\"313\" srcset=\"https:\/\/www.kdrei-2009.de\/WPKdrei\/wp-content\/uploads\/2017\/03\/Maerzturnier2017_026weba.png 567w, https:\/\/www.kdrei-2009.de\/WPKdrei\/wp-content\/uploads\/2017\/03\/Maerzturnier2017_026weba-300x166.png 300w\" sizes=\"(max-width: 567px) 100vw, 567px\" \/><\/a><\/p>\n<p>&nbsp;<\/p>\n<p>&nbsp;<\/p>\n<p>&nbsp;<\/p>\n<p>&nbsp;<\/p>\n<p>&nbsp;<\/p>\n<p>&nbsp;<\/p>\n<p>&nbsp;<\/p>\n<p>&nbsp;<\/p>\n<p>&nbsp;<\/p>\n<p><a href=\"https:\/\/www.kdrei-2009.de\/WPKdrei\/wp-content\/uploads\/2017\/03\/Maerzturnier2017_049aweb.png\" rel=\"lightbox[6403]\"><img loading=\"lazy\" decoding=\"async\" class=\"alignleft size-full wp-image-6405\" src=\"https:\/\/www.kdrei-2009.de\/WPKdrei\/wp-content\/uploads\/2017\/03\/Maerzturnier2017_049aweb.png\" alt=\"\" width=\"567\" height=\"320\" srcset=\"https:\/\/www.kdrei-2009.de\/WPKdrei\/wp-content\/uploads\/2017\/03\/Maerzturnier2017_049aweb.png 567w, https:\/\/www.kdrei-2009.de\/WPKdrei\/wp-content\/uploads\/2017\/03\/Maerzturnier2017_049aweb-300x169.png 300w\" sizes=\"(max-width: 567px) 100vw, 567px\" \/><\/a><\/p>\n<p>&nbsp;<\/p>\n<p><a href=\"https:\/\/www.kdrei-2009.de\/WPKdrei\/wp-content\/uploads\/2017\/03\/Maerzturnier2017_038weba.png\" rel=\"lightbox[6403]\"><img loading=\"lazy\" decoding=\"async\" class=\"alignleft size-full wp-image-6396\" src=\"https:\/\/www.kdrei-2009.de\/WPKdrei\/wp-content\/uploads\/2017\/03\/Maerzturnier2017_038weba.png\" alt=\"\" width=\"567\" height=\"391\" srcset=\"https:\/\/www.kdrei-2009.de\/WPKdrei\/wp-content\/uploads\/2017\/03\/Maerzturnier2017_038weba.png 567w, https:\/\/www.kdrei-2009.de\/WPKdrei\/wp-content\/uploads\/2017\/03\/Maerzturnier2017_038weba-300x207.png 300w\" sizes=\"(max-width: 567px) 100vw, 567px\" \/><\/a><\/p>\n<p>&nbsp;<\/p>\n<p>&nbsp;<\/p>\n<p>&nbsp;<\/p>\n<p>&nbsp;<\/p>\n<p>&nbsp;<\/p>\n<p>&nbsp;<\/p>\n<p>&nbsp;<\/p>\n<p>&nbsp;<\/p>\n<p>&nbsp;<\/p>\n<p>&nbsp;<\/p>\n<p>&nbsp;<\/p>\n<p>&nbsp;<\/p>\n<p>&nbsp;<\/p>\n<p>&nbsp;<\/p>\n<p>&nbsp;<\/p>\n<p><a href=\"https:\/\/www.kdrei-2009.de\/WPKdrei\/wp-content\/uploads\/2017\/03\/Maerzturnier2017_048weba.png\" rel=\"lightbox[6403]\"><img loading=\"lazy\" decoding=\"async\" class=\"alignleft size-full wp-image-6395\" src=\"https:\/\/www.kdrei-2009.de\/WPKdrei\/wp-content\/uploads\/2017\/03\/Maerzturnier2017_048weba.png\" alt=\"\" width=\"567\" height=\"579\" srcset=\"https:\/\/www.kdrei-2009.de\/WPKdrei\/wp-content\/uploads\/2017\/03\/Maerzturnier2017_048weba.png 567w, https:\/\/www.kdrei-2009.de\/WPKdrei\/wp-content\/uploads\/2017\/03\/Maerzturnier2017_048weba-294x300.png 294w\" sizes=\"(max-width: 567px) 100vw, 567px\" \/><\/a><\/p>\n<p>&nbsp;<\/p>\n<p>&nbsp;<\/p>\n<p>&nbsp;<\/p>\n<p>&nbsp;<\/p>\n<p>&nbsp;<\/p>\n<p>&nbsp;<\/p>\n<p>&nbsp;<\/p>\n<p>&nbsp;<\/p>\n<p>&nbsp;<\/p>\n<p>&nbsp;<\/p>\n<p>&nbsp;<\/p>\n<p>&nbsp;<\/p>\n<p>&nbsp;<\/p>\n<p>&nbsp;<\/p>\n<p>&nbsp;<\/p>\n<p>&nbsp;<\/p>\n<p>&nbsp;<\/p>\n<p><a href=\"https:\/\/www.kdrei-2009.de\/WPKdrei\/wp-content\/uploads\/2017\/03\/Maerzturnier2017_041weba.png\" rel=\"lightbox[6403]\"><img loading=\"lazy\" decoding=\"async\" class=\"alignleft size-full wp-image-6394\" src=\"https:\/\/www.kdrei-2009.de\/WPKdrei\/wp-content\/uploads\/2017\/03\/Maerzturnier2017_041weba.png\" alt=\"\" width=\"567\" height=\"334\" srcset=\"https:\/\/www.kdrei-2009.de\/WPKdrei\/wp-content\/uploads\/2017\/03\/Maerzturnier2017_041weba.png 567w, https:\/\/www.kdrei-2009.de\/WPKdrei\/wp-content\/uploads\/2017\/03\/Maerzturnier2017_041weba-300x177.png 300w\" sizes=\"(max-width: 567px) 100vw, 567px\" \/><\/a><\/p>\n","protected":false},"excerpt":{"rendered":"<p>Auf speziellen Wunsch und nachtr\u00e4glich zum M\u00e4rzturnier unser Bernd mit seinen Sprechblasen. Er hat sich zu Recht auf dem verregneten Ligapokaltag in Unterensingen \u00fcber die mangelnden Sprechblasen beklagt. &nbsp; &nbsp; [&hellip;]<\/p>\n","protected":false},"author":1,"featured_media":0,"parent":6268,"menu_order":0,"comment_status":"open","ping_status":"closed","template":"","meta":{"footnotes":""},"_links":{"self":[{"href":"https:\/\/www.kdrei-2009.de\/WPKdrei\/wp-json\/wp\/v2\/pages\/6403"}],"collection":[{"href":"https:\/\/www.kdrei-2009.de\/WPKdrei\/wp-json\/wp\/v2\/pages"}],"about":[{"href":"https:\/\/www.kdrei-2009.de\/WPKdrei\/wp-json\/wp\/v2\/types\/page"}],"author":[{"embeddable":true,"href":"https:\/\/www.kdrei-2009.de\/WPKdrei\/wp-json\/wp\/v2\/users\/1"}],"replies":[{"embeddable":true,"href":"https:\/\/www.kdrei-2009.de\/WPKdrei\/wp-json\/wp\/v2\/comments?post=6403"}],"version-history":[{"count":2,"href":"https:\/\/www.kdrei-2009.de\/WPKdrei\/wp-json\/wp\/v2\/pages\/6403\/revisions"}],"predecessor-version":[{"id":6406,"href":"https:\/\/www.kdrei-2009.de\/WPKdrei\/wp-json\/wp\/v2\/pages\/6403\/revisions\/6406"}],"up":[{"embeddable":true,"href":"https:\/\/www.kdrei-2009.de\/WPKdrei\/wp-json\/wp\/v2\/pages\/6268"}],"wp:attachment":[{"href":"https:\/\/www.kdrei-2009.de\/WPKdrei\/wp-json\/wp\/v2\/media?parent=6403"}],"curies":[{"name":"wp","href":"https:\/\/api.w.org\/{rel}","templated":true}]}}