{"id":6445,"date":"2017-03-27T09:39:44","date_gmt":"2017-03-27T09:39:44","guid":{"rendered":"https:\/\/www.kdrei-2009.de\/WPKdrei\/?page_id=6445"},"modified":"2017-03-27T09:48:00","modified_gmt":"2017-03-27T09:48:00","slug":"training-in-den-krautgaerten","status":"publish","type":"page","link":"https:\/\/www.kdrei-2009.de\/WPKdrei\/kugelsport-2\/visuelles-2016\/liga-2017-2\/training-in-den-krautgaerten\/","title":{"rendered":"Training in den Krautg\u00e4rten"},"content":{"rendered":"<h3><span style=\"color: #808080;\">Ja, warum sich eigentlich nicht mal was zeigen lassen? Der Blick auf das eigene K\u00f6nnen ist oft getr\u00fcbt oder nicht wirklich objektiv&#8230;Deshalb haben wir den Gerald gefragt. Als ausgebildeter Trainer, Gourmet und Weinliebhaber und echter Boulefreund haben wir die richtige Entscheidung getroffen. Wir hatten eine Menge Spass und wieder viel neues gelernt oder entdeckt. Der Tag war \u00e4usserst kurzweilig, interessant und wir wurden sogar den ganzen Tag von der Sonne verw\u00f6hnt. Nach legen, schiessen, halbhoch, mittelhoch, Sau ziehen, versteckte Kugel treffen, keine Falsche anspielen usw&#8230;kam dann auch irgendwann Hunger auf. Wir hatten Leckeres vom Grill und die \u00fcblichen Erfrischungsgetr\u00e4nke die das Boulerherz h\u00f6her schlagen lassen. Alle Teilnehmer waren begeistert und am Ende auch etwas matt, aufgrund des anstrengenden Trainings. Nochmals herzlichen Dank an Gerald Jantschik f\u00fcr seine klasse Traingseinheit. <\/span><\/h3>\n<div id=\"attachment_6428\" style=\"width: 577px\" class=\"wp-caption alignleft\"><a href=\"https:\/\/www.kdrei-2009.de\/WPKdrei\/wp-content\/uploads\/2017\/03\/K3-Training2017_07web.png\" rel=\"lightbox[6445]\"><img loading=\"lazy\" decoding=\"async\" aria-describedby=\"caption-attachment-6428\" class=\"size-full wp-image-6428\" src=\"https:\/\/www.kdrei-2009.de\/WPKdrei\/wp-content\/uploads\/2017\/03\/K3-Training2017_07web.png\" alt=\"\" width=\"567\" height=\"567\" srcset=\"https:\/\/www.kdrei-2009.de\/WPKdrei\/wp-content\/uploads\/2017\/03\/K3-Training2017_07web.png 567w, https:\/\/www.kdrei-2009.de\/WPKdrei\/wp-content\/uploads\/2017\/03\/K3-Training2017_07web-150x150.png 150w, https:\/\/www.kdrei-2009.de\/WPKdrei\/wp-content\/uploads\/2017\/03\/K3-Training2017_07web-300x300.png 300w\" sizes=\"(max-width: 567px) 100vw, 567px\" \/><\/a><p id=\"caption-attachment-6428\" class=\"wp-caption-text\">Kurze Einweisung und Gruppenbildung..dann gings schon los.<\/p><\/div>\n<p>&nbsp;<\/p>\n<p>&nbsp;<\/p>\n<p>&nbsp;<\/p>\n<p>&nbsp;<\/p>\n<p>&nbsp;<\/p>\n<p>&nbsp;<\/p>\n<p>&nbsp;<\/p>\n<p>&nbsp;<\/p>\n<p>&nbsp;<\/p>\n<p>&nbsp;<\/p>\n<p>&nbsp;<\/p>\n<p>&nbsp;<\/p>\n<p>&nbsp;<\/p>\n<p>&nbsp;<\/p>\n<p>&nbsp;<\/p>\n<p>&nbsp;<\/p>\n<p>&nbsp;<\/p>\n<p>&nbsp;<\/p>\n<p>&nbsp;<\/p>\n<div id=\"attachment_6426\" style=\"width: 577px\" class=\"wp-caption alignleft\"><a href=\"https:\/\/www.kdrei-2009.de\/WPKdrei\/wp-content\/uploads\/2017\/03\/K3-Training2017_06web.png\" rel=\"lightbox[6445]\"><img loading=\"lazy\" decoding=\"async\" aria-describedby=\"caption-attachment-6426\" class=\"wp-image-6426 size-full\" src=\"https:\/\/www.kdrei-2009.de\/WPKdrei\/wp-content\/uploads\/2017\/03\/K3-Training2017_06web.png\" alt=\"\" width=\"567\" height=\"567\" srcset=\"https:\/\/www.kdrei-2009.de\/WPKdrei\/wp-content\/uploads\/2017\/03\/K3-Training2017_06web.png 567w, https:\/\/www.kdrei-2009.de\/WPKdrei\/wp-content\/uploads\/2017\/03\/K3-Training2017_06web-150x150.png 150w, https:\/\/www.kdrei-2009.de\/WPKdrei\/wp-content\/uploads\/2017\/03\/K3-Training2017_06web-300x300.png 300w\" sizes=\"(max-width: 567px) 100vw, 567px\" \/><\/a><p id=\"caption-attachment-6426\" class=\"wp-caption-text\">Beim Boule ist fast alles rund..wie der Name schon sagt.<\/p><\/div>\n<p>&nbsp;<\/p>\n<p>&nbsp;<\/p>\n<p>&nbsp;<\/p>\n<p>&nbsp;<\/p>\n<p>&nbsp;<\/p>\n<p>&nbsp;<\/p>\n<p>&nbsp;<\/p>\n<p>&nbsp;<\/p>\n<p>&nbsp;<\/p>\n<p>&nbsp;<\/p>\n<p>&nbsp;<\/p>\n<p>&nbsp;<\/p>\n<p>&nbsp;<\/p>\n<p>&nbsp;<\/p>\n<p>&nbsp;<\/p>\n<p>&nbsp;<\/p>\n<p>&nbsp;<\/p>\n<p>&nbsp;<\/p>\n<p>&nbsp;<\/p>\n<div id=\"attachment_6425\" style=\"width: 577px\" class=\"wp-caption alignleft\"><a href=\"https:\/\/www.kdrei-2009.de\/WPKdrei\/wp-content\/uploads\/2017\/03\/K3-Training2017_05web.png\" rel=\"lightbox[6445]\"><img loading=\"lazy\" decoding=\"async\" aria-describedby=\"caption-attachment-6425\" class=\"size-full wp-image-6425\" src=\"https:\/\/www.kdrei-2009.de\/WPKdrei\/wp-content\/uploads\/2017\/03\/K3-Training2017_05web.png\" alt=\"\" width=\"567\" height=\"567\" srcset=\"https:\/\/www.kdrei-2009.de\/WPKdrei\/wp-content\/uploads\/2017\/03\/K3-Training2017_05web.png 567w, https:\/\/www.kdrei-2009.de\/WPKdrei\/wp-content\/uploads\/2017\/03\/K3-Training2017_05web-150x150.png 150w, https:\/\/www.kdrei-2009.de\/WPKdrei\/wp-content\/uploads\/2017\/03\/K3-Training2017_05web-300x300.png 300w\" sizes=\"(max-width: 567px) 100vw, 567px\" \/><\/a><p id=\"caption-attachment-6425\" class=\"wp-caption-text\">Kontrolle und Beobachtung ist das A und O&#8230;<\/p><\/div>\n<p>&nbsp;<\/p>\n<p>&nbsp;<\/p>\n<p>&nbsp;<\/p>\n<p>&nbsp;<\/p>\n<p>&nbsp;<\/p>\n<p>&nbsp;<\/p>\n<p>&nbsp;<\/p>\n<p>&nbsp;<\/p>\n<p>&nbsp;<\/p>\n<p>&nbsp;<\/p>\n<p>&nbsp;<\/p>\n<p>&nbsp;<\/p>\n<p>&nbsp;<\/p>\n<p>&nbsp;<\/p>\n<p>&nbsp;<\/p>\n<p>&nbsp;<\/p>\n<p>&nbsp;<\/p>\n<p>&nbsp;<\/p>\n<p>&nbsp;<\/p>\n<div id=\"attachment_6421\" style=\"width: 577px\" class=\"wp-caption alignleft\"><a href=\"https:\/\/www.kdrei-2009.de\/WPKdrei\/wp-content\/uploads\/2017\/03\/K3-Training2017_01web.png\" rel=\"lightbox[6445]\"><img loading=\"lazy\" decoding=\"async\" aria-describedby=\"caption-attachment-6421\" class=\"wp-image-6421 size-full\" src=\"https:\/\/www.kdrei-2009.de\/WPKdrei\/wp-content\/uploads\/2017\/03\/K3-Training2017_01web.png\" alt=\"\" width=\"567\" height=\"567\" srcset=\"https:\/\/www.kdrei-2009.de\/WPKdrei\/wp-content\/uploads\/2017\/03\/K3-Training2017_01web.png 567w, https:\/\/www.kdrei-2009.de\/WPKdrei\/wp-content\/uploads\/2017\/03\/K3-Training2017_01web-150x150.png 150w, https:\/\/www.kdrei-2009.de\/WPKdrei\/wp-content\/uploads\/2017\/03\/K3-Training2017_01web-300x300.png 300w\" sizes=\"(max-width: 567px) 100vw, 567px\" \/><\/a><p id=\"caption-attachment-6421\" class=\"wp-caption-text\">Es gibt ein Bild, aber viele verschiedene Meinungen dazu.<\/p><\/div>\n<p>&nbsp;<\/p>\n<p>&nbsp;<\/p>\n<p>&nbsp;<\/p>\n<p>&nbsp;<\/p>\n<p>&nbsp;<\/p>\n<p>&nbsp;<\/p>\n<p>&nbsp;<\/p>\n<p>&nbsp;<\/p>\n<p>&nbsp;<\/p>\n<p>&nbsp;<\/p>\n<p>&nbsp;<\/p>\n<p>&nbsp;<\/p>\n<p>&nbsp;<\/p>\n<p>&nbsp;<\/p>\n<p>&nbsp;<\/p>\n<p>&nbsp;<\/p>\n<p>&nbsp;<\/p>\n<p>&nbsp;<\/p>\n<p>&nbsp;<\/p>\n<div id=\"attachment_6422\" style=\"width: 577px\" class=\"wp-caption alignleft\"><a href=\"https:\/\/www.kdrei-2009.de\/WPKdrei\/wp-content\/uploads\/2017\/03\/K3-Training2017_02web.png\" rel=\"lightbox[6445]\"><img loading=\"lazy\" decoding=\"async\" aria-describedby=\"caption-attachment-6422\" class=\"size-full wp-image-6422\" src=\"https:\/\/www.kdrei-2009.de\/WPKdrei\/wp-content\/uploads\/2017\/03\/K3-Training2017_02web.png\" alt=\"\" width=\"567\" height=\"567\" srcset=\"https:\/\/www.kdrei-2009.de\/WPKdrei\/wp-content\/uploads\/2017\/03\/K3-Training2017_02web.png 567w, https:\/\/www.kdrei-2009.de\/WPKdrei\/wp-content\/uploads\/2017\/03\/K3-Training2017_02web-150x150.png 150w, https:\/\/www.kdrei-2009.de\/WPKdrei\/wp-content\/uploads\/2017\/03\/K3-Training2017_02web-300x300.png 300w\" sizes=\"(max-width: 567px) 100vw, 567px\" \/><\/a><p id=\"caption-attachment-6422\" class=\"wp-caption-text\">Soviel Konzentration haben wir selten auf dem Platz&#8230;<\/p><\/div>\n<p>&nbsp;<\/p>\n<p>&nbsp;<\/p>\n<p>&nbsp;<\/p>\n<p>&nbsp;<\/p>\n<p>&nbsp;<\/p>\n<p>&nbsp;<\/p>\n<p>&nbsp;<\/p>\n<p>&nbsp;<\/p>\n<p>&nbsp;<\/p>\n<p>&nbsp;<\/p>\n<p>&nbsp;<\/p>\n<p>&nbsp;<\/p>\n<p>&nbsp;<\/p>\n<p>&nbsp;<\/p>\n<p>&nbsp;<\/p>\n<p>&nbsp;<\/p>\n<p>&nbsp;<\/p>\n<p>&nbsp;<\/p>\n<p>&nbsp;<\/p>\n<div id=\"attachment_6423\" style=\"width: 577px\" class=\"wp-caption alignleft\"><a href=\"https:\/\/www.kdrei-2009.de\/WPKdrei\/wp-content\/uploads\/2017\/03\/K3-Training2017_03web.png\" rel=\"lightbox[6445]\"><img loading=\"lazy\" decoding=\"async\" aria-describedby=\"caption-attachment-6423\" class=\"size-full wp-image-6423\" src=\"https:\/\/www.kdrei-2009.de\/WPKdrei\/wp-content\/uploads\/2017\/03\/K3-Training2017_03web.png\" alt=\"\" width=\"567\" height=\"567\" srcset=\"https:\/\/www.kdrei-2009.de\/WPKdrei\/wp-content\/uploads\/2017\/03\/K3-Training2017_03web.png 567w, https:\/\/www.kdrei-2009.de\/WPKdrei\/wp-content\/uploads\/2017\/03\/K3-Training2017_03web-150x150.png 150w, https:\/\/www.kdrei-2009.de\/WPKdrei\/wp-content\/uploads\/2017\/03\/K3-Training2017_03web-300x300.png 300w\" sizes=\"(max-width: 567px) 100vw, 567px\" \/><\/a><p id=\"caption-attachment-6423\" class=\"wp-caption-text\">Gerald zieht seine Kreise.<\/p><\/div>\n<p>&nbsp;<\/p>\n<p>&nbsp;<\/p>\n<p>&nbsp;<\/p>\n<p>&nbsp;<\/p>\n<p>&nbsp;<\/p>\n<p>&nbsp;<\/p>\n<p>&nbsp;<\/p>\n<p>&nbsp;<\/p>\n<p>&nbsp;<\/p>\n<p>&nbsp;<\/p>\n<p>&nbsp;<\/p>\n<p>&nbsp;<\/p>\n<p>&nbsp;<\/p>\n<p>&nbsp;<\/p>\n<p>&nbsp;<\/p>\n<p>&nbsp;<\/p>\n<p>&nbsp;<\/p>\n<p>&nbsp;<\/p>\n<p>&nbsp;<\/p>\n<div id=\"attachment_6424\" style=\"width: 577px\" class=\"wp-caption alignleft\"><a href=\"https:\/\/www.kdrei-2009.de\/WPKdrei\/wp-content\/uploads\/2017\/03\/K3-Training2017_04web.png\" rel=\"lightbox[6445]\"><img loading=\"lazy\" decoding=\"async\" aria-describedby=\"caption-attachment-6424\" class=\"size-full wp-image-6424\" src=\"https:\/\/www.kdrei-2009.de\/WPKdrei\/wp-content\/uploads\/2017\/03\/K3-Training2017_04web.png\" alt=\"\" width=\"567\" height=\"567\" srcset=\"https:\/\/www.kdrei-2009.de\/WPKdrei\/wp-content\/uploads\/2017\/03\/K3-Training2017_04web.png 567w, https:\/\/www.kdrei-2009.de\/WPKdrei\/wp-content\/uploads\/2017\/03\/K3-Training2017_04web-150x150.png 150w, https:\/\/www.kdrei-2009.de\/WPKdrei\/wp-content\/uploads\/2017\/03\/K3-Training2017_04web-300x300.png 300w\" sizes=\"(max-width: 567px) 100vw, 567px\" \/><\/a><p id=\"caption-attachment-6424\" class=\"wp-caption-text\">Kugel zur Sau..aber schnell..<\/p><\/div>\n<p>&nbsp;<\/p>\n<p>&nbsp;<\/p>\n<p>&nbsp;<\/p>\n<p>&nbsp;<\/p>\n<p>&nbsp;<\/p>\n<p>&nbsp;<\/p>\n<p>&nbsp;<\/p>\n<p>&nbsp;<\/p>\n<p>&nbsp;<\/p>\n<p>&nbsp;<\/p>\n<p>&nbsp;<\/p>\n<p>&nbsp;<\/p>\n<p>&nbsp;<\/p>\n<p>&nbsp;<\/p>\n<p>&nbsp;<\/p>\n<p>&nbsp;<\/p>\n<p>&nbsp;<\/p>\n<p>&nbsp;<\/p>\n<p>&nbsp;<\/p>\n<div id=\"attachment_6429\" style=\"width: 577px\" class=\"wp-caption alignleft\"><a href=\"https:\/\/www.kdrei-2009.de\/WPKdrei\/wp-content\/uploads\/2017\/03\/K3-Training2017_10web.png\" rel=\"lightbox[6445]\"><img loading=\"lazy\" decoding=\"async\" aria-describedby=\"caption-attachment-6429\" class=\"size-full wp-image-6429\" src=\"https:\/\/www.kdrei-2009.de\/WPKdrei\/wp-content\/uploads\/2017\/03\/K3-Training2017_10web.png\" alt=\"\" width=\"567\" height=\"567\" srcset=\"https:\/\/www.kdrei-2009.de\/WPKdrei\/wp-content\/uploads\/2017\/03\/K3-Training2017_10web.png 567w, https:\/\/www.kdrei-2009.de\/WPKdrei\/wp-content\/uploads\/2017\/03\/K3-Training2017_10web-150x150.png 150w, https:\/\/www.kdrei-2009.de\/WPKdrei\/wp-content\/uploads\/2017\/03\/K3-Training2017_10web-300x300.png 300w\" sizes=\"(max-width: 567px) 100vw, 567px\" \/><\/a><p id=\"caption-attachment-6429\" class=\"wp-caption-text\">Cochonet zur Kugel&#8230;aber schnell!<\/p><\/div>\n<p>&nbsp;<\/p>\n<p>&nbsp;<\/p>\n<p>&nbsp;<\/p>\n<p>&nbsp;<\/p>\n<p>&nbsp;<\/p>\n<p>&nbsp;<\/p>\n<p>&nbsp;<\/p>\n<p>&nbsp;<\/p>\n<p>&nbsp;<\/p>\n<p>&nbsp;<\/p>\n<p>&nbsp;<\/p>\n<p>&nbsp;<\/p>\n<p>&nbsp;<\/p>\n<p>&nbsp;<\/p>\n<p>&nbsp;<\/p>\n<p>&nbsp;<\/p>\n<p>&nbsp;<\/p>\n<p>&nbsp;<\/p>\n<p>&nbsp;<\/p>\n<div id=\"attachment_6430\" style=\"width: 577px\" class=\"wp-caption alignleft\"><a href=\"https:\/\/www.kdrei-2009.de\/WPKdrei\/wp-content\/uploads\/2017\/03\/K3-Training2017_11web.png\" rel=\"lightbox[6445]\"><img loading=\"lazy\" decoding=\"async\" aria-describedby=\"caption-attachment-6430\" class=\"size-full wp-image-6430\" src=\"https:\/\/www.kdrei-2009.de\/WPKdrei\/wp-content\/uploads\/2017\/03\/K3-Training2017_11web.png\" alt=\"\" width=\"567\" height=\"567\" srcset=\"https:\/\/www.kdrei-2009.de\/WPKdrei\/wp-content\/uploads\/2017\/03\/K3-Training2017_11web.png 567w, https:\/\/www.kdrei-2009.de\/WPKdrei\/wp-content\/uploads\/2017\/03\/K3-Training2017_11web-150x150.png 150w, https:\/\/www.kdrei-2009.de\/WPKdrei\/wp-content\/uploads\/2017\/03\/K3-Training2017_11web-300x300.png 300w\" sizes=\"(max-width: 567px) 100vw, 567px\" \/><\/a><p id=\"caption-attachment-6430\" class=\"wp-caption-text\">Alles wir nat\u00fcrlich kommentiert.<\/p><\/div>\n<p>&nbsp;<\/p>\n<p>&nbsp;<\/p>\n<p>&nbsp;<\/p>\n<p>&nbsp;<\/p>\n<p>&nbsp;<\/p>\n<p>&nbsp;<\/p>\n<p>&nbsp;<\/p>\n<p>&nbsp;<\/p>\n<p>&nbsp;<\/p>\n<p>&nbsp;<\/p>\n<p>&nbsp;<\/p>\n<p>&nbsp;<\/p>\n<p>&nbsp;<\/p>\n<p>&nbsp;<\/p>\n<p>&nbsp;<\/p>\n<p>&nbsp;<\/p>\n<p>&nbsp;<\/p>\n<p>&nbsp;<\/p>\n<p>&nbsp;<\/p>\n<p><a href=\"https:\/\/www.kdrei-2009.de\/WPKdrei\/wp-content\/uploads\/2017\/03\/K3-Training2017_12web.png\" rel=\"lightbox[6445]\"><img loading=\"lazy\" decoding=\"async\" class=\"alignleft size-full wp-image-6431\" src=\"https:\/\/www.kdrei-2009.de\/WPKdrei\/wp-content\/uploads\/2017\/03\/K3-Training2017_12web.png\" alt=\"\" width=\"567\" height=\"567\" srcset=\"https:\/\/www.kdrei-2009.de\/WPKdrei\/wp-content\/uploads\/2017\/03\/K3-Training2017_12web.png 567w, https:\/\/www.kdrei-2009.de\/WPKdrei\/wp-content\/uploads\/2017\/03\/K3-Training2017_12web-150x150.png 150w, https:\/\/www.kdrei-2009.de\/WPKdrei\/wp-content\/uploads\/2017\/03\/K3-Training2017_12web-300x300.png 300w\" sizes=\"(max-width: 567px) 100vw, 567px\" \/><\/a><\/p>\n<p>&nbsp;<\/p>\n<p>&nbsp;<\/p>\n<p>&nbsp;<\/p>\n<p>&nbsp;<\/p>\n<p>&nbsp;<\/p>\n<p>&nbsp;<\/p>\n<p>&nbsp;<\/p>\n<p>&nbsp;<\/p>\n<p>&nbsp;<\/p>\n<p>&nbsp;<\/p>\n<p>&nbsp;<\/p>\n<p>&nbsp;<\/p>\n<p>&nbsp;<\/p>\n<p>&nbsp;<\/p>\n<p>&nbsp;<\/p>\n<p>&nbsp;<\/p>\n<p>&nbsp;<\/p>\n<div id=\"attachment_6436\" style=\"width: 577px\" class=\"wp-caption alignleft\"><a href=\"https:\/\/www.kdrei-2009.de\/WPKdrei\/wp-content\/uploads\/2017\/03\/K3-Training2017_22web.png\" rel=\"lightbox[6445]\"><img loading=\"lazy\" decoding=\"async\" aria-describedby=\"caption-attachment-6436\" class=\"size-full wp-image-6436\" src=\"https:\/\/www.kdrei-2009.de\/WPKdrei\/wp-content\/uploads\/2017\/03\/K3-Training2017_22web.png\" alt=\"\" width=\"567\" height=\"567\" srcset=\"https:\/\/www.kdrei-2009.de\/WPKdrei\/wp-content\/uploads\/2017\/03\/K3-Training2017_22web.png 567w, https:\/\/www.kdrei-2009.de\/WPKdrei\/wp-content\/uploads\/2017\/03\/K3-Training2017_22web-150x150.png 150w, https:\/\/www.kdrei-2009.de\/WPKdrei\/wp-content\/uploads\/2017\/03\/K3-Training2017_22web-300x300.png 300w\" sizes=\"(max-width: 567px) 100vw, 567px\" \/><\/a><p id=\"caption-attachment-6436\" class=\"wp-caption-text\">Deshalb ist er Trainer..er kanns vormachen.<\/p><\/div>\n<p>&nbsp;<\/p>\n<p>&nbsp;<\/p>\n<p>&nbsp;<\/p>\n<p>&nbsp;<\/p>\n<p>&nbsp;<\/p>\n<p>&nbsp;<\/p>\n<p>&nbsp;<\/p>\n<p>&nbsp;<\/p>\n<p>&nbsp;<\/p>\n<p>&nbsp;<\/p>\n<p>&nbsp;<\/p>\n<p>&nbsp;<\/p>\n<p>&nbsp;<\/p>\n<p>&nbsp;<\/p>\n<p>&nbsp;<\/p>\n<p>&nbsp;<\/p>\n<p>&nbsp;<\/p>\n<p>&nbsp;<\/p>\n<p>&nbsp;<\/p>\n<div id=\"attachment_6432\" style=\"width: 577px\" class=\"wp-caption alignleft\"><a href=\"https:\/\/www.kdrei-2009.de\/WPKdrei\/wp-content\/uploads\/2017\/03\/K3-Training2017_16web.png\" rel=\"lightbox[6445]\"><img loading=\"lazy\" decoding=\"async\" aria-describedby=\"caption-attachment-6432\" class=\"size-full wp-image-6432\" src=\"https:\/\/www.kdrei-2009.de\/WPKdrei\/wp-content\/uploads\/2017\/03\/K3-Training2017_16web.png\" alt=\"\" width=\"567\" height=\"567\" srcset=\"https:\/\/www.kdrei-2009.de\/WPKdrei\/wp-content\/uploads\/2017\/03\/K3-Training2017_16web.png 567w, https:\/\/www.kdrei-2009.de\/WPKdrei\/wp-content\/uploads\/2017\/03\/K3-Training2017_16web-150x150.png 150w, https:\/\/www.kdrei-2009.de\/WPKdrei\/wp-content\/uploads\/2017\/03\/K3-Training2017_16web-300x300.png 300w\" sizes=\"(max-width: 567px) 100vw, 567px\" \/><\/a><p id=\"caption-attachment-6432\" class=\"wp-caption-text\">Sieht eigentlich auch gut aus.<\/p><\/div>\n<p>&nbsp;<\/p>\n<p>&nbsp;<\/p>\n<p>&nbsp;<\/p>\n<p>&nbsp;<\/p>\n<p>&nbsp;<\/p>\n<p>&nbsp;<\/p>\n<p>&nbsp;<\/p>\n<p>&nbsp;<\/p>\n<p>&nbsp;<\/p>\n<p>&nbsp;<\/p>\n<p>&nbsp;<\/p>\n<p>&nbsp;<\/p>\n<p>&nbsp;<\/p>\n<p>&nbsp;<\/p>\n<p>&nbsp;<\/p>\n<p>&nbsp;<\/p>\n<p>&nbsp;<\/p>\n<p>&nbsp;<\/p>\n<p>&nbsp;<\/p>\n<div id=\"attachment_6433\" style=\"width: 577px\" class=\"wp-caption alignleft\"><a href=\"https:\/\/www.kdrei-2009.de\/WPKdrei\/wp-content\/uploads\/2017\/03\/K3-Training2017_18web.png\" rel=\"lightbox[6445]\"><img loading=\"lazy\" decoding=\"async\" aria-describedby=\"caption-attachment-6433\" class=\"size-full wp-image-6433\" src=\"https:\/\/www.kdrei-2009.de\/WPKdrei\/wp-content\/uploads\/2017\/03\/K3-Training2017_18web.png\" alt=\"\" width=\"567\" height=\"567\" srcset=\"https:\/\/www.kdrei-2009.de\/WPKdrei\/wp-content\/uploads\/2017\/03\/K3-Training2017_18web.png 567w, https:\/\/www.kdrei-2009.de\/WPKdrei\/wp-content\/uploads\/2017\/03\/K3-Training2017_18web-150x150.png 150w, https:\/\/www.kdrei-2009.de\/WPKdrei\/wp-content\/uploads\/2017\/03\/K3-Training2017_18web-300x300.png 300w\" sizes=\"(max-width: 567px) 100vw, 567px\" \/><\/a><p id=\"caption-attachment-6433\" class=\"wp-caption-text\">F\u00fcrs Grillen brauchen wir keinen Trainer.<\/p><\/div>\n<p>&nbsp;<\/p>\n<p>&nbsp;<\/p>\n<p>&nbsp;<\/p>\n<p>&nbsp;<\/p>\n<p>&nbsp;<\/p>\n<p>&nbsp;<\/p>\n<p>&nbsp;<\/p>\n<p>&nbsp;<\/p>\n<p>&nbsp;<\/p>\n<p>&nbsp;<\/p>\n<p>&nbsp;<\/p>\n<p>&nbsp;<\/p>\n<p>&nbsp;<\/p>\n<p>&nbsp;<\/p>\n<p>&nbsp;<\/p>\n<p>&nbsp;<\/p>\n<p>&nbsp;<\/p>\n<p>&nbsp;<\/p>\n<p>&nbsp;<\/p>\n<div id=\"attachment_6434\" style=\"width: 577px\" class=\"wp-caption alignleft\"><a href=\"https:\/\/www.kdrei-2009.de\/WPKdrei\/wp-content\/uploads\/2017\/03\/K3-Training2017_19web.png\" rel=\"lightbox[6445]\"><img loading=\"lazy\" decoding=\"async\" aria-describedby=\"caption-attachment-6434\" class=\"size-full wp-image-6434\" src=\"https:\/\/www.kdrei-2009.de\/WPKdrei\/wp-content\/uploads\/2017\/03\/K3-Training2017_19web.png\" alt=\"\" width=\"567\" height=\"567\" srcset=\"https:\/\/www.kdrei-2009.de\/WPKdrei\/wp-content\/uploads\/2017\/03\/K3-Training2017_19web.png 567w, https:\/\/www.kdrei-2009.de\/WPKdrei\/wp-content\/uploads\/2017\/03\/K3-Training2017_19web-150x150.png 150w, https:\/\/www.kdrei-2009.de\/WPKdrei\/wp-content\/uploads\/2017\/03\/K3-Training2017_19web-300x300.png 300w\" sizes=\"(max-width: 567px) 100vw, 567px\" \/><\/a><p id=\"caption-attachment-6434\" class=\"wp-caption-text\">Mittagspause muss sein.<\/p><\/div>\n<p>&nbsp;<\/p>\n<p>&nbsp;<\/p>\n<p>&nbsp;<\/p>\n<p>&nbsp;<\/p>\n<p>&nbsp;<\/p>\n<p>&nbsp;<\/p>\n<p>&nbsp;<\/p>\n<p>&nbsp;<\/p>\n<p>&nbsp;<\/p>\n<p>&nbsp;<\/p>\n<p>&nbsp;<\/p>\n<p>&nbsp;<\/p>\n<p>&nbsp;<\/p>\n<p>&nbsp;<\/p>\n<p>&nbsp;<\/p>\n<p>&nbsp;<\/p>\n<p>&nbsp;<\/p>\n<p>&nbsp;<\/p>\n<p>&nbsp;<\/p>\n<div id=\"attachment_6435\" style=\"width: 577px\" class=\"wp-caption alignleft\"><a href=\"https:\/\/www.kdrei-2009.de\/WPKdrei\/wp-content\/uploads\/2017\/03\/K3-Training2017_20web.png\" rel=\"lightbox[6445]\"><img loading=\"lazy\" decoding=\"async\" aria-describedby=\"caption-attachment-6435\" class=\"size-full wp-image-6435\" src=\"https:\/\/www.kdrei-2009.de\/WPKdrei\/wp-content\/uploads\/2017\/03\/K3-Training2017_20web.png\" alt=\"\" width=\"567\" height=\"567\" srcset=\"https:\/\/www.kdrei-2009.de\/WPKdrei\/wp-content\/uploads\/2017\/03\/K3-Training2017_20web.png 567w, https:\/\/www.kdrei-2009.de\/WPKdrei\/wp-content\/uploads\/2017\/03\/K3-Training2017_20web-150x150.png 150w, https:\/\/www.kdrei-2009.de\/WPKdrei\/wp-content\/uploads\/2017\/03\/K3-Training2017_20web-300x300.png 300w\" sizes=\"(max-width: 567px) 100vw, 567px\" \/><\/a><p id=\"caption-attachment-6435\" class=\"wp-caption-text\">Dann noch ein Power Nap und man ist bereit f\u00fcr die 2. Traingseinheit.<\/p><\/div>\n<p>&nbsp;<\/p>\n<p>&nbsp;<\/p>\n<p>&nbsp;<\/p>\n<p>&nbsp;<\/p>\n<p>&nbsp;<\/p>\n<p>&nbsp;<\/p>\n<p>&nbsp;<\/p>\n<p>&nbsp;<\/p>\n<p>&nbsp;<\/p>\n<p>&nbsp;<\/p>\n<p>&nbsp;<\/p>\n<p>&nbsp;<\/p>\n<p>&nbsp;<\/p>\n<p>&nbsp;<\/p>\n","protected":false},"excerpt":{"rendered":"<p>Ja, warum sich eigentlich nicht mal was zeigen lassen? Der Blick auf das eigene K\u00f6nnen ist oft getr\u00fcbt oder nicht wirklich objektiv&#8230;Deshalb haben wir den Gerald gefragt. Als ausgebildeter Trainer, [&hellip;]<\/p>\n","protected":false},"author":1,"featured_media":0,"parent":6390,"menu_order":0,"comment_status":"closed","ping_status":"closed","template":"","meta":{"footnotes":""},"_links":{"self":[{"href":"https:\/\/www.kdrei-2009.de\/WPKdrei\/wp-json\/wp\/v2\/pages\/6445"}],"collection":[{"href":"https:\/\/www.kdrei-2009.de\/WPKdrei\/wp-json\/wp\/v2\/pages"}],"about":[{"href":"https:\/\/www.kdrei-2009.de\/WPKdrei\/wp-json\/wp\/v2\/types\/page"}],"author":[{"embeddable":true,"href":"https:\/\/www.kdrei-2009.de\/WPKdrei\/wp-json\/wp\/v2\/users\/1"}],"replies":[{"embeddable":true,"href":"https:\/\/www.kdrei-2009.de\/WPKdrei\/wp-json\/wp\/v2\/comments?post=6445"}],"version-history":[{"count":3,"href":"https:\/\/www.kdrei-2009.de\/WPKdrei\/wp-json\/wp\/v2\/pages\/6445\/revisions"}],"predecessor-version":[{"id":6452,"href":"https:\/\/www.kdrei-2009.de\/WPKdrei\/wp-json\/wp\/v2\/pages\/6445\/revisions\/6452"}],"up":[{"embeddable":true,"href":"https:\/\/www.kdrei-2009.de\/WPKdrei\/wp-json\/wp\/v2\/pages\/6390"}],"wp:attachment":[{"href":"https:\/\/www.kdrei-2009.de\/WPKdrei\/wp-json\/wp\/v2\/media?parent=6445"}],"curies":[{"name":"wp","href":"https:\/\/api.w.org\/{rel}","templated":true}]}}