{"id":6459,"date":"2017-04-03T12:08:35","date_gmt":"2017-04-03T12:08:35","guid":{"rendered":"https:\/\/www.kdrei-2009.de\/WPKdrei\/?page_id=6459"},"modified":"2017-04-03T12:08:35","modified_gmt":"2017-04-03T12:08:35","slug":"liga-2017-01-in-horb","status":"publish","type":"page","link":"https:\/\/www.kdrei-2009.de\/WPKdrei\/kugelsport-2\/visuelles-2016\/liga-2017-2\/liga-2017-01-in-horb\/","title":{"rendered":"Liga 2017.01 in Horb"},"content":{"rendered":"<h3><span style=\"color: #808080;\"><strong>Wir waren wirklich \u00fcberrascht, dass es zum Ligaauftakt in Horb nicht geregnet hat und die Temperaturen deutlich \u00fcber den sonst \u00fcblichen\u00a0 6\u00b0C lagen. So ging es entspannt in die erste Spielrunde gegen PSG kdiav Steinenbronn. Nach ausgelichen Triplettes hatten wir aber bei den Doublettes mit 13:0, 13:7 und 5:13 die Nase vorne. Ein Sieg in der ersten Begegnung tut immer gut und bringt doch eine gewisse Sicherheit. Gegen Esslingen konnten wir dann sogar noch eine Schippe drauflegen. Unsere Boulefreunde von der Burg waren an diesem Tag wirklich schlecht drauf und fanden selten ins Spiel. Mit 4:1 konnten wir diese Begegnung deutlich gewinnen. Dann kam die lange Warterei und anschliessend Plochingen 1. Was soll <span style=\"color: #808080;\">man dazu schreiben? Deshalb lassen wir es. <\/span><\/strong><\/span><\/h3>\n<h3><span style=\"color: #808080;\">Hier die aktuelle Tabelle und die einzelnen Spielergebnisse.<\/span><\/h3>\n<p><a href=\"https:\/\/www.kdrei-2009.de\/WPKdrei\/wp-content\/uploads\/2017\/04\/K3-Liga-2017-01a-web.png\" rel=\"lightbox[6459]\"><img loading=\"lazy\" decoding=\"async\" class=\"alignleft size-full wp-image-6454\" src=\"https:\/\/www.kdrei-2009.de\/WPKdrei\/wp-content\/uploads\/2017\/04\/K3-Liga-2017-01a-web.png\" alt=\"\" width=\"567\" height=\"287\" srcset=\"https:\/\/www.kdrei-2009.de\/WPKdrei\/wp-content\/uploads\/2017\/04\/K3-Liga-2017-01a-web.png 567w, https:\/\/www.kdrei-2009.de\/WPKdrei\/wp-content\/uploads\/2017\/04\/K3-Liga-2017-01a-web-300x152.png 300w\" sizes=\"(max-width: 567px) 100vw, 567px\" \/><\/a><\/p>\n<p>&nbsp;<\/p>\n<p>&nbsp;<\/p>\n<p>&nbsp;<\/p>\n<p>&nbsp;<\/p>\n<p>&nbsp;<\/p>\n<p>&nbsp;<\/p>\n<p>&nbsp;<\/p>\n<p>&nbsp;<\/p>\n<p>&nbsp;<\/p>\n<p><a href=\"https:\/\/www.kdrei-2009.de\/WPKdrei\/wp-content\/uploads\/2017\/04\/K3-Liga-2017-01web.png\" rel=\"lightbox[6459]\"><img loading=\"lazy\" decoding=\"async\" class=\"alignleft size-full wp-image-6455\" src=\"https:\/\/www.kdrei-2009.de\/WPKdrei\/wp-content\/uploads\/2017\/04\/K3-Liga-2017-01web.png\" alt=\"\" width=\"567\" height=\"665\" srcset=\"https:\/\/www.kdrei-2009.de\/WPKdrei\/wp-content\/uploads\/2017\/04\/K3-Liga-2017-01web.png 567w, https:\/\/www.kdrei-2009.de\/WPKdrei\/wp-content\/uploads\/2017\/04\/K3-Liga-2017-01web-256x300.png 256w\" sizes=\"(max-width: 567px) 100vw, 567px\" \/><\/a><\/p>\n<p>&nbsp;<\/p>\n<p>&nbsp;<\/p>\n<p>&nbsp;<\/p>\n<p>&nbsp;<\/p>\n<p>&nbsp;<\/p>\n<p>&nbsp;<\/p>\n<p>&nbsp;<\/p>\n<p>&nbsp;<\/p>\n<p>&nbsp;<\/p>\n<p>&nbsp;<\/p>\n<p>&nbsp;<\/p>\n<p>&nbsp;<\/p>\n<p>&nbsp;<\/p>\n<p>&nbsp;<\/p>\n<p>&nbsp;<\/p>\n<p>&nbsp;<\/p>\n<p>&nbsp;<\/p>\n<p>&nbsp;<\/p>\n<p>&nbsp;<\/p>\n<p>&nbsp;<\/p>\n<p><a href=\"https:\/\/www.kdrei-2009.de\/WPKdrei\/wp-content\/uploads\/2017\/04\/K3-Liga-Horb2017_01web.png\" rel=\"lightbox[6459]\"><img loading=\"lazy\" decoding=\"async\" class=\"alignleft size-full wp-image-6456\" src=\"https:\/\/www.kdrei-2009.de\/WPKdrei\/wp-content\/uploads\/2017\/04\/K3-Liga-Horb2017_01web.png\" alt=\"\" width=\"567\" height=\"393\" srcset=\"https:\/\/www.kdrei-2009.de\/WPKdrei\/wp-content\/uploads\/2017\/04\/K3-Liga-Horb2017_01web.png 567w, https:\/\/www.kdrei-2009.de\/WPKdrei\/wp-content\/uploads\/2017\/04\/K3-Liga-Horb2017_01web-300x208.png 300w\" sizes=\"(max-width: 567px) 100vw, 567px\" \/><\/a><\/p>\n<p>&nbsp;<\/p>\n<p>&nbsp;<\/p>\n<p>&nbsp;<\/p>\n<p>&nbsp;<\/p>\n<p>&nbsp;<\/p>\n<p>&nbsp;<\/p>\n<p>&nbsp;<\/p>\n<p>&nbsp;<\/p>\n<p>&nbsp;<\/p>\n<p>&nbsp;<\/p>\n<p>&nbsp;<\/p>\n<p>&nbsp;<\/p>\n<p><a href=\"https:\/\/www.kdrei-2009.de\/WPKdrei\/wp-content\/uploads\/2017\/04\/K3-Liga-Horb2017_02web.png\" rel=\"lightbox[6459]\"><img loading=\"lazy\" decoding=\"async\" class=\"alignleft size-full wp-image-6457\" src=\"https:\/\/www.kdrei-2009.de\/WPKdrei\/wp-content\/uploads\/2017\/04\/K3-Liga-Horb2017_02web.png\" alt=\"\" width=\"567\" height=\"425\" srcset=\"https:\/\/www.kdrei-2009.de\/WPKdrei\/wp-content\/uploads\/2017\/04\/K3-Liga-Horb2017_02web.png 567w, https:\/\/www.kdrei-2009.de\/WPKdrei\/wp-content\/uploads\/2017\/04\/K3-Liga-Horb2017_02web-300x225.png 300w\" sizes=\"(max-width: 567px) 100vw, 567px\" \/><\/a><\/p>\n","protected":false},"excerpt":{"rendered":"<p>Wir waren wirklich \u00fcberrascht, dass es zum Ligaauftakt in Horb nicht geregnet hat und die Temperaturen deutlich \u00fcber den sonst \u00fcblichen\u00a0 6\u00b0C lagen. So ging es entspannt in die erste [&hellip;]<\/p>\n","protected":false},"author":1,"featured_media":0,"parent":6390,"menu_order":0,"comment_status":"closed","ping_status":"closed","template":"","meta":{"footnotes":""},"_links":{"self":[{"href":"https:\/\/www.kdrei-2009.de\/WPKdrei\/wp-json\/wp\/v2\/pages\/6459"}],"collection":[{"href":"https:\/\/www.kdrei-2009.de\/WPKdrei\/wp-json\/wp\/v2\/pages"}],"about":[{"href":"https:\/\/www.kdrei-2009.de\/WPKdrei\/wp-json\/wp\/v2\/types\/page"}],"author":[{"embeddable":true,"href":"https:\/\/www.kdrei-2009.de\/WPKdrei\/wp-json\/wp\/v2\/users\/1"}],"replies":[{"embeddable":true,"href":"https:\/\/www.kdrei-2009.de\/WPKdrei\/wp-json\/wp\/v2\/comments?post=6459"}],"version-history":[{"count":1,"href":"https:\/\/www.kdrei-2009.de\/WPKdrei\/wp-json\/wp\/v2\/pages\/6459\/revisions"}],"predecessor-version":[{"id":6460,"href":"https:\/\/www.kdrei-2009.de\/WPKdrei\/wp-json\/wp\/v2\/pages\/6459\/revisions\/6460"}],"up":[{"embeddable":true,"href":"https:\/\/www.kdrei-2009.de\/WPKdrei\/wp-json\/wp\/v2\/pages\/6390"}],"wp:attachment":[{"href":"https:\/\/www.kdrei-2009.de\/WPKdrei\/wp-json\/wp\/v2\/media?parent=6459"}],"curies":[{"name":"wp","href":"https:\/\/api.w.org\/{rel}","templated":true}]}}