{"id":6569,"date":"2017-07-17T07:16:23","date_gmt":"2017-07-17T07:16:23","guid":{"rendered":"https:\/\/www.kdrei-2009.de\/WPKdrei\/?page_id=6569"},"modified":"2017-07-31T12:38:07","modified_gmt":"2017-07-31T12:38:07","slug":"kochkurs-und-galamenue-2017","status":"publish","type":"page","link":"https:\/\/www.kdrei-2009.de\/WPKdrei\/kdrei-events\/kochkurs-galamenue-2017-erste-infos\/kochkurs-und-galamenue-2017\/","title":{"rendered":"Kochkurs und Galamen\u00fc 2017"},"content":{"rendered":"<h3><span style=\"color: #808080;\">Es ist wieder soweit. Dieses Jahr hat die Planung etwas l\u00e4nger gedauert&#8230;hier wieder alle Infos.<\/span><\/h3>\n<h3><span style=\"color: #808080;\">Wir freuen uns. Wie immer begrenzte Teilnehmerzahl&#8230;wer zuerst kommt, isst zuerst&#8230;<\/span><\/h3>\n<h2><span style=\"color: #808080;\">Anmeldung: info(at)kdrei-2009.de<\/span><\/h2>\n<h3><span style=\"color: #808080;\">Wir best\u00e4tigen jede Anmeldung per Email. Nach Eingang der Zahlung ist die Reservierung g\u00fcltig. Bitte \u00fcberweist zeitnah an unsere Best\u00e4tigung.<\/span><\/h3>\n<h3><span style=\"color: #808080;\">Danke und einen sch\u00f6nen Sommer. Wir freuen uns auf euch..<\/span><\/h3>\n<p><a href=\"https:\/\/www.kdrei-2009.de\/WPKdrei\/wp-content\/uploads\/2017\/07\/K3-KK2017-Speisekarte-01.png\" rel=\"lightbox[6569]\"><img loading=\"lazy\" decoding=\"async\" class=\"alignleft size-large wp-image-6563\" src=\"https:\/\/www.kdrei-2009.de\/WPKdrei\/wp-content\/uploads\/2017\/07\/K3-KK2017-Speisekarte-01-717x1024.png\" alt=\"\" width=\"717\" height=\"1024\" srcset=\"https:\/\/www.kdrei-2009.de\/WPKdrei\/wp-content\/uploads\/2017\/07\/K3-KK2017-Speisekarte-01-717x1024.png 717w, https:\/\/www.kdrei-2009.de\/WPKdrei\/wp-content\/uploads\/2017\/07\/K3-KK2017-Speisekarte-01-210x300.png 210w, https:\/\/www.kdrei-2009.de\/WPKdrei\/wp-content\/uploads\/2017\/07\/K3-KK2017-Speisekarte-01-768x1097.png 768w\" sizes=\"(max-width: 717px) 100vw, 717px\" \/><\/a><\/p>\n<p>&nbsp;<\/p>\n<p>&nbsp;<\/p>\n<p>&nbsp;<\/p>\n<p>&nbsp;<\/p>\n<p>&nbsp;<\/p>\n<p>&nbsp;<\/p>\n<p>&nbsp;<\/p>\n<p>&nbsp;<\/p>\n<p>&nbsp;<\/p>\n<p>&nbsp;<\/p>\n<p>&nbsp;<\/p>\n<p>&nbsp;<\/p>\n<p>&nbsp;<\/p>\n<p>&nbsp;<\/p>\n<p>&nbsp;<\/p>\n<p>&nbsp;<\/p>\n<p>&nbsp;<\/p>\n<p>&nbsp;<\/p>\n<p>&nbsp;<\/p>\n<p>&nbsp;<\/p>\n<p>&nbsp;<\/p>\n<p>&nbsp;<\/p>\n<p>&nbsp;<\/p>\n<p>&nbsp;<\/p>\n<p>&nbsp;<\/p>\n<p>&nbsp;<\/p>\n<p>&nbsp;<\/p>\n<p>&nbsp;<\/p>\n<p>&nbsp;<\/p>\n<p>&nbsp;<\/p>\n<p><a href=\"https:\/\/www.kdrei-2009.de\/WPKdrei\/wp-content\/uploads\/2017\/07\/K3-KK2017-Speisekarte-02.png\" rel=\"lightbox[6569]\"><img loading=\"lazy\" decoding=\"async\" class=\"alignleft size-large wp-image-6564\" src=\"https:\/\/www.kdrei-2009.de\/WPKdrei\/wp-content\/uploads\/2017\/07\/K3-KK2017-Speisekarte-02-717x1024.png\" alt=\"\" width=\"717\" height=\"1024\" srcset=\"https:\/\/www.kdrei-2009.de\/WPKdrei\/wp-content\/uploads\/2017\/07\/K3-KK2017-Speisekarte-02-717x1024.png 717w, https:\/\/www.kdrei-2009.de\/WPKdrei\/wp-content\/uploads\/2017\/07\/K3-KK2017-Speisekarte-02-210x300.png 210w, https:\/\/www.kdrei-2009.de\/WPKdrei\/wp-content\/uploads\/2017\/07\/K3-KK2017-Speisekarte-02-768x1097.png 768w\" sizes=\"(max-width: 717px) 100vw, 717px\" \/><\/a><\/p>\n<p>&nbsp;<\/p>\n<p>&nbsp;<\/p>\n<p>&nbsp;<\/p>\n<p>&nbsp;<\/p>\n<p>&nbsp;<\/p>\n<p>&nbsp;<\/p>\n<p>&nbsp;<\/p>\n<p>&nbsp;<\/p>\n<p>&nbsp;<\/p>\n<p>&nbsp;<\/p>\n<p>&nbsp;<\/p>\n<p>&nbsp;<\/p>\n<p>&nbsp;<\/p>\n<p>&nbsp;<\/p>\n<p>&nbsp;<\/p>\n<p>&nbsp;<\/p>\n<p>&nbsp;<\/p>\n<p>&nbsp;<\/p>\n<p>&nbsp;<\/p>\n<p>&nbsp;<\/p>\n<p>&nbsp;<\/p>\n<p>&nbsp;<\/p>\n<p>&nbsp;<\/p>\n<p>&nbsp;<\/p>\n<p>&nbsp;<\/p>\n<p>&nbsp;<\/p>\n<p>&nbsp;<\/p>\n<p>&nbsp;<\/p>\n<p>&nbsp;<\/p>\n<p>&nbsp;<\/p>\n<p><a href=\"https:\/\/www.kdrei-2009.de\/WPKdrei\/wp-content\/uploads\/2017\/07\/K3-KK2017-Speisekarte-03.png\" rel=\"lightbox[6569]\"><img loading=\"lazy\" decoding=\"async\" class=\"alignleft size-large wp-image-6565\" src=\"https:\/\/www.kdrei-2009.de\/WPKdrei\/wp-content\/uploads\/2017\/07\/K3-KK2017-Speisekarte-03-717x1024.png\" alt=\"\" width=\"717\" height=\"1024\" srcset=\"https:\/\/www.kdrei-2009.de\/WPKdrei\/wp-content\/uploads\/2017\/07\/K3-KK2017-Speisekarte-03-717x1024.png 717w, https:\/\/www.kdrei-2009.de\/WPKdrei\/wp-content\/uploads\/2017\/07\/K3-KK2017-Speisekarte-03-210x300.png 210w, https:\/\/www.kdrei-2009.de\/WPKdrei\/wp-content\/uploads\/2017\/07\/K3-KK2017-Speisekarte-03-768x1097.png 768w\" sizes=\"(max-width: 717px) 100vw, 717px\" \/><\/a><\/p>\n<p>&nbsp;<\/p>\n<p>&nbsp;<\/p>\n<p>&nbsp;<\/p>\n<p>&nbsp;<\/p>\n<p>&nbsp;<\/p>\n<p>&nbsp;<\/p>\n<p>&nbsp;<\/p>\n<p>&nbsp;<\/p>\n<p>&nbsp;<\/p>\n<p>&nbsp;<\/p>\n<p>&nbsp;<\/p>\n<p>&nbsp;<\/p>\n<p>&nbsp;<\/p>\n<p>&nbsp;<\/p>\n<p>&nbsp;<\/p>\n<p>&nbsp;<\/p>\n<p>&nbsp;<\/p>\n<p>&nbsp;<\/p>\n<p>&nbsp;<\/p>\n<p>&nbsp;<\/p>\n<p>&nbsp;<\/p>\n<p>&nbsp;<\/p>\n<p>&nbsp;<\/p>\n<p>&nbsp;<\/p>\n<p>&nbsp;<\/p>\n<p>&nbsp;<\/p>\n<p>&nbsp;<\/p>\n<p>&nbsp;<\/p>\n<p>&nbsp;<\/p>\n<p>&nbsp;<\/p>\n<p><a href=\"https:\/\/www.kdrei-2009.de\/WPKdrei\/wp-content\/uploads\/2017\/07\/K3-KK2017-Speisekarte-04.png\" rel=\"lightbox[6569]\"><img loading=\"lazy\" decoding=\"async\" class=\"alignleft size-large wp-image-6566\" src=\"https:\/\/www.kdrei-2009.de\/WPKdrei\/wp-content\/uploads\/2017\/07\/K3-KK2017-Speisekarte-04-717x1024.png\" alt=\"\" width=\"717\" height=\"1024\" srcset=\"https:\/\/www.kdrei-2009.de\/WPKdrei\/wp-content\/uploads\/2017\/07\/K3-KK2017-Speisekarte-04-717x1024.png 717w, https:\/\/www.kdrei-2009.de\/WPKdrei\/wp-content\/uploads\/2017\/07\/K3-KK2017-Speisekarte-04-210x300.png 210w, https:\/\/www.kdrei-2009.de\/WPKdrei\/wp-content\/uploads\/2017\/07\/K3-KK2017-Speisekarte-04-768x1097.png 768w\" sizes=\"(max-width: 717px) 100vw, 717px\" \/><\/a><\/p>\n<p>&nbsp;<\/p>\n<p>&nbsp;<\/p>\n<p>&nbsp;<\/p>\n<p>&nbsp;<\/p>\n<p>&nbsp;<\/p>\n<p>&nbsp;<\/p>\n<p>&nbsp;<\/p>\n<p>&nbsp;<\/p>\n<p>&nbsp;<\/p>\n<p>&nbsp;<\/p>\n<p>&nbsp;<\/p>\n<p>&nbsp;<\/p>\n<p>&nbsp;<\/p>\n<p>&nbsp;<\/p>\n<p>&nbsp;<\/p>\n<p>&nbsp;<\/p>\n<p>&nbsp;<\/p>\n<p>&nbsp;<\/p>\n<p>&nbsp;<\/p>\n<p>&nbsp;<\/p>\n<p>&nbsp;<\/p>\n<p>&nbsp;<\/p>\n<p>&nbsp;<\/p>\n<p>&nbsp;<\/p>\n<p>&nbsp;<\/p>\n<p>&nbsp;<\/p>\n<p>&nbsp;<\/p>\n<p>&nbsp;<\/p>\n<p>&nbsp;<\/p>\n<p>&nbsp;<\/p>\n<p><a href=\"https:\/\/www.kdrei-2009.de\/WPKdrei\/wp-content\/uploads\/2017\/07\/K3-KK2017-Speisekarte-06aweb.jpg\" rel=\"lightbox[6569]\"><img loading=\"lazy\" decoding=\"async\" class=\"alignleft size-large wp-image-6583\" src=\"https:\/\/www.kdrei-2009.de\/WPKdrei\/wp-content\/uploads\/2017\/07\/K3-KK2017-Speisekarte-06aweb-717x1024.jpg\" alt=\"\" width=\"717\" height=\"1024\" srcset=\"https:\/\/www.kdrei-2009.de\/WPKdrei\/wp-content\/uploads\/2017\/07\/K3-KK2017-Speisekarte-06aweb-717x1024.jpg 717w, https:\/\/www.kdrei-2009.de\/WPKdrei\/wp-content\/uploads\/2017\/07\/K3-KK2017-Speisekarte-06aweb-210x300.jpg 210w, https:\/\/www.kdrei-2009.de\/WPKdrei\/wp-content\/uploads\/2017\/07\/K3-KK2017-Speisekarte-06aweb-768x1097.jpg 768w\" sizes=\"(max-width: 717px) 100vw, 717px\" \/><\/a><\/p>\n<p>&nbsp;<\/p>\n<p>&nbsp;<\/p>\n<p>&nbsp;<\/p>\n<p>&nbsp;<\/p>\n<p>&nbsp;<\/p>\n<p>&nbsp;<\/p>\n<p>&nbsp;<\/p>\n<p>&nbsp;<\/p>\n<p>&nbsp;<\/p>\n<p>&nbsp;<\/p>\n<p>&nbsp;<\/p>\n<p>&nbsp;<\/p>\n<p>&nbsp;<\/p>\n<p>&nbsp;<\/p>\n<p>&nbsp;<\/p>\n<p>&nbsp;<\/p>\n<p>&nbsp;<\/p>\n<p>&nbsp;<\/p>\n<p>&nbsp;<\/p>\n<p>&nbsp;<\/p>\n<p>&nbsp;<\/p>\n<p>&nbsp;<\/p>\n<p>&nbsp;<\/p>\n<p>&nbsp;<\/p>\n<p>&nbsp;<\/p>\n<p>&nbsp;<\/p>\n<p>&nbsp;<\/p>\n<p>&nbsp;<\/p>\n<p>&nbsp;<\/p>\n<p>&nbsp;<\/p>\n<p><a href=\"https:\/\/www.kdrei-2009.de\/WPKdrei\/wp-content\/uploads\/2017\/07\/K3-KK2017-Speisekarte-06web.jpg\" rel=\"lightbox[6569]\"><img loading=\"lazy\" decoding=\"async\" class=\"alignleft size-large wp-image-6584\" src=\"https:\/\/www.kdrei-2009.de\/WPKdrei\/wp-content\/uploads\/2017\/07\/K3-KK2017-Speisekarte-06web-717x1024.jpg\" alt=\"\" width=\"717\" height=\"1024\" srcset=\"https:\/\/www.kdrei-2009.de\/WPKdrei\/wp-content\/uploads\/2017\/07\/K3-KK2017-Speisekarte-06web-717x1024.jpg 717w, https:\/\/www.kdrei-2009.de\/WPKdrei\/wp-content\/uploads\/2017\/07\/K3-KK2017-Speisekarte-06web-210x300.jpg 210w, https:\/\/www.kdrei-2009.de\/WPKdrei\/wp-content\/uploads\/2017\/07\/K3-KK2017-Speisekarte-06web-768x1097.jpg 768w\" sizes=\"(max-width: 717px) 100vw, 717px\" \/><\/a><\/p>\n<p>&nbsp;<\/p>\n<p>&nbsp;<\/p>\n<p>&nbsp;<\/p>\n<p>&nbsp;<\/p>\n<p>&nbsp;<\/p>\n<p>&nbsp;<\/p>\n<p>&nbsp;<\/p>\n<p>&nbsp;<\/p>\n<p>&nbsp;<\/p>\n<p>&nbsp;<\/p>\n<p>&nbsp;<\/p>\n<p>&nbsp;<\/p>\n<p>&nbsp;<\/p>\n<p>&nbsp;<\/p>\n<p>&nbsp;<\/p>\n<p>&nbsp;<\/p>\n<p>&nbsp;<\/p>\n<p>&nbsp;<\/p>\n<p>&nbsp;<\/p>\n<p>&nbsp;<\/p>\n<p>&nbsp;<\/p>\n<p>&nbsp;<\/p>\n<p>&nbsp;<\/p>\n<p>&nbsp;<\/p>\n<p>&nbsp;<\/p>\n<p>&nbsp;<\/p>\n<p>&nbsp;<\/p>\n<p>&nbsp;<\/p>\n<p>&nbsp;<\/p>\n<p>&nbsp;<\/p>\n<p><a href=\"https:\/\/www.kdrei-2009.de\/WPKdrei\/wp-content\/uploads\/2017\/07\/K3-KK2017-Speisekarte-07web.jpg\" rel=\"lightbox[6569]\"><img loading=\"lazy\" decoding=\"async\" class=\"alignleft size-large wp-image-6585\" src=\"https:\/\/www.kdrei-2009.de\/WPKdrei\/wp-content\/uploads\/2017\/07\/K3-KK2017-Speisekarte-07web-717x1024.jpg\" alt=\"\" width=\"717\" height=\"1024\" srcset=\"https:\/\/www.kdrei-2009.de\/WPKdrei\/wp-content\/uploads\/2017\/07\/K3-KK2017-Speisekarte-07web-717x1024.jpg 717w, https:\/\/www.kdrei-2009.de\/WPKdrei\/wp-content\/uploads\/2017\/07\/K3-KK2017-Speisekarte-07web-210x300.jpg 210w, https:\/\/www.kdrei-2009.de\/WPKdrei\/wp-content\/uploads\/2017\/07\/K3-KK2017-Speisekarte-07web-768x1097.jpg 768w\" sizes=\"(max-width: 717px) 100vw, 717px\" \/><\/a><\/p>\n<p>&nbsp;<\/p>\n<p>&nbsp;<\/p>\n<p>&nbsp;<\/p>\n<p>&nbsp;<\/p>\n<p>&nbsp;<\/p>\n<p>&nbsp;<\/p>\n<p>&nbsp;<\/p>\n<p>&nbsp;<\/p>\n<p>&nbsp;<\/p>\n<p>&nbsp;<\/p>\n<p>&nbsp;<\/p>\n<p>&nbsp;<\/p>\n<p>&nbsp;<\/p>\n<p>&nbsp;<\/p>\n<p>&nbsp;<\/p>\n<p>&nbsp;<\/p>\n<p>&nbsp;<\/p>\n<p>&nbsp;<\/p>\n<p>&nbsp;<\/p>\n<p>&nbsp;<\/p>\n<p>&nbsp;<\/p>\n<p>&nbsp;<\/p>\n<p>&nbsp;<\/p>\n<p>&nbsp;<\/p>\n<p>&nbsp;<\/p>\n<p>&nbsp;<\/p>\n<p>&nbsp;<\/p>\n<p>&nbsp;<\/p>\n<p>&nbsp;<\/p>\n<p>&nbsp;<\/p>\n<p><a href=\"https:\/\/www.kdrei-2009.de\/WPKdrei\/wp-content\/uploads\/2017\/07\/K3-KK2017-Speisekarte-05.png\" rel=\"lightbox[6569]\"><img loading=\"lazy\" decoding=\"async\" class=\"alignleft size-large wp-image-6567\" src=\"https:\/\/www.kdrei-2009.de\/WPKdrei\/wp-content\/uploads\/2017\/07\/K3-KK2017-Speisekarte-05-717x1024.png\" alt=\"\" width=\"717\" height=\"1024\" srcset=\"https:\/\/www.kdrei-2009.de\/WPKdrei\/wp-content\/uploads\/2017\/07\/K3-KK2017-Speisekarte-05-717x1024.png 717w, https:\/\/www.kdrei-2009.de\/WPKdrei\/wp-content\/uploads\/2017\/07\/K3-KK2017-Speisekarte-05-210x300.png 210w, https:\/\/www.kdrei-2009.de\/WPKdrei\/wp-content\/uploads\/2017\/07\/K3-KK2017-Speisekarte-05-768x1097.png 768w\" sizes=\"(max-width: 717px) 100vw, 717px\" \/><\/a><\/p>\n","protected":false},"excerpt":{"rendered":"<p>Es ist wieder soweit. Dieses Jahr hat die Planung etwas l\u00e4nger gedauert&#8230;hier wieder alle Infos. Wir freuen uns. Wie immer begrenzte Teilnehmerzahl&#8230;wer zuerst kommt, isst zuerst&#8230; Anmeldung: info(at)kdrei-2009.de Wir best\u00e4tigen [&hellip;]<\/p>\n","protected":false},"author":1,"featured_media":0,"parent":6257,"menu_order":0,"comment_status":"closed","ping_status":"closed","template":"","meta":{"footnotes":""},"_links":{"self":[{"href":"https:\/\/www.kdrei-2009.de\/WPKdrei\/wp-json\/wp\/v2\/pages\/6569"}],"collection":[{"href":"https:\/\/www.kdrei-2009.de\/WPKdrei\/wp-json\/wp\/v2\/pages"}],"about":[{"href":"https:\/\/www.kdrei-2009.de\/WPKdrei\/wp-json\/wp\/v2\/types\/page"}],"author":[{"embeddable":true,"href":"https:\/\/www.kdrei-2009.de\/WPKdrei\/wp-json\/wp\/v2\/users\/1"}],"replies":[{"embeddable":true,"href":"https:\/\/www.kdrei-2009.de\/WPKdrei\/wp-json\/wp\/v2\/comments?post=6569"}],"version-history":[{"count":6,"href":"https:\/\/www.kdrei-2009.de\/WPKdrei\/wp-json\/wp\/v2\/pages\/6569\/revisions"}],"predecessor-version":[{"id":6588,"href":"https:\/\/www.kdrei-2009.de\/WPKdrei\/wp-json\/wp\/v2\/pages\/6569\/revisions\/6588"}],"up":[{"embeddable":true,"href":"https:\/\/www.kdrei-2009.de\/WPKdrei\/wp-json\/wp\/v2\/pages\/6257"}],"wp:attachment":[{"href":"https:\/\/www.kdrei-2009.de\/WPKdrei\/wp-json\/wp\/v2\/media?parent=6569"}],"curies":[{"name":"wp","href":"https:\/\/api.w.org\/{rel}","templated":true}]}}