{"id":6597,"date":"2017-09-11T11:05:01","date_gmt":"2017-09-11T11:05:01","guid":{"rendered":"https:\/\/www.kdrei-2009.de\/WPKdrei\/?page_id=6597"},"modified":"2017-09-11T11:05:01","modified_gmt":"2017-09-11T11:05:01","slug":"deutsche-petanque-meisterschaft-triplette-55","status":"publish","type":"page","link":"https:\/\/www.kdrei-2009.de\/WPKdrei\/kugelsport-2\/visuelles-2016\/liga-2017\/deutsche-petanque-meisterschaft-triplette-55\/","title":{"rendered":"Deutsche P\u00e9tanque Meisterschaft Triplette 55+"},"content":{"rendered":"<h3><span style=\"color: #808080;\">Am kommenden Wochenende findet in Neuffen auf dem Spadelsberg die 11. Deutsche Meisterschaft im Triplette 55+ statt. F\u00fcr alle Boulefans die Gelegenheit, die besten Spieler an diesem Wochenende zu erleben. Kdrei hat sich leider in Friedrichshafen nicht qualifiziert, wir w\u00fcnschen aber unseren Neuffener Boulefreunden ein sch\u00f6nes Wochenende und herrliches Boulewetter f\u00fcr die gesamte Veranstaltung.<\/span><\/h3>\n<h3><span style=\"color: #808080;\">Samstag 16.09.17 Begr\u00fc\u00dfung um 9.50Uhr, Beginn der Partien um 10.00Uhr<\/span><\/h3>\n<h3><span style=\"color: #808080;\">Sonntag 17.09.2017 Beginn der Partien ab dem 8tel-Finale um 9.00Uhr<\/span><\/h3>\n<h3><span style=\"color: #808080;\">Die Veranstaltung wird bestens bewirtet. Wer also einen Ausflug machen m\u00f6chte&#8230;.<\/span><\/h3>\n","protected":false},"excerpt":{"rendered":"<p>Am kommenden Wochenende findet in Neuffen auf dem Spadelsberg die 11. Deutsche Meisterschaft im Triplette 55+ statt. F\u00fcr alle Boulefans die Gelegenheit, die besten Spieler an diesem Wochenende zu erleben. [&hellip;]<\/p>\n","protected":false},"author":1,"featured_media":0,"parent":6384,"menu_order":0,"comment_status":"closed","ping_status":"closed","template":"","meta":{"footnotes":""},"_links":{"self":[{"href":"https:\/\/www.kdrei-2009.de\/WPKdrei\/wp-json\/wp\/v2\/pages\/6597"}],"collection":[{"href":"https:\/\/www.kdrei-2009.de\/WPKdrei\/wp-json\/wp\/v2\/pages"}],"about":[{"href":"https:\/\/www.kdrei-2009.de\/WPKdrei\/wp-json\/wp\/v2\/types\/page"}],"author":[{"embeddable":true,"href":"https:\/\/www.kdrei-2009.de\/WPKdrei\/wp-json\/wp\/v2\/users\/1"}],"replies":[{"embeddable":true,"href":"https:\/\/www.kdrei-2009.de\/WPKdrei\/wp-json\/wp\/v2\/comments?post=6597"}],"version-history":[{"count":1,"href":"https:\/\/www.kdrei-2009.de\/WPKdrei\/wp-json\/wp\/v2\/pages\/6597\/revisions"}],"predecessor-version":[{"id":6598,"href":"https:\/\/www.kdrei-2009.de\/WPKdrei\/wp-json\/wp\/v2\/pages\/6597\/revisions\/6598"}],"up":[{"embeddable":true,"href":"https:\/\/www.kdrei-2009.de\/WPKdrei\/wp-json\/wp\/v2\/pages\/6384"}],"wp:attachment":[{"href":"https:\/\/www.kdrei-2009.de\/WPKdrei\/wp-json\/wp\/v2\/media?parent=6597"}],"curies":[{"name":"wp","href":"https:\/\/api.w.org\/{rel}","templated":true}]}}