{"id":6632,"date":"2017-11-05T11:16:07","date_gmt":"2017-11-05T11:16:07","guid":{"rendered":"https:\/\/www.kdrei-2009.de\/WPKdrei\/?page_id=6632"},"modified":"2017-11-12T12:26:45","modified_gmt":"2017-11-12T12:26:45","slug":"danke","status":"publish","type":"page","link":"https:\/\/www.kdrei-2009.de\/WPKdrei\/kdrei-events\/kochkurs-galamenue-2017-erste-infos\/danke\/","title":{"rendered":"Danke"},"content":{"rendered":"<h2>Liebe G\u00e4ste&#8230;auch wenn wir so fr\u00fch aufgestuhlt haben&#8230;herzlichen Dank f\u00fcr den Besuch und den sch\u00f6nen Abend mit euch.<\/h2>\n<p>Demn\u00e4chst mehr Bilder. Wir m\u00fcssen uns etwas erholen.<\/p>\n<p><a href=\"https:\/\/www.kdrei-2009.de\/WPKdrei\/wp-content\/uploads\/2017\/11\/HDS3861a.png\" rel=\"lightbox[6632]\"><img loading=\"lazy\" decoding=\"async\" class=\"alignleft size-full wp-image-6631\" src=\"https:\/\/www.kdrei-2009.de\/WPKdrei\/wp-content\/uploads\/2017\/11\/HDS3861a.png\" alt=\"\" width=\"567\" height=\"567\" srcset=\"https:\/\/www.kdrei-2009.de\/WPKdrei\/wp-content\/uploads\/2017\/11\/HDS3861a.png 567w, https:\/\/www.kdrei-2009.de\/WPKdrei\/wp-content\/uploads\/2017\/11\/HDS3861a-150x150.png 150w, https:\/\/www.kdrei-2009.de\/WPKdrei\/wp-content\/uploads\/2017\/11\/HDS3861a-300x300.png 300w\" sizes=\"(max-width: 567px) 100vw, 567px\" \/><\/a><\/p>\n<p>&nbsp;<\/p>\n","protected":false},"excerpt":{"rendered":"<p>Liebe G\u00e4ste&#8230;auch wenn wir so fr\u00fch aufgestuhlt haben&#8230;herzlichen Dank f\u00fcr den Besuch und den sch\u00f6nen Abend mit euch. Demn\u00e4chst mehr Bilder. Wir m\u00fcssen uns etwas erholen. &nbsp;<\/p>\n","protected":false},"author":1,"featured_media":0,"parent":6257,"menu_order":0,"comment_status":"closed","ping_status":"closed","template":"","meta":{"footnotes":""},"_links":{"self":[{"href":"https:\/\/www.kdrei-2009.de\/WPKdrei\/wp-json\/wp\/v2\/pages\/6632"}],"collection":[{"href":"https:\/\/www.kdrei-2009.de\/WPKdrei\/wp-json\/wp\/v2\/pages"}],"about":[{"href":"https:\/\/www.kdrei-2009.de\/WPKdrei\/wp-json\/wp\/v2\/types\/page"}],"author":[{"embeddable":true,"href":"https:\/\/www.kdrei-2009.de\/WPKdrei\/wp-json\/wp\/v2\/users\/1"}],"replies":[{"embeddable":true,"href":"https:\/\/www.kdrei-2009.de\/WPKdrei\/wp-json\/wp\/v2\/comments?post=6632"}],"version-history":[{"count":1,"href":"https:\/\/www.kdrei-2009.de\/WPKdrei\/wp-json\/wp\/v2\/pages\/6632\/revisions"}],"predecessor-version":[{"id":6633,"href":"https:\/\/www.kdrei-2009.de\/WPKdrei\/wp-json\/wp\/v2\/pages\/6632\/revisions\/6633"}],"up":[{"embeddable":true,"href":"https:\/\/www.kdrei-2009.de\/WPKdrei\/wp-json\/wp\/v2\/pages\/6257"}],"wp:attachment":[{"href":"https:\/\/www.kdrei-2009.de\/WPKdrei\/wp-json\/wp\/v2\/media?parent=6632"}],"curies":[{"name":"wp","href":"https:\/\/api.w.org\/{rel}","templated":true}]}}