{"id":6658,"date":"2017-11-11T15:53:07","date_gmt":"2017-11-11T15:53:07","guid":{"rendered":"https:\/\/www.kdrei-2009.de\/WPKdrei\/?page_id=6658"},"modified":"2017-11-11T16:29:29","modified_gmt":"2017-11-11T16:29:29","slug":"das-buch-zum-kochkurs-2017","status":"publish","type":"page","link":"https:\/\/www.kdrei-2009.de\/WPKdrei\/kdrei-events\/kochkurs-galamenue-2017-erste-infos\/das-buch-zum-kochkurs-2017\/","title":{"rendered":"Das Buch zum Kochkurs 2017"},"content":{"rendered":"<h3><span style=\"color: #808080;\">Liebe Mitkocher und Genieser, was soll ich hier noch schreiben. Ihr seid dabei gewesen. Es war unglaublich, wurde mir mehrmals versichert&#8230;wir wollen uns nochmal bei euch allen bedanken. Es hat uns sehr viel Spass gemacht, auch wenn wir um 00.30 Uhr etwas &#8222;ungem\u00fctlich&#8220; wurden.<\/span><\/h3>\n<h3><span style=\"color: #808080;\">Einen ganz gro\u00dfen herzlichen Dank an alle Helfer beim Auf- und Abbau, Geschirr polieren, Sp\u00fcldienst und, und, und&#8230;..<\/span><\/h3>\n<h3><span style=\"color: #808080;\">Einen ganz gro\u00dfen herzlichen Dank an Mora F\u00fctterer, unsere K\u00f6chin und die Frau mit dem \u00dcberblick.\u00a0 <a href=\"http:\/\/www.mocuisine.de\">www.mocuisine.de<\/a><br \/>\n<\/span><\/h3>\n<h3><span style=\"color: #808080;\">Einen ganz gro\u00dfen herzlichen Dank an J\u00fcrgen Kettner, P\u00e2tissier. Mit ihm bekam unser Dessert eine neue Dimension.<br \/>\n<\/span><\/h3>\n<h3><span style=\"color: #808080;\">Einen ganz gro\u00dfen herzlichen Dank an Fabien und Britta Dublaix. Wer Austern mag&#8230;kommt an diesen Beiden nicht vorbei.<br \/>\n<\/span><\/h3>\n<h3><span style=\"color: #808080;\">Einen ganz gro\u00dfen herzlichen Dank an Sarah Stork vom Weingut Vollmer f\u00fcr die \u00fcberzeugenden Weine aus ihrem Hause<\/span>. <a href=\"http:\/\/weingut-vollmer.com\">www.weingut-vollmer.com<\/a><\/h3>\n<h3><span style=\"color: #808080;\">Einen ganz gro\u00dfen herzlichen Dank an Nina Schulte. Die Frau mit den sch\u00e4rfsten Messern aus der Manufaktur Nesmuk.<\/span> <a href=\"http:\/\/www.nesmuk.de\">www.nesmuk.de<\/a><\/h3>\n<h3><span style=\"color: #808080;\">Hier nochmals alle Gerichte, zum Anschauen. Leider gibt es noch kein Geschmacks- und Geruchsinternet..dann w\u00fcrde jeder mal einen L\u00f6ffel nehmen k\u00f6nnen&#8230;<\/span><\/h3>\n<h3><span style=\"color: #808080;\">Aber ganz ehrlich, dabei sein ist einfach sch\u00f6ner.<\/span><\/h3>\n<p>&nbsp;<\/p>\n<p>Das Ganze gibt es wie immer als Fotobuch mit wenig Text, aber allen Rezepten.<\/p>\n<p>Format DIN\u00a0 A4 hoch. Preis 40.00\u20ac incl. Versand.<\/p>\n<p>Zu bestellen bei : info(at)kdrei-2009.de<\/p>\n<p>Wer es haben will, bitte bis 15.11.2017 bestellen. Danke<\/p>\n<p>Ihr seht hier immer eine Doppelseite&#8230;<\/p>\n<p><a href=\"https:\/\/www.kdrei-2009.de\/WPKdrei\/wp-content\/uploads\/2017\/11\/K3-KK2017-UMSCHLAGweb-1.png\" rel=\"lightbox[6658]\"><img loading=\"lazy\" decoding=\"async\" class=\"alignleft size-full wp-image-6665\" src=\"https:\/\/www.kdrei-2009.de\/WPKdrei\/wp-content\/uploads\/2017\/11\/K3-KK2017-UMSCHLAGweb-1.png\" alt=\"\" width=\"640\" height=\"410\" srcset=\"https:\/\/www.kdrei-2009.de\/WPKdrei\/wp-content\/uploads\/2017\/11\/K3-KK2017-UMSCHLAGweb-1.png 640w, https:\/\/www.kdrei-2009.de\/WPKdrei\/wp-content\/uploads\/2017\/11\/K3-KK2017-UMSCHLAGweb-1-300x192.png 300w\" sizes=\"(max-width: 640px) 100vw, 640px\" \/><\/a><\/p>\n<p>&nbsp;<\/p>\n<p>&nbsp;<\/p>\n<p>&nbsp;<\/p>\n<p>&nbsp;<\/p>\n<p>&nbsp;<\/p>\n<p>&nbsp;<\/p>\n<p>&nbsp;<\/p>\n<p>&nbsp;<\/p>\n<p>&nbsp;<\/p>\n<p>&nbsp;<\/p>\n<p>&nbsp;<\/p>\n<p>&nbsp;<\/p>\n<p>&nbsp;<\/p>\n<p>&nbsp;<\/p>\n<p><a href=\"https:\/\/www.kdrei-2009.de\/WPKdrei\/wp-content\/uploads\/2017\/11\/K3-KK2017-0-1web.png\" rel=\"lightbox[6658]\"><img loading=\"lazy\" decoding=\"async\" class=\"alignleft size-full wp-image-6659\" src=\"https:\/\/www.kdrei-2009.de\/WPKdrei\/wp-content\/uploads\/2017\/11\/K3-KK2017-0-1web.png\" alt=\"\" width=\"640\" height=\"421\" srcset=\"https:\/\/www.kdrei-2009.de\/WPKdrei\/wp-content\/uploads\/2017\/11\/K3-KK2017-0-1web.png 640w, https:\/\/www.kdrei-2009.de\/WPKdrei\/wp-content\/uploads\/2017\/11\/K3-KK2017-0-1web-300x197.png 300w\" sizes=\"(max-width: 640px) 100vw, 640px\" \/><\/a><\/p>\n<p>&nbsp;<\/p>\n<p>&nbsp;<\/p>\n<p>&nbsp;<\/p>\n<p>&nbsp;<\/p>\n<p>&nbsp;<\/p>\n<p>&nbsp;<\/p>\n<p>&nbsp;<\/p>\n<p>&nbsp;<\/p>\n<p>&nbsp;<\/p>\n<p>&nbsp;<\/p>\n<p>&nbsp;<\/p>\n<p>&nbsp;<\/p>\n<p>&nbsp;<\/p>\n<p>&nbsp;<\/p>\n<p>&nbsp;<\/p>\n<p><a href=\"https:\/\/www.kdrei-2009.de\/WPKdrei\/wp-content\/uploads\/2017\/11\/K3-KK2017-02-03web.png\" rel=\"lightbox[6658]\"><img loading=\"lazy\" decoding=\"async\" class=\"alignleft size-full wp-image-6638\" src=\"https:\/\/www.kdrei-2009.de\/WPKdrei\/wp-content\/uploads\/2017\/11\/K3-KK2017-02-03web.png\" alt=\"\" width=\"640\" height=\"421\" srcset=\"https:\/\/www.kdrei-2009.de\/WPKdrei\/wp-content\/uploads\/2017\/11\/K3-KK2017-02-03web.png 640w, https:\/\/www.kdrei-2009.de\/WPKdrei\/wp-content\/uploads\/2017\/11\/K3-KK2017-02-03web-300x197.png 300w\" sizes=\"(max-width: 640px) 100vw, 640px\" \/><\/a><\/p>\n<p>&nbsp;<\/p>\n<p>&nbsp;<\/p>\n<p>&nbsp;<\/p>\n<p>&nbsp;<\/p>\n<p>&nbsp;<\/p>\n<p>&nbsp;<\/p>\n<p>&nbsp;<\/p>\n<p>&nbsp;<\/p>\n<p>&nbsp;<\/p>\n<p>&nbsp;<\/p>\n<p>&nbsp;<\/p>\n<p>&nbsp;<\/p>\n<p>&nbsp;<\/p>\n<p>&nbsp;<\/p>\n<p>&nbsp;<\/p>\n<p><a href=\"https:\/\/www.kdrei-2009.de\/WPKdrei\/wp-content\/uploads\/2017\/11\/K3-KK2017-04-05web.png\" rel=\"lightbox[6658]\"><img loading=\"lazy\" decoding=\"async\" class=\"alignleft size-full wp-image-6639\" src=\"https:\/\/www.kdrei-2009.de\/WPKdrei\/wp-content\/uploads\/2017\/11\/K3-KK2017-04-05web.png\" alt=\"\" width=\"640\" height=\"421\" srcset=\"https:\/\/www.kdrei-2009.de\/WPKdrei\/wp-content\/uploads\/2017\/11\/K3-KK2017-04-05web.png 640w, https:\/\/www.kdrei-2009.de\/WPKdrei\/wp-content\/uploads\/2017\/11\/K3-KK2017-04-05web-300x197.png 300w\" sizes=\"(max-width: 640px) 100vw, 640px\" \/><\/a><\/p>\n<p>&nbsp;<\/p>\n<p>&nbsp;<\/p>\n<p>&nbsp;<\/p>\n<p>&nbsp;<\/p>\n<p>&nbsp;<\/p>\n<p>&nbsp;<\/p>\n<p>&nbsp;<\/p>\n<p>&nbsp;<\/p>\n<p>&nbsp;<\/p>\n<p>&nbsp;<\/p>\n<p>&nbsp;<\/p>\n<p>&nbsp;<\/p>\n<p>&nbsp;<\/p>\n<p>&nbsp;<\/p>\n<p>&nbsp;<\/p>\n<p><a href=\"https:\/\/www.kdrei-2009.de\/WPKdrei\/wp-content\/uploads\/2017\/11\/K3-KK2017-06-07web.png\" rel=\"lightbox[6658]\"><img loading=\"lazy\" decoding=\"async\" class=\"alignleft size-full wp-image-6640\" src=\"https:\/\/www.kdrei-2009.de\/WPKdrei\/wp-content\/uploads\/2017\/11\/K3-KK2017-06-07web.png\" alt=\"\" width=\"640\" height=\"421\" srcset=\"https:\/\/www.kdrei-2009.de\/WPKdrei\/wp-content\/uploads\/2017\/11\/K3-KK2017-06-07web.png 640w, https:\/\/www.kdrei-2009.de\/WPKdrei\/wp-content\/uploads\/2017\/11\/K3-KK2017-06-07web-300x197.png 300w\" sizes=\"(max-width: 640px) 100vw, 640px\" \/><\/a><\/p>\n<p>&nbsp;<\/p>\n<p>&nbsp;<\/p>\n<p>&nbsp;<\/p>\n<p>&nbsp;<\/p>\n<p>&nbsp;<\/p>\n<p>&nbsp;<\/p>\n<p>&nbsp;<\/p>\n<p>&nbsp;<\/p>\n<p>&nbsp;<\/p>\n<p>&nbsp;<\/p>\n<p>&nbsp;<\/p>\n<p>&nbsp;<\/p>\n<p>&nbsp;<\/p>\n<p>&nbsp;<\/p>\n<p>&nbsp;<\/p>\n<p><a href=\"https:\/\/www.kdrei-2009.de\/WPKdrei\/wp-content\/uploads\/2017\/11\/K3-KK2017-34-35web.png\" rel=\"lightbox[6658]\"><img loading=\"lazy\" decoding=\"async\" class=\"alignleft size-full wp-image-6654\" src=\"https:\/\/www.kdrei-2009.de\/WPKdrei\/wp-content\/uploads\/2017\/11\/K3-KK2017-34-35web.png\" alt=\"\" width=\"640\" height=\"421\" srcset=\"https:\/\/www.kdrei-2009.de\/WPKdrei\/wp-content\/uploads\/2017\/11\/K3-KK2017-34-35web.png 640w, https:\/\/www.kdrei-2009.de\/WPKdrei\/wp-content\/uploads\/2017\/11\/K3-KK2017-34-35web-300x197.png 300w\" sizes=\"(max-width: 640px) 100vw, 640px\" \/><\/a><\/p>\n<p>&nbsp;<\/p>\n<p>&nbsp;<\/p>\n<p>&nbsp;<\/p>\n<p>&nbsp;<\/p>\n<p>&nbsp;<\/p>\n<p>&nbsp;<\/p>\n<p>&nbsp;<\/p>\n<p>&nbsp;<\/p>\n<p>&nbsp;<\/p>\n<p>&nbsp;<\/p>\n<p>&nbsp;<\/p>\n<p>&nbsp;<\/p>\n<p>&nbsp;<\/p>\n<p>&nbsp;<\/p>\n<p>&nbsp;<\/p>\n<p><a href=\"https:\/\/www.kdrei-2009.de\/WPKdrei\/wp-content\/uploads\/2017\/11\/K3-KK2017-08-09web.png\" rel=\"lightbox[6658]\"><img loading=\"lazy\" decoding=\"async\" class=\"alignleft size-full wp-image-6641\" src=\"https:\/\/www.kdrei-2009.de\/WPKdrei\/wp-content\/uploads\/2017\/11\/K3-KK2017-08-09web.png\" alt=\"\" width=\"640\" height=\"421\" srcset=\"https:\/\/www.kdrei-2009.de\/WPKdrei\/wp-content\/uploads\/2017\/11\/K3-KK2017-08-09web.png 640w, https:\/\/www.kdrei-2009.de\/WPKdrei\/wp-content\/uploads\/2017\/11\/K3-KK2017-08-09web-300x197.png 300w\" sizes=\"(max-width: 640px) 100vw, 640px\" \/><\/a><\/p>\n<p>&nbsp;<\/p>\n<p>&nbsp;<\/p>\n<p>&nbsp;<\/p>\n<p>&nbsp;<\/p>\n<p>&nbsp;<\/p>\n<p>&nbsp;<\/p>\n<p>&nbsp;<\/p>\n<p>&nbsp;<\/p>\n<p>&nbsp;<\/p>\n<p>&nbsp;<\/p>\n<p>&nbsp;<\/p>\n<p>&nbsp;<\/p>\n<p>&nbsp;<\/p>\n<p>&nbsp;<\/p>\n<p>&nbsp;<\/p>\n<p><a href=\"https:\/\/www.kdrei-2009.de\/WPKdrei\/wp-content\/uploads\/2017\/11\/K3-KK2017-10-11web.png\" rel=\"lightbox[6658]\"><img loading=\"lazy\" decoding=\"async\" class=\"alignleft size-full wp-image-6642\" src=\"https:\/\/www.kdrei-2009.de\/WPKdrei\/wp-content\/uploads\/2017\/11\/K3-KK2017-10-11web.png\" alt=\"\" width=\"640\" height=\"421\" srcset=\"https:\/\/www.kdrei-2009.de\/WPKdrei\/wp-content\/uploads\/2017\/11\/K3-KK2017-10-11web.png 640w, https:\/\/www.kdrei-2009.de\/WPKdrei\/wp-content\/uploads\/2017\/11\/K3-KK2017-10-11web-300x197.png 300w\" sizes=\"(max-width: 640px) 100vw, 640px\" \/><\/a><\/p>\n<p>&nbsp;<\/p>\n<p>&nbsp;<\/p>\n<p>&nbsp;<\/p>\n<p>&nbsp;<\/p>\n<p>&nbsp;<\/p>\n<p>&nbsp;<\/p>\n<p>&nbsp;<\/p>\n<p>&nbsp;<\/p>\n<p>&nbsp;<\/p>\n<p>&nbsp;<\/p>\n<p>&nbsp;<\/p>\n<p>&nbsp;<\/p>\n<p>&nbsp;<\/p>\n<p>&nbsp;<\/p>\n<p>&nbsp;<\/p>\n<p><a href=\"https:\/\/www.kdrei-2009.de\/WPKdrei\/wp-content\/uploads\/2017\/11\/K3-KK2017-12-13web.png\" rel=\"lightbox[6658]\"><img loading=\"lazy\" decoding=\"async\" class=\"alignleft size-full wp-image-6643\" src=\"https:\/\/www.kdrei-2009.de\/WPKdrei\/wp-content\/uploads\/2017\/11\/K3-KK2017-12-13web.png\" alt=\"\" width=\"640\" height=\"421\" srcset=\"https:\/\/www.kdrei-2009.de\/WPKdrei\/wp-content\/uploads\/2017\/11\/K3-KK2017-12-13web.png 640w, https:\/\/www.kdrei-2009.de\/WPKdrei\/wp-content\/uploads\/2017\/11\/K3-KK2017-12-13web-300x197.png 300w\" sizes=\"(max-width: 640px) 100vw, 640px\" \/><\/a><\/p>\n<p>&nbsp;<\/p>\n<p>&nbsp;<\/p>\n<p>&nbsp;<\/p>\n<p>&nbsp;<\/p>\n<p>&nbsp;<\/p>\n<p>&nbsp;<\/p>\n<p>&nbsp;<\/p>\n<p>&nbsp;<\/p>\n<p>&nbsp;<\/p>\n<p>&nbsp;<\/p>\n<p>&nbsp;<\/p>\n<p>&nbsp;<\/p>\n<p>&nbsp;<\/p>\n<p>&nbsp;<\/p>\n<p>&nbsp;<\/p>\n<p><a href=\"https:\/\/www.kdrei-2009.de\/WPKdrei\/wp-content\/uploads\/2017\/11\/K3-KK2017-14-15web.png\" rel=\"lightbox[6658]\"><img loading=\"lazy\" decoding=\"async\" class=\"alignleft size-full wp-image-6644\" src=\"https:\/\/www.kdrei-2009.de\/WPKdrei\/wp-content\/uploads\/2017\/11\/K3-KK2017-14-15web.png\" alt=\"\" width=\"640\" height=\"421\" srcset=\"https:\/\/www.kdrei-2009.de\/WPKdrei\/wp-content\/uploads\/2017\/11\/K3-KK2017-14-15web.png 640w, https:\/\/www.kdrei-2009.de\/WPKdrei\/wp-content\/uploads\/2017\/11\/K3-KK2017-14-15web-300x197.png 300w\" sizes=\"(max-width: 640px) 100vw, 640px\" \/><\/a><\/p>\n<p>&nbsp;<\/p>\n<p>&nbsp;<\/p>\n<p>&nbsp;<\/p>\n<p>&nbsp;<\/p>\n<p>&nbsp;<\/p>\n<p>&nbsp;<\/p>\n<p>&nbsp;<\/p>\n<p>&nbsp;<\/p>\n<p>&nbsp;<\/p>\n<p>&nbsp;<\/p>\n<p>&nbsp;<\/p>\n<p>&nbsp;<\/p>\n<p>&nbsp;<\/p>\n<p>&nbsp;<\/p>\n<p>&nbsp;<\/p>\n<p><a href=\"https:\/\/www.kdrei-2009.de\/WPKdrei\/wp-content\/uploads\/2017\/11\/K3-KK2017-32-33web.png\" rel=\"lightbox[6658]\"><img loading=\"lazy\" decoding=\"async\" class=\"alignleft size-full wp-image-6653\" src=\"https:\/\/www.kdrei-2009.de\/WPKdrei\/wp-content\/uploads\/2017\/11\/K3-KK2017-32-33web.png\" alt=\"\" width=\"640\" height=\"421\" srcset=\"https:\/\/www.kdrei-2009.de\/WPKdrei\/wp-content\/uploads\/2017\/11\/K3-KK2017-32-33web.png 640w, https:\/\/www.kdrei-2009.de\/WPKdrei\/wp-content\/uploads\/2017\/11\/K3-KK2017-32-33web-300x197.png 300w\" sizes=\"(max-width: 640px) 100vw, 640px\" \/><\/a><\/p>\n<p>&nbsp;<\/p>\n<p>&nbsp;<\/p>\n<p>&nbsp;<\/p>\n<p>&nbsp;<\/p>\n<p>&nbsp;<\/p>\n<p>&nbsp;<\/p>\n<p>&nbsp;<\/p>\n<p>&nbsp;<\/p>\n<p>&nbsp;<\/p>\n<p>&nbsp;<\/p>\n<p>&nbsp;<\/p>\n<p>&nbsp;<\/p>\n<p>&nbsp;<\/p>\n<p>&nbsp;<\/p>\n<p>&nbsp;<\/p>\n<p><a href=\"https:\/\/www.kdrei-2009.de\/WPKdrei\/wp-content\/uploads\/2017\/11\/K3-KK2017-16-17web.png\" rel=\"lightbox[6658]\"><img loading=\"lazy\" decoding=\"async\" class=\"alignleft size-full wp-image-6645\" src=\"https:\/\/www.kdrei-2009.de\/WPKdrei\/wp-content\/uploads\/2017\/11\/K3-KK2017-16-17web.png\" alt=\"\" width=\"640\" height=\"421\" srcset=\"https:\/\/www.kdrei-2009.de\/WPKdrei\/wp-content\/uploads\/2017\/11\/K3-KK2017-16-17web.png 640w, https:\/\/www.kdrei-2009.de\/WPKdrei\/wp-content\/uploads\/2017\/11\/K3-KK2017-16-17web-300x197.png 300w\" sizes=\"(max-width: 640px) 100vw, 640px\" \/><\/a><\/p>\n<p>&nbsp;<\/p>\n<p>&nbsp;<\/p>\n<p>&nbsp;<\/p>\n<p>&nbsp;<\/p>\n<p>&nbsp;<\/p>\n<p>&nbsp;<\/p>\n<p>&nbsp;<\/p>\n<p>&nbsp;<\/p>\n<p>&nbsp;<\/p>\n<p>&nbsp;<\/p>\n<p>&nbsp;<\/p>\n<p>&nbsp;<\/p>\n<p>&nbsp;<\/p>\n<p>&nbsp;<\/p>\n<p>&nbsp;<\/p>\n<p><a href=\"https:\/\/www.kdrei-2009.de\/WPKdrei\/wp-content\/uploads\/2017\/11\/K3-KK2017-18-19web.png\" rel=\"lightbox[6658]\"><img loading=\"lazy\" decoding=\"async\" class=\"alignleft size-full wp-image-6646\" src=\"https:\/\/www.kdrei-2009.de\/WPKdrei\/wp-content\/uploads\/2017\/11\/K3-KK2017-18-19web.png\" alt=\"\" width=\"640\" height=\"421\" srcset=\"https:\/\/www.kdrei-2009.de\/WPKdrei\/wp-content\/uploads\/2017\/11\/K3-KK2017-18-19web.png 640w, https:\/\/www.kdrei-2009.de\/WPKdrei\/wp-content\/uploads\/2017\/11\/K3-KK2017-18-19web-300x197.png 300w\" sizes=\"(max-width: 640px) 100vw, 640px\" \/><\/a><\/p>\n<p>&nbsp;<\/p>\n<p>&nbsp;<\/p>\n<p>&nbsp;<\/p>\n<p>&nbsp;<\/p>\n<p>&nbsp;<\/p>\n<p>&nbsp;<\/p>\n<p>&nbsp;<\/p>\n<p>&nbsp;<\/p>\n<p>&nbsp;<\/p>\n<p>&nbsp;<\/p>\n<p>&nbsp;<\/p>\n<p>&nbsp;<\/p>\n<p>&nbsp;<\/p>\n<p>&nbsp;<\/p>\n<p>&nbsp;<\/p>\n<p><a href=\"https:\/\/www.kdrei-2009.de\/WPKdrei\/wp-content\/uploads\/2017\/11\/K3-KK2017-20-21web.png\" rel=\"lightbox[6658]\"><img loading=\"lazy\" decoding=\"async\" class=\"alignleft size-full wp-image-6647\" src=\"https:\/\/www.kdrei-2009.de\/WPKdrei\/wp-content\/uploads\/2017\/11\/K3-KK2017-20-21web.png\" alt=\"\" width=\"640\" height=\"421\" srcset=\"https:\/\/www.kdrei-2009.de\/WPKdrei\/wp-content\/uploads\/2017\/11\/K3-KK2017-20-21web.png 640w, https:\/\/www.kdrei-2009.de\/WPKdrei\/wp-content\/uploads\/2017\/11\/K3-KK2017-20-21web-300x197.png 300w\" sizes=\"(max-width: 640px) 100vw, 640px\" \/><\/a><\/p>\n<p>&nbsp;<\/p>\n<p>&nbsp;<\/p>\n<p>&nbsp;<\/p>\n<p>&nbsp;<\/p>\n<p>&nbsp;<\/p>\n<p>&nbsp;<\/p>\n<p>&nbsp;<\/p>\n<p>&nbsp;<\/p>\n<p>&nbsp;<\/p>\n<p>&nbsp;<\/p>\n<p>&nbsp;<\/p>\n<p>&nbsp;<\/p>\n<p>&nbsp;<\/p>\n<p>&nbsp;<\/p>\n<p>&nbsp;<\/p>\n<div id=\"attachment_6660\" style=\"width: 650px\" class=\"wp-caption alignleft\"><a href=\"https:\/\/www.kdrei-2009.de\/WPKdrei\/wp-content\/uploads\/2017\/11\/K3-KK2017-22-23web-1.png\" rel=\"lightbox[6658]\"><img loading=\"lazy\" decoding=\"async\" aria-describedby=\"caption-attachment-6660\" class=\"wp-image-6660 size-full\" src=\"https:\/\/www.kdrei-2009.de\/WPKdrei\/wp-content\/uploads\/2017\/11\/K3-KK2017-22-23web-1.png\" alt=\"\" width=\"640\" height=\"421\" srcset=\"https:\/\/www.kdrei-2009.de\/WPKdrei\/wp-content\/uploads\/2017\/11\/K3-KK2017-22-23web-1.png 640w, https:\/\/www.kdrei-2009.de\/WPKdrei\/wp-content\/uploads\/2017\/11\/K3-KK2017-22-23web-1-300x197.png 300w\" sizes=\"(max-width: 640px) 100vw, 640px\" \/><\/a><p id=\"caption-attachment-6660\" class=\"wp-caption-text\">Getr\u00fcffelter Ziegenfrischk\u00e4se mit mariniertem K\u00fcrbis<\/p><\/div>\n<p>&nbsp;<\/p>\n<p>&nbsp;<\/p>\n<p>&nbsp;<\/p>\n<p>&nbsp;<\/p>\n<p>&nbsp;<\/p>\n<p>&nbsp;<\/p>\n<p>&nbsp;<\/p>\n<p>&nbsp;<\/p>\n<p>&nbsp;<\/p>\n<p>&nbsp;<\/p>\n<p>&nbsp;<\/p>\n<p>&nbsp;<\/p>\n<p>&nbsp;<\/p>\n<p>&nbsp;<\/p>\n<p>&nbsp;<\/p>\n<div id=\"attachment_6661\" style=\"width: 650px\" class=\"wp-caption alignleft\"><a href=\"https:\/\/www.kdrei-2009.de\/WPKdrei\/wp-content\/uploads\/2017\/11\/K3-KK2017-24-25web-1.png\" rel=\"lightbox[6658]\"><img loading=\"lazy\" decoding=\"async\" aria-describedby=\"caption-attachment-6661\" class=\"wp-image-6661 size-full\" src=\"https:\/\/www.kdrei-2009.de\/WPKdrei\/wp-content\/uploads\/2017\/11\/K3-KK2017-24-25web-1.png\" alt=\"\" width=\"640\" height=\"421\" srcset=\"https:\/\/www.kdrei-2009.de\/WPKdrei\/wp-content\/uploads\/2017\/11\/K3-KK2017-24-25web-1.png 640w, https:\/\/www.kdrei-2009.de\/WPKdrei\/wp-content\/uploads\/2017\/11\/K3-KK2017-24-25web-1-300x197.png 300w\" sizes=\"(max-width: 640px) 100vw, 640px\" \/><\/a><p id=\"caption-attachment-6661\" class=\"wp-caption-text\">Bisque de Hommard mit Hummerfleisch, Crostini und Sauce Rouille<\/p><\/div>\n<p>&nbsp;<\/p>\n<p>&nbsp;<\/p>\n<p>&nbsp;<\/p>\n<p>&nbsp;<\/p>\n<p>&nbsp;<\/p>\n<p>&nbsp;<\/p>\n<p>&nbsp;<\/p>\n<p>&nbsp;<\/p>\n<p>&nbsp;<\/p>\n<p>&nbsp;<\/p>\n<p>&nbsp;<\/p>\n<p>&nbsp;<\/p>\n<p>&nbsp;<\/p>\n<p>&nbsp;<\/p>\n<p>&nbsp;<\/p>\n<div id=\"attachment_6650\" style=\"width: 650px\" class=\"wp-caption alignleft\"><a href=\"https:\/\/www.kdrei-2009.de\/WPKdrei\/wp-content\/uploads\/2017\/11\/K3-KK2017-26-27web.png\" rel=\"lightbox[6658]\"><img loading=\"lazy\" decoding=\"async\" aria-describedby=\"caption-attachment-6650\" class=\"wp-image-6650 size-full\" src=\"https:\/\/www.kdrei-2009.de\/WPKdrei\/wp-content\/uploads\/2017\/11\/K3-KK2017-26-27web.png\" alt=\"\" width=\"640\" height=\"421\" srcset=\"https:\/\/www.kdrei-2009.de\/WPKdrei\/wp-content\/uploads\/2017\/11\/K3-KK2017-26-27web.png 640w, https:\/\/www.kdrei-2009.de\/WPKdrei\/wp-content\/uploads\/2017\/11\/K3-KK2017-26-27web-300x197.png 300w\" sizes=\"(max-width: 640px) 100vw, 640px\" \/><\/a><p id=\"caption-attachment-6650\" class=\"wp-caption-text\">Infisionierter Kabeljau mit Roter Beete und Schwarzwurzelrisotto<\/p><\/div>\n<p>&nbsp;<\/p>\n<p>&nbsp;<\/p>\n<p>&nbsp;<\/p>\n<p>&nbsp;<\/p>\n<p>&nbsp;<\/p>\n<p>&nbsp;<\/p>\n<p>&nbsp;<\/p>\n<p>&nbsp;<\/p>\n<p>&nbsp;<\/p>\n<p>&nbsp;<\/p>\n<p>&nbsp;<\/p>\n<p>&nbsp;<\/p>\n<p>&nbsp;<\/p>\n<p>&nbsp;<\/p>\n<p>&nbsp;<\/p>\n<div id=\"attachment_6651\" style=\"width: 650px\" class=\"wp-caption alignleft\"><a href=\"https:\/\/www.kdrei-2009.de\/WPKdrei\/wp-content\/uploads\/2017\/11\/K3-KK2017-28-29web.png\" rel=\"lightbox[6658]\"><img loading=\"lazy\" decoding=\"async\" aria-describedby=\"caption-attachment-6651\" class=\"wp-image-6651 size-full\" src=\"https:\/\/www.kdrei-2009.de\/WPKdrei\/wp-content\/uploads\/2017\/11\/K3-KK2017-28-29web.png\" alt=\"\" width=\"640\" height=\"421\" srcset=\"https:\/\/www.kdrei-2009.de\/WPKdrei\/wp-content\/uploads\/2017\/11\/K3-KK2017-28-29web.png 640w, https:\/\/www.kdrei-2009.de\/WPKdrei\/wp-content\/uploads\/2017\/11\/K3-KK2017-28-29web-300x197.png 300w\" sizes=\"(max-width: 640px) 100vw, 640px\" \/><\/a><p id=\"caption-attachment-6651\" class=\"wp-caption-text\">Rinderfilet Welligton mit Pilzen und G\u00e4nseleber auf Herbstgem\u00fcse<\/p><\/div>\n<p>&nbsp;<\/p>\n<p>&nbsp;<\/p>\n<p>&nbsp;<\/p>\n<p>&nbsp;<\/p>\n<p>&nbsp;<\/p>\n<p>&nbsp;<\/p>\n<p>&nbsp;<\/p>\n<p>&nbsp;<\/p>\n<p>&nbsp;<\/p>\n<p>&nbsp;<\/p>\n<p>&nbsp;<\/p>\n<p>&nbsp;<\/p>\n<p>&nbsp;<\/p>\n<p>&nbsp;<\/p>\n<p>&nbsp;<\/p>\n<div id=\"attachment_6652\" style=\"width: 650px\" class=\"wp-caption alignleft\"><a href=\"https:\/\/www.kdrei-2009.de\/WPKdrei\/wp-content\/uploads\/2017\/11\/K3-KK2017-30-31web.png\" rel=\"lightbox[6658]\"><img loading=\"lazy\" decoding=\"async\" aria-describedby=\"caption-attachment-6652\" class=\"wp-image-6652 size-full\" src=\"https:\/\/www.kdrei-2009.de\/WPKdrei\/wp-content\/uploads\/2017\/11\/K3-KK2017-30-31web.png\" alt=\"\" width=\"640\" height=\"421\" srcset=\"https:\/\/www.kdrei-2009.de\/WPKdrei\/wp-content\/uploads\/2017\/11\/K3-KK2017-30-31web.png 640w, https:\/\/www.kdrei-2009.de\/WPKdrei\/wp-content\/uploads\/2017\/11\/K3-KK2017-30-31web-300x197.png 300w\" sizes=\"(max-width: 640px) 100vw, 640px\" \/><\/a><p id=\"caption-attachment-6652\" class=\"wp-caption-text\">Dark Chocolate &amp; Dark Berries<\/p><\/div>\n<p>&nbsp;<\/p>\n<p>&nbsp;<\/p>\n<p>&nbsp;<\/p>\n<p>&nbsp;<\/p>\n<p>&nbsp;<\/p>\n<p>&nbsp;<\/p>\n<p>&nbsp;<\/p>\n<p>&nbsp;<\/p>\n<p>&nbsp;<\/p>\n<p>&nbsp;<\/p>\n<p>&nbsp;<\/p>\n<p>&nbsp;<\/p>\n<p>&nbsp;<\/p>\n<p>&nbsp;<\/p>\n<p>&nbsp;<\/p>\n<p><a href=\"https:\/\/www.kdrei-2009.de\/WPKdrei\/wp-content\/uploads\/2017\/11\/K3-KK2017-letzte-seiteweb.png\" rel=\"lightbox[6658]\"><img loading=\"lazy\" decoding=\"async\" class=\"alignleft size-full wp-image-6655\" src=\"https:\/\/www.kdrei-2009.de\/WPKdrei\/wp-content\/uploads\/2017\/11\/K3-KK2017-letzte-seiteweb.png\" alt=\"\" width=\"640\" height=\"421\" srcset=\"https:\/\/www.kdrei-2009.de\/WPKdrei\/wp-content\/uploads\/2017\/11\/K3-KK2017-letzte-seiteweb.png 640w, https:\/\/www.kdrei-2009.de\/WPKdrei\/wp-content\/uploads\/2017\/11\/K3-KK2017-letzte-seiteweb-300x197.png 300w\" sizes=\"(max-width: 640px) 100vw, 640px\" \/><\/a><\/p>\n<p>&nbsp;<\/p>\n<p>&nbsp;<\/p>\n<p>&nbsp;<\/p>\n<p>&nbsp;<\/p>\n<p>&nbsp;<\/p>\n<p>&nbsp;<\/p>\n<p>&nbsp;<\/p>\n<p>&nbsp;<\/p>\n<p>&nbsp;<\/p>\n<p>&nbsp;<\/p>\n<p>&nbsp;<\/p>\n<p>&nbsp;<\/p>\n<p>&nbsp;<\/p>\n<p>&nbsp;<\/p>\n<p>&nbsp;<\/p>\n<p>&nbsp;<\/p>\n<p>&nbsp;<\/p>\n<p>&nbsp;<\/p>\n<p>&nbsp;<\/p>\n<p>&nbsp;<\/p>\n<p>&nbsp;<\/p>\n<p>&nbsp;<\/p>\n<p>&nbsp;<\/p>\n<p>&nbsp;<\/p>\n<p>&nbsp;<\/p>\n<p>&nbsp;<\/p>\n","protected":false},"excerpt":{"rendered":"<p>Liebe Mitkocher und Genieser, was soll ich hier noch schreiben. Ihr seid dabei gewesen. Es war unglaublich, wurde mir mehrmals versichert&#8230;wir wollen uns nochmal bei euch allen bedanken. Es hat [&hellip;]<\/p>\n","protected":false},"author":1,"featured_media":0,"parent":6257,"menu_order":0,"comment_status":"open","ping_status":"closed","template":"","meta":{"footnotes":""},"_links":{"self":[{"href":"https:\/\/www.kdrei-2009.de\/WPKdrei\/wp-json\/wp\/v2\/pages\/6658"}],"collection":[{"href":"https:\/\/www.kdrei-2009.de\/WPKdrei\/wp-json\/wp\/v2\/pages"}],"about":[{"href":"https:\/\/www.kdrei-2009.de\/WPKdrei\/wp-json\/wp\/v2\/types\/page"}],"author":[{"embeddable":true,"href":"https:\/\/www.kdrei-2009.de\/WPKdrei\/wp-json\/wp\/v2\/users\/1"}],"replies":[{"embeddable":true,"href":"https:\/\/www.kdrei-2009.de\/WPKdrei\/wp-json\/wp\/v2\/comments?post=6658"}],"version-history":[{"count":6,"href":"https:\/\/www.kdrei-2009.de\/WPKdrei\/wp-json\/wp\/v2\/pages\/6658\/revisions"}],"predecessor-version":[{"id":6671,"href":"https:\/\/www.kdrei-2009.de\/WPKdrei\/wp-json\/wp\/v2\/pages\/6658\/revisions\/6671"}],"up":[{"embeddable":true,"href":"https:\/\/www.kdrei-2009.de\/WPKdrei\/wp-json\/wp\/v2\/pages\/6257"}],"wp:attachment":[{"href":"https:\/\/www.kdrei-2009.de\/WPKdrei\/wp-json\/wp\/v2\/media?parent=6658"}],"curies":[{"name":"wp","href":"https:\/\/api.w.org\/{rel}","templated":true}]}}