{"id":6693,"date":"2017-12-03T18:47:21","date_gmt":"2017-12-03T18:47:21","guid":{"rendered":"https:\/\/www.kdrei-2009.de\/WPKdrei\/?page_id=6693"},"modified":"2017-12-03T18:47:21","modified_gmt":"2017-12-03T18:47:21","slug":"winterrunde-201718-in-ruit","status":"publish","type":"page","link":"https:\/\/www.kdrei-2009.de\/WPKdrei\/kugelsport-2\/visuelles-2016\/liga-2017\/winterrunde-201718-in-ruit\/","title":{"rendered":"Winterrunde 2017\/18 in Ruit"},"content":{"rendered":"<h3><span style=\"color: #808080;\">Am vergangenen Sonntag fand in Ruit der 2. Spieltag dieser beliebten Turnierserie bei den Ruiter Boulefreunden statt. Bei winterlichen Temperaturen um den Gefrierpunkt trafen sich 32 spielbegeisterte Frischluftfanatiker auf dem Ruiter Boulodrome beim Zentrum Zinsholz. Gespielt wurde 4 Runden Doublette superm\u00eal\u00e9e mit Zeitbegrenzung auf 1 Stunde. F\u00fcr Kdrei spielte W. Schreiber, der zwar sein erstes Spiel knapp mit 12:13 abgeben musste, alle weiteren aber erfolgreich gewinnen konnte und mit 3:1 Siegen eine gute Tagesbilanz hatte. Nach einsetzendem Schneefall, p\u00fcnktlich zu Beginn der 4. Runde, freuten sich nach Spielende alle auf einen warmen Gl\u00fchwein mit leckerem, selbstgebackenem Kuchen und den neuesten Klatsch aus den Vereinen. Immer wieder eine am\u00fcsante Gelegenheit, sich mit den Kollegen \u00fcber alles auf, um und neben dem Platz auszutauschen. Das beginnt dann meistens so: &#8222;&#8230;.hasch du scho gh\u00f6rt&#8230;.&#8220;\u00a0<\/span><\/h3>\n<h3><span style=\"color: #808080;\">Hier Tagesergebnisse und Gesamtergebnis:<\/span><\/h3>\n<p><a href=\"https:\/\/www.kdrei-2009.de\/WPKdrei\/?attachment_id=6691\" rel=\"attachment wp-att-6691\">2.Spieltag-17-18<\/a>\u00a0 <a href=\"https:\/\/www.kdrei-2009.de\/WPKdrei\/?attachment_id=6692\" rel=\"attachment wp-att-6692\">Rangliste-2.Spieltag<\/a><\/p>\n<p>&nbsp;<\/p>\n<p>&nbsp;<\/p>\n<p>&nbsp;<\/p>\n","protected":false},"excerpt":{"rendered":"<p>Am vergangenen Sonntag fand in Ruit der 2. Spieltag dieser beliebten Turnierserie bei den Ruiter Boulefreunden statt. Bei winterlichen Temperaturen um den Gefrierpunkt trafen sich 32 spielbegeisterte Frischluftfanatiker auf dem [&hellip;]<\/p>\n","protected":false},"author":1,"featured_media":0,"parent":6384,"menu_order":0,"comment_status":"closed","ping_status":"closed","template":"","meta":{"footnotes":""},"_links":{"self":[{"href":"https:\/\/www.kdrei-2009.de\/WPKdrei\/wp-json\/wp\/v2\/pages\/6693"}],"collection":[{"href":"https:\/\/www.kdrei-2009.de\/WPKdrei\/wp-json\/wp\/v2\/pages"}],"about":[{"href":"https:\/\/www.kdrei-2009.de\/WPKdrei\/wp-json\/wp\/v2\/types\/page"}],"author":[{"embeddable":true,"href":"https:\/\/www.kdrei-2009.de\/WPKdrei\/wp-json\/wp\/v2\/users\/1"}],"replies":[{"embeddable":true,"href":"https:\/\/www.kdrei-2009.de\/WPKdrei\/wp-json\/wp\/v2\/comments?post=6693"}],"version-history":[{"count":1,"href":"https:\/\/www.kdrei-2009.de\/WPKdrei\/wp-json\/wp\/v2\/pages\/6693\/revisions"}],"predecessor-version":[{"id":6694,"href":"https:\/\/www.kdrei-2009.de\/WPKdrei\/wp-json\/wp\/v2\/pages\/6693\/revisions\/6694"}],"up":[{"embeddable":true,"href":"https:\/\/www.kdrei-2009.de\/WPKdrei\/wp-json\/wp\/v2\/pages\/6384"}],"wp:attachment":[{"href":"https:\/\/www.kdrei-2009.de\/WPKdrei\/wp-json\/wp\/v2\/media?parent=6693"}],"curies":[{"name":"wp","href":"https:\/\/api.w.org\/{rel}","templated":true}]}}