{"id":6698,"date":"2017-12-11T13:21:32","date_gmt":"2017-12-11T13:21:32","guid":{"rendered":"https:\/\/www.kdrei-2009.de\/WPKdrei\/?page_id=6698"},"modified":"2017-12-11T13:21:32","modified_gmt":"2017-12-11T13:21:32","slug":"bosseln-statt-boulen","status":"publish","type":"page","link":"https:\/\/www.kdrei-2009.de\/WPKdrei\/kultur\/kultur-2017\/bosseln-statt-boulen\/","title":{"rendered":"Bosseln statt boulen"},"content":{"rendered":"<h3><span style=\"color: #808080;\">Wenn der Schnee seitw\u00e4rts kommt, im Klubheim kein Gl\u00fchwein mehr lagert und Parkg\u00e4ste auf unserem Boulodrome Schlittschuh laufen&#8230;.dann gehen wir mal bosseln. Wir starten in Unterensingen am Parkplatz beim Lauftreff und gehen dann eine Runde Richtung Lindenh\u00f6fe, kehren dort ein und dann zur\u00fcck&#8230;.<br \/>\n<\/span><\/h3>\n<p><a href=\"https:\/\/www.kdrei-2009.de\/WPKdrei\/?attachment_id=6709\" rel=\"attachment wp-att-6709\"><img loading=\"lazy\" decoding=\"async\" class=\"alignleft size-full wp-image-6709\" src=\"https:\/\/www.kdrei-2009.de\/WPKdrei\/wp-content\/uploads\/2017\/12\/K3-Bosseln2017_16.png\" alt=\"\" width=\"425\" height=\"283\" srcset=\"https:\/\/www.kdrei-2009.de\/WPKdrei\/wp-content\/uploads\/2017\/12\/K3-Bosseln2017_16.png 425w, https:\/\/www.kdrei-2009.de\/WPKdrei\/wp-content\/uploads\/2017\/12\/K3-Bosseln2017_16-300x200.png 300w\" sizes=\"(max-width: 425px) 100vw, 425px\" \/><\/a> <a href=\"https:\/\/www.kdrei-2009.de\/WPKdrei\/?attachment_id=6708\" rel=\"attachment wp-att-6708\"><img loading=\"lazy\" decoding=\"async\" class=\"alignleft size-full wp-image-6708\" src=\"https:\/\/www.kdrei-2009.de\/WPKdrei\/wp-content\/uploads\/2017\/12\/K3-Bosseln2017_15.png\" alt=\"\" width=\"425\" height=\"283\" srcset=\"https:\/\/www.kdrei-2009.de\/WPKdrei\/wp-content\/uploads\/2017\/12\/K3-Bosseln2017_15.png 425w, https:\/\/www.kdrei-2009.de\/WPKdrei\/wp-content\/uploads\/2017\/12\/K3-Bosseln2017_15-300x200.png 300w\" sizes=\"(max-width: 425px) 100vw, 425px\" \/><\/a> <a href=\"https:\/\/www.kdrei-2009.de\/WPKdrei\/?attachment_id=6707\" rel=\"attachment wp-att-6707\"><img loading=\"lazy\" decoding=\"async\" class=\"alignleft size-full wp-image-6707\" src=\"https:\/\/www.kdrei-2009.de\/WPKdrei\/wp-content\/uploads\/2017\/12\/K3-Bosseln2017_14.png\" alt=\"\" width=\"425\" height=\"283\" srcset=\"https:\/\/www.kdrei-2009.de\/WPKdrei\/wp-content\/uploads\/2017\/12\/K3-Bosseln2017_14.png 425w, https:\/\/www.kdrei-2009.de\/WPKdrei\/wp-content\/uploads\/2017\/12\/K3-Bosseln2017_14-300x200.png 300w\" sizes=\"(max-width: 425px) 100vw, 425px\" \/><\/a> <a href=\"https:\/\/www.kdrei-2009.de\/WPKdrei\/?attachment_id=6706\" rel=\"attachment wp-att-6706\"><img loading=\"lazy\" decoding=\"async\" class=\"alignleft size-full wp-image-6706\" src=\"https:\/\/www.kdrei-2009.de\/WPKdrei\/wp-content\/uploads\/2017\/12\/K3-Bosseln2017_13.png\" alt=\"\" width=\"425\" height=\"283\" srcset=\"https:\/\/www.kdrei-2009.de\/WPKdrei\/wp-content\/uploads\/2017\/12\/K3-Bosseln2017_13.png 425w, https:\/\/www.kdrei-2009.de\/WPKdrei\/wp-content\/uploads\/2017\/12\/K3-Bosseln2017_13-300x200.png 300w\" sizes=\"(max-width: 425px) 100vw, 425px\" \/><\/a> <a href=\"https:\/\/www.kdrei-2009.de\/WPKdrei\/?attachment_id=6705\" rel=\"attachment wp-att-6705\"><img loading=\"lazy\" decoding=\"async\" class=\"alignleft size-full wp-image-6705\" src=\"https:\/\/www.kdrei-2009.de\/WPKdrei\/wp-content\/uploads\/2017\/12\/K3-Bosseln2017_12.png\" alt=\"\" width=\"425\" height=\"283\" srcset=\"https:\/\/www.kdrei-2009.de\/WPKdrei\/wp-content\/uploads\/2017\/12\/K3-Bosseln2017_12.png 425w, https:\/\/www.kdrei-2009.de\/WPKdrei\/wp-content\/uploads\/2017\/12\/K3-Bosseln2017_12-300x200.png 300w\" sizes=\"(max-width: 425px) 100vw, 425px\" \/><\/a> <a href=\"https:\/\/www.kdrei-2009.de\/WPKdrei\/?attachment_id=6703\" rel=\"attachment wp-att-6703\"><img loading=\"lazy\" decoding=\"async\" class=\"alignleft size-full wp-image-6703\" src=\"https:\/\/www.kdrei-2009.de\/WPKdrei\/wp-content\/uploads\/2017\/12\/K3-Bosseln2017_11.png\" alt=\"\" width=\"425\" height=\"283\" srcset=\"https:\/\/www.kdrei-2009.de\/WPKdrei\/wp-content\/uploads\/2017\/12\/K3-Bosseln2017_11.png 425w, https:\/\/www.kdrei-2009.de\/WPKdrei\/wp-content\/uploads\/2017\/12\/K3-Bosseln2017_11-300x200.png 300w\" sizes=\"(max-width: 425px) 100vw, 425px\" \/><\/a> <a href=\"https:\/\/www.kdrei-2009.de\/WPKdrei\/?attachment_id=6702\" rel=\"attachment wp-att-6702\"><img loading=\"lazy\" decoding=\"async\" class=\"alignleft size-full wp-image-6702\" src=\"https:\/\/www.kdrei-2009.de\/WPKdrei\/wp-content\/uploads\/2017\/12\/K3-Bosseln2017_08.png\" alt=\"\" width=\"425\" height=\"283\" srcset=\"https:\/\/www.kdrei-2009.de\/WPKdrei\/wp-content\/uploads\/2017\/12\/K3-Bosseln2017_08.png 425w, https:\/\/www.kdrei-2009.de\/WPKdrei\/wp-content\/uploads\/2017\/12\/K3-Bosseln2017_08-300x200.png 300w\" sizes=\"(max-width: 425px) 100vw, 425px\" \/><\/a> <a href=\"https:\/\/www.kdrei-2009.de\/WPKdrei\/?attachment_id=6701\" rel=\"attachment wp-att-6701\"><img loading=\"lazy\" decoding=\"async\" class=\"alignleft size-full wp-image-6701\" src=\"https:\/\/www.kdrei-2009.de\/WPKdrei\/wp-content\/uploads\/2017\/12\/K3-Bosseln2017_05.png\" alt=\"\" width=\"425\" height=\"283\" srcset=\"https:\/\/www.kdrei-2009.de\/WPKdrei\/wp-content\/uploads\/2017\/12\/K3-Bosseln2017_05.png 425w, https:\/\/www.kdrei-2009.de\/WPKdrei\/wp-content\/uploads\/2017\/12\/K3-Bosseln2017_05-300x200.png 300w\" sizes=\"(max-width: 425px) 100vw, 425px\" \/><\/a> <a href=\"https:\/\/www.kdrei-2009.de\/WPKdrei\/?attachment_id=6700\" rel=\"attachment wp-att-6700\"><img loading=\"lazy\" decoding=\"async\" class=\"alignleft size-full wp-image-6700\" src=\"https:\/\/www.kdrei-2009.de\/WPKdrei\/wp-content\/uploads\/2017\/12\/K3-Bosseln2017_03.png\" alt=\"\" width=\"425\" height=\"283\" srcset=\"https:\/\/www.kdrei-2009.de\/WPKdrei\/wp-content\/uploads\/2017\/12\/K3-Bosseln2017_03.png 425w, https:\/\/www.kdrei-2009.de\/WPKdrei\/wp-content\/uploads\/2017\/12\/K3-Bosseln2017_03-300x200.png 300w\" sizes=\"(max-width: 425px) 100vw, 425px\" \/><\/a> <a href=\"https:\/\/www.kdrei-2009.de\/WPKdrei\/?attachment_id=6699\" rel=\"attachment wp-att-6699\"><img loading=\"lazy\" decoding=\"async\" class=\"alignleft size-full wp-image-6699\" src=\"https:\/\/www.kdrei-2009.de\/WPKdrei\/wp-content\/uploads\/2017\/12\/K3-Bosseln2017_01.png\" alt=\"\" width=\"425\" height=\"283\" srcset=\"https:\/\/www.kdrei-2009.de\/WPKdrei\/wp-content\/uploads\/2017\/12\/K3-Bosseln2017_01.png 425w, https:\/\/www.kdrei-2009.de\/WPKdrei\/wp-content\/uploads\/2017\/12\/K3-Bosseln2017_01-300x200.png 300w\" sizes=\"(max-width: 425px) 100vw, 425px\" \/><\/a><\/p>\n","protected":false},"excerpt":{"rendered":"<p>Wenn der Schnee seitw\u00e4rts kommt, im Klubheim kein Gl\u00fchwein mehr lagert und Parkg\u00e4ste auf unserem Boulodrome Schlittschuh laufen&#8230;.dann gehen wir mal bosseln. Wir starten in Unterensingen am Parkplatz beim Lauftreff [&hellip;]<\/p>\n","protected":false},"author":1,"featured_media":0,"parent":6361,"menu_order":0,"comment_status":"closed","ping_status":"closed","template":"","meta":{"footnotes":""},"_links":{"self":[{"href":"https:\/\/www.kdrei-2009.de\/WPKdrei\/wp-json\/wp\/v2\/pages\/6698"}],"collection":[{"href":"https:\/\/www.kdrei-2009.de\/WPKdrei\/wp-json\/wp\/v2\/pages"}],"about":[{"href":"https:\/\/www.kdrei-2009.de\/WPKdrei\/wp-json\/wp\/v2\/types\/page"}],"author":[{"embeddable":true,"href":"https:\/\/www.kdrei-2009.de\/WPKdrei\/wp-json\/wp\/v2\/users\/1"}],"replies":[{"embeddable":true,"href":"https:\/\/www.kdrei-2009.de\/WPKdrei\/wp-json\/wp\/v2\/comments?post=6698"}],"version-history":[{"count":1,"href":"https:\/\/www.kdrei-2009.de\/WPKdrei\/wp-json\/wp\/v2\/pages\/6698\/revisions"}],"predecessor-version":[{"id":6710,"href":"https:\/\/www.kdrei-2009.de\/WPKdrei\/wp-json\/wp\/v2\/pages\/6698\/revisions\/6710"}],"up":[{"embeddable":true,"href":"https:\/\/www.kdrei-2009.de\/WPKdrei\/wp-json\/wp\/v2\/pages\/6361"}],"wp:attachment":[{"href":"https:\/\/www.kdrei-2009.de\/WPKdrei\/wp-json\/wp\/v2\/media?parent=6698"}],"curies":[{"name":"wp","href":"https:\/\/api.w.org\/{rel}","templated":true}]}}