{"id":6720,"date":"2017-12-23T10:27:44","date_gmt":"2017-12-23T10:27:44","guid":{"rendered":"https:\/\/www.kdrei-2009.de\/WPKdrei\/?page_id=6720"},"modified":"2017-12-23T10:28:28","modified_gmt":"2017-12-23T10:28:28","slug":"6720-2","status":"publish","type":"page","link":"https:\/\/www.kdrei-2009.de\/WPKdrei\/kugelsport-2\/visuelles-2016\/liga-2017\/6720-2\/","title":{"rendered":"Winterrunde 2017\/18.03  in Denkendorf"},"content":{"rendered":"<h3><span style=\"color: #808080;\">Am vergangenen Sonntag fand in Denkendorf der 3. Spieltag dieser beliebten Turnierserie bei den Denkendorfer Boulefreunden statt. Bei winterlichen Temperaturen um den Gefrierpunkt trafen sich 25 spielbegeisterte Frischluftfanatiker auf dem Denkendorfer Boulodrome hinter der Sporthalle. Gespielt wurden 4 Runden Doublette superm\u00eal\u00e9e mit Zeitbegrenzung auf 1 Stunde. F\u00fcr Kdrei spielte W. Schreiber, der zwar sein erstes Spiel wieder knapp mit 12:13 abgeben musste, das Zweite deutliche mit 6:13 verlor, dann aber mit 13:2 und 13:1 zwei gute Spiele ablieferte und mit 2:2 Siegen eine gute Tagesbilanz hatte. Es gab leckere Suppe, Kaffee und Kuchen und die normalen Boulergetr\u00e4nke als Frostschutzmittel in handels\u00fcblichen Mengen verabreicht.<br \/>\n<\/span><\/h3>\n<p><a href=\"https:\/\/www.kdrei-2009.de\/WPKdrei\/?attachment_id=6718\" rel=\"attachment wp-att-6718\"><img loading=\"lazy\" decoding=\"async\" class=\"alignleft size-medium wp-image-6718\" src=\"https:\/\/www.kdrei-2009.de\/WPKdrei\/wp-content\/uploads\/2017\/12\/3.Spieltagweb-266x300.png\" alt=\"\" width=\"266\" height=\"300\" srcset=\"https:\/\/www.kdrei-2009.de\/WPKdrei\/wp-content\/uploads\/2017\/12\/3.Spieltagweb-266x300.png 266w, https:\/\/www.kdrei-2009.de\/WPKdrei\/wp-content\/uploads\/2017\/12\/3.Spieltagweb.png 680w\" sizes=\"(max-width: 266px) 100vw, 266px\" \/><\/a><\/p>\n<p>&nbsp;<\/p>\n<p>&nbsp;<\/p>\n<p>&nbsp;<\/p>\n<p>&nbsp;<\/p>\n<p>&nbsp;<\/p>\n<p>&nbsp;<\/p>\n<p>&nbsp;<\/p>\n<p>&nbsp;<\/p>\n<p>&nbsp;<\/p>\n<p>&nbsp;<\/p>\n<p>&nbsp;<\/p>\n<p>&nbsp;<\/p>\n<p><a href=\"https:\/\/www.kdrei-2009.de\/WPKdrei\/?attachment_id=6719\" rel=\"attachment wp-att-6719\"><img loading=\"lazy\" decoding=\"async\" class=\"alignleft size-medium wp-image-6719\" src=\"https:\/\/www.kdrei-2009.de\/WPKdrei\/wp-content\/uploads\/2017\/12\/Rangliste-3web-297x300.png\" alt=\"\" width=\"297\" height=\"300\" srcset=\"https:\/\/www.kdrei-2009.de\/WPKdrei\/wp-content\/uploads\/2017\/12\/Rangliste-3web-297x300.png 297w, https:\/\/www.kdrei-2009.de\/WPKdrei\/wp-content\/uploads\/2017\/12\/Rangliste-3web.png 680w\" sizes=\"(max-width: 297px) 100vw, 297px\" \/><\/a><\/p>\n","protected":false},"excerpt":{"rendered":"<p>Am vergangenen Sonntag fand in Denkendorf der 3. Spieltag dieser beliebten Turnierserie bei den Denkendorfer Boulefreunden statt. Bei winterlichen Temperaturen um den Gefrierpunkt trafen sich 25 spielbegeisterte Frischluftfanatiker auf dem [&hellip;]<\/p>\n","protected":false},"author":1,"featured_media":0,"parent":6384,"menu_order":0,"comment_status":"closed","ping_status":"closed","template":"","meta":{"footnotes":""},"_links":{"self":[{"href":"https:\/\/www.kdrei-2009.de\/WPKdrei\/wp-json\/wp\/v2\/pages\/6720"}],"collection":[{"href":"https:\/\/www.kdrei-2009.de\/WPKdrei\/wp-json\/wp\/v2\/pages"}],"about":[{"href":"https:\/\/www.kdrei-2009.de\/WPKdrei\/wp-json\/wp\/v2\/types\/page"}],"author":[{"embeddable":true,"href":"https:\/\/www.kdrei-2009.de\/WPKdrei\/wp-json\/wp\/v2\/users\/1"}],"replies":[{"embeddable":true,"href":"https:\/\/www.kdrei-2009.de\/WPKdrei\/wp-json\/wp\/v2\/comments?post=6720"}],"version-history":[{"count":2,"href":"https:\/\/www.kdrei-2009.de\/WPKdrei\/wp-json\/wp\/v2\/pages\/6720\/revisions"}],"predecessor-version":[{"id":6722,"href":"https:\/\/www.kdrei-2009.de\/WPKdrei\/wp-json\/wp\/v2\/pages\/6720\/revisions\/6722"}],"up":[{"embeddable":true,"href":"https:\/\/www.kdrei-2009.de\/WPKdrei\/wp-json\/wp\/v2\/pages\/6384"}],"wp:attachment":[{"href":"https:\/\/www.kdrei-2009.de\/WPKdrei\/wp-json\/wp\/v2\/media?parent=6720"}],"curies":[{"name":"wp","href":"https:\/\/api.w.org\/{rel}","templated":true}]}}