{"id":6797,"date":"2018-02-14T14:02:47","date_gmt":"2018-02-14T14:02:47","guid":{"rendered":"https:\/\/www.kdrei-2009.de\/WPKdrei\/?page_id=6797"},"modified":"2018-02-14T14:08:23","modified_gmt":"2018-02-14T14:08:23","slug":"6797-2","status":"publish","type":"page","link":"https:\/\/www.kdrei-2009.de\/WPKdrei\/kultur\/kultur-2018\/6797-2\/","title":{"rendered":"SWR BESUCH IN STUTTGART"},"content":{"rendered":"<h2><span style=\"color: #808080;\">Am 09. Februar 2018 waren wir zu Gast beim SWR in Stuttgart und konnten an einer F\u00fchrung durch das Haus teilnehmen. Das war eine interessante Sache. Schallarchiv, Radiostudios, Fernsehstudios, Gespr\u00e4ch mit einer Moderatorin, viel Technik und sehr teuer. Da sind unsere Geb\u00fchren mal wirklich gut angelegt. Alle waren sehr freundlich und sehr bem\u00fcht und wir waren begeistert. Anschliessend noch lecker Pizza oder Pasta beim Italiener unseres Vertrauens&#8230;<\/span><\/h2>\n<p>&nbsp;<\/p>\n<div id=\"attachment_6795\" style=\"width: 690px\" class=\"wp-caption alignleft\"><a href=\"https:\/\/www.kdrei-2009.de\/WPKdrei\/?attachment_id=6795\" rel=\"attachment wp-att-6795\"><img loading=\"lazy\" decoding=\"async\" aria-describedby=\"caption-attachment-6795\" class=\"size-full wp-image-6795\" src=\"https:\/\/www.kdrei-2009.de\/WPKdrei\/wp-content\/uploads\/2018\/02\/K3-swr2018-05.jpg\" alt=\"\" width=\"680\" height=\"510\" srcset=\"https:\/\/www.kdrei-2009.de\/WPKdrei\/wp-content\/uploads\/2018\/02\/K3-swr2018-05.jpg 680w, https:\/\/www.kdrei-2009.de\/WPKdrei\/wp-content\/uploads\/2018\/02\/K3-swr2018-05-300x225.jpg 300w\" sizes=\"(max-width: 680px) 100vw, 680px\" \/><\/a><p id=\"caption-attachment-6795\" class=\"wp-caption-text\">Hier ein Blick ins SWR 1 Studio.Steht da gerade Stefanie Anhalt???<\/p><\/div>\n<p>&nbsp;<\/p>\n<p>&nbsp;<\/p>\n<p>&nbsp;<\/p>\n<p>&nbsp;<\/p>\n<p>&nbsp;<\/p>\n<p>&nbsp;<\/p>\n<p>&nbsp;<\/p>\n<p>&nbsp;<\/p>\n<p>&nbsp;<\/p>\n<p>&nbsp;<\/p>\n<p>&nbsp;<\/p>\n<p>&nbsp;<\/p>\n<p>&nbsp;<\/p>\n<p>&nbsp;<\/p>\n<p>&nbsp;<\/p>\n<p>&nbsp;<\/p>\n<p>&nbsp;<\/p>\n<p>&nbsp;<\/p>\n<div id=\"attachment_6793\" style=\"width: 690px\" class=\"wp-caption alignleft\"><a href=\"https:\/\/www.kdrei-2009.de\/WPKdrei\/?attachment_id=6793\" rel=\"attachment wp-att-6793\"><img loading=\"lazy\" decoding=\"async\" aria-describedby=\"caption-attachment-6793\" class=\"size-full wp-image-6793\" src=\"https:\/\/www.kdrei-2009.de\/WPKdrei\/wp-content\/uploads\/2018\/02\/K3-swr2018-03.jpg\" alt=\"\" width=\"680\" height=\"513\" srcset=\"https:\/\/www.kdrei-2009.de\/WPKdrei\/wp-content\/uploads\/2018\/02\/K3-swr2018-03.jpg 680w, https:\/\/www.kdrei-2009.de\/WPKdrei\/wp-content\/uploads\/2018\/02\/K3-swr2018-03-300x226.jpg 300w\" sizes=\"(max-width: 680px) 100vw, 680px\" \/><\/a><p id=\"caption-attachment-6793\" class=\"wp-caption-text\">Das Landesschaustudio kurz vor Kdrei-\u00dcbertragung&#8230;<\/p><\/div>\n<p>&nbsp;<\/p>\n<p>&nbsp;<\/p>\n<p>&nbsp;<\/p>\n<p>&nbsp;<\/p>\n<p>&nbsp;<\/p>\n<p>&nbsp;<\/p>\n<p>&nbsp;<\/p>\n<p>&nbsp;<\/p>\n<p>&nbsp;<\/p>\n<p>&nbsp;<\/p>\n<p>&nbsp;<\/p>\n<p>&nbsp;<\/p>\n<p>&nbsp;<\/p>\n<p>&nbsp;<\/p>\n<p>&nbsp;<\/p>\n<p>&nbsp;<\/p>\n<p>&nbsp;<\/p>\n<p>&nbsp;<\/p>\n<div id=\"attachment_6794\" style=\"width: 690px\" class=\"wp-caption alignleft\"><a href=\"https:\/\/www.kdrei-2009.de\/WPKdrei\/?attachment_id=6794\" rel=\"attachment wp-att-6794\"><img loading=\"lazy\" decoding=\"async\" aria-describedby=\"caption-attachment-6794\" class=\"size-full wp-image-6794\" src=\"https:\/\/www.kdrei-2009.de\/WPKdrei\/wp-content\/uploads\/2018\/02\/K3-swr2018-04.jpg\" alt=\"\" width=\"680\" height=\"510\" srcset=\"https:\/\/www.kdrei-2009.de\/WPKdrei\/wp-content\/uploads\/2018\/02\/K3-swr2018-04.jpg 680w, https:\/\/www.kdrei-2009.de\/WPKdrei\/wp-content\/uploads\/2018\/02\/K3-swr2018-04-300x225.jpg 300w\" sizes=\"(max-width: 680px) 100vw, 680px\" \/><\/a><p id=\"caption-attachment-6794\" class=\"wp-caption-text\">&#8230;und dann waren unsere News auch schon zu sehen.<\/p><\/div>\n<p>&nbsp;<\/p>\n<p>&nbsp;<\/p>\n<p>&nbsp;<\/p>\n<p>&nbsp;<\/p>\n<p>&nbsp;<\/p>\n<p>&nbsp;<\/p>\n<p>&nbsp;<\/p>\n<p>&nbsp;<\/p>\n<p>&nbsp;<\/p>\n<p>&nbsp;<\/p>\n<p>&nbsp;<\/p>\n<p>&nbsp;<\/p>\n<p>&nbsp;<\/p>\n<p>&nbsp;<\/p>\n<p>&nbsp;<\/p>\n<p>&nbsp;<\/p>\n<p>&nbsp;<\/p>\n<p>&nbsp;<\/p>\n<p>&nbsp;<\/p>\n<p><a href=\"https:\/\/www.kdrei-2009.de\/WPKdrei\/?attachment_id=6791\" rel=\"attachment wp-att-6791\"><img loading=\"lazy\" decoding=\"async\" class=\"alignleft size-full wp-image-6791\" src=\"https:\/\/www.kdrei-2009.de\/WPKdrei\/wp-content\/uploads\/2018\/02\/K3-swr2018-01.jpg\" alt=\"\" width=\"680\" height=\"460\" srcset=\"https:\/\/www.kdrei-2009.de\/WPKdrei\/wp-content\/uploads\/2018\/02\/K3-swr2018-01.jpg 680w, https:\/\/www.kdrei-2009.de\/WPKdrei\/wp-content\/uploads\/2018\/02\/K3-swr2018-01-300x203.jpg 300w\" sizes=\"(max-width: 680px) 100vw, 680px\" \/><\/a><\/p>\n","protected":false},"excerpt":{"rendered":"<p>Am 09. Februar 2018 waren wir zu Gast beim SWR in Stuttgart und konnten an einer F\u00fchrung durch das Haus teilnehmen. Das war eine interessante Sache. Schallarchiv, Radiostudios, Fernsehstudios, Gespr\u00e4ch [&hellip;]<\/p>\n","protected":false},"author":1,"featured_media":0,"parent":6801,"menu_order":0,"comment_status":"closed","ping_status":"closed","template":"","meta":{"footnotes":""},"_links":{"self":[{"href":"https:\/\/www.kdrei-2009.de\/WPKdrei\/wp-json\/wp\/v2\/pages\/6797"}],"collection":[{"href":"https:\/\/www.kdrei-2009.de\/WPKdrei\/wp-json\/wp\/v2\/pages"}],"about":[{"href":"https:\/\/www.kdrei-2009.de\/WPKdrei\/wp-json\/wp\/v2\/types\/page"}],"author":[{"embeddable":true,"href":"https:\/\/www.kdrei-2009.de\/WPKdrei\/wp-json\/wp\/v2\/users\/1"}],"replies":[{"embeddable":true,"href":"https:\/\/www.kdrei-2009.de\/WPKdrei\/wp-json\/wp\/v2\/comments?post=6797"}],"version-history":[{"count":4,"href":"https:\/\/www.kdrei-2009.de\/WPKdrei\/wp-json\/wp\/v2\/pages\/6797\/revisions"}],"predecessor-version":[{"id":6803,"href":"https:\/\/www.kdrei-2009.de\/WPKdrei\/wp-json\/wp\/v2\/pages\/6797\/revisions\/6803"}],"up":[{"embeddable":true,"href":"https:\/\/www.kdrei-2009.de\/WPKdrei\/wp-json\/wp\/v2\/pages\/6801"}],"wp:attachment":[{"href":"https:\/\/www.kdrei-2009.de\/WPKdrei\/wp-json\/wp\/v2\/media?parent=6797"}],"curies":[{"name":"wp","href":"https:\/\/api.w.org\/{rel}","templated":true}]}}