{"id":6870,"date":"2018-03-05T18:06:28","date_gmt":"2018-03-05T18:06:28","guid":{"rendered":"https:\/\/www.kdrei-2009.de\/WPKdrei\/?page_id=6870"},"modified":"2018-03-05T18:28:53","modified_gmt":"2018-03-05T18:28:53","slug":"das-wars-maerzturnier-2018","status":"publish","type":"page","link":"https:\/\/www.kdrei-2009.de\/WPKdrei\/kugelsport-2\/koch-gala-2018\/turniere-2018-2\/das-wars-maerzturnier-2018\/","title":{"rendered":"Das wars. M\u00e4rzturnier 2018"},"content":{"rendered":"<h3><span style=\"color: #808080;\">Naja, bei diesem Wetter macht es nat\u00fcrlich wirkich Spass. Das war ein sch\u00f6ner Einstieg in die Boulesaison 2018. Mit 30 Spielern ging es wieder im Superm\u00eal\u00e9e-Modus um die Pl\u00e4tze in den Finalrunden. Am vergangenen Sonntag spielten wir unser 5. M\u00e4rzturnier. Es waren spannende und gute Begegnungen mit viel Unterhaltung und Spass. Bei belegten Br\u00f6tchen, Kartoffelsuppe aus dem Brot und leckerem Kuchen war es ein kurzweilliger Nachmittag mit Genuss und Sport. Dank der guten Turnierleitung durch Steffie Stork und Aniello Matrone waren die Vorrundenspiele gegen 15.00Uhr beendet und die acht besten des Feldes waren ermittelt. G\u00fcnther Rapp (4 Siege\/35Kugeln), Levi Pfeffinger (4\/24), Andi Alt (4\/18), Walter Schreiber (3\/26), Kai-Uwe Krohmer (3\/17), Joachim Janisch (3\/14), Attila Bodo (3\/13), Brigitta Knapp (3\/6) und Marcus Pfeffinger (3\/6). In den Halbfinalen spielten Marcus\/Andi gegen Joachim\/Brigitte 13:8 und Levi\/Walter gegen Kai-Uwe, Attila und G\u00fcnter (8:13). Nach einer erneuten Auslosung stand das Finale fest. Marcus und Attila gewannen nach einem spannenden Spiel gegen das Triplette Andi, G\u00fcnter und Kai-Uwe mit 13:9 und wurden somit Turniersieger 2018. Herzlichen Gl\u00fcckwunsch, eine sch\u00f6ne Boulesaison und bis zum n\u00e4chsten Jahr. Wir bedanken uns bei allen Parkbesuchern und den Anwohnern f\u00fcr ihr Verst\u00e4ndnis.<\/span><\/h3>\n<p>&lt;?php echo do_shortcode(&#8218;<div id=\"metaslider-id-6874\" style=\"max-width: 700px;\" class=\"ml-slider-3-90-1 metaslider metaslider-flex metaslider-6874 ml-slider ms-theme-default\" role=\"region\" aria-roledescription=\"Slideshow\" aria-label=\"New Slideshow\">\n    <div id=\"metaslider_container_6874\">\n        <div id=\"metaslider_6874\">\n            <ul class='slides'>\n                <li style=\"display: block; width: 100%;\" class=\"slide-6875 ms-image \" aria-roledescription=\"slide\" aria-label=\"slide-6875\"><img loading=\"lazy\" decoding=\"async\" width=\"1134\" height=\"257\" src=\"https:\/\/www.kdrei-2009.de\/WPKdrei\/wp-content\/uploads\/2018\/03\/K3-Maerz2018-panoramaweb.png\" class=\"slider-6874 slide-6875\" alt=\"\" rel=\"\" title=\"K3-Maerz2018-panoramaweb\" srcset=\"https:\/\/www.kdrei-2009.de\/WPKdrei\/wp-content\/uploads\/2018\/03\/K3-Maerz2018-panoramaweb.png 1134w, https:\/\/www.kdrei-2009.de\/WPKdrei\/wp-content\/uploads\/2018\/03\/K3-Maerz2018-panoramaweb-300x68.png 300w, https:\/\/www.kdrei-2009.de\/WPKdrei\/wp-content\/uploads\/2018\/03\/K3-Maerz2018-panoramaweb-768x174.png 768w, https:\/\/www.kdrei-2009.de\/WPKdrei\/wp-content\/uploads\/2018\/03\/K3-Maerz2018-panoramaweb-1024x232.png 1024w\" sizes=\"(max-width: 1134px) 100vw, 1134px\" \/><div class=\"caption-wrap\"><div class=\"caption\">Das Boulodrome in den Krautg\u00e4rten<\/div><\/div><\/li>\n                <li style=\"display: none; width: 100%;\" class=\"slide-6876 ms-image \" aria-roledescription=\"slide\" aria-label=\"slide-6876\"><img loading=\"lazy\" decoding=\"async\" width=\"680\" height=\"341\" src=\"https:\/\/www.kdrei-2009.de\/WPKdrei\/wp-content\/uploads\/2018\/03\/K3-Ma\u0308rzturnier18_04webweb.png\" class=\"slider-6874 slide-6876\" alt=\"\" rel=\"\" title=\"K3-Ma\u0308rzturnier18_04webweb\" srcset=\"https:\/\/www.kdrei-2009.de\/WPKdrei\/wp-content\/uploads\/2018\/03\/K3-Ma\u0308rzturnier18_04webweb.png 680w, https:\/\/www.kdrei-2009.de\/WPKdrei\/wp-content\/uploads\/2018\/03\/K3-Ma\u0308rzturnier18_04webweb-300x150.png 300w\" sizes=\"(max-width: 680px) 100vw, 680px\" \/><\/li>\n                <li style=\"display: none; width: 100%;\" class=\"slide-6877 ms-image \" aria-roledescription=\"slide\" aria-label=\"slide-6877\"><img loading=\"lazy\" decoding=\"async\" width=\"680\" height=\"262\" src=\"https:\/\/www.kdrei-2009.de\/WPKdrei\/wp-content\/uploads\/2018\/03\/K3-Ma\u0308rzturnier18_01webweb.png\" class=\"slider-6874 slide-6877\" alt=\"\" rel=\"\" title=\"K3-Ma\u0308rzturnier18_01webweb\" srcset=\"https:\/\/www.kdrei-2009.de\/WPKdrei\/wp-content\/uploads\/2018\/03\/K3-Ma\u0308rzturnier18_01webweb.png 680w, https:\/\/www.kdrei-2009.de\/WPKdrei\/wp-content\/uploads\/2018\/03\/K3-Ma\u0308rzturnier18_01webweb-300x116.png 300w\" sizes=\"(max-width: 680px) 100vw, 680px\" \/><\/li>\n                <li style=\"display: none; width: 100%;\" class=\"slide-6878 ms-image \" aria-roledescription=\"slide\" aria-label=\"slide-6878\"><img loading=\"lazy\" decoding=\"async\" width=\"680\" height=\"398\" src=\"https:\/\/www.kdrei-2009.de\/WPKdrei\/wp-content\/uploads\/2018\/03\/K3-Ma\u0308rzturnier18_05webweb.png\" class=\"slider-6874 slide-6878\" alt=\"\" rel=\"\" title=\"K3-Ma\u0308rzturnier18_05webweb\" srcset=\"https:\/\/www.kdrei-2009.de\/WPKdrei\/wp-content\/uploads\/2018\/03\/K3-Ma\u0308rzturnier18_05webweb.png 680w, https:\/\/www.kdrei-2009.de\/WPKdrei\/wp-content\/uploads\/2018\/03\/K3-Ma\u0308rzturnier18_05webweb-300x176.png 300w\" sizes=\"(max-width: 680px) 100vw, 680px\" \/><\/li>\n                <li style=\"display: none; width: 100%;\" class=\"slide-6879 ms-image \" aria-roledescription=\"slide\" aria-label=\"slide-6879\"><img loading=\"lazy\" decoding=\"async\" width=\"680\" height=\"434\" src=\"https:\/\/www.kdrei-2009.de\/WPKdrei\/wp-content\/uploads\/2018\/03\/K3-Ma\u0308rzturnier18_07webweb.png\" class=\"slider-6874 slide-6879\" alt=\"\" rel=\"\" title=\"K3-Ma\u0308rzturnier18_07webweb\" srcset=\"https:\/\/www.kdrei-2009.de\/WPKdrei\/wp-content\/uploads\/2018\/03\/K3-Ma\u0308rzturnier18_07webweb.png 680w, https:\/\/www.kdrei-2009.de\/WPKdrei\/wp-content\/uploads\/2018\/03\/K3-Ma\u0308rzturnier18_07webweb-300x191.png 300w\" sizes=\"(max-width: 680px) 100vw, 680px\" \/><div class=\"caption-wrap\"><div class=\"caption\">Da wars noch schattig und frisch.<\/div><\/div><\/li>\n                <li style=\"display: none; width: 100%;\" class=\"slide-6880 ms-image \" aria-roledescription=\"slide\" aria-label=\"slide-6880\"><img loading=\"lazy\" decoding=\"async\" width=\"680\" height=\"420\" src=\"https:\/\/www.kdrei-2009.de\/WPKdrei\/wp-content\/uploads\/2018\/03\/K3-Ma\u0308rzturnier18_06webweb.png\" class=\"slider-6874 slide-6880\" alt=\"\" rel=\"\" title=\"K3-Ma\u0308rzturnier18_06webweb\" srcset=\"https:\/\/www.kdrei-2009.de\/WPKdrei\/wp-content\/uploads\/2018\/03\/K3-Ma\u0308rzturnier18_06webweb.png 680w, https:\/\/www.kdrei-2009.de\/WPKdrei\/wp-content\/uploads\/2018\/03\/K3-Ma\u0308rzturnier18_06webweb-300x185.png 300w\" sizes=\"(max-width: 680px) 100vw, 680px\" \/><\/li>\n                <li style=\"display: none; width: 100%;\" class=\"slide-6881 ms-image \" aria-roledescription=\"slide\" aria-label=\"slide-6881\"><img loading=\"lazy\" decoding=\"async\" width=\"680\" height=\"477\" src=\"https:\/\/www.kdrei-2009.de\/WPKdrei\/wp-content\/uploads\/2018\/03\/K3-Ma\u0308rzturnier18_08webweb.png\" class=\"slider-6874 slide-6881\" alt=\"\" rel=\"\" title=\"K3-Ma\u0308rzturnier18_08webweb\" srcset=\"https:\/\/www.kdrei-2009.de\/WPKdrei\/wp-content\/uploads\/2018\/03\/K3-Ma\u0308rzturnier18_08webweb.png 680w, https:\/\/www.kdrei-2009.de\/WPKdrei\/wp-content\/uploads\/2018\/03\/K3-Ma\u0308rzturnier18_08webweb-300x210.png 300w\" sizes=\"(max-width: 680px) 100vw, 680px\" \/><\/li>\n                <li style=\"display: none; width: 100%;\" class=\"slide-6882 ms-image \" aria-roledescription=\"slide\" aria-label=\"slide-6882\"><img loading=\"lazy\" decoding=\"async\" width=\"680\" height=\"726\" src=\"https:\/\/www.kdrei-2009.de\/WPKdrei\/wp-content\/uploads\/2018\/03\/K3-Ma\u0308rzturnier18_10webweb.png\" class=\"slider-6874 slide-6882\" alt=\"\" rel=\"\" title=\"K3-Ma\u0308rzturnier18_10webweb\" srcset=\"https:\/\/www.kdrei-2009.de\/WPKdrei\/wp-content\/uploads\/2018\/03\/K3-Ma\u0308rzturnier18_10webweb.png 680w, https:\/\/www.kdrei-2009.de\/WPKdrei\/wp-content\/uploads\/2018\/03\/K3-Ma\u0308rzturnier18_10webweb-281x300.png 281w\" sizes=\"(max-width: 680px) 100vw, 680px\" \/><\/li>\n                <li style=\"display: none; width: 100%;\" class=\"slide-6883 ms-image \" aria-roledescription=\"slide\" aria-label=\"slide-6883\"><img loading=\"lazy\" decoding=\"async\" width=\"680\" height=\"596\" src=\"https:\/\/www.kdrei-2009.de\/WPKdrei\/wp-content\/uploads\/2018\/03\/K3-Ma\u0308rzturnier18_11webweb.png\" class=\"slider-6874 slide-6883\" alt=\"\" rel=\"\" title=\"K3-Ma\u0308rzturnier18_11webweb\" srcset=\"https:\/\/www.kdrei-2009.de\/WPKdrei\/wp-content\/uploads\/2018\/03\/K3-Ma\u0308rzturnier18_11webweb.png 680w, https:\/\/www.kdrei-2009.de\/WPKdrei\/wp-content\/uploads\/2018\/03\/K3-Ma\u0308rzturnier18_11webweb-300x263.png 300w\" sizes=\"(max-width: 680px) 100vw, 680px\" \/><div class=\"caption-wrap\"><div class=\"caption\">Es gab immer was zu beobachten und zu analysieren.<\/div><\/div><\/li>\n                <li style=\"display: none; width: 100%;\" class=\"slide-6884 ms-image \" aria-roledescription=\"slide\" aria-label=\"slide-6884\"><img loading=\"lazy\" decoding=\"async\" width=\"680\" height=\"778\" src=\"https:\/\/www.kdrei-2009.de\/WPKdrei\/wp-content\/uploads\/2018\/03\/K3-Ma\u0308rzturnier18_14webweb.png\" class=\"slider-6874 slide-6884\" alt=\"\" rel=\"\" title=\"K3-Ma\u0308rzturnier18_14webweb\" srcset=\"https:\/\/www.kdrei-2009.de\/WPKdrei\/wp-content\/uploads\/2018\/03\/K3-Ma\u0308rzturnier18_14webweb.png 680w, https:\/\/www.kdrei-2009.de\/WPKdrei\/wp-content\/uploads\/2018\/03\/K3-Ma\u0308rzturnier18_14webweb-262x300.png 262w\" sizes=\"(max-width: 680px) 100vw, 680px\" \/><div class=\"caption-wrap\"><div class=\"caption\">Hier auch. <\/div><\/div><\/li>\n                <li style=\"display: none; width: 100%;\" class=\"slide-6885 ms-image \" aria-roledescription=\"slide\" aria-label=\"slide-6885\"><img loading=\"lazy\" decoding=\"async\" width=\"680\" height=\"825\" src=\"https:\/\/www.kdrei-2009.de\/WPKdrei\/wp-content\/uploads\/2018\/03\/K3-Ma\u0308rzturnier18_19webweb.png\" class=\"slider-6874 slide-6885\" alt=\"\" rel=\"\" title=\"K3-Ma\u0308rzturnier18_19webweb\" srcset=\"https:\/\/www.kdrei-2009.de\/WPKdrei\/wp-content\/uploads\/2018\/03\/K3-Ma\u0308rzturnier18_19webweb.png 680w, https:\/\/www.kdrei-2009.de\/WPKdrei\/wp-content\/uploads\/2018\/03\/K3-Ma\u0308rzturnier18_19webweb-247x300.png 247w\" sizes=\"(max-width: 680px) 100vw, 680px\" \/><div class=\"caption-wrap\"><div class=\"caption\">Und dann immer diese ungenauen Kugeln...<\/div><\/div><\/li>\n                <li style=\"display: none; width: 100%;\" class=\"slide-6886 ms-image \" aria-roledescription=\"slide\" aria-label=\"slide-6886\"><img loading=\"lazy\" decoding=\"async\" width=\"680\" height=\"279\" src=\"https:\/\/www.kdrei-2009.de\/WPKdrei\/wp-content\/uploads\/2018\/03\/K3-Ma\u0308rzturnier18_20webweb.png\" class=\"slider-6874 slide-6886\" alt=\"\" rel=\"\" title=\"K3-Ma\u0308rzturnier18_20webweb\" srcset=\"https:\/\/www.kdrei-2009.de\/WPKdrei\/wp-content\/uploads\/2018\/03\/K3-Ma\u0308rzturnier18_20webweb.png 680w, https:\/\/www.kdrei-2009.de\/WPKdrei\/wp-content\/uploads\/2018\/03\/K3-Ma\u0308rzturnier18_20webweb-300x123.png 300w\" sizes=\"(max-width: 680px) 100vw, 680px\" \/><div class=\"caption-wrap\"><div class=\"caption\">Schon wieder messen...<\/div><\/div><\/li>\n                <li style=\"display: none; width: 100%;\" class=\"slide-6887 ms-image \" aria-roledescription=\"slide\" aria-label=\"slide-6887\"><img loading=\"lazy\" decoding=\"async\" width=\"680\" height=\"487\" src=\"https:\/\/www.kdrei-2009.de\/WPKdrei\/wp-content\/uploads\/2018\/03\/K3-Ma\u0308rzturnier18_22webweb.png\" class=\"slider-6874 slide-6887\" alt=\"\" rel=\"\" title=\"K3-Ma\u0308rzturnier18_22webweb\" srcset=\"https:\/\/www.kdrei-2009.de\/WPKdrei\/wp-content\/uploads\/2018\/03\/K3-Ma\u0308rzturnier18_22webweb.png 680w, https:\/\/www.kdrei-2009.de\/WPKdrei\/wp-content\/uploads\/2018\/03\/K3-Ma\u0308rzturnier18_22webweb-300x215.png 300w\" sizes=\"(max-width: 680px) 100vw, 680px\" \/><\/li>\n                <li style=\"display: none; width: 100%;\" class=\"slide-6888 ms-image \" aria-roledescription=\"slide\" aria-label=\"slide-6888\"><img loading=\"lazy\" decoding=\"async\" width=\"680\" height=\"962\" src=\"https:\/\/www.kdrei-2009.de\/WPKdrei\/wp-content\/uploads\/2018\/03\/K3-Ma\u0308rzturnier18_23webweb.png\" class=\"slider-6874 slide-6888\" alt=\"\" rel=\"\" title=\"K3-Ma\u0308rzturnier18_23webweb\" srcset=\"https:\/\/www.kdrei-2009.de\/WPKdrei\/wp-content\/uploads\/2018\/03\/K3-Ma\u0308rzturnier18_23webweb.png 680w, https:\/\/www.kdrei-2009.de\/WPKdrei\/wp-content\/uploads\/2018\/03\/K3-Ma\u0308rzturnier18_23webweb-212x300.png 212w\" sizes=\"(max-width: 680px) 100vw, 680px\" \/><\/li>\n                <li style=\"display: none; width: 100%;\" class=\"slide-6889 ms-image \" aria-roledescription=\"slide\" aria-label=\"slide-6889\"><img loading=\"lazy\" decoding=\"async\" width=\"680\" height=\"549\" src=\"https:\/\/www.kdrei-2009.de\/WPKdrei\/wp-content\/uploads\/2018\/03\/K3-Ma\u0308rzturnier18_24webweb.png\" class=\"slider-6874 slide-6889\" alt=\"\" rel=\"\" title=\"K3-Ma\u0308rzturnier18_24webweb\" srcset=\"https:\/\/www.kdrei-2009.de\/WPKdrei\/wp-content\/uploads\/2018\/03\/K3-Ma\u0308rzturnier18_24webweb.png 680w, https:\/\/www.kdrei-2009.de\/WPKdrei\/wp-content\/uploads\/2018\/03\/K3-Ma\u0308rzturnier18_24webweb-300x242.png 300w\" sizes=\"(max-width: 680px) 100vw, 680px\" \/><\/li>\n                <li style=\"display: none; width: 100%;\" class=\"slide-6890 ms-image \" aria-roledescription=\"slide\" aria-label=\"slide-6890\"><img loading=\"lazy\" decoding=\"async\" width=\"680\" height=\"346\" src=\"https:\/\/www.kdrei-2009.de\/WPKdrei\/wp-content\/uploads\/2018\/03\/K3-Ma\u0308rzturnier18_31webweb.png\" class=\"slider-6874 slide-6890\" alt=\"\" rel=\"\" title=\"K3-Ma\u0308rzturnier18_31webweb\" srcset=\"https:\/\/www.kdrei-2009.de\/WPKdrei\/wp-content\/uploads\/2018\/03\/K3-Ma\u0308rzturnier18_31webweb.png 680w, https:\/\/www.kdrei-2009.de\/WPKdrei\/wp-content\/uploads\/2018\/03\/K3-Ma\u0308rzturnier18_31webweb-300x153.png 300w\" sizes=\"(max-width: 680px) 100vw, 680px\" \/><\/li>\n                <li style=\"display: none; width: 100%;\" class=\"slide-6891 ms-image \" aria-roledescription=\"slide\" aria-label=\"slide-6891\"><img loading=\"lazy\" decoding=\"async\" width=\"680\" height=\"420\" src=\"https:\/\/www.kdrei-2009.de\/WPKdrei\/wp-content\/uploads\/2018\/03\/K3-Ma\u0308rzturnier18_27webweb.png\" class=\"slider-6874 slide-6891\" alt=\"\" rel=\"\" title=\"K3-Ma\u0308rzturnier18_27webweb\" srcset=\"https:\/\/www.kdrei-2009.de\/WPKdrei\/wp-content\/uploads\/2018\/03\/K3-Ma\u0308rzturnier18_27webweb.png 680w, https:\/\/www.kdrei-2009.de\/WPKdrei\/wp-content\/uploads\/2018\/03\/K3-Ma\u0308rzturnier18_27webweb-300x185.png 300w\" sizes=\"(max-width: 680px) 100vw, 680px\" \/><\/li>\n                <li style=\"display: none; width: 100%;\" class=\"slide-6892 ms-image \" aria-roledescription=\"slide\" aria-label=\"slide-6892\"><img loading=\"lazy\" decoding=\"async\" width=\"680\" height=\"835\" src=\"https:\/\/www.kdrei-2009.de\/WPKdrei\/wp-content\/uploads\/2018\/03\/K3-Ma\u0308rzturnier18_32webweb.png\" class=\"slider-6874 slide-6892\" alt=\"\" rel=\"\" title=\"K3-Ma\u0308rzturnier18_32webweb\" srcset=\"https:\/\/www.kdrei-2009.de\/WPKdrei\/wp-content\/uploads\/2018\/03\/K3-Ma\u0308rzturnier18_32webweb.png 680w, https:\/\/www.kdrei-2009.de\/WPKdrei\/wp-content\/uploads\/2018\/03\/K3-Ma\u0308rzturnier18_32webweb-244x300.png 244w\" sizes=\"(max-width: 680px) 100vw, 680px\" \/><\/li>\n                <li style=\"display: none; width: 100%;\" class=\"slide-6893 ms-image \" aria-roledescription=\"slide\" aria-label=\"slide-6893\"><img loading=\"lazy\" decoding=\"async\" width=\"680\" height=\"725\" src=\"https:\/\/www.kdrei-2009.de\/WPKdrei\/wp-content\/uploads\/2018\/03\/K3-Ma\u0308rzturnier18_34webweb.png\" class=\"slider-6874 slide-6893\" alt=\"\" rel=\"\" title=\"K3-Ma\u0308rzturnier18_34webweb\" srcset=\"https:\/\/www.kdrei-2009.de\/WPKdrei\/wp-content\/uploads\/2018\/03\/K3-Ma\u0308rzturnier18_34webweb.png 680w, https:\/\/www.kdrei-2009.de\/WPKdrei\/wp-content\/uploads\/2018\/03\/K3-Ma\u0308rzturnier18_34webweb-281x300.png 281w\" sizes=\"(max-width: 680px) 100vw, 680px\" \/><div class=\"caption-wrap\"><div class=\"caption\">Wie gesagt. Suppe geht immer.<\/div><\/div><\/li>\n                <li style=\"display: none; width: 100%;\" class=\"slide-6894 ms-image \" aria-roledescription=\"slide\" aria-label=\"slide-6894\"><img loading=\"lazy\" decoding=\"async\" width=\"680\" height=\"1086\" src=\"https:\/\/www.kdrei-2009.de\/WPKdrei\/wp-content\/uploads\/2018\/03\/K3-Ma\u0308rzturnier18_35webweb.png\" class=\"slider-6874 slide-6894\" alt=\"\" rel=\"\" title=\"K3-Ma\u0308rzturnier18_35webweb\" srcset=\"https:\/\/www.kdrei-2009.de\/WPKdrei\/wp-content\/uploads\/2018\/03\/K3-Ma\u0308rzturnier18_35webweb.png 680w, https:\/\/www.kdrei-2009.de\/WPKdrei\/wp-content\/uploads\/2018\/03\/K3-Ma\u0308rzturnier18_35webweb-188x300.png 188w, https:\/\/www.kdrei-2009.de\/WPKdrei\/wp-content\/uploads\/2018\/03\/K3-Ma\u0308rzturnier18_35webweb-641x1024.png 641w\" sizes=\"(max-width: 680px) 100vw, 680px\" \/><div class=\"caption-wrap\"><div class=\"caption\">Hier wurde Suppegefasst.<\/div><\/div><\/li>\n                <li style=\"display: none; width: 100%;\" class=\"slide-6895 ms-image \" aria-roledescription=\"slide\" aria-label=\"slide-6895\"><img loading=\"lazy\" decoding=\"async\" width=\"680\" height=\"896\" src=\"https:\/\/www.kdrei-2009.de\/WPKdrei\/wp-content\/uploads\/2018\/03\/K3-Ma\u0308rzturnier18_36webweb.png\" class=\"slider-6874 slide-6895\" alt=\"\" rel=\"\" title=\"K3-Ma\u0308rzturnier18_36webweb\" srcset=\"https:\/\/www.kdrei-2009.de\/WPKdrei\/wp-content\/uploads\/2018\/03\/K3-Ma\u0308rzturnier18_36webweb.png 680w, https:\/\/www.kdrei-2009.de\/WPKdrei\/wp-content\/uploads\/2018\/03\/K3-Ma\u0308rzturnier18_36webweb-228x300.png 228w\" sizes=\"(max-width: 680px) 100vw, 680px\" \/><div class=\"caption-wrap\"><div class=\"caption\">Naja...ger\u00e4uchert h\u00e4lt l\u00e4nger..<\/div><\/div><\/li>\n                <li style=\"display: none; width: 100%;\" class=\"slide-6896 ms-image \" aria-roledescription=\"slide\" aria-label=\"slide-6896\"><img loading=\"lazy\" decoding=\"async\" width=\"680\" height=\"306\" src=\"https:\/\/www.kdrei-2009.de\/WPKdrei\/wp-content\/uploads\/2018\/03\/K3-Ma\u0308rzturnier18_38webweb.png\" class=\"slider-6874 slide-6896\" alt=\"\" rel=\"\" title=\"K3-Ma\u0308rzturnier18_38webweb\" srcset=\"https:\/\/www.kdrei-2009.de\/WPKdrei\/wp-content\/uploads\/2018\/03\/K3-Ma\u0308rzturnier18_38webweb.png 680w, https:\/\/www.kdrei-2009.de\/WPKdrei\/wp-content\/uploads\/2018\/03\/K3-Ma\u0308rzturnier18_38webweb-300x135.png 300w\" sizes=\"(max-width: 680px) 100vw, 680px\" \/><div class=\"caption-wrap\"><div class=\"caption\">Unsere Turnierleitung: Gundi, Steffie, Aniello..Danke<\/div><\/div><\/li>\n                <li style=\"display: none; width: 100%;\" class=\"slide-6897 ms-image \" aria-roledescription=\"slide\" aria-label=\"slide-6897\"><img loading=\"lazy\" decoding=\"async\" width=\"680\" height=\"398\" src=\"https:\/\/www.kdrei-2009.de\/WPKdrei\/wp-content\/uploads\/2018\/03\/K3-Ma\u0308rzturnier18_43webweb.png\" class=\"slider-6874 slide-6897\" alt=\"\" rel=\"\" title=\"K3-Ma\u0308rzturnier18_43webweb\" srcset=\"https:\/\/www.kdrei-2009.de\/WPKdrei\/wp-content\/uploads\/2018\/03\/K3-Ma\u0308rzturnier18_43webweb.png 680w, https:\/\/www.kdrei-2009.de\/WPKdrei\/wp-content\/uploads\/2018\/03\/K3-Ma\u0308rzturnier18_43webweb-300x176.png 300w\" sizes=\"(max-width: 680px) 100vw, 680px\" \/><\/li>\n                <li style=\"display: none; width: 100%;\" class=\"slide-6898 ms-image \" aria-roledescription=\"slide\" aria-label=\"slide-6898\"><img loading=\"lazy\" decoding=\"async\" width=\"680\" height=\"328\" src=\"https:\/\/www.kdrei-2009.de\/WPKdrei\/wp-content\/uploads\/2018\/03\/K3-Ma\u0308rzturnier18_41webweb.png\" class=\"slider-6874 slide-6898\" alt=\"\" rel=\"\" title=\"K3-Ma\u0308rzturnier18_41webweb\" srcset=\"https:\/\/www.kdrei-2009.de\/WPKdrei\/wp-content\/uploads\/2018\/03\/K3-Ma\u0308rzturnier18_41webweb.png 680w, https:\/\/www.kdrei-2009.de\/WPKdrei\/wp-content\/uploads\/2018\/03\/K3-Ma\u0308rzturnier18_41webweb-300x145.png 300w\" sizes=\"(max-width: 680px) 100vw, 680px\" \/><div class=\"caption-wrap\"><div class=\"caption\">Ohne Zuschauer macht auch das Finale nur wenig Spass...<\/div><\/div><\/li>\n                <li style=\"display: none; width: 100%;\" class=\"slide-6899 ms-image \" aria-roledescription=\"slide\" aria-label=\"slide-6899\"><img loading=\"lazy\" decoding=\"async\" width=\"680\" height=\"373\" src=\"https:\/\/www.kdrei-2009.de\/WPKdrei\/wp-content\/uploads\/2018\/03\/K3-Ma\u0308rzturnier18_44webweb.png\" class=\"slider-6874 slide-6899\" alt=\"\" rel=\"\" title=\"K3-Ma\u0308rzturnier18_44webweb\" srcset=\"https:\/\/www.kdrei-2009.de\/WPKdrei\/wp-content\/uploads\/2018\/03\/K3-Ma\u0308rzturnier18_44webweb.png 680w, https:\/\/www.kdrei-2009.de\/WPKdrei\/wp-content\/uploads\/2018\/03\/K3-Ma\u0308rzturnier18_44webweb-300x165.png 300w\" sizes=\"(max-width: 680px) 100vw, 680px\" \/><\/li>\n            <\/ul>\n        <\/div>\n        \n    <\/div>\n<\/div>&#8218;); ?&gt;<\/p>\n","protected":false},"excerpt":{"rendered":"<p>Naja, bei diesem Wetter macht es nat\u00fcrlich wirkich Spass. Das war ein sch\u00f6ner Einstieg in die Boulesaison 2018. Mit 30 Spielern ging es wieder im Superm\u00eal\u00e9e-Modus um die Pl\u00e4tze in [&hellip;]<\/p>\n","protected":false},"author":1,"featured_media":0,"parent":6747,"menu_order":0,"comment_status":"closed","ping_status":"closed","template":"","meta":{"footnotes":""},"_links":{"self":[{"href":"https:\/\/www.kdrei-2009.de\/WPKdrei\/wp-json\/wp\/v2\/pages\/6870"}],"collection":[{"href":"https:\/\/www.kdrei-2009.de\/WPKdrei\/wp-json\/wp\/v2\/pages"}],"about":[{"href":"https:\/\/www.kdrei-2009.de\/WPKdrei\/wp-json\/wp\/v2\/types\/page"}],"author":[{"embeddable":true,"href":"https:\/\/www.kdrei-2009.de\/WPKdrei\/wp-json\/wp\/v2\/users\/1"}],"replies":[{"embeddable":true,"href":"https:\/\/www.kdrei-2009.de\/WPKdrei\/wp-json\/wp\/v2\/comments?post=6870"}],"version-history":[{"count":4,"href":"https:\/\/www.kdrei-2009.de\/WPKdrei\/wp-json\/wp\/v2\/pages\/6870\/revisions"}],"predecessor-version":[{"id":6900,"href":"https:\/\/www.kdrei-2009.de\/WPKdrei\/wp-json\/wp\/v2\/pages\/6870\/revisions\/6900"}],"up":[{"embeddable":true,"href":"https:\/\/www.kdrei-2009.de\/WPKdrei\/wp-json\/wp\/v2\/pages\/6747"}],"wp:attachment":[{"href":"https:\/\/www.kdrei-2009.de\/WPKdrei\/wp-json\/wp\/v2\/media?parent=6870"}],"curies":[{"name":"wp","href":"https:\/\/api.w.org\/{rel}","templated":true}]}}