{"id":6912,"date":"2018-04-08T16:04:38","date_gmt":"2018-04-08T16:04:38","guid":{"rendered":"https:\/\/www.kdrei-2009.de\/WPKdrei\/?page_id=6912"},"modified":"2018-04-08T18:13:41","modified_gmt":"2018-04-08T18:13:41","slug":"ligapokal-2018","status":"publish","type":"page","link":"https:\/\/www.kdrei-2009.de\/WPKdrei\/kugelsport-2\/koch-gala-2018\/turniere-2018-2\/ligapokal-2018\/","title":{"rendered":"Ligapokal 2018"},"content":{"rendered":"<h3><span style=\"color: #808080;\">Wir k\u00f6nnen uns nur bei den Denkendorfern bedanken, dass wir endlich wieder einen seri\u00f6sen Veranstalter f\u00fcr diesen Event gefunden haben. <\/span><\/h3>\n<h3><span style=\"color: #808080;\"><strong>Doch zum Pokaltag. F\u00fcr Kdrei war er wenig erfolgreich, aber wir hatten einen sehr sch\u00f6nen Bouletag in Denkendorf und wir kommen gerne wieder. Ausser einem Blanc, auch daf\u00fcr ein echtes Dankesch\u00f6n an den Veranstalter, war f\u00fcr Kdrei nichts zu holen. Wir gratulieren dem Ligapokalgewinner aus Horb mit 4 Siegen vor T\u00fcbingen und Neuffen mit jeweils 3 Siegen.<\/strong><\/span><\/h3>\n","protected":false},"excerpt":{"rendered":"<p>Wir k\u00f6nnen uns nur bei den Denkendorfern bedanken, dass wir endlich wieder einen seri\u00f6sen Veranstalter f\u00fcr diesen Event gefunden haben. Doch zum Pokaltag. F\u00fcr Kdrei war er wenig erfolgreich, aber [&hellip;]<\/p>\n","protected":false},"author":1,"featured_media":0,"parent":6747,"menu_order":0,"comment_status":"open","ping_status":"closed","template":"","meta":{"footnotes":""},"_links":{"self":[{"href":"https:\/\/www.kdrei-2009.de\/WPKdrei\/wp-json\/wp\/v2\/pages\/6912"}],"collection":[{"href":"https:\/\/www.kdrei-2009.de\/WPKdrei\/wp-json\/wp\/v2\/pages"}],"about":[{"href":"https:\/\/www.kdrei-2009.de\/WPKdrei\/wp-json\/wp\/v2\/types\/page"}],"author":[{"embeddable":true,"href":"https:\/\/www.kdrei-2009.de\/WPKdrei\/wp-json\/wp\/v2\/users\/1"}],"replies":[{"embeddable":true,"href":"https:\/\/www.kdrei-2009.de\/WPKdrei\/wp-json\/wp\/v2\/comments?post=6912"}],"version-history":[{"count":7,"href":"https:\/\/www.kdrei-2009.de\/WPKdrei\/wp-json\/wp\/v2\/pages\/6912\/revisions"}],"predecessor-version":[{"id":6927,"href":"https:\/\/www.kdrei-2009.de\/WPKdrei\/wp-json\/wp\/v2\/pages\/6912\/revisions\/6927"}],"up":[{"embeddable":true,"href":"https:\/\/www.kdrei-2009.de\/WPKdrei\/wp-json\/wp\/v2\/pages\/6747"}],"wp:attachment":[{"href":"https:\/\/www.kdrei-2009.de\/WPKdrei\/wp-json\/wp\/v2\/media?parent=6912"}],"curies":[{"name":"wp","href":"https:\/\/api.w.org\/{rel}","templated":true}]}}