{"id":6930,"date":"2018-04-10T14:14:47","date_gmt":"2018-04-10T14:14:47","guid":{"rendered":"https:\/\/www.kdrei-2009.de\/WPKdrei\/?page_id=6930"},"modified":"2018-04-10T14:14:47","modified_gmt":"2018-04-10T14:14:47","slug":"pianotopia-feat-laurenz-theinert-visual-piano-im-theaterhaus","status":"publish","type":"page","link":"https:\/\/www.kdrei-2009.de\/WPKdrei\/kunst\/akustisches\/akustisches-2018\/pianotopia-feat-laurenz-theinert-visual-piano-im-theaterhaus\/","title":{"rendered":"Pianotopia feat. Laurenz Theinert &#038; visual piano im Theaterhaus"},"content":{"rendered":"<h3><span style=\"color: #808080;\">Liebe Musikfreundinnen und Musikfreunde!<\/span><\/h3>\n<h3><span style=\"color: #808080;\">Bald gibt es wieder eine Premiere im Theaterhaus\/Stuttgart mit PIANOTOPIA und dem unglaublichen visual-K\u00fcnstler Laurenz Theinert!<\/span><\/h3>\n<h3><span style=\"color: #808080;\"><a style=\"color: #808080;\" href=\"http:\/\/www.theaterhaus.com\/theaterhaus\/?id=1,3,22444\">Am SONNTAG 22.04.2018 &#8211; um 19:15 im T4<\/a><\/span><br \/>\n<span style=\"color: #808080;\"><a style=\"color: #808080;\" href=\"http:\/\/www.theaterhaus.com\/theaterhaus\/?id=1,3,22444\">-&gt;hier gehts zur Veranstaltung<\/a><\/span><\/h3>\n<h3>\n<span style=\"color: #808080;\">Pianotopia feat. Laurenz Theinert &amp; visual piano<\/span><\/h3>\n<h3><span style=\"color: #808080;\">TRaum-Perspektiven<\/span><\/h3>\n<h3><span style=\"color: #808080;\">Werke von Debussy, Brahms, Ravel bis zu Mozart und Bach dienen Chris Geisler (piano) und Kurt Holzk\u00e4mper (Bass &amp; Elektronik) als Ausgangspunkt f\u00fcr das musikalische Experimentieren und werden zu einer Melange aus klassischem Impressionismus, virtuosen Zwiegespr\u00e4chen und spannenden elektronischen Sounds. Kl\u00e4nge aus dem Innenleben einer Kirchenorgel kontrastieren mit gro\u00dfen klassischen Kompositionen, elektromagnetische Wellen mit packenden Jazz-Improvisationen. Eine Kombination, die den unersch\u00f6pflichen und hochaktuellen Reichtum der alten Werke ebenso h\u00f6rbar macht wie die grenzenlose Welt des Jazz.<\/span><\/h3>\n<h3><a href=\"http:\/\/www.pianotopia.com\/\"><span style=\"color: #808080;\">www.pianotopia.com<\/span><\/a><\/h3>\n<h3><span style=\"color: #808080;\">Der Lichtk\u00fcnstler Kurt Laurenz Theinert konzentriert sein Schaffen auf visuelle Erfahrungen, die nicht mehr bildhaft auf etwas verweisen. Er strebt vielmehr nach einer abstrakt-reduzierten \u00c4sthetik, die ihn \u2013 durch den Wunsch nach weiterer Entmaterialisierung \u2013 von der Fotografie schlie\u00dflich zum Medium Licht f\u00fchrte.<\/span><br \/>\n<span style=\"color: #808080;\">Er ist Live-Licht- und Medienk\u00fcnstler. Seine \u201evisual piano\u201c Performances werden auf der ganzen Welt gezeigt. Von Sao Paulo, London, Sydney, Berlin \u00fcber New York bis Singapur.<\/span><\/h3>\n<h3><span style=\"color: #808080;\">Um mit den beteiligten K\u00fcnstlern live, abstrakt und raumf\u00fcllend einen spontanen, aktiven Dialog zu erm\u00f6glichen, erfand er daf\u00fcr das weltweit einzigartige Instrument \u00bbvisual piano\u00ab, das es ihm erm\u00f6glicht R\u00e4ume mit Linien, Objekten und Farben in Echtzeit zu f\u00fcllen ohne die Verwendung vorgefertigter Clips.<\/span><\/h3>\n<h3><a href=\"http:\/\/www.theinert-lichtkunst.de\/\"><span style=\"color: #808080;\">www.theinert-lichtkunst.de<\/span><\/a><br \/>\n<a href=\"http:\/\/visual-piano.com\/\"><span style=\"color: #808080;\">www.visual-piano.com<\/span><\/a><\/h3>\n<h3><span style=\"color: #808080;\">Licht und Klang begegnen sich bei diesem besonderen Programm auf Augenh\u00f6he. Jeder inspiriert den anderen, so dass das freie Ineinanderflie\u00dfen dieser verschiedenen k\u00fcnstlerischen Gattungen und Stilen in einen rauschhaften Flow m\u00fcndet. Traumhaft.<\/span><\/h3>\n<p>&nbsp;<\/p>\n<p><a href=\"https:\/\/www.kdrei-2009.de\/WPKdrei\/?attachment_id=6929\" rel=\"attachment wp-att-6929\"><img loading=\"lazy\" decoding=\"async\" class=\"alignleft size-large wp-image-6929\" src=\"https:\/\/www.kdrei-2009.de\/WPKdrei\/wp-content\/uploads\/2018\/04\/Pianotopia_STZ_2018-1024x845.jpeg\" alt=\"\" width=\"1024\" height=\"845\" srcset=\"https:\/\/www.kdrei-2009.de\/WPKdrei\/wp-content\/uploads\/2018\/04\/Pianotopia_STZ_2018-1024x845.jpeg 1024w, https:\/\/www.kdrei-2009.de\/WPKdrei\/wp-content\/uploads\/2018\/04\/Pianotopia_STZ_2018-300x248.jpeg 300w, https:\/\/www.kdrei-2009.de\/WPKdrei\/wp-content\/uploads\/2018\/04\/Pianotopia_STZ_2018-768x634.jpeg 768w, https:\/\/www.kdrei-2009.de\/WPKdrei\/wp-content\/uploads\/2018\/04\/Pianotopia_STZ_2018.jpeg 1134w\" sizes=\"(max-width: 1024px) 100vw, 1024px\" \/><\/a><\/p>\n<p><a href=\"https:\/\/www.kdrei-2009.de\/WPKdrei\/?attachment_id=6928\" rel=\"attachment wp-att-6928\"><img loading=\"lazy\" decoding=\"async\" class=\"alignleft size-full wp-image-6928\" src=\"https:\/\/www.kdrei-2009.de\/WPKdrei\/wp-content\/uploads\/2018\/04\/Foto-web-Josh_von_Staudach.jpeg\" alt=\"\" width=\"640\" height=\"427\" srcset=\"https:\/\/www.kdrei-2009.de\/WPKdrei\/wp-content\/uploads\/2018\/04\/Foto-web-Josh_von_Staudach.jpeg 640w, https:\/\/www.kdrei-2009.de\/WPKdrei\/wp-content\/uploads\/2018\/04\/Foto-web-Josh_von_Staudach-300x200.jpeg 300w\" sizes=\"(max-width: 640px) 100vw, 640px\" \/><\/a><\/p>\n","protected":false},"excerpt":{"rendered":"<p>Liebe Musikfreundinnen und Musikfreunde! Bald gibt es wieder eine Premiere im Theaterhaus\/Stuttgart mit PIANOTOPIA und dem unglaublichen visual-K\u00fcnstler Laurenz Theinert! Am SONNTAG 22.04.2018 &#8211; um 19:15 im T4 -&gt;hier gehts [&hellip;]<\/p>\n","protected":false},"author":1,"featured_media":0,"parent":6759,"menu_order":0,"comment_status":"closed","ping_status":"closed","template":"","meta":{"footnotes":""},"_links":{"self":[{"href":"https:\/\/www.kdrei-2009.de\/WPKdrei\/wp-json\/wp\/v2\/pages\/6930"}],"collection":[{"href":"https:\/\/www.kdrei-2009.de\/WPKdrei\/wp-json\/wp\/v2\/pages"}],"about":[{"href":"https:\/\/www.kdrei-2009.de\/WPKdrei\/wp-json\/wp\/v2\/types\/page"}],"author":[{"embeddable":true,"href":"https:\/\/www.kdrei-2009.de\/WPKdrei\/wp-json\/wp\/v2\/users\/1"}],"replies":[{"embeddable":true,"href":"https:\/\/www.kdrei-2009.de\/WPKdrei\/wp-json\/wp\/v2\/comments?post=6930"}],"version-history":[{"count":1,"href":"https:\/\/www.kdrei-2009.de\/WPKdrei\/wp-json\/wp\/v2\/pages\/6930\/revisions"}],"predecessor-version":[{"id":6931,"href":"https:\/\/www.kdrei-2009.de\/WPKdrei\/wp-json\/wp\/v2\/pages\/6930\/revisions\/6931"}],"up":[{"embeddable":true,"href":"https:\/\/www.kdrei-2009.de\/WPKdrei\/wp-json\/wp\/v2\/pages\/6759"}],"wp:attachment":[{"href":"https:\/\/www.kdrei-2009.de\/WPKdrei\/wp-json\/wp\/v2\/media?parent=6930"}],"curies":[{"name":"wp","href":"https:\/\/api.w.org\/{rel}","templated":true}]}}