{"id":6954,"date":"2018-04-24T10:01:06","date_gmt":"2018-04-24T10:01:06","guid":{"rendered":"https:\/\/www.kdrei-2009.de\/WPKdrei\/?page_id=6954"},"modified":"2018-04-24T10:01:06","modified_gmt":"2018-04-24T10:01:06","slug":"bbpv-pokal-2018","status":"publish","type":"page","link":"https:\/\/www.kdrei-2009.de\/WPKdrei\/kugelsport-2\/koch-gala-2018\/turniere-2018-2\/bbpv-pokal-2018\/","title":{"rendered":"BBPV-Pokal 2018"},"content":{"rendered":"<h3><span style=\"color: #808080;\">Irgendwie ist der Pokal nicht unsere beliebteste Turnierform. Das liegt nicht an den zugelosten Gegnern und auch nicht am Wetter. Ganz im Gegenteil. Das Wetter war vorz\u00fcglich. Unsere Horber Boulefreunde waren nette G\u00e4ste und kamen sehr, sehr zahlreich. Wir hatten einen sehr sch\u00f6nen Bouletag mit interessanten Spielen, leckeren Roten vom Grill und Kaffee mit Kuchen. Leider gelangen uns auch unter diesen besten Vorausetzungen nur 3 T\u00eate Siege. Das ist erfahrungsgem\u00e4\u00df zuwenig, um die Cadrage zu gewinnen und die n\u00e4chste Runde zu erreichen. Dehalb verabschieden wir uns mal wieder nach der ersten Runde aus dem BBPV-Pokal. Wir k\u00f6nnen den Horbern nur gratulieren und ihnen weiterhin alles Gute im Pokal w\u00fcnschen.\u00a0<\/span><\/h3>\n<p><a href=\"https:\/\/www.kdrei-2009.de\/WPKdrei\/?attachment_id=6951\" rel=\"attachment wp-att-6951\"><img loading=\"lazy\" decoding=\"async\" class=\"alignleft size-full wp-image-6951\" src=\"https:\/\/www.kdrei-2009.de\/WPKdrei\/wp-content\/uploads\/2018\/04\/K3-BBPVPokal2018_01aweb.jpg\" alt=\"\" width=\"567\" height=\"284\" srcset=\"https:\/\/www.kdrei-2009.de\/WPKdrei\/wp-content\/uploads\/2018\/04\/K3-BBPVPokal2018_01aweb.jpg 567w, https:\/\/www.kdrei-2009.de\/WPKdrei\/wp-content\/uploads\/2018\/04\/K3-BBPVPokal2018_01aweb-300x150.jpg 300w\" sizes=\"(max-width: 567px) 100vw, 567px\" \/><\/a><\/p>\n<p>&nbsp;<\/p>\n<p>&nbsp;<\/p>\n<p>&nbsp;<\/p>\n<p>&nbsp;<\/p>\n<p>&nbsp;<\/p>\n<p>&nbsp;<\/p>\n<p>&nbsp;<\/p>\n<p>&nbsp;<\/p>\n<p>&nbsp;<\/p>\n<p><a href=\"https:\/\/www.kdrei-2009.de\/WPKdrei\/?attachment_id=6952\" rel=\"attachment wp-att-6952\"><img loading=\"lazy\" decoding=\"async\" class=\"alignleft size-full wp-image-6952\" src=\"https:\/\/www.kdrei-2009.de\/WPKdrei\/wp-content\/uploads\/2018\/04\/K3-BBPVPokal2018_03aweb.jpg\" alt=\"\" width=\"567\" height=\"567\" srcset=\"https:\/\/www.kdrei-2009.de\/WPKdrei\/wp-content\/uploads\/2018\/04\/K3-BBPVPokal2018_03aweb.jpg 567w, https:\/\/www.kdrei-2009.de\/WPKdrei\/wp-content\/uploads\/2018\/04\/K3-BBPVPokal2018_03aweb-150x150.jpg 150w, https:\/\/www.kdrei-2009.de\/WPKdrei\/wp-content\/uploads\/2018\/04\/K3-BBPVPokal2018_03aweb-300x300.jpg 300w\" sizes=\"(max-width: 567px) 100vw, 567px\" \/><\/a><\/p>\n","protected":false},"excerpt":{"rendered":"<p>Irgendwie ist der Pokal nicht unsere beliebteste Turnierform. Das liegt nicht an den zugelosten Gegnern und auch nicht am Wetter. Ganz im Gegenteil. Das Wetter war vorz\u00fcglich. Unsere Horber Boulefreunde [&hellip;]<\/p>\n","protected":false},"author":1,"featured_media":0,"parent":6747,"menu_order":0,"comment_status":"closed","ping_status":"closed","template":"","meta":{"footnotes":""},"_links":{"self":[{"href":"https:\/\/www.kdrei-2009.de\/WPKdrei\/wp-json\/wp\/v2\/pages\/6954"}],"collection":[{"href":"https:\/\/www.kdrei-2009.de\/WPKdrei\/wp-json\/wp\/v2\/pages"}],"about":[{"href":"https:\/\/www.kdrei-2009.de\/WPKdrei\/wp-json\/wp\/v2\/types\/page"}],"author":[{"embeddable":true,"href":"https:\/\/www.kdrei-2009.de\/WPKdrei\/wp-json\/wp\/v2\/users\/1"}],"replies":[{"embeddable":true,"href":"https:\/\/www.kdrei-2009.de\/WPKdrei\/wp-json\/wp\/v2\/comments?post=6954"}],"version-history":[{"count":1,"href":"https:\/\/www.kdrei-2009.de\/WPKdrei\/wp-json\/wp\/v2\/pages\/6954\/revisions"}],"predecessor-version":[{"id":6955,"href":"https:\/\/www.kdrei-2009.de\/WPKdrei\/wp-json\/wp\/v2\/pages\/6954\/revisions\/6955"}],"up":[{"embeddable":true,"href":"https:\/\/www.kdrei-2009.de\/WPKdrei\/wp-json\/wp\/v2\/pages\/6747"}],"wp:attachment":[{"href":"https:\/\/www.kdrei-2009.de\/WPKdrei\/wp-json\/wp\/v2\/media?parent=6954"}],"curies":[{"name":"wp","href":"https:\/\/api.w.org\/{rel}","templated":true}]}}