{"id":6996,"date":"2018-06-22T13:01:29","date_gmt":"2018-06-22T13:01:29","guid":{"rendered":"https:\/\/www.kdrei-2009.de\/WPKdrei\/?page_id=6996"},"modified":"2018-06-22T13:03:09","modified_gmt":"2018-06-22T13:03:09","slug":"ostalbtraum-2018","status":"publish","type":"page","link":"https:\/\/www.kdrei-2009.de\/WPKdrei\/kugelsport-2\/koch-gala-2018\/turniere-2018-2\/ostalbtraum-2018\/","title":{"rendered":"Ostalbtraum 2018"},"content":{"rendered":"<h3><span style=\"color: #808080;\">Die Fahrt nach Heubach hat uns sehr gut gefallen. Sch\u00f6ne T\u00e4ler, saftige Wiesen und blauer Himmel. Mit 58 Doublettes ein gut besuchtes Turnier und wie immer Kult. Leider hatten wir im Poule zweimal Pech und verloren knapp mit 10:13, doch die leckere Merguez und das Lammgulasch halfen uns \u00fcber die B-Turnier-Teilnahme hinweg. Nach langer Wartezeit haben wir dann noch sehr deutlich die Cadrage verloren und sind wieder entspannt durch sch\u00f6ne T\u00e4ler, vorbei an saftigen Wiesen und unter baluem Himmel heimgefahren. F\u00fcr Kdrei spielten Chris und Walter.<\/span><\/h3>\n<p><a href=\"https:\/\/www.kdrei-2009.de\/WPKdrei\/?attachment_id=6990\" rel=\"attachment wp-att-6990\"><img loading=\"lazy\" decoding=\"async\" class=\"alignleft size-full wp-image-6990\" src=\"https:\/\/www.kdrei-2009.de\/WPKdrei\/wp-content\/uploads\/2018\/06\/K3-Heubach-2018_02a.jpg\" alt=\"\" width=\"680\" height=\"214\" srcset=\"https:\/\/www.kdrei-2009.de\/WPKdrei\/wp-content\/uploads\/2018\/06\/K3-Heubach-2018_02a.jpg 680w, https:\/\/www.kdrei-2009.de\/WPKdrei\/wp-content\/uploads\/2018\/06\/K3-Heubach-2018_02a-300x94.jpg 300w\" sizes=\"(max-width: 680px) 100vw, 680px\" \/><\/a><\/p>\n<p>&nbsp;<\/p>\n<p>&nbsp;<\/p>\n<p>&nbsp;<\/p>\n<p>&nbsp;<\/p>\n<p>&nbsp;<\/p>\n<p>&nbsp;<\/p>\n<p>&nbsp;<\/p>\n<p><a href=\"https:\/\/www.kdrei-2009.de\/WPKdrei\/?attachment_id=6991\" rel=\"attachment wp-att-6991\"><img loading=\"lazy\" decoding=\"async\" class=\"alignleft size-full wp-image-6991\" src=\"https:\/\/www.kdrei-2009.de\/WPKdrei\/wp-content\/uploads\/2018\/06\/K3-Heubach-2018_09a.jpg\" alt=\"\" width=\"680\" height=\"338\" srcset=\"https:\/\/www.kdrei-2009.de\/WPKdrei\/wp-content\/uploads\/2018\/06\/K3-Heubach-2018_09a.jpg 680w, https:\/\/www.kdrei-2009.de\/WPKdrei\/wp-content\/uploads\/2018\/06\/K3-Heubach-2018_09a-300x149.jpg 300w\" sizes=\"(max-width: 680px) 100vw, 680px\" \/><\/a><\/p>\n<p>&nbsp;<\/p>\n<p>&nbsp;<\/p>\n<p>&nbsp;<\/p>\n<p>&nbsp;<\/p>\n<p>&nbsp;<\/p>\n<p>&nbsp;<\/p>\n<p>&nbsp;<\/p>\n<p>&nbsp;<\/p>\n<p>&nbsp;<\/p>\n<p>&nbsp;<\/p>\n<p><a href=\"https:\/\/www.kdrei-2009.de\/WPKdrei\/?attachment_id=6992\" rel=\"attachment wp-att-6992\"><img loading=\"lazy\" decoding=\"async\" class=\"alignleft size-full wp-image-6992\" src=\"https:\/\/www.kdrei-2009.de\/WPKdrei\/wp-content\/uploads\/2018\/06\/K3-Heubach-2018_10a.jpg\" alt=\"\" width=\"680\" height=\"295\" srcset=\"https:\/\/www.kdrei-2009.de\/WPKdrei\/wp-content\/uploads\/2018\/06\/K3-Heubach-2018_10a.jpg 680w, https:\/\/www.kdrei-2009.de\/WPKdrei\/wp-content\/uploads\/2018\/06\/K3-Heubach-2018_10a-300x130.jpg 300w\" sizes=\"(max-width: 680px) 100vw, 680px\" \/><\/a><\/p>\n<p>&nbsp;<\/p>\n<p>&nbsp;<\/p>\n<p>&nbsp;<\/p>\n<p>&nbsp;<\/p>\n<p>&nbsp;<\/p>\n<p>&nbsp;<\/p>\n<p>&nbsp;<\/p>\n<p>&nbsp;<\/p>\n<p>&nbsp;<\/p>\n<p><a href=\"https:\/\/www.kdrei-2009.de\/WPKdrei\/?attachment_id=6995\" rel=\"attachment wp-att-6995\"><img loading=\"lazy\" decoding=\"async\" class=\"alignleft size-full wp-image-6995\" src=\"https:\/\/www.kdrei-2009.de\/WPKdrei\/wp-content\/uploads\/2018\/06\/K3-Heubach2018-10a.jpg\" alt=\"\" width=\"680\" height=\"257\" srcset=\"https:\/\/www.kdrei-2009.de\/WPKdrei\/wp-content\/uploads\/2018\/06\/K3-Heubach2018-10a.jpg 680w, https:\/\/www.kdrei-2009.de\/WPKdrei\/wp-content\/uploads\/2018\/06\/K3-Heubach2018-10a-300x113.jpg 300w\" sizes=\"(max-width: 680px) 100vw, 680px\" \/><\/a><\/p>\n<p>&nbsp;<\/p>\n<p>&nbsp;<\/p>\n<p>&nbsp;<\/p>\n<p>&nbsp;<\/p>\n<p>&nbsp;<\/p>\n<p>&nbsp;<\/p>\n<p>&nbsp;<\/p>\n<p><a href=\"https:\/\/www.kdrei-2009.de\/WPKdrei\/?attachment_id=6993\" rel=\"attachment wp-att-6993\"><img loading=\"lazy\" decoding=\"async\" class=\"alignleft size-full wp-image-6993\" src=\"https:\/\/www.kdrei-2009.de\/WPKdrei\/wp-content\/uploads\/2018\/06\/K3-Heubach-2018_13a.jpg\" alt=\"\" width=\"680\" height=\"315\" srcset=\"https:\/\/www.kdrei-2009.de\/WPKdrei\/wp-content\/uploads\/2018\/06\/K3-Heubach-2018_13a.jpg 680w, https:\/\/www.kdrei-2009.de\/WPKdrei\/wp-content\/uploads\/2018\/06\/K3-Heubach-2018_13a-300x139.jpg 300w\" sizes=\"(max-width: 680px) 100vw, 680px\" \/><\/a><\/p>\n<p>&nbsp;<\/p>\n<p>&nbsp;<\/p>\n<p>&nbsp;<\/p>\n<p>&nbsp;<\/p>\n<p>&nbsp;<\/p>\n<p>&nbsp;<\/p>\n<p>&nbsp;<\/p>\n<p>&nbsp;<\/p>\n<p>&nbsp;<\/p>\n<p><a href=\"https:\/\/www.kdrei-2009.de\/WPKdrei\/?attachment_id=6994\" rel=\"attachment wp-att-6994\"><img loading=\"lazy\" decoding=\"async\" class=\"alignleft size-full wp-image-6994\" src=\"https:\/\/www.kdrei-2009.de\/WPKdrei\/wp-content\/uploads\/2018\/06\/K3-Heubach-2018_14a.jpg\" alt=\"\" width=\"680\" height=\"375\" srcset=\"https:\/\/www.kdrei-2009.de\/WPKdrei\/wp-content\/uploads\/2018\/06\/K3-Heubach-2018_14a.jpg 680w, https:\/\/www.kdrei-2009.de\/WPKdrei\/wp-content\/uploads\/2018\/06\/K3-Heubach-2018_14a-300x165.jpg 300w\" sizes=\"(max-width: 680px) 100vw, 680px\" \/><\/a><\/p>\n","protected":false},"excerpt":{"rendered":"<p>Die Fahrt nach Heubach hat uns sehr gut gefallen. Sch\u00f6ne T\u00e4ler, saftige Wiesen und blauer Himmel. Mit 58 Doublettes ein gut besuchtes Turnier und wie immer Kult. Leider hatten wir [&hellip;]<\/p>\n","protected":false},"author":1,"featured_media":0,"parent":6747,"menu_order":0,"comment_status":"closed","ping_status":"closed","template":"","meta":{"footnotes":""},"_links":{"self":[{"href":"https:\/\/www.kdrei-2009.de\/WPKdrei\/wp-json\/wp\/v2\/pages\/6996"}],"collection":[{"href":"https:\/\/www.kdrei-2009.de\/WPKdrei\/wp-json\/wp\/v2\/pages"}],"about":[{"href":"https:\/\/www.kdrei-2009.de\/WPKdrei\/wp-json\/wp\/v2\/types\/page"}],"author":[{"embeddable":true,"href":"https:\/\/www.kdrei-2009.de\/WPKdrei\/wp-json\/wp\/v2\/users\/1"}],"replies":[{"embeddable":true,"href":"https:\/\/www.kdrei-2009.de\/WPKdrei\/wp-json\/wp\/v2\/comments?post=6996"}],"version-history":[{"count":1,"href":"https:\/\/www.kdrei-2009.de\/WPKdrei\/wp-json\/wp\/v2\/pages\/6996\/revisions"}],"predecessor-version":[{"id":6997,"href":"https:\/\/www.kdrei-2009.de\/WPKdrei\/wp-json\/wp\/v2\/pages\/6996\/revisions\/6997"}],"up":[{"embeddable":true,"href":"https:\/\/www.kdrei-2009.de\/WPKdrei\/wp-json\/wp\/v2\/pages\/6747"}],"wp:attachment":[{"href":"https:\/\/www.kdrei-2009.de\/WPKdrei\/wp-json\/wp\/v2\/media?parent=6996"}],"curies":[{"name":"wp","href":"https:\/\/api.w.org\/{rel}","templated":true}]}}