{"id":7039,"date":"2018-06-24T10:22:34","date_gmt":"2018-06-24T10:22:34","guid":{"rendered":"https:\/\/www.kdrei-2009.de\/WPKdrei\/?page_id=7039"},"modified":"2018-06-24T10:52:47","modified_gmt":"2018-06-24T10:52:47","slug":"premiere-in-den-krautgaerten","status":"publish","type":"page","link":"https:\/\/www.kdrei-2009.de\/WPKdrei\/kugelsport-2\/koch-gala-2018\/turniere-2018-2\/premiere-in-den-krautgaerten\/","title":{"rendered":"Premiere in den Krautg\u00e4rten"},"content":{"rendered":"<h3><span style=\"color: #808080;\">50% Teilnehmer, 100% Spass und sch\u00f6ne Atmosph\u00e4re. Mit unserem ersten Form\u00e9e-Turnier sind wir sehr zufrieden. Wir hatten sehr gutes Boulewetter und ein gut besuchtes 16er Feld f\u00fcr unser Seminocturne in den Krautg\u00e4rten. Wir spielten ein kleines, \u00fcberschaubares Poule A\/B mit 4 Poules. Es gab wenig Leerlauf, k\u00fchle Getr\u00e4nke, Grillwaren und Kuchen. Der ganze Tag verlief ruhig und fair. Es wurde niemand verletzt und die Turnierleitung musste nur zweimal nachmessen. Was will man mehr als Veranstalter? Gegen 20.30Uhr war es dann leider schon zu Ende und alle sind dann doch noch zur Fussballweltmeisterschaft gefl\u00fcchtet, um noch einige Minuten zu erhaschen. N\u00e4chstes Jahr wird uns das ja dann erspart bleiben. Wie immer gibt es nat\u00fcrlich auch bei kleineren Turnieren einen Sieger.\u00a0<\/span><\/h3>\n<h3><span style=\"color: #808080;\">Die Sieger unseres ersten Seminocturneturnieres sind Petra und Bernd Fechner von den VfBoulern Neuffen<\/span> v<span style=\"color: #808080;\">or Brigitte Knapp \/ Joachim Janisch (VfBouler Neuffen). Platz 3 und 4 belegten Rhienhold und Julio aus Aichelberg sowie Othmar aus Waiblingen mit Kumar aus Stuttgart.<br \/>\n<\/span><\/h3>\n<h3><span style=\"color: #808080;\">Im B-Turnier siegten Sybille und J\u00fcrgen aus T\u00fcbingen vor Max und Wolfgang von Kdrei. Platz 3 und 4 belegen Werner und Richard Flammer sowie Werner Fix-Stenglein und Uli Schweizer aus Neuffen.<\/span><\/h3>\n<h3><span style=\"color: #808080;\">Allen Siegern herzlichen Gl\u00fcckwunsch.<\/span><\/h3>\n<h3><span style=\"color: #808080;\">Allen Teilnehmern herzlichen Dank f\u00fcr euren netten Besuch und den sch\u00f6nen Tag.<br \/>\n<\/span><\/h3>\n<p>&lt;?php echo do_shortcode(&#8218;<div id=\"metaslider-id-7043\" style=\"max-width: 928px;\" class=\"ml-slider-3-90-1 metaslider metaslider-responsive metaslider-7043 ml-slider ms-theme-default\" role=\"region\" aria-roledescription=\"Slideshow\" aria-label=\"Seminocturne 2018\">\n    <div id=\"metaslider_container_7043\">\n        <ul id='metaslider_7043' class='rslides'>\n            <li aria-roledescription='slide' aria-labelledby='slide-0'><img loading=\"lazy\" decoding=\"async\" width=\"680\" height=\"351\" src=\"https:\/\/www.kdrei-2009.de\/WPKdrei\/wp-content\/uploads\/2018\/06\/K3-Seminoc-2018_02web.jpg\" class=\"slider-7043 slide-7044\" alt=\"\" rel=\"\" title=\"K3-Seminoc-2018_02web\" srcset=\"https:\/\/www.kdrei-2009.de\/WPKdrei\/wp-content\/uploads\/2018\/06\/K3-Seminoc-2018_02web.jpg 680w, https:\/\/www.kdrei-2009.de\/WPKdrei\/wp-content\/uploads\/2018\/06\/K3-Seminoc-2018_02web-300x155.jpg 300w\" sizes=\"(max-width: 680px) 100vw, 680px\" \/><\/li>\n            <li style='display: none;' aria-roledescription='slide' aria-labelledby='slide-1'><img loading=\"lazy\" decoding=\"async\" width=\"680\" height=\"353\" src=\"https:\/\/www.kdrei-2009.de\/WPKdrei\/wp-content\/uploads\/2018\/06\/K3-Seminoc-2018_01web.jpg\" class=\"slider-7043 slide-7045\" alt=\"\" rel=\"\" title=\"K3-Seminoc-2018_01web\" srcset=\"https:\/\/www.kdrei-2009.de\/WPKdrei\/wp-content\/uploads\/2018\/06\/K3-Seminoc-2018_01web.jpg 680w, https:\/\/www.kdrei-2009.de\/WPKdrei\/wp-content\/uploads\/2018\/06\/K3-Seminoc-2018_01web-300x156.jpg 300w\" sizes=\"(max-width: 680px) 100vw, 680px\" \/><\/li>\n            <li style='display: none;' aria-roledescription='slide' aria-labelledby='slide-2'><img loading=\"lazy\" decoding=\"async\" width=\"680\" height=\"423\" src=\"https:\/\/www.kdrei-2009.de\/WPKdrei\/wp-content\/uploads\/2018\/06\/K3-Seminoc-2018_53web.jpg\" class=\"slider-7043 slide-7046\" alt=\"\" rel=\"\" title=\"K3-Seminoc-2018_53web\" srcset=\"https:\/\/www.kdrei-2009.de\/WPKdrei\/wp-content\/uploads\/2018\/06\/K3-Seminoc-2018_53web.jpg 680w, https:\/\/www.kdrei-2009.de\/WPKdrei\/wp-content\/uploads\/2018\/06\/K3-Seminoc-2018_53web-300x187.jpg 300w\" sizes=\"(max-width: 680px) 100vw, 680px\" \/><\/li>\n            <li style='display: none;' aria-roledescription='slide' aria-labelledby='slide-3'><img loading=\"lazy\" decoding=\"async\" width=\"680\" height=\"470\" src=\"https:\/\/www.kdrei-2009.de\/WPKdrei\/wp-content\/uploads\/2018\/06\/K3-Seminoc-2018_64web.jpg\" class=\"slider-7043 slide-7047\" alt=\"\" rel=\"\" title=\"K3-Seminoc-2018_64web\" srcset=\"https:\/\/www.kdrei-2009.de\/WPKdrei\/wp-content\/uploads\/2018\/06\/K3-Seminoc-2018_64web.jpg 680w, https:\/\/www.kdrei-2009.de\/WPKdrei\/wp-content\/uploads\/2018\/06\/K3-Seminoc-2018_64web-300x207.jpg 300w\" sizes=\"(max-width: 680px) 100vw, 680px\" \/><\/li>\n            <li style='display: none;' aria-roledescription='slide' aria-labelledby='slide-4'><img loading=\"lazy\" decoding=\"async\" width=\"680\" height=\"350\" src=\"https:\/\/www.kdrei-2009.de\/WPKdrei\/wp-content\/uploads\/2018\/06\/K3-Seminoc-2018_59web.jpg\" class=\"slider-7043 slide-7048\" alt=\"\" rel=\"\" title=\"K3-Seminoc-2018_59web\" srcset=\"https:\/\/www.kdrei-2009.de\/WPKdrei\/wp-content\/uploads\/2018\/06\/K3-Seminoc-2018_59web.jpg 680w, https:\/\/www.kdrei-2009.de\/WPKdrei\/wp-content\/uploads\/2018\/06\/K3-Seminoc-2018_59web-300x154.jpg 300w\" sizes=\"(max-width: 680px) 100vw, 680px\" \/><\/li>\n            <li style='display: none;' aria-roledescription='slide' aria-labelledby='slide-5'><img loading=\"lazy\" decoding=\"async\" width=\"680\" height=\"866\" src=\"https:\/\/www.kdrei-2009.de\/WPKdrei\/wp-content\/uploads\/2018\/06\/K3-Seminoc-2018_58web.jpg\" class=\"slider-7043 slide-7049\" alt=\"\" rel=\"\" title=\"K3-Seminoc-2018_58web\" srcset=\"https:\/\/www.kdrei-2009.de\/WPKdrei\/wp-content\/uploads\/2018\/06\/K3-Seminoc-2018_58web.jpg 680w, https:\/\/www.kdrei-2009.de\/WPKdrei\/wp-content\/uploads\/2018\/06\/K3-Seminoc-2018_58web-236x300.jpg 236w\" sizes=\"(max-width: 680px) 100vw, 680px\" \/><\/li>\n            <li style='display: none;' aria-roledescription='slide' aria-labelledby='slide-6'><img loading=\"lazy\" decoding=\"async\" width=\"680\" height=\"431\" src=\"https:\/\/www.kdrei-2009.de\/WPKdrei\/wp-content\/uploads\/2018\/06\/K3-Seminoc-2018_57web.jpg\" class=\"slider-7043 slide-7050\" alt=\"\" rel=\"\" title=\"K3-Seminoc-2018_57web\" srcset=\"https:\/\/www.kdrei-2009.de\/WPKdrei\/wp-content\/uploads\/2018\/06\/K3-Seminoc-2018_57web.jpg 680w, https:\/\/www.kdrei-2009.de\/WPKdrei\/wp-content\/uploads\/2018\/06\/K3-Seminoc-2018_57web-300x190.jpg 300w\" sizes=\"(max-width: 680px) 100vw, 680px\" \/><\/li>\n            <li style='display: none;' aria-roledescription='slide' aria-labelledby='slide-7'><img loading=\"lazy\" decoding=\"async\" width=\"680\" height=\"447\" src=\"https:\/\/www.kdrei-2009.de\/WPKdrei\/wp-content\/uploads\/2018\/06\/K3-Seminoc-2018_55web.jpg\" class=\"slider-7043 slide-7051\" alt=\"\" rel=\"\" title=\"K3-Seminoc-2018_55web\" srcset=\"https:\/\/www.kdrei-2009.de\/WPKdrei\/wp-content\/uploads\/2018\/06\/K3-Seminoc-2018_55web.jpg 680w, https:\/\/www.kdrei-2009.de\/WPKdrei\/wp-content\/uploads\/2018\/06\/K3-Seminoc-2018_55web-300x197.jpg 300w\" sizes=\"(max-width: 680px) 100vw, 680px\" \/><\/li>\n            <li style='display: none;' aria-roledescription='slide' aria-labelledby='slide-8'><img loading=\"lazy\" decoding=\"async\" width=\"680\" height=\"356\" src=\"https:\/\/www.kdrei-2009.de\/WPKdrei\/wp-content\/uploads\/2018\/06\/K3-Seminoc-2018_52web.jpg\" class=\"slider-7043 slide-7052\" alt=\"\" rel=\"\" title=\"K3-Seminoc-2018_52web\" srcset=\"https:\/\/www.kdrei-2009.de\/WPKdrei\/wp-content\/uploads\/2018\/06\/K3-Seminoc-2018_52web.jpg 680w, https:\/\/www.kdrei-2009.de\/WPKdrei\/wp-content\/uploads\/2018\/06\/K3-Seminoc-2018_52web-300x157.jpg 300w\" sizes=\"(max-width: 680px) 100vw, 680px\" \/><\/li>\n            <li style='display: none;' aria-roledescription='slide' aria-labelledby='slide-9'><img loading=\"lazy\" decoding=\"async\" width=\"680\" height=\"679\" src=\"https:\/\/www.kdrei-2009.de\/WPKdrei\/wp-content\/uploads\/2018\/06\/K3-Seminoc-2018_49web.jpg\" class=\"slider-7043 slide-7053\" alt=\"\" rel=\"\" title=\"K3-Seminoc-2018_49web\" srcset=\"https:\/\/www.kdrei-2009.de\/WPKdrei\/wp-content\/uploads\/2018\/06\/K3-Seminoc-2018_49web.jpg 680w, https:\/\/www.kdrei-2009.de\/WPKdrei\/wp-content\/uploads\/2018\/06\/K3-Seminoc-2018_49web-150x150.jpg 150w, https:\/\/www.kdrei-2009.de\/WPKdrei\/wp-content\/uploads\/2018\/06\/K3-Seminoc-2018_49web-300x300.jpg 300w\" sizes=\"(max-width: 680px) 100vw, 680px\" \/><\/li>\n            <li style='display: none;' aria-roledescription='slide' aria-labelledby='slide-10'><img loading=\"lazy\" decoding=\"async\" width=\"680\" height=\"640\" src=\"https:\/\/www.kdrei-2009.de\/WPKdrei\/wp-content\/uploads\/2018\/06\/K3-Seminoc-2018_48web.jpg\" class=\"slider-7043 slide-7054\" alt=\"\" rel=\"\" title=\"K3-Seminoc-2018_48web\" srcset=\"https:\/\/www.kdrei-2009.de\/WPKdrei\/wp-content\/uploads\/2018\/06\/K3-Seminoc-2018_48web.jpg 680w, https:\/\/www.kdrei-2009.de\/WPKdrei\/wp-content\/uploads\/2018\/06\/K3-Seminoc-2018_48web-300x282.jpg 300w\" sizes=\"(max-width: 680px) 100vw, 680px\" \/><\/li>\n            <li style='display: none;' aria-roledescription='slide' aria-labelledby='slide-11'><img loading=\"lazy\" decoding=\"async\" width=\"680\" height=\"688\" src=\"https:\/\/www.kdrei-2009.de\/WPKdrei\/wp-content\/uploads\/2018\/06\/K3-Seminoc-2018_47web.jpg\" class=\"slider-7043 slide-7055\" alt=\"\" rel=\"\" title=\"K3-Seminoc-2018_47web\" srcset=\"https:\/\/www.kdrei-2009.de\/WPKdrei\/wp-content\/uploads\/2018\/06\/K3-Seminoc-2018_47web.jpg 680w, https:\/\/www.kdrei-2009.de\/WPKdrei\/wp-content\/uploads\/2018\/06\/K3-Seminoc-2018_47web-297x300.jpg 297w\" sizes=\"(max-width: 680px) 100vw, 680px\" \/><\/li>\n            <li style='display: none;' aria-roledescription='slide' aria-labelledby='slide-12'><img loading=\"lazy\" decoding=\"async\" width=\"680\" height=\"344\" src=\"https:\/\/www.kdrei-2009.de\/WPKdrei\/wp-content\/uploads\/2018\/06\/K3-Seminoc-2018_42web.jpg\" class=\"slider-7043 slide-7056\" alt=\"\" rel=\"\" title=\"K3-Seminoc-2018_42web\" srcset=\"https:\/\/www.kdrei-2009.de\/WPKdrei\/wp-content\/uploads\/2018\/06\/K3-Seminoc-2018_42web.jpg 680w, https:\/\/www.kdrei-2009.de\/WPKdrei\/wp-content\/uploads\/2018\/06\/K3-Seminoc-2018_42web-300x152.jpg 300w\" sizes=\"(max-width: 680px) 100vw, 680px\" \/><\/li>\n            <li style='display: none;' aria-roledescription='slide' aria-labelledby='slide-13'><img loading=\"lazy\" decoding=\"async\" width=\"680\" height=\"299\" src=\"https:\/\/www.kdrei-2009.de\/WPKdrei\/wp-content\/uploads\/2018\/06\/K3-Seminoc-2018_39web.jpg\" class=\"slider-7043 slide-7057\" alt=\"\" rel=\"\" title=\"K3-Seminoc-2018_39web\" srcset=\"https:\/\/www.kdrei-2009.de\/WPKdrei\/wp-content\/uploads\/2018\/06\/K3-Seminoc-2018_39web.jpg 680w, https:\/\/www.kdrei-2009.de\/WPKdrei\/wp-content\/uploads\/2018\/06\/K3-Seminoc-2018_39web-300x132.jpg 300w\" sizes=\"(max-width: 680px) 100vw, 680px\" \/><\/li>\n            <li style='display: none;' aria-roledescription='slide' aria-labelledby='slide-14'><img loading=\"lazy\" decoding=\"async\" width=\"680\" height=\"457\" src=\"https:\/\/www.kdrei-2009.de\/WPKdrei\/wp-content\/uploads\/2018\/06\/K3-Seminoc-2018_37web.jpg\" class=\"slider-7043 slide-7058\" alt=\"\" rel=\"\" title=\"K3-Seminoc-2018_37web\" srcset=\"https:\/\/www.kdrei-2009.de\/WPKdrei\/wp-content\/uploads\/2018\/06\/K3-Seminoc-2018_37web.jpg 680w, https:\/\/www.kdrei-2009.de\/WPKdrei\/wp-content\/uploads\/2018\/06\/K3-Seminoc-2018_37web-300x202.jpg 300w\" sizes=\"(max-width: 680px) 100vw, 680px\" \/><\/li>\n            <li style='display: none;' aria-roledescription='slide' aria-labelledby='slide-15'><img loading=\"lazy\" decoding=\"async\" width=\"680\" height=\"517\" src=\"https:\/\/www.kdrei-2009.de\/WPKdrei\/wp-content\/uploads\/2018\/06\/K3-Seminoc-2018_36web.jpg\" class=\"slider-7043 slide-7059\" alt=\"\" rel=\"\" title=\"K3-Seminoc-2018_36web\" srcset=\"https:\/\/www.kdrei-2009.de\/WPKdrei\/wp-content\/uploads\/2018\/06\/K3-Seminoc-2018_36web.jpg 680w, https:\/\/www.kdrei-2009.de\/WPKdrei\/wp-content\/uploads\/2018\/06\/K3-Seminoc-2018_36web-300x228.jpg 300w\" sizes=\"(max-width: 680px) 100vw, 680px\" \/><\/li>\n            <li style='display: none;' aria-roledescription='slide' aria-labelledby='slide-16'><img loading=\"lazy\" decoding=\"async\" width=\"680\" height=\"372\" src=\"https:\/\/www.kdrei-2009.de\/WPKdrei\/wp-content\/uploads\/2018\/06\/K3-Seminoc-2018_35web.jpg\" class=\"slider-7043 slide-7060\" alt=\"\" rel=\"\" title=\"K3-Seminoc-2018_35web\" srcset=\"https:\/\/www.kdrei-2009.de\/WPKdrei\/wp-content\/uploads\/2018\/06\/K3-Seminoc-2018_35web.jpg 680w, https:\/\/www.kdrei-2009.de\/WPKdrei\/wp-content\/uploads\/2018\/06\/K3-Seminoc-2018_35web-300x164.jpg 300w\" sizes=\"(max-width: 680px) 100vw, 680px\" \/><\/li>\n            <li style='display: none;' aria-roledescription='slide' aria-labelledby='slide-17'><img loading=\"lazy\" decoding=\"async\" width=\"680\" height=\"411\" src=\"https:\/\/www.kdrei-2009.de\/WPKdrei\/wp-content\/uploads\/2018\/06\/K3-Seminoc-2018_32web.jpg\" class=\"slider-7043 slide-7061\" alt=\"\" rel=\"\" title=\"K3-Seminoc-2018_32web\" srcset=\"https:\/\/www.kdrei-2009.de\/WPKdrei\/wp-content\/uploads\/2018\/06\/K3-Seminoc-2018_32web.jpg 680w, https:\/\/www.kdrei-2009.de\/WPKdrei\/wp-content\/uploads\/2018\/06\/K3-Seminoc-2018_32web-300x181.jpg 300w\" sizes=\"(max-width: 680px) 100vw, 680px\" \/><\/li>\n            <li style='display: none;' aria-roledescription='slide' aria-labelledby='slide-18'><img loading=\"lazy\" decoding=\"async\" width=\"680\" height=\"675\" src=\"https:\/\/www.kdrei-2009.de\/WPKdrei\/wp-content\/uploads\/2018\/06\/K3-Seminoc-2018_31web.jpg\" class=\"slider-7043 slide-7062\" alt=\"\" rel=\"\" title=\"K3-Seminoc-2018_31web\" srcset=\"https:\/\/www.kdrei-2009.de\/WPKdrei\/wp-content\/uploads\/2018\/06\/K3-Seminoc-2018_31web.jpg 680w, https:\/\/www.kdrei-2009.de\/WPKdrei\/wp-content\/uploads\/2018\/06\/K3-Seminoc-2018_31web-150x150.jpg 150w, https:\/\/www.kdrei-2009.de\/WPKdrei\/wp-content\/uploads\/2018\/06\/K3-Seminoc-2018_31web-300x298.jpg 300w\" sizes=\"(max-width: 680px) 100vw, 680px\" \/><\/li>\n            <li style='display: none;' aria-roledescription='slide' aria-labelledby='slide-19'><img loading=\"lazy\" decoding=\"async\" width=\"680\" height=\"278\" src=\"https:\/\/www.kdrei-2009.de\/WPKdrei\/wp-content\/uploads\/2018\/06\/K3-Seminoc-2018_29web.jpg\" class=\"slider-7043 slide-7063\" alt=\"\" rel=\"\" title=\"K3-Seminoc-2018_29web\" srcset=\"https:\/\/www.kdrei-2009.de\/WPKdrei\/wp-content\/uploads\/2018\/06\/K3-Seminoc-2018_29web.jpg 680w, https:\/\/www.kdrei-2009.de\/WPKdrei\/wp-content\/uploads\/2018\/06\/K3-Seminoc-2018_29web-300x123.jpg 300w\" sizes=\"(max-width: 680px) 100vw, 680px\" \/><\/li>\n            <li style='display: none;' aria-roledescription='slide' aria-labelledby='slide-20'><img loading=\"lazy\" decoding=\"async\" width=\"680\" height=\"1193\" src=\"https:\/\/www.kdrei-2009.de\/WPKdrei\/wp-content\/uploads\/2018\/06\/K3-Seminoc-2018_24web.jpg\" class=\"slider-7043 slide-7064\" alt=\"\" rel=\"\" title=\"K3-Seminoc-2018_24web\" srcset=\"https:\/\/www.kdrei-2009.de\/WPKdrei\/wp-content\/uploads\/2018\/06\/K3-Seminoc-2018_24web.jpg 680w, https:\/\/www.kdrei-2009.de\/WPKdrei\/wp-content\/uploads\/2018\/06\/K3-Seminoc-2018_24web-171x300.jpg 171w, https:\/\/www.kdrei-2009.de\/WPKdrei\/wp-content\/uploads\/2018\/06\/K3-Seminoc-2018_24web-584x1024.jpg 584w\" sizes=\"(max-width: 680px) 100vw, 680px\" \/><\/li>\n            <li style='display: none;' aria-roledescription='slide' aria-labelledby='slide-21'><img loading=\"lazy\" decoding=\"async\" width=\"680\" height=\"516\" src=\"https:\/\/www.kdrei-2009.de\/WPKdrei\/wp-content\/uploads\/2018\/06\/K3-Seminoc-2018_22web.jpg\" class=\"slider-7043 slide-7065\" alt=\"\" rel=\"\" title=\"K3-Seminoc-2018_22web\" srcset=\"https:\/\/www.kdrei-2009.de\/WPKdrei\/wp-content\/uploads\/2018\/06\/K3-Seminoc-2018_22web.jpg 680w, https:\/\/www.kdrei-2009.de\/WPKdrei\/wp-content\/uploads\/2018\/06\/K3-Seminoc-2018_22web-300x228.jpg 300w\" sizes=\"(max-width: 680px) 100vw, 680px\" \/><\/li>\n            <li style='display: none;' aria-roledescription='slide' aria-labelledby='slide-22'><img loading=\"lazy\" decoding=\"async\" width=\"680\" height=\"569\" src=\"https:\/\/www.kdrei-2009.de\/WPKdrei\/wp-content\/uploads\/2018\/06\/K3-Seminoc-2018_21web.jpg\" class=\"slider-7043 slide-7066\" alt=\"\" rel=\"\" title=\"K3-Seminoc-2018_21web\" srcset=\"https:\/\/www.kdrei-2009.de\/WPKdrei\/wp-content\/uploads\/2018\/06\/K3-Seminoc-2018_21web.jpg 680w, https:\/\/www.kdrei-2009.de\/WPKdrei\/wp-content\/uploads\/2018\/06\/K3-Seminoc-2018_21web-300x251.jpg 300w\" sizes=\"(max-width: 680px) 100vw, 680px\" \/><\/li>\n            <li style='display: none;' aria-roledescription='slide' aria-labelledby='slide-23'><img loading=\"lazy\" decoding=\"async\" width=\"680\" height=\"486\" src=\"https:\/\/www.kdrei-2009.de\/WPKdrei\/wp-content\/uploads\/2018\/06\/K3-Seminoc-2018_20web.jpg\" class=\"slider-7043 slide-7067\" alt=\"\" rel=\"\" title=\"K3-Seminoc-2018_20web\" srcset=\"https:\/\/www.kdrei-2009.de\/WPKdrei\/wp-content\/uploads\/2018\/06\/K3-Seminoc-2018_20web.jpg 680w, https:\/\/www.kdrei-2009.de\/WPKdrei\/wp-content\/uploads\/2018\/06\/K3-Seminoc-2018_20web-300x214.jpg 300w\" sizes=\"(max-width: 680px) 100vw, 680px\" \/><\/li>\n            <li style='display: none;' aria-roledescription='slide' aria-labelledby='slide-24'><img loading=\"lazy\" decoding=\"async\" width=\"680\" height=\"718\" src=\"https:\/\/www.kdrei-2009.de\/WPKdrei\/wp-content\/uploads\/2018\/06\/K3-Seminoc-2018_19web.jpg\" class=\"slider-7043 slide-7068\" alt=\"\" rel=\"\" title=\"K3-Seminoc-2018_19web\" srcset=\"https:\/\/www.kdrei-2009.de\/WPKdrei\/wp-content\/uploads\/2018\/06\/K3-Seminoc-2018_19web.jpg 680w, https:\/\/www.kdrei-2009.de\/WPKdrei\/wp-content\/uploads\/2018\/06\/K3-Seminoc-2018_19web-284x300.jpg 284w\" sizes=\"(max-width: 680px) 100vw, 680px\" \/><\/li>\n            <li style='display: none;' aria-roledescription='slide' aria-labelledby='slide-25'><img loading=\"lazy\" decoding=\"async\" width=\"680\" height=\"493\" src=\"https:\/\/www.kdrei-2009.de\/WPKdrei\/wp-content\/uploads\/2018\/06\/K3-Seminoc-2018_16web.jpg\" class=\"slider-7043 slide-7069\" alt=\"\" rel=\"\" title=\"K3-Seminoc-2018_16web\" srcset=\"https:\/\/www.kdrei-2009.de\/WPKdrei\/wp-content\/uploads\/2018\/06\/K3-Seminoc-2018_16web.jpg 680w, https:\/\/www.kdrei-2009.de\/WPKdrei\/wp-content\/uploads\/2018\/06\/K3-Seminoc-2018_16web-300x218.jpg 300w\" sizes=\"(max-width: 680px) 100vw, 680px\" \/><\/li>\n            <li style='display: none;' aria-roledescription='slide' aria-labelledby='slide-26'><img loading=\"lazy\" decoding=\"async\" width=\"680\" height=\"588\" src=\"https:\/\/www.kdrei-2009.de\/WPKdrei\/wp-content\/uploads\/2018\/06\/K3-Seminoc-2018_15web.jpg\" class=\"slider-7043 slide-7070\" alt=\"\" rel=\"\" title=\"K3-Seminoc-2018_15web\" srcset=\"https:\/\/www.kdrei-2009.de\/WPKdrei\/wp-content\/uploads\/2018\/06\/K3-Seminoc-2018_15web.jpg 680w, https:\/\/www.kdrei-2009.de\/WPKdrei\/wp-content\/uploads\/2018\/06\/K3-Seminoc-2018_15web-300x259.jpg 300w\" sizes=\"(max-width: 680px) 100vw, 680px\" \/><\/li>\n            <li style='display: none;' aria-roledescription='slide' aria-labelledby='slide-27'><img loading=\"lazy\" decoding=\"async\" width=\"680\" height=\"605\" src=\"https:\/\/www.kdrei-2009.de\/WPKdrei\/wp-content\/uploads\/2018\/06\/K3-Seminoc-2018_10web.jpg\" class=\"slider-7043 slide-7071\" alt=\"\" rel=\"\" title=\"K3-Seminoc-2018_10web\" srcset=\"https:\/\/www.kdrei-2009.de\/WPKdrei\/wp-content\/uploads\/2018\/06\/K3-Seminoc-2018_10web.jpg 680w, https:\/\/www.kdrei-2009.de\/WPKdrei\/wp-content\/uploads\/2018\/06\/K3-Seminoc-2018_10web-300x267.jpg 300w\" sizes=\"(max-width: 680px) 100vw, 680px\" \/><\/li>\n            <li style='display: none;' aria-roledescription='slide' aria-labelledby='slide-28'><img loading=\"lazy\" decoding=\"async\" width=\"680\" height=\"479\" src=\"https:\/\/www.kdrei-2009.de\/WPKdrei\/wp-content\/uploads\/2018\/06\/K3-Seminoc-2018_09web.jpg\" class=\"slider-7043 slide-7072\" alt=\"\" rel=\"\" title=\"K3-Seminoc-2018_09web\" srcset=\"https:\/\/www.kdrei-2009.de\/WPKdrei\/wp-content\/uploads\/2018\/06\/K3-Seminoc-2018_09web.jpg 680w, https:\/\/www.kdrei-2009.de\/WPKdrei\/wp-content\/uploads\/2018\/06\/K3-Seminoc-2018_09web-300x211.jpg 300w\" sizes=\"(max-width: 680px) 100vw, 680px\" \/><\/li>\n            <li style='display: none;' aria-roledescription='slide' aria-labelledby='slide-29'><img loading=\"lazy\" decoding=\"async\" width=\"680\" height=\"556\" src=\"https:\/\/www.kdrei-2009.de\/WPKdrei\/wp-content\/uploads\/2018\/06\/K3-Seminoc-2018_08web.jpg\" class=\"slider-7043 slide-7073\" alt=\"\" rel=\"\" title=\"K3-Seminoc-2018_08web\" srcset=\"https:\/\/www.kdrei-2009.de\/WPKdrei\/wp-content\/uploads\/2018\/06\/K3-Seminoc-2018_08web.jpg 680w, https:\/\/www.kdrei-2009.de\/WPKdrei\/wp-content\/uploads\/2018\/06\/K3-Seminoc-2018_08web-300x245.jpg 300w\" sizes=\"(max-width: 680px) 100vw, 680px\" \/><\/li>\n            <li style='display: none;' aria-roledescription='slide' aria-labelledby='slide-30'><img loading=\"lazy\" decoding=\"async\" width=\"680\" height=\"751\" src=\"https:\/\/www.kdrei-2009.de\/WPKdrei\/wp-content\/uploads\/2018\/06\/K3-Seminoc-2018_07web.jpg\" class=\"slider-7043 slide-7074\" alt=\"\" rel=\"\" title=\"K3-Seminoc-2018_07web\" srcset=\"https:\/\/www.kdrei-2009.de\/WPKdrei\/wp-content\/uploads\/2018\/06\/K3-Seminoc-2018_07web.jpg 680w, https:\/\/www.kdrei-2009.de\/WPKdrei\/wp-content\/uploads\/2018\/06\/K3-Seminoc-2018_07web-272x300.jpg 272w\" sizes=\"(max-width: 680px) 100vw, 680px\" \/><\/li>\n            <li style='display: none;' aria-roledescription='slide' aria-labelledby='slide-31'><img loading=\"lazy\" decoding=\"async\" width=\"680\" height=\"601\" src=\"https:\/\/www.kdrei-2009.de\/WPKdrei\/wp-content\/uploads\/2018\/06\/K3-Seminoc-2018_06web.jpg\" class=\"slider-7043 slide-7075\" alt=\"\" rel=\"\" title=\"K3-Seminoc-2018_06web\" srcset=\"https:\/\/www.kdrei-2009.de\/WPKdrei\/wp-content\/uploads\/2018\/06\/K3-Seminoc-2018_06web.jpg 680w, https:\/\/www.kdrei-2009.de\/WPKdrei\/wp-content\/uploads\/2018\/06\/K3-Seminoc-2018_06web-300x265.jpg 300w\" sizes=\"(max-width: 680px) 100vw, 680px\" \/><\/li>\n            <li style='display: none;' aria-roledescription='slide' aria-labelledby='slide-32'><img loading=\"lazy\" decoding=\"async\" width=\"680\" height=\"782\" src=\"https:\/\/www.kdrei-2009.de\/WPKdrei\/wp-content\/uploads\/2018\/06\/K3-Seminoc-2018_05web.jpg\" class=\"slider-7043 slide-7076\" alt=\"\" rel=\"\" title=\"K3-Seminoc-2018_05web\" srcset=\"https:\/\/www.kdrei-2009.de\/WPKdrei\/wp-content\/uploads\/2018\/06\/K3-Seminoc-2018_05web.jpg 680w, https:\/\/www.kdrei-2009.de\/WPKdrei\/wp-content\/uploads\/2018\/06\/K3-Seminoc-2018_05web-261x300.jpg 261w\" sizes=\"(max-width: 680px) 100vw, 680px\" \/><\/li>\n            <li style='display: none;' aria-roledescription='slide' aria-labelledby='slide-33'><img loading=\"lazy\" decoding=\"async\" width=\"680\" height=\"372\" src=\"https:\/\/www.kdrei-2009.de\/WPKdrei\/wp-content\/uploads\/2018\/06\/K3-Seminoc-2018_04web.jpg\" class=\"slider-7043 slide-7077\" alt=\"\" rel=\"\" title=\"K3-Seminoc-2018_04web\" srcset=\"https:\/\/www.kdrei-2009.de\/WPKdrei\/wp-content\/uploads\/2018\/06\/K3-Seminoc-2018_04web.jpg 680w, https:\/\/www.kdrei-2009.de\/WPKdrei\/wp-content\/uploads\/2018\/06\/K3-Seminoc-2018_04web-300x164.jpg 300w\" sizes=\"(max-width: 680px) 100vw, 680px\" \/><\/li>\n            <li style='display: none;' aria-roledescription='slide' aria-labelledby='slide-34'><img loading=\"lazy\" decoding=\"async\" width=\"850\" height=\"392\" src=\"https:\/\/www.kdrei-2009.de\/WPKdrei\/wp-content\/uploads\/2018\/06\/K3-Seminoc-2018_03aweb.jpg\" class=\"slider-7043 slide-7078\" alt=\"\" rel=\"\" title=\"K3-Seminoc-2018_03aweb\" srcset=\"https:\/\/www.kdrei-2009.de\/WPKdrei\/wp-content\/uploads\/2018\/06\/K3-Seminoc-2018_03aweb.jpg 850w, https:\/\/www.kdrei-2009.de\/WPKdrei\/wp-content\/uploads\/2018\/06\/K3-Seminoc-2018_03aweb-300x138.jpg 300w, https:\/\/www.kdrei-2009.de\/WPKdrei\/wp-content\/uploads\/2018\/06\/K3-Seminoc-2018_03aweb-768x354.jpg 768w\" sizes=\"(max-width: 850px) 100vw, 850px\" \/><\/li>\n        <\/ul>\n        \n    <\/div>\n<\/div>&#8218;); ?&gt;<\/p>\n","protected":false},"excerpt":{"rendered":"<p>50% Teilnehmer, 100% Spass und sch\u00f6ne Atmosph\u00e4re. Mit unserem ersten Form\u00e9e-Turnier sind wir sehr zufrieden. Wir hatten sehr gutes Boulewetter und ein gut besuchtes 16er Feld f\u00fcr unser Seminocturne in [&hellip;]<\/p>\n","protected":false},"author":1,"featured_media":0,"parent":6747,"menu_order":0,"comment_status":"closed","ping_status":"closed","template":"","meta":{"footnotes":""},"_links":{"self":[{"href":"https:\/\/www.kdrei-2009.de\/WPKdrei\/wp-json\/wp\/v2\/pages\/7039"}],"collection":[{"href":"https:\/\/www.kdrei-2009.de\/WPKdrei\/wp-json\/wp\/v2\/pages"}],"about":[{"href":"https:\/\/www.kdrei-2009.de\/WPKdrei\/wp-json\/wp\/v2\/types\/page"}],"author":[{"embeddable":true,"href":"https:\/\/www.kdrei-2009.de\/WPKdrei\/wp-json\/wp\/v2\/users\/1"}],"replies":[{"embeddable":true,"href":"https:\/\/www.kdrei-2009.de\/WPKdrei\/wp-json\/wp\/v2\/comments?post=7039"}],"version-history":[{"count":5,"href":"https:\/\/www.kdrei-2009.de\/WPKdrei\/wp-json\/wp\/v2\/pages\/7039\/revisions"}],"predecessor-version":[{"id":7080,"href":"https:\/\/www.kdrei-2009.de\/WPKdrei\/wp-json\/wp\/v2\/pages\/7039\/revisions\/7080"}],"up":[{"embeddable":true,"href":"https:\/\/www.kdrei-2009.de\/WPKdrei\/wp-json\/wp\/v2\/pages\/6747"}],"wp:attachment":[{"href":"https:\/\/www.kdrei-2009.de\/WPKdrei\/wp-json\/wp\/v2\/media?parent=7039"}],"curies":[{"name":"wp","href":"https:\/\/api.w.org\/{rel}","templated":true}]}}