{"id":7105,"date":"2018-07-13T17:41:50","date_gmt":"2018-07-13T17:41:50","guid":{"rendered":"https:\/\/www.kdrei-2009.de\/WPKdrei\/?page_id=7105"},"modified":"2018-07-13T17:41:50","modified_gmt":"2018-07-13T17:41:50","slug":"kochkurs-und-galamenue-2018","status":"publish","type":"page","link":"https:\/\/www.kdrei-2009.de\/WPKdrei\/kdrei-events\/koch-gala-2018\/kochkurs-und-galamenue-2018\/","title":{"rendered":"Kochkurs und Galamen\u00fc 2018"},"content":{"rendered":"<div class=\"entry\">\n<h2><span style=\"color: #808080;\">Es ist wieder soweit. Dieses Jahr hat die Planung etwas l\u00e4nger gedauert\u2026hier wieder alle Infos. <\/span><\/h2>\n<h2><span style=\"color: #808080;\">Getr\u00e4nkefrage ist noch nicht gek\u00e4rt&#8230;wir arbeiten noch daran.<br \/>\n<\/span><\/h2>\n<h2><span style=\"color: #808080;\">Wir freuen uns. Wie immer begrenzte Teilnehmerzahl\u2026wer zuerst kommt, isst zuerst\u2026<\/span><\/h2>\n<h2><span style=\"color: #808080;\">Anmeldung: info(at)kdrei-2009.de<\/span><\/h2>\n<h2><span style=\"color: #808080;\">Wir best\u00e4tigen jede Anmeldung per Email. Nach Eingang der Zahlung ist die Reservierung g\u00fcltig. Bitte \u00fcberweist zeitnah an unsere Best\u00e4tigung.<\/span><\/h2>\n<h2><span style=\"color: #808080;\">Danke und einen sch\u00f6nen Sommer. Wir freuen uns auf euch..<\/span><\/h2>\n<p><a href=\"https:\/\/www.kdrei-2009.de\/WPKdrei\/?attachment_id=7097\" rel=\"attachment wp-att-7097\"><img loading=\"lazy\" decoding=\"async\" class=\"alignleft size-large wp-image-7097\" src=\"https:\/\/www.kdrei-2009.de\/WPKdrei\/wp-content\/uploads\/2018\/07\/K-3-Menue-2018-01web-726x1024.jpg\" alt=\"\" width=\"726\" height=\"1024\" srcset=\"https:\/\/www.kdrei-2009.de\/WPKdrei\/wp-content\/uploads\/2018\/07\/K-3-Menue-2018-01web-726x1024.jpg 726w, https:\/\/www.kdrei-2009.de\/WPKdrei\/wp-content\/uploads\/2018\/07\/K-3-Menue-2018-01web-213x300.jpg 213w, https:\/\/www.kdrei-2009.de\/WPKdrei\/wp-content\/uploads\/2018\/07\/K-3-Menue-2018-01web-768x1083.jpg 768w\" sizes=\"(max-width: 726px) 100vw, 726px\" \/><\/a><\/p>\n<\/div>\n<p>&nbsp;<\/p>\n<p>&nbsp;<\/p>\n<p>&nbsp;<\/p>\n<p>&nbsp;<\/p>\n<p>&nbsp;<\/p>\n<p>&nbsp;<\/p>\n<p>&nbsp;<\/p>\n<p>&nbsp;<\/p>\n<p>&nbsp;<\/p>\n<p>&nbsp;<\/p>\n<p>&nbsp;<\/p>\n<p>&nbsp;<\/p>\n<p>&nbsp;<\/p>\n<p>&nbsp;<\/p>\n<p>&nbsp;<\/p>\n<p>&nbsp;<\/p>\n<p>&nbsp;<\/p>\n<p>&nbsp;<\/p>\n<p>&nbsp;<\/p>\n<p>&nbsp;<\/p>\n<p>&nbsp;<\/p>\n<p>&nbsp;<\/p>\n<p>&nbsp;<\/p>\n<p>&nbsp;<\/p>\n<p>&nbsp;<\/p>\n<p>&nbsp;<\/p>\n<p>&nbsp;<\/p>\n<p>&nbsp;<\/p>\n<p>&nbsp;<\/p>\n<p>&nbsp;<\/p>\n<p>&nbsp;<\/p>\n<p><a href=\"https:\/\/www.kdrei-2009.de\/WPKdrei\/?attachment_id=7098\" rel=\"attachment wp-att-7098\"><img loading=\"lazy\" decoding=\"async\" class=\"alignleft size-large wp-image-7098\" src=\"https:\/\/www.kdrei-2009.de\/WPKdrei\/wp-content\/uploads\/2018\/07\/K-3-Menue-2018-02web-726x1024.jpg\" alt=\"\" width=\"726\" height=\"1024\" srcset=\"https:\/\/www.kdrei-2009.de\/WPKdrei\/wp-content\/uploads\/2018\/07\/K-3-Menue-2018-02web-726x1024.jpg 726w, https:\/\/www.kdrei-2009.de\/WPKdrei\/wp-content\/uploads\/2018\/07\/K-3-Menue-2018-02web-213x300.jpg 213w, https:\/\/www.kdrei-2009.de\/WPKdrei\/wp-content\/uploads\/2018\/07\/K-3-Menue-2018-02web-768x1083.jpg 768w\" sizes=\"(max-width: 726px) 100vw, 726px\" \/><\/a><\/p>\n<p>&nbsp;<\/p>\n<p>&nbsp;<\/p>\n<p>&nbsp;<\/p>\n<p>&nbsp;<\/p>\n<p>&nbsp;<\/p>\n<p>&nbsp;<\/p>\n<p>&nbsp;<\/p>\n<p>&nbsp;<\/p>\n<p>&nbsp;<\/p>\n<p>&nbsp;<\/p>\n<p>&nbsp;<\/p>\n<p>&nbsp;<\/p>\n<p>&nbsp;<\/p>\n<p>&nbsp;<\/p>\n<p>&nbsp;<\/p>\n<p>&nbsp;<\/p>\n<p>&nbsp;<\/p>\n<p>&nbsp;<\/p>\n<p>&nbsp;<\/p>\n<p>&nbsp;<\/p>\n<p>&nbsp;<\/p>\n<p>&nbsp;<\/p>\n<p>&nbsp;<\/p>\n<p>&nbsp;<\/p>\n<p>&nbsp;<\/p>\n<p>&nbsp;<\/p>\n<p>&nbsp;<\/p>\n<p>&nbsp;<\/p>\n<p>&nbsp;<\/p>\n<p>&nbsp;<\/p>\n<p>&nbsp;<\/p>\n<p><a href=\"https:\/\/www.kdrei-2009.de\/WPKdrei\/?attachment_id=7099\" rel=\"attachment wp-att-7099\"><img loading=\"lazy\" decoding=\"async\" class=\"alignleft size-large wp-image-7099\" src=\"https:\/\/www.kdrei-2009.de\/WPKdrei\/wp-content\/uploads\/2018\/07\/K-3-Menue-2018-03web-712x1024.jpg\" alt=\"\" width=\"712\" height=\"1024\" srcset=\"https:\/\/www.kdrei-2009.de\/WPKdrei\/wp-content\/uploads\/2018\/07\/K-3-Menue-2018-03web-712x1024.jpg 712w, https:\/\/www.kdrei-2009.de\/WPKdrei\/wp-content\/uploads\/2018\/07\/K-3-Menue-2018-03web-209x300.jpg 209w, https:\/\/www.kdrei-2009.de\/WPKdrei\/wp-content\/uploads\/2018\/07\/K-3-Menue-2018-03web-768x1104.jpg 768w\" sizes=\"(max-width: 712px) 100vw, 712px\" \/><\/a><\/p>\n","protected":false},"excerpt":{"rendered":"<p>Es ist wieder soweit. Dieses Jahr hat die Planung etwas l\u00e4nger gedauert\u2026hier wieder alle Infos. Getr\u00e4nkefrage ist noch nicht gek\u00e4rt&#8230;wir arbeiten noch daran. Wir freuen uns. Wie immer begrenzte Teilnehmerzahl\u2026wer [&hellip;]<\/p>\n","protected":false},"author":1,"featured_media":0,"parent":7102,"menu_order":0,"comment_status":"closed","ping_status":"closed","template":"","meta":{"footnotes":""},"_links":{"self":[{"href":"https:\/\/www.kdrei-2009.de\/WPKdrei\/wp-json\/wp\/v2\/pages\/7105"}],"collection":[{"href":"https:\/\/www.kdrei-2009.de\/WPKdrei\/wp-json\/wp\/v2\/pages"}],"about":[{"href":"https:\/\/www.kdrei-2009.de\/WPKdrei\/wp-json\/wp\/v2\/types\/page"}],"author":[{"embeddable":true,"href":"https:\/\/www.kdrei-2009.de\/WPKdrei\/wp-json\/wp\/v2\/users\/1"}],"replies":[{"embeddable":true,"href":"https:\/\/www.kdrei-2009.de\/WPKdrei\/wp-json\/wp\/v2\/comments?post=7105"}],"version-history":[{"count":1,"href":"https:\/\/www.kdrei-2009.de\/WPKdrei\/wp-json\/wp\/v2\/pages\/7105\/revisions"}],"predecessor-version":[{"id":7108,"href":"https:\/\/www.kdrei-2009.de\/WPKdrei\/wp-json\/wp\/v2\/pages\/7105\/revisions\/7108"}],"up":[{"embeddable":true,"href":"https:\/\/www.kdrei-2009.de\/WPKdrei\/wp-json\/wp\/v2\/pages\/7102"}],"wp:attachment":[{"href":"https:\/\/www.kdrei-2009.de\/WPKdrei\/wp-json\/wp\/v2\/media?parent=7105"}],"curies":[{"name":"wp","href":"https:\/\/api.w.org\/{rel}","templated":true}]}}