{"id":7119,"date":"2018-07-15T10:12:14","date_gmt":"2018-07-15T10:12:14","guid":{"rendered":"https:\/\/www.kdrei-2009.de\/WPKdrei\/?page_id=7119"},"modified":"2018-07-15T12:08:45","modified_gmt":"2018-07-15T12:08:45","slug":"landes-und-oberligaabschluss-2018","status":"publish","type":"page","link":"https:\/\/www.kdrei-2009.de\/WPKdrei\/kugelsport-2\/koch-gala-2018\/turniere-2018\/landes-und-oberligaabschluss-2018\/","title":{"rendered":"Landes- und Oberligaabschluss 2018"},"content":{"rendered":"<h3><span style=\"color: #808080;\">Ja das war noch einmal richtig spannend. F\u00fcr unsere Oberligamannschaft ging es um wichtige Punkte gegen den drohenden Abstieg. Am Ende ging aber alles gut aus. Wir spielten 1:1 und belegen zum Saisonende den 10. Tabellenplatz. Unsere Landesligamannschaft belegt Platz 9 und und hat als Ligadeb\u00fctant viele Erfahrungen f\u00fcr die kommende Saison sammeln k\u00f6nnen. Wir gratulieren beiden Aufsteigern, unseren Boulefreunden aus Denkendorf zum Aufstieg in die Regionalliga und den Boulefreunden aus Esslingen zum Aufstieg in die Oberliga. Wo Aufsteiger sind gibt es leider auch Absteiger. Der Leg- und Schiessgesellschaft aus Pfullingen w\u00fcnschen wir in der Landesliga alles Gute und hoffen auf euren baldigen Wiederaufstieg. Wir bedanken uns bei allen Ausrichtern, der Liagleitung und den Staffelleitern f\u00fcr die entspannte und gelungene Saison und hoffen auf Beibehaltung der &#8222;5 Spieltage Regelung&#8220;.<\/span><\/h3>\n<h3><span style=\"color: #808080;\">Anschliessend haben wir noch in den Krautg\u00e4rten die Reste unseres Seminocturnes weggegrillt. Das war lecker und entspannt. Sogar das Saisonabschlussmannschaftsfoto wurde noch geschafft. <\/span><\/h3>\n<p>&nbsp;<\/p>\n<p>&nbsp;<\/p>\n<p><a href=\"https:\/\/www.kdrei-2009.de\/WPKdrei\/?attachment_id=7116\" rel=\"attachment wp-att-7116\"><img loading=\"lazy\" decoding=\"async\" class=\"alignleft size-full wp-image-7116\" src=\"https:\/\/www.kdrei-2009.de\/WPKdrei\/wp-content\/uploads\/2018\/07\/K3-OLigatabelle-05-2018web.jpg\" alt=\"\" width=\"710\" height=\"501\" srcset=\"https:\/\/www.kdrei-2009.de\/WPKdrei\/wp-content\/uploads\/2018\/07\/K3-OLigatabelle-05-2018web.jpg 710w, https:\/\/www.kdrei-2009.de\/WPKdrei\/wp-content\/uploads\/2018\/07\/K3-OLigatabelle-05-2018web-300x212.jpg 300w\" sizes=\"(max-width: 710px) 100vw, 710px\" \/><\/a><\/p>\n<p>&nbsp;<\/p>\n<p>&nbsp;<\/p>\n<p>&nbsp;<\/p>\n<p>&nbsp;<\/p>\n<p>&nbsp;<\/p>\n<p>&nbsp;<\/p>\n<p>&nbsp;<\/p>\n<p>&nbsp;<\/p>\n<p>&nbsp;<\/p>\n<p>&nbsp;<\/p>\n<p>&nbsp;<\/p>\n<p>&nbsp;<\/p>\n<p>&nbsp;<\/p>\n<p>&nbsp;<\/p>\n<p>&nbsp;<\/p>\n<p><a href=\"https:\/\/www.kdrei-2009.de\/WPKdrei\/?attachment_id=7115\" rel=\"attachment wp-att-7115\"><img loading=\"lazy\" decoding=\"async\" class=\"alignleft size-full wp-image-7115\" src=\"https:\/\/www.kdrei-2009.de\/WPKdrei\/wp-content\/uploads\/2018\/07\/K3-LLigatabelle-03-2018web.jpg\" alt=\"\" width=\"695\" height=\"453\" srcset=\"https:\/\/www.kdrei-2009.de\/WPKdrei\/wp-content\/uploads\/2018\/07\/K3-LLigatabelle-03-2018web.jpg 695w, https:\/\/www.kdrei-2009.de\/WPKdrei\/wp-content\/uploads\/2018\/07\/K3-LLigatabelle-03-2018web-300x196.jpg 300w\" sizes=\"(max-width: 695px) 100vw, 695px\" \/><\/a><\/p>\n<p>&nbsp;<\/p>\n<p>&nbsp;<\/p>\n<p>&nbsp;<\/p>\n<p>&nbsp;<\/p>\n<p>&nbsp;<\/p>\n<p>&nbsp;<\/p>\n<p>&nbsp;<\/p>\n<p>&nbsp;<\/p>\n<p>&nbsp;<\/p>\n<p>&nbsp;<\/p>\n<p>&nbsp;<\/p>\n<p>&nbsp;<\/p>\n<p>&nbsp;<\/p>\n<p><a href=\"https:\/\/www.kdrei-2009.de\/WPKdrei\/?attachment_id=7113\" rel=\"attachment wp-att-7113\"><img loading=\"lazy\" decoding=\"async\" class=\"alignleft size-full wp-image-7113\" src=\"https:\/\/www.kdrei-2009.de\/WPKdrei\/wp-content\/uploads\/2018\/07\/K3-Liga2018Ruit2_09web.jpg\" alt=\"\" width=\"680\" height=\"513\" srcset=\"https:\/\/www.kdrei-2009.de\/WPKdrei\/wp-content\/uploads\/2018\/07\/K3-Liga2018Ruit2_09web.jpg 680w, https:\/\/www.kdrei-2009.de\/WPKdrei\/wp-content\/uploads\/2018\/07\/K3-Liga2018Ruit2_09web-300x226.jpg 300w\" sizes=\"(max-width: 680px) 100vw, 680px\" \/><\/a><\/p>\n<p>&nbsp;<\/p>\n<p>&nbsp;<\/p>\n<p>&nbsp;<\/p>\n<p>&nbsp;<\/p>\n<p>&nbsp;<\/p>\n<p>&nbsp;<\/p>\n<p>&nbsp;<\/p>\n<p>&nbsp;<\/p>\n<p>&nbsp;<\/p>\n<p>&nbsp;<\/p>\n<p>&nbsp;<\/p>\n<p>&nbsp;<\/p>\n<p>&nbsp;<\/p>\n<p>&nbsp;<\/p>\n<p>&nbsp;<\/p>\n<p>&nbsp;<\/p>\n<p><a href=\"https:\/\/www.kdrei-2009.de\/WPKdrei\/?attachment_id=7117\" rel=\"attachment wp-att-7117\"><img loading=\"lazy\" decoding=\"async\" class=\"alignleft size-full wp-image-7117\" src=\"https:\/\/www.kdrei-2009.de\/WPKdrei\/wp-content\/uploads\/2018\/07\/K3-Liga2018Ruit2_07web.jpg\" alt=\"\" width=\"680\" height=\"456\" srcset=\"https:\/\/www.kdrei-2009.de\/WPKdrei\/wp-content\/uploads\/2018\/07\/K3-Liga2018Ruit2_07web.jpg 680w, https:\/\/www.kdrei-2009.de\/WPKdrei\/wp-content\/uploads\/2018\/07\/K3-Liga2018Ruit2_07web-300x201.jpg 300w\" sizes=\"(max-width: 680px) 100vw, 680px\" \/><\/a><\/p>\n<p>&nbsp;<\/p>\n<p>&nbsp;<\/p>\n<p>&nbsp;<\/p>\n<p>&nbsp;<\/p>\n<p>&nbsp;<\/p>\n<p>&nbsp;<\/p>\n<p>&nbsp;<\/p>\n<p>&nbsp;<\/p>\n<p>&nbsp;<\/p>\n<p>&nbsp;<\/p>\n<p>&nbsp;<\/p>\n<p>&nbsp;<\/p>\n<p>&nbsp;<\/p>\n<p>&nbsp;<\/p>\n<p><a href=\"https:\/\/www.kdrei-2009.de\/WPKdrei\/?attachment_id=7118\" rel=\"attachment wp-att-7118\"><img loading=\"lazy\" decoding=\"async\" class=\"alignleft size-full wp-image-7118\" src=\"https:\/\/www.kdrei-2009.de\/WPKdrei\/wp-content\/uploads\/2018\/07\/K3-Liga2018Ruit2_08web.jpg\" alt=\"\" width=\"680\" height=\"479\" srcset=\"https:\/\/www.kdrei-2009.de\/WPKdrei\/wp-content\/uploads\/2018\/07\/K3-Liga2018Ruit2_08web.jpg 680w, https:\/\/www.kdrei-2009.de\/WPKdrei\/wp-content\/uploads\/2018\/07\/K3-Liga2018Ruit2_08web-300x211.jpg 300w\" sizes=\"(max-width: 680px) 100vw, 680px\" \/><\/a><\/p>\n<p>&nbsp;<\/p>\n<p>&nbsp;<\/p>\n<p>&nbsp;<\/p>\n<p>&nbsp;<\/p>\n<p>&nbsp;<\/p>\n<p>&nbsp;<\/p>\n<p>&nbsp;<\/p>\n<p>&nbsp;<\/p>\n<p>&nbsp;<\/p>\n<p>&nbsp;<\/p>\n<p>&nbsp;<\/p>\n<p>&nbsp;<\/p>\n<p>&nbsp;<\/p>\n<p>&nbsp;<\/p>\n<div id=\"attachment_7114\" style=\"width: 690px\" class=\"wp-caption alignleft\"><a href=\"https:\/\/www.kdrei-2009.de\/WPKdrei\/?attachment_id=7114\" rel=\"attachment wp-att-7114\"><img loading=\"lazy\" decoding=\"async\" aria-describedby=\"caption-attachment-7114\" class=\"wp-image-7114 size-full\" src=\"https:\/\/www.kdrei-2009.de\/WPKdrei\/wp-content\/uploads\/2018\/07\/K3-Liga2018Ruit2_11web.jpg\" alt=\"\" width=\"680\" height=\"488\" srcset=\"https:\/\/www.kdrei-2009.de\/WPKdrei\/wp-content\/uploads\/2018\/07\/K3-Liga2018Ruit2_11web.jpg 680w, https:\/\/www.kdrei-2009.de\/WPKdrei\/wp-content\/uploads\/2018\/07\/K3-Liga2018Ruit2_11web-300x215.jpg 300w\" sizes=\"(max-width: 680px) 100vw, 680px\" \/><\/a><p id=\"caption-attachment-7114\" class=\"wp-caption-text\">Es fehlen Heike Hoss, Bernd und Niklas Grote, Walter Hirche sowie Holger Mertz..<\/p><\/div>\n","protected":false},"excerpt":{"rendered":"<p>Ja das war noch einmal richtig spannend. F\u00fcr unsere Oberligamannschaft ging es um wichtige Punkte gegen den drohenden Abstieg. Am Ende ging aber alles gut aus. Wir spielten 1:1 und [&hellip;]<\/p>\n","protected":false},"author":1,"featured_media":0,"parent":6744,"menu_order":0,"comment_status":"closed","ping_status":"closed","template":"","meta":{"footnotes":""},"_links":{"self":[{"href":"https:\/\/www.kdrei-2009.de\/WPKdrei\/wp-json\/wp\/v2\/pages\/7119"}],"collection":[{"href":"https:\/\/www.kdrei-2009.de\/WPKdrei\/wp-json\/wp\/v2\/pages"}],"about":[{"href":"https:\/\/www.kdrei-2009.de\/WPKdrei\/wp-json\/wp\/v2\/types\/page"}],"author":[{"embeddable":true,"href":"https:\/\/www.kdrei-2009.de\/WPKdrei\/wp-json\/wp\/v2\/users\/1"}],"replies":[{"embeddable":true,"href":"https:\/\/www.kdrei-2009.de\/WPKdrei\/wp-json\/wp\/v2\/comments?post=7119"}],"version-history":[{"count":2,"href":"https:\/\/www.kdrei-2009.de\/WPKdrei\/wp-json\/wp\/v2\/pages\/7119\/revisions"}],"predecessor-version":[{"id":7123,"href":"https:\/\/www.kdrei-2009.de\/WPKdrei\/wp-json\/wp\/v2\/pages\/7119\/revisions\/7123"}],"up":[{"embeddable":true,"href":"https:\/\/www.kdrei-2009.de\/WPKdrei\/wp-json\/wp\/v2\/pages\/6744"}],"wp:attachment":[{"href":"https:\/\/www.kdrei-2009.de\/WPKdrei\/wp-json\/wp\/v2\/media?parent=7119"}],"curies":[{"name":"wp","href":"https:\/\/api.w.org\/{rel}","templated":true}]}}