{"id":7163,"date":"2018-08-24T08:26:19","date_gmt":"2018-08-24T08:26:19","guid":{"rendered":"https:\/\/www.kdrei-2009.de\/WPKdrei\/?page_id=7163"},"modified":"2018-08-24T08:27:48","modified_gmt":"2018-08-24T08:27:48","slug":"quali-triplette-55-2018-in-bergalingen","status":"publish","type":"page","link":"https:\/\/www.kdrei-2009.de\/WPKdrei\/kugelsport-2\/koch-gala-2018\/turniere-2018-2\/quali-triplette-55-2018-in-bergalingen\/","title":{"rendered":"Quali Triplette 55+, 2018 in Bergalingen"},"content":{"rendered":"<h3><span style=\"color: #808080;\">Hier einige Bilder vom kulturellen Teil in Basel und von der LM und Quali in Bergalingen. Wolfgang f\u00e4hrt nach Tromm, Walter bleibt zu Hause. Sch\u00f6nes Wochenende im Hotzenwald und Besuch im Tinguely Museum in Basel, da bewegt sich fast alles. Gl\u00fcckwunsch an alle Qualifikanten und viel erfolg und sch\u00f6ne Tage in Tromm.<\/span><\/h3>\n<p><a href=\"https:\/\/www.kdrei-2009.de\/WPKdrei\/?attachment_id=7153\" rel=\"attachment wp-att-7153\"><img loading=\"lazy\" decoding=\"async\" class=\"alignleft size-full wp-image-7153\" src=\"https:\/\/www.kdrei-2009.de\/WPKdrei\/wp-content\/uploads\/2018\/08\/K3-Quali2018_001web.jpg\" alt=\"\" width=\"850\" height=\"398\" srcset=\"https:\/\/www.kdrei-2009.de\/WPKdrei\/wp-content\/uploads\/2018\/08\/K3-Quali2018_001web.jpg 850w, https:\/\/www.kdrei-2009.de\/WPKdrei\/wp-content\/uploads\/2018\/08\/K3-Quali2018_001web-300x140.jpg 300w, https:\/\/www.kdrei-2009.de\/WPKdrei\/wp-content\/uploads\/2018\/08\/K3-Quali2018_001web-768x360.jpg 768w\" sizes=\"(max-width: 850px) 100vw, 850px\" \/><\/a> <a href=\"https:\/\/www.kdrei-2009.de\/WPKdrei\/?attachment_id=7156\" rel=\"attachment wp-att-7156\"><img loading=\"lazy\" decoding=\"async\" class=\"alignleft size-full wp-image-7156\" src=\"https:\/\/www.kdrei-2009.de\/WPKdrei\/wp-content\/uploads\/2018\/08\/K3-Quali2018_007web.jpg\" alt=\"\" width=\"850\" height=\"490\" srcset=\"https:\/\/www.kdrei-2009.de\/WPKdrei\/wp-content\/uploads\/2018\/08\/K3-Quali2018_007web.jpg 850w, https:\/\/www.kdrei-2009.de\/WPKdrei\/wp-content\/uploads\/2018\/08\/K3-Quali2018_007web-300x173.jpg 300w, https:\/\/www.kdrei-2009.de\/WPKdrei\/wp-content\/uploads\/2018\/08\/K3-Quali2018_007web-768x443.jpg 768w\" sizes=\"(max-width: 850px) 100vw, 850px\" \/><\/a> <a href=\"https:\/\/www.kdrei-2009.de\/WPKdrei\/?attachment_id=7157\" rel=\"attachment wp-att-7157\"><img loading=\"lazy\" decoding=\"async\" class=\"alignleft size-large wp-image-7157\" src=\"https:\/\/www.kdrei-2009.de\/WPKdrei\/wp-content\/uploads\/2018\/08\/K3-Quali2018_008web-677x1024.jpg\" alt=\"\" width=\"677\" height=\"1024\" srcset=\"https:\/\/www.kdrei-2009.de\/WPKdrei\/wp-content\/uploads\/2018\/08\/K3-Quali2018_008web-677x1024.jpg 677w, https:\/\/www.kdrei-2009.de\/WPKdrei\/wp-content\/uploads\/2018\/08\/K3-Quali2018_008web-198x300.jpg 198w, https:\/\/www.kdrei-2009.de\/WPKdrei\/wp-content\/uploads\/2018\/08\/K3-Quali2018_008web-768x1162.jpg 768w, https:\/\/www.kdrei-2009.de\/WPKdrei\/wp-content\/uploads\/2018\/08\/K3-Quali2018_008web.jpg 850w\" sizes=\"(max-width: 677px) 100vw, 677px\" \/><\/a> <a href=\"https:\/\/www.kdrei-2009.de\/WPKdrei\/?attachment_id=7158\" rel=\"attachment wp-att-7158\"><img loading=\"lazy\" decoding=\"async\" class=\"alignleft size-full wp-image-7158\" src=\"https:\/\/www.kdrei-2009.de\/WPKdrei\/wp-content\/uploads\/2018\/08\/K3-Quali2018_010web.jpg\" alt=\"\" width=\"850\" height=\"616\" srcset=\"https:\/\/www.kdrei-2009.de\/WPKdrei\/wp-content\/uploads\/2018\/08\/K3-Quali2018_010web.jpg 850w, https:\/\/www.kdrei-2009.de\/WPKdrei\/wp-content\/uploads\/2018\/08\/K3-Quali2018_010web-300x217.jpg 300w, https:\/\/www.kdrei-2009.de\/WPKdrei\/wp-content\/uploads\/2018\/08\/K3-Quali2018_010web-768x557.jpg 768w\" sizes=\"(max-width: 850px) 100vw, 850px\" \/><\/a> <a href=\"https:\/\/www.kdrei-2009.de\/WPKdrei\/?attachment_id=7159\" rel=\"attachment wp-att-7159\"><img loading=\"lazy\" decoding=\"async\" class=\"alignleft size-full wp-image-7159\" src=\"https:\/\/www.kdrei-2009.de\/WPKdrei\/wp-content\/uploads\/2018\/08\/K3-Quali2018_011web.jpg\" alt=\"\" width=\"850\" height=\"602\" srcset=\"https:\/\/www.kdrei-2009.de\/WPKdrei\/wp-content\/uploads\/2018\/08\/K3-Quali2018_011web.jpg 850w, https:\/\/www.kdrei-2009.de\/WPKdrei\/wp-content\/uploads\/2018\/08\/K3-Quali2018_011web-300x212.jpg 300w, https:\/\/www.kdrei-2009.de\/WPKdrei\/wp-content\/uploads\/2018\/08\/K3-Quali2018_011web-768x544.jpg 768w\" sizes=\"(max-width: 850px) 100vw, 850px\" \/><\/a> <a href=\"https:\/\/www.kdrei-2009.de\/WPKdrei\/?attachment_id=7160\" rel=\"attachment wp-att-7160\"><img loading=\"lazy\" decoding=\"async\" class=\"alignleft size-full wp-image-7160\" src=\"https:\/\/www.kdrei-2009.de\/WPKdrei\/wp-content\/uploads\/2018\/08\/K3-Quali2018_012web.jpg\" alt=\"\" width=\"850\" height=\"869\" srcset=\"https:\/\/www.kdrei-2009.de\/WPKdrei\/wp-content\/uploads\/2018\/08\/K3-Quali2018_012web.jpg 850w, https:\/\/www.kdrei-2009.de\/WPKdrei\/wp-content\/uploads\/2018\/08\/K3-Quali2018_012web-293x300.jpg 293w, https:\/\/www.kdrei-2009.de\/WPKdrei\/wp-content\/uploads\/2018\/08\/K3-Quali2018_012web-768x785.jpg 768w\" sizes=\"(max-width: 850px) 100vw, 850px\" \/><\/a> <a href=\"https:\/\/www.kdrei-2009.de\/WPKdrei\/?attachment_id=7161\" rel=\"attachment wp-att-7161\"><img loading=\"lazy\" decoding=\"async\" class=\"alignleft size-full wp-image-7161\" src=\"https:\/\/www.kdrei-2009.de\/WPKdrei\/wp-content\/uploads\/2018\/08\/K3-Quali2018_013web.jpg\" alt=\"\" width=\"850\" height=\"747\" srcset=\"https:\/\/www.kdrei-2009.de\/WPKdrei\/wp-content\/uploads\/2018\/08\/K3-Quali2018_013web.jpg 850w, https:\/\/www.kdrei-2009.de\/WPKdrei\/wp-content\/uploads\/2018\/08\/K3-Quali2018_013web-300x264.jpg 300w, https:\/\/www.kdrei-2009.de\/WPKdrei\/wp-content\/uploads\/2018\/08\/K3-Quali2018_013web-768x675.jpg 768w\" sizes=\"(max-width: 850px) 100vw, 850px\" \/><\/a> <a href=\"https:\/\/www.kdrei-2009.de\/WPKdrei\/?attachment_id=7162\" rel=\"attachment wp-att-7162\"><img loading=\"lazy\" decoding=\"async\" class=\"alignleft size-full wp-image-7162\" src=\"https:\/\/www.kdrei-2009.de\/WPKdrei\/wp-content\/uploads\/2018\/08\/K3-Quali2018_015web.jpg\" alt=\"\" width=\"850\" height=\"499\" srcset=\"https:\/\/www.kdrei-2009.de\/WPKdrei\/wp-content\/uploads\/2018\/08\/K3-Quali2018_015web.jpg 850w, https:\/\/www.kdrei-2009.de\/WPKdrei\/wp-content\/uploads\/2018\/08\/K3-Quali2018_015web-300x176.jpg 300w, https:\/\/www.kdrei-2009.de\/WPKdrei\/wp-content\/uploads\/2018\/08\/K3-Quali2018_015web-768x451.jpg 768w\" sizes=\"(max-width: 850px) 100vw, 850px\" \/><\/a> <a href=\"https:\/\/www.kdrei-2009.de\/WPKdrei\/?attachment_id=7154\" rel=\"attachment wp-att-7154\"><img loading=\"lazy\" decoding=\"async\" class=\"alignleft size-large wp-image-7154\" src=\"https:\/\/www.kdrei-2009.de\/WPKdrei\/wp-content\/uploads\/2018\/08\/K3-Quali2018_003web.jpg\" alt=\"\" width=\"850\" height=\"178\" srcset=\"https:\/\/www.kdrei-2009.de\/WPKdrei\/wp-content\/uploads\/2018\/08\/K3-Quali2018_003web.jpg 850w, https:\/\/www.kdrei-2009.de\/WPKdrei\/wp-content\/uploads\/2018\/08\/K3-Quali2018_003web-300x63.jpg 300w, https:\/\/www.kdrei-2009.de\/WPKdrei\/wp-content\/uploads\/2018\/08\/K3-Quali2018_003web-768x161.jpg 768w\" sizes=\"(max-width: 850px) 100vw, 850px\" \/><\/a> <a href=\"https:\/\/www.kdrei-2009.de\/WPKdrei\/?attachment_id=7152\" rel=\"attachment wp-att-7152\"><img loading=\"lazy\" decoding=\"async\" class=\"alignleft size-full wp-image-7152\" src=\"https:\/\/www.kdrei-2009.de\/WPKdrei\/wp-content\/uploads\/2018\/08\/K3-Quali2018_pan1web.jpg\" alt=\"\" width=\"850\" height=\"316\" srcset=\"https:\/\/www.kdrei-2009.de\/WPKdrei\/wp-content\/uploads\/2018\/08\/K3-Quali2018_pan1web.jpg 850w, https:\/\/www.kdrei-2009.de\/WPKdrei\/wp-content\/uploads\/2018\/08\/K3-Quali2018_pan1web-300x112.jpg 300w, https:\/\/www.kdrei-2009.de\/WPKdrei\/wp-content\/uploads\/2018\/08\/K3-Quali2018_pan1web-768x286.jpg 768w\" sizes=\"(max-width: 850px) 100vw, 850px\" \/><\/a> <a href=\"https:\/\/www.kdrei-2009.de\/WPKdrei\/?attachment_id=7151\" rel=\"attachment wp-att-7151\"><img loading=\"lazy\" decoding=\"async\" class=\"alignleft size-full wp-image-7151\" src=\"https:\/\/www.kdrei-2009.de\/WPKdrei\/wp-content\/uploads\/2018\/08\/K3-Quali2018_032web.jpg\" alt=\"\" width=\"850\" height=\"610\" srcset=\"https:\/\/www.kdrei-2009.de\/WPKdrei\/wp-content\/uploads\/2018\/08\/K3-Quali2018_032web.jpg 850w, https:\/\/www.kdrei-2009.de\/WPKdrei\/wp-content\/uploads\/2018\/08\/K3-Quali2018_032web-300x215.jpg 300w, https:\/\/www.kdrei-2009.de\/WPKdrei\/wp-content\/uploads\/2018\/08\/K3-Quali2018_032web-768x551.jpg 768w\" sizes=\"(max-width: 850px) 100vw, 850px\" \/><\/a> <a href=\"https:\/\/www.kdrei-2009.de\/WPKdrei\/?attachment_id=7150\" rel=\"attachment wp-att-7150\"><img loading=\"lazy\" decoding=\"async\" class=\"alignleft size-full wp-image-7150\" src=\"https:\/\/www.kdrei-2009.de\/WPKdrei\/wp-content\/uploads\/2018\/08\/K3-Quali2018_031web.jpg\" alt=\"\" width=\"850\" height=\"683\" srcset=\"https:\/\/www.kdrei-2009.de\/WPKdrei\/wp-content\/uploads\/2018\/08\/K3-Quali2018_031web.jpg 850w, https:\/\/www.kdrei-2009.de\/WPKdrei\/wp-content\/uploads\/2018\/08\/K3-Quali2018_031web-300x241.jpg 300w, https:\/\/www.kdrei-2009.de\/WPKdrei\/wp-content\/uploads\/2018\/08\/K3-Quali2018_031web-768x617.jpg 768w\" sizes=\"(max-width: 850px) 100vw, 850px\" \/><\/a> <a href=\"https:\/\/www.kdrei-2009.de\/WPKdrei\/?attachment_id=7149\" rel=\"attachment wp-att-7149\"><img loading=\"lazy\" decoding=\"async\" class=\"alignleft size-full wp-image-7149\" src=\"https:\/\/www.kdrei-2009.de\/WPKdrei\/wp-content\/uploads\/2018\/08\/K3-Quali2018_029web.jpg\" alt=\"\" width=\"850\" height=\"561\" srcset=\"https:\/\/www.kdrei-2009.de\/WPKdrei\/wp-content\/uploads\/2018\/08\/K3-Quali2018_029web.jpg 850w, https:\/\/www.kdrei-2009.de\/WPKdrei\/wp-content\/uploads\/2018\/08\/K3-Quali2018_029web-300x198.jpg 300w, https:\/\/www.kdrei-2009.de\/WPKdrei\/wp-content\/uploads\/2018\/08\/K3-Quali2018_029web-768x507.jpg 768w\" sizes=\"(max-width: 850px) 100vw, 850px\" \/><\/a> <a href=\"https:\/\/www.kdrei-2009.de\/WPKdrei\/?attachment_id=7148\" rel=\"attachment wp-att-7148\"><img loading=\"lazy\" decoding=\"async\" class=\"alignleft size-full wp-image-7148\" src=\"https:\/\/www.kdrei-2009.de\/WPKdrei\/wp-content\/uploads\/2018\/08\/K3-Quali2018_027web.jpg\" alt=\"\" width=\"850\" height=\"487\" srcset=\"https:\/\/www.kdrei-2009.de\/WPKdrei\/wp-content\/uploads\/2018\/08\/K3-Quali2018_027web.jpg 850w, https:\/\/www.kdrei-2009.de\/WPKdrei\/wp-content\/uploads\/2018\/08\/K3-Quali2018_027web-300x172.jpg 300w, https:\/\/www.kdrei-2009.de\/WPKdrei\/wp-content\/uploads\/2018\/08\/K3-Quali2018_027web-768x440.jpg 768w\" sizes=\"(max-width: 850px) 100vw, 850px\" \/><\/a><\/p>\n<p>&nbsp;<\/p>\n","protected":false},"excerpt":{"rendered":"<p>Hier einige Bilder vom kulturellen Teil in Basel und von der LM und Quali in Bergalingen. Wolfgang f\u00e4hrt nach Tromm, Walter bleibt zu Hause. Sch\u00f6nes Wochenende im Hotzenwald und Besuch [&hellip;]<\/p>\n","protected":false},"author":1,"featured_media":0,"parent":6747,"menu_order":0,"comment_status":"closed","ping_status":"closed","template":"","meta":{"footnotes":""},"_links":{"self":[{"href":"https:\/\/www.kdrei-2009.de\/WPKdrei\/wp-json\/wp\/v2\/pages\/7163"}],"collection":[{"href":"https:\/\/www.kdrei-2009.de\/WPKdrei\/wp-json\/wp\/v2\/pages"}],"about":[{"href":"https:\/\/www.kdrei-2009.de\/WPKdrei\/wp-json\/wp\/v2\/types\/page"}],"author":[{"embeddable":true,"href":"https:\/\/www.kdrei-2009.de\/WPKdrei\/wp-json\/wp\/v2\/users\/1"}],"replies":[{"embeddable":true,"href":"https:\/\/www.kdrei-2009.de\/WPKdrei\/wp-json\/wp\/v2\/comments?post=7163"}],"version-history":[{"count":2,"href":"https:\/\/www.kdrei-2009.de\/WPKdrei\/wp-json\/wp\/v2\/pages\/7163\/revisions"}],"predecessor-version":[{"id":7167,"href":"https:\/\/www.kdrei-2009.de\/WPKdrei\/wp-json\/wp\/v2\/pages\/7163\/revisions\/7167"}],"up":[{"embeddable":true,"href":"https:\/\/www.kdrei-2009.de\/WPKdrei\/wp-json\/wp\/v2\/pages\/6747"}],"wp:attachment":[{"href":"https:\/\/www.kdrei-2009.de\/WPKdrei\/wp-json\/wp\/v2\/media?parent=7163"}],"curies":[{"name":"wp","href":"https:\/\/api.w.org\/{rel}","templated":true}]}}