{"id":727,"date":"2010-05-06T14:05:53","date_gmt":"2010-05-06T14:05:53","guid":{"rendered":"https:\/\/www.kdrei-2009.de\/WPKdrei\/?page_id=727"},"modified":"2016-03-16T12:26:51","modified_gmt":"2016-03-16T12:26:51","slug":"chris-geisler-trio-feat-j-enders-im-bix","status":"publish","type":"page","link":"https:\/\/www.kdrei-2009.de\/WPKdrei\/kunst\/akustisches\/akustisches-2010\/chris-geisler-trio-feat-j-enders-im-bix\/","title":{"rendered":"Chris Geisler Trio feat. J. Enders im BIX"},"content":{"rendered":"<h3><span style=\"color: #808080;\">Eine gelungene CD-Vorstellung, gut gelaunte Musiker, korrekter Sound und eine klasse Clubatmosph\u00e4re.Das war der Abend am 05.05.2010 im BIX \u00a0im Gustav-Sigle-Haus in Stuttgart. Nat\u00fcrlich war es ein Vergn\u00fcgen, Johannes Enders \u00a0auf der B\u00fchne zu erleben, doch wer das Chris Geisler Trio kennt, \u00a0kann best\u00e4tigen, da\u00df es auch ohne Saxophonist keine Probleme hat, seine Zuh\u00f6rer zu begeistern. Wir freuen uns auf die kommenden Konzerte.<\/span><\/h3>\n<h3><span style=\"color: #808080;\">Weitere Infos<\/span><a href=\"http:\/\/www.chrisgeisler.de\/h\/aktuelles.html\" target=\"_blank\"><span style=\"color: #808080;\">: Chris Geisler<\/span><\/a><\/h3>\n<h3><span style=\"color: #808080;\">Chris Geisler &#8211; piano, keys; Kurt Holzk\u00e4mper &#8211; bass; Bernd Settelmeyer &#8211; drums, percussion; Johannes Enders &#8211; saxes. <\/span><\/h3>\n<p><span style=\"color: #808080;\"> <\/span><\/p>\n<div id=\"attachment_705\" style=\"width: 310px\" class=\"wp-caption alignleft\"><a href=\"https:\/\/www.kdrei-2009.de\/WPKdrei\/wp-content\/uploads\/2010\/05\/CGT_100505_BIX_41web.jpg\" rel=\"lightbox[727]\"><img loading=\"lazy\" decoding=\"async\" aria-describedby=\"caption-attachment-705\" class=\"size-medium wp-image-705\" title=\"CGT_100505_BIX_41web\" src=\"https:\/\/www.kdrei-2009.de\/WPKdrei\/wp-content\/uploads\/2010\/05\/CGT_100505_BIX_41web-300x216.jpg\" alt=\"Chris Geisler, Pianist, Komponist, Arranguer, Bouler...\" width=\"300\" height=\"216\" srcset=\"https:\/\/www.kdrei-2009.de\/WPKdrei\/wp-content\/uploads\/2010\/05\/CGT_100505_BIX_41web-300x216.jpg 300w, https:\/\/www.kdrei-2009.de\/WPKdrei\/wp-content\/uploads\/2010\/05\/CGT_100505_BIX_41web.jpg 709w\" sizes=\"(max-width: 300px) 100vw, 300px\" \/><\/a><p id=\"caption-attachment-705\" class=\"wp-caption-text\">Chris Geisler, Pianist, Komponist, Arranguer, Bouler...<\/p><\/div>\n<div id=\"attachment_729\" style=\"width: 310px\" class=\"wp-caption alignright\"><a href=\"https:\/\/www.kdrei-2009.de\/WPKdrei\/wp-content\/uploads\/2010\/05\/CGT_100505_BIX_17web.jpg\" rel=\"lightbox[727]\"><img loading=\"lazy\" decoding=\"async\" aria-describedby=\"caption-attachment-729\" class=\"size-medium wp-image-729\" title=\"CGT_100505_BIX_17web\" src=\"https:\/\/www.kdrei-2009.de\/WPKdrei\/wp-content\/uploads\/2010\/05\/CGT_100505_BIX_17web-300x216.jpg\" alt=\"\" width=\"300\" height=\"216\" srcset=\"https:\/\/www.kdrei-2009.de\/WPKdrei\/wp-content\/uploads\/2010\/05\/CGT_100505_BIX_17web-300x216.jpg 300w, https:\/\/www.kdrei-2009.de\/WPKdrei\/wp-content\/uploads\/2010\/05\/CGT_100505_BIX_17web.jpg 709w\" sizes=\"(max-width: 300px) 100vw, 300px\" \/><\/a><p id=\"caption-attachment-729\" class=\"wp-caption-text\">Jazz-Lounge im BIX.<\/p><\/div>\n<p><span style=\"color: #808080;\"> <\/span><\/p>\n<div id=\"attachment_707\" style=\"width: 310px\" class=\"wp-caption alignleft\"><a href=\"https:\/\/www.kdrei-2009.de\/WPKdrei\/wp-content\/uploads\/2010\/05\/CGT_100505_BIX_32web.jpg\" rel=\"lightbox[727]\"><img loading=\"lazy\" decoding=\"async\" aria-describedby=\"caption-attachment-707\" class=\"size-medium wp-image-707\" title=\"CGT_100505_BIX_32web\" src=\"https:\/\/www.kdrei-2009.de\/WPKdrei\/wp-content\/uploads\/2010\/05\/CGT_100505_BIX_32web-300x216.jpg\" alt=\"\" width=\"300\" height=\"216\" srcset=\"https:\/\/www.kdrei-2009.de\/WPKdrei\/wp-content\/uploads\/2010\/05\/CGT_100505_BIX_32web-300x216.jpg 300w, https:\/\/www.kdrei-2009.de\/WPKdrei\/wp-content\/uploads\/2010\/05\/CGT_100505_BIX_32web.jpg 709w\" sizes=\"(max-width: 300px) 100vw, 300px\" \/><\/a><p id=\"caption-attachment-707\" class=\"wp-caption-text\">Stuttgart downtown...<\/p><\/div>\n<div id=\"attachment_706\" style=\"width: 310px\" class=\"wp-caption alignright\"><a href=\"https:\/\/www.kdrei-2009.de\/WPKdrei\/wp-content\/uploads\/2010\/05\/CGT_100505_BIX_27web.jpg\" rel=\"lightbox[727]\"><img loading=\"lazy\" decoding=\"async\" aria-describedby=\"caption-attachment-706\" class=\"size-medium wp-image-706\" title=\"CGT_100505_BIX_27web\" src=\"https:\/\/www.kdrei-2009.de\/WPKdrei\/wp-content\/uploads\/2010\/05\/CGT_100505_BIX_27web-300x216.jpg\" alt=\"\" width=\"300\" height=\"216\" srcset=\"https:\/\/www.kdrei-2009.de\/WPKdrei\/wp-content\/uploads\/2010\/05\/CGT_100505_BIX_27web-300x216.jpg 300w, https:\/\/www.kdrei-2009.de\/WPKdrei\/wp-content\/uploads\/2010\/05\/CGT_100505_BIX_27web.jpg 709w\" sizes=\"(max-width: 300px) 100vw, 300px\" \/><\/a><p id=\"caption-attachment-706\" class=\"wp-caption-text\">..live im BIX.<\/p><\/div>\n<p><span style=\"color: #808080;\"> <\/span><\/p>\n<div id=\"attachment_708\" style=\"width: 226px\" class=\"wp-caption alignleft\"><a href=\"https:\/\/www.kdrei-2009.de\/WPKdrei\/wp-content\/uploads\/2010\/05\/CGT_100505_BIX_38web.jpg\" rel=\"lightbox[727]\"><img loading=\"lazy\" decoding=\"async\" aria-describedby=\"caption-attachment-708\" class=\"size-medium wp-image-708\" title=\"CGT_100505_BIX_38web\" src=\"https:\/\/www.kdrei-2009.de\/WPKdrei\/wp-content\/uploads\/2010\/05\/CGT_100505_BIX_38web-216x300.jpg\" alt=\"\" width=\"216\" height=\"300\" srcset=\"https:\/\/www.kdrei-2009.de\/WPKdrei\/wp-content\/uploads\/2010\/05\/CGT_100505_BIX_38web-216x300.jpg 216w, https:\/\/www.kdrei-2009.de\/WPKdrei\/wp-content\/uploads\/2010\/05\/CGT_100505_BIX_38web.jpg 512w\" sizes=\"(max-width: 216px) 100vw, 216px\" \/><\/a><p id=\"caption-attachment-708\" class=\"wp-caption-text\">Chris Geisler, piano.<\/p><\/div>\n<p><span style=\"color: #808080;\"> <\/span><\/p>\n<div id=\"attachment_709\" style=\"width: 226px\" class=\"wp-caption aligncenter\"><a href=\"https:\/\/www.kdrei-2009.de\/WPKdrei\/wp-content\/uploads\/2010\/05\/CGT_100505_BIX_08web.jpg\" rel=\"lightbox[727]\"><img loading=\"lazy\" decoding=\"async\" aria-describedby=\"caption-attachment-709\" class=\"size-medium wp-image-709\" title=\"CGT_100505_BIX_08web\" src=\"https:\/\/www.kdrei-2009.de\/WPKdrei\/wp-content\/uploads\/2010\/05\/CGT_100505_BIX_08web-216x300.jpg\" alt=\"\" width=\"216\" height=\"300\" srcset=\"https:\/\/www.kdrei-2009.de\/WPKdrei\/wp-content\/uploads\/2010\/05\/CGT_100505_BIX_08web-216x300.jpg 216w, https:\/\/www.kdrei-2009.de\/WPKdrei\/wp-content\/uploads\/2010\/05\/CGT_100505_BIX_08web.jpg 512w\" sizes=\"(max-width: 216px) 100vw, 216px\" \/><\/a><p id=\"caption-attachment-709\" class=\"wp-caption-text\">Johannes Enders, saxophon.<\/p><\/div>\n<div id=\"attachment_714\" style=\"width: 226px\" class=\"wp-caption alignleft\"><a href=\"https:\/\/www.kdrei-2009.de\/WPKdrei\/wp-content\/uploads\/2010\/05\/CGT_100505_BIX_04web1.jpg\" rel=\"lightbox[727]\"><img loading=\"lazy\" decoding=\"async\" aria-describedby=\"caption-attachment-714\" class=\"size-medium wp-image-714\" title=\"CGT_100505_BIX_04web\" src=\"https:\/\/www.kdrei-2009.de\/WPKdrei\/wp-content\/uploads\/2010\/05\/CGT_100505_BIX_04web1-216x300.jpg\" alt=\"\" width=\"216\" height=\"300\" srcset=\"https:\/\/www.kdrei-2009.de\/WPKdrei\/wp-content\/uploads\/2010\/05\/CGT_100505_BIX_04web1-216x300.jpg 216w, https:\/\/www.kdrei-2009.de\/WPKdrei\/wp-content\/uploads\/2010\/05\/CGT_100505_BIX_04web1.jpg 512w\" sizes=\"(max-width: 216px) 100vw, 216px\" \/><\/a><p id=\"caption-attachment-714\" class=\"wp-caption-text\">Kurt Holzk\u00e4mper, bass.<\/p><\/div>\n<div id=\"attachment_730\" style=\"width: 226px\" class=\"wp-caption aligncenter\"><a href=\"https:\/\/www.kdrei-2009.de\/WPKdrei\/wp-content\/uploads\/2010\/05\/CGT_100505_BIX_17aweb.jpg\" rel=\"lightbox[727]\"><img loading=\"lazy\" decoding=\"async\" aria-describedby=\"caption-attachment-730\" class=\"size-medium wp-image-730\" title=\"CGT_100505_BIX_17aweb\" src=\"https:\/\/www.kdrei-2009.de\/WPKdrei\/wp-content\/uploads\/2010\/05\/CGT_100505_BIX_17aweb-216x300.jpg\" alt=\"\" width=\"216\" height=\"300\" srcset=\"https:\/\/www.kdrei-2009.de\/WPKdrei\/wp-content\/uploads\/2010\/05\/CGT_100505_BIX_17aweb-216x300.jpg 216w, https:\/\/www.kdrei-2009.de\/WPKdrei\/wp-content\/uploads\/2010\/05\/CGT_100505_BIX_17aweb.jpg 512w\" sizes=\"(max-width: 216px) 100vw, 216px\" \/><\/a><p id=\"caption-attachment-730\" class=\"wp-caption-text\">Bernd Settelmeyer, drums.<\/p><\/div>\n<p><span style=\"color: #808080;\"> <\/span><\/p>\n<p><span style=\"color: #808080;\"> <\/span><\/p>\n<p style=\"text-align: center;\">\n<p style=\"text-align: center;\">\n<p style=\"text-align: center;\">\n<p style=\"text-align: center;\">\n<p style=\"text-align: center;\">\n<p style=\"text-align: center;\">\n<p style=\"text-align: center;\">\n<p style=\"text-align: center;\">\n","protected":false},"excerpt":{"rendered":"<p>Eine gelungene CD-Vorstellung, gut gelaunte Musiker, korrekter Sound und eine klasse Clubatmosph\u00e4re.Das war der Abend am 05.05.2010 im BIX \u00a0im Gustav-Sigle-Haus in Stuttgart. Nat\u00fcrlich war es ein Vergn\u00fcgen, Johannes Enders [&hellip;]<\/p>\n","protected":false},"author":1,"featured_media":0,"parent":5480,"menu_order":0,"comment_status":"open","ping_status":"open","template":"","meta":{"footnotes":""},"_links":{"self":[{"href":"https:\/\/www.kdrei-2009.de\/WPKdrei\/wp-json\/wp\/v2\/pages\/727"}],"collection":[{"href":"https:\/\/www.kdrei-2009.de\/WPKdrei\/wp-json\/wp\/v2\/pages"}],"about":[{"href":"https:\/\/www.kdrei-2009.de\/WPKdrei\/wp-json\/wp\/v2\/types\/page"}],"author":[{"embeddable":true,"href":"https:\/\/www.kdrei-2009.de\/WPKdrei\/wp-json\/wp\/v2\/users\/1"}],"replies":[{"embeddable":true,"href":"https:\/\/www.kdrei-2009.de\/WPKdrei\/wp-json\/wp\/v2\/comments?post=727"}],"version-history":[{"count":16,"href":"https:\/\/www.kdrei-2009.de\/WPKdrei\/wp-json\/wp\/v2\/pages\/727\/revisions"}],"predecessor-version":[{"id":5527,"href":"https:\/\/www.kdrei-2009.de\/WPKdrei\/wp-json\/wp\/v2\/pages\/727\/revisions\/5527"}],"up":[{"embeddable":true,"href":"https:\/\/www.kdrei-2009.de\/WPKdrei\/wp-json\/wp\/v2\/pages\/5480"}],"wp:attachment":[{"href":"https:\/\/www.kdrei-2009.de\/WPKdrei\/wp-json\/wp\/v2\/media?parent=727"}],"curies":[{"name":"wp","href":"https:\/\/api.w.org\/{rel}","templated":true}]}}