{"id":7328,"date":"2019-01-22T08:54:21","date_gmt":"2019-01-22T08:54:21","guid":{"rendered":"https:\/\/www.kdrei-2009.de\/WPKdrei\/?page_id=7328"},"modified":"2019-01-30T13:11:38","modified_gmt":"2019-01-30T13:11:38","slug":"7328-2","status":"publish","type":"page","link":"https:\/\/www.kdrei-2009.de\/WPKdrei\/kunst\/akustisches\/akustisches-2019\/7328-2\/","title":{"rendered":"Chris Geislers Termine 2019"},"content":{"rendered":"<h3><span style=\"color: #808080;\">Liebe Musikfreunde!<\/span><\/h3>\n<h3><span style=\"color: #808080;\">Hier kommen drei Konzerthinweise:<\/span><\/h3>\n<h3><span style=\"color: #808080;\">\u2022 26.1.2019, 22:00, Pianotopia &#8211; akustisch, Forum 3, Gymnasiumstr. 21, 70 173 Stuttgart<\/span><br \/>\n<span style=\"color: #808080;\">\u2022 1.2.2019, 21:00, Chris Geisler Trio &#8211; Session, Jazzclub \u201eIn der Mitte\u201c, Gartenstr. 36, 72 764 Reutlingen<\/span><br \/>\n<span style=\"color: #808080;\">\u2022 8.2.2019, 20:00, Pianotopia &#8211; akustisch, CD &#8211; Pr\u00e4sentation, MiT B\u00fcrgertreff, Marktplatz 4, Wendlingen<\/span><\/h3>\n<h3><span style=\"color: #808080;\">Bei der CD &#8211; Pr\u00e4sentation\/ Konzert im Forum 3 werden wir klassische Bearbeitungen ohne Elektronik und Videos spielen.<\/span><br \/>\n<span style=\"color: #808080;\">Karten f\u00fcr die CD &#8211; Pr\u00e4sentation sind bei mir erh\u00e4ltlich, Sch\u00fcler: 6 \u20ac<\/span><\/h3>\n<h3><span style=\"color: #808080;\">Herzliche Gr\u00fcsse von<\/span><\/h3>\n<h3><span style=\"color: #808080;\">Chris Geisler<\/span><\/h3>\n<!--[if lt IE 9]><script>document.createElement('audio');<\/script><![endif]-->\n<audio class=\"wp-audio-shortcode\" id=\"audio-7328-1\" preload=\"none\" style=\"width: 100%;\" controls=\"controls\"><source type=\"audio\/mpeg\" src=\"https:\/\/www.kdrei-2009.de\/WPKdrei\/wp-content\/uploads\/2019\/01\/Joseph.mp3?_=1\" \/><a href=\"https:\/\/www.kdrei-2009.de\/WPKdrei\/wp-content\/uploads\/2019\/01\/Joseph.mp3\">https:\/\/www.kdrei-2009.de\/WPKdrei\/wp-content\/uploads\/2019\/01\/Joseph.mp3<\/a><\/audio>\n<p><a href=\"https:\/\/www.kdrei-2009.de\/WPKdrei\/?attachment_id=7326\" rel=\"attachment wp-att-7326\"><img loading=\"lazy\" decoding=\"async\" class=\"alignleft size-full wp-image-7326\" src=\"https:\/\/www.kdrei-2009.de\/WPKdrei\/wp-content\/uploads\/2019\/01\/Plakat-Geisler_Klassik-neuweb.jpg\" alt=\"\" width=\"680\" height=\"948\" srcset=\"https:\/\/www.kdrei-2009.de\/WPKdrei\/wp-content\/uploads\/2019\/01\/Plakat-Geisler_Klassik-neuweb.jpg 680w, https:\/\/www.kdrei-2009.de\/WPKdrei\/wp-content\/uploads\/2019\/01\/Plakat-Geisler_Klassik-neuweb-215x300.jpg 215w\" sizes=\"(max-width: 680px) 100vw, 680px\" \/><\/a><\/p>\n","protected":false},"excerpt":{"rendered":"<p>Liebe Musikfreunde! Hier kommen drei Konzerthinweise: \u2022 26.1.2019, 22:00, Pianotopia &#8211; akustisch, Forum 3, Gymnasiumstr. 21, 70 173 Stuttgart \u2022 1.2.2019, 21:00, Chris Geisler Trio &#8211; Session, Jazzclub \u201eIn der [&hellip;]<\/p>\n","protected":false},"author":1,"featured_media":0,"parent":7347,"menu_order":0,"comment_status":"closed","ping_status":"closed","template":"","meta":{"footnotes":""},"_links":{"self":[{"href":"https:\/\/www.kdrei-2009.de\/WPKdrei\/wp-json\/wp\/v2\/pages\/7328"}],"collection":[{"href":"https:\/\/www.kdrei-2009.de\/WPKdrei\/wp-json\/wp\/v2\/pages"}],"about":[{"href":"https:\/\/www.kdrei-2009.de\/WPKdrei\/wp-json\/wp\/v2\/types\/page"}],"author":[{"embeddable":true,"href":"https:\/\/www.kdrei-2009.de\/WPKdrei\/wp-json\/wp\/v2\/users\/1"}],"replies":[{"embeddable":true,"href":"https:\/\/www.kdrei-2009.de\/WPKdrei\/wp-json\/wp\/v2\/comments?post=7328"}],"version-history":[{"count":3,"href":"https:\/\/www.kdrei-2009.de\/WPKdrei\/wp-json\/wp\/v2\/pages\/7328\/revisions"}],"predecessor-version":[{"id":7374,"href":"https:\/\/www.kdrei-2009.de\/WPKdrei\/wp-json\/wp\/v2\/pages\/7328\/revisions\/7374"}],"up":[{"embeddable":true,"href":"https:\/\/www.kdrei-2009.de\/WPKdrei\/wp-json\/wp\/v2\/pages\/7347"}],"wp:attachment":[{"href":"https:\/\/www.kdrei-2009.de\/WPKdrei\/wp-json\/wp\/v2\/media?parent=7328"}],"curies":[{"name":"wp","href":"https:\/\/api.w.org\/{rel}","templated":true}]}}