{"id":7560,"date":"2019-02-20T17:57:02","date_gmt":"2019-02-20T17:57:02","guid":{"rendered":"https:\/\/www.kdrei-2009.de\/WPKdrei\/?page_id=7560"},"modified":"2019-02-20T18:02:55","modified_gmt":"2019-02-20T18:02:55","slug":"winterturnier-2018-19-04","status":"publish","type":"page","link":"https:\/\/www.kdrei-2009.de\/WPKdrei\/kugelsport-2\/koch-gala-2018\/turniere-2018-2\/winterturnier-2018-19-04\/","title":{"rendered":"Winterturnier 2018\/19.04"},"content":{"rendered":"\n<h2 class=\"wp-block-heading\"><\/h2>\n\n\n\n<p>So schnell geht das vorbei. 4 Vereine, 4 Spielorte, viel Spass und Boule, viele Teilnehmer und einen Sieger. Max G. Bailly, Kdrei Frickenhausen, gewinnt das Winterrundenturnier. Herzlichen Gl\u00fcckwunsch.<\/p>\n\n\n\n<p>Hier der bericht von Frank Naumann. Herzlichen Dank.<\/p>\n\n\n\n<p>Gesamtsieger der Winterrunde 2018\/19<\/p>\n\n\n\n<p>Nach 4 Spieltagen in N\u00fcrtingen-Hardt, Frickenhausen, Neuffen und zuletzt in Denkendorf ging die aktuelle Winterrunde 2018\/19 am 16.02.19 zu Ende. Insgesamt 74 Spieler haben an mindestens einem der Spieltage teilgenommen, im Durchschnitt waren es 41 Spieler je Spieltag. Die Wetterbedingungen schwankten drastisch zwischen -6\u00b0 C im Januar und +16\u00b0 C in Februar. Der neue Modus mit unterschiedlichen Spielorten hat sich bew\u00e4hrt, sorgt er doch f\u00fcr eine ausgewogene Belastung der Vereine mit Bewirtungsaktivit\u00e4ten. Ein Drittel der Startgeb\u00fchren aller Spieltage wurde angesammelt und nun an die 8 besten Spieler der Gesamtwertung ausbezahlt, die alle mindestens 10 Siege erzielt haben:<\/p>\n\n\n\n<ol><li>Platz: Max Bailly, Frickenhausen:<br \/> 12 Siege, +60 Kugeln<\/li><li>Platz: B\u00e4rbel Rieger, Horb:<br \/> 12 Siege, +40 Kugeln<\/li><li>Platz: Jochen Kauffmann, Denkendorf:<br \/> 11 Siege, +58 Kugeln<\/li><li>Platz: Rudi Meier, Esslingen:<br \/> 11 Siege, +47 Kugeln<\/li><li>Platz: Wolfgang Bessenroth, Fricken-<br \/> hausen: 11 Siege, +41 Kugeln<\/li><li>Platz: Katrin Schwinger, Denkendorf:<br \/> 10 Siege, +26 Kugeln<\/li><li>Platz: Ritchie Rieger, Horb:<br \/> 10 Siege, +19 Kugeln<\/li><li>Platz: Rainer Bohner, Denkendorf:<br \/> 10 Siege, -3 Kugeln<\/li><\/ol>\n\n\n\n<p>Die Gesamtsieger der Winterrunde 2018\/19 v.l.n.r.: Max Bailly (1.), B\u00e4rbel Rieger (2.), Jochen Kauffmann (3.), Rudi Meier (4.), Wolfgang Bessenroth (5.), Katrin Schwinger (6.), Ritchie Rieger (7.), Rainer Bohner (8.)<br \/><\/p>\n\n\n\n<figure class=\"wp-block-image\"><img loading=\"lazy\" decoding=\"async\" width=\"680\" height=\"439\" src=\"https:\/\/www.kdrei-2009.de\/WPKdrei\/wp-content\/uploads\/2019\/02\/K3-WR18-19Gesamtsieger-web.jpg\" alt=\"\" class=\"wp-image-7554\" srcset=\"https:\/\/www.kdrei-2009.de\/WPKdrei\/wp-content\/uploads\/2019\/02\/K3-WR18-19Gesamtsieger-web.jpg 680w, https:\/\/www.kdrei-2009.de\/WPKdrei\/wp-content\/uploads\/2019\/02\/K3-WR18-19Gesamtsieger-web-300x194.jpg 300w\" sizes=\"(max-width: 680px) 100vw, 680px\" \/><\/figure>\n\n\n\n<p>Hier die Tagessieger. Sieger? Nat\u00fcrlich auch Max G. Bailly, Kdrei Frickenhausen. Wenn schon, denn schon&#8230;oder?<\/p>\n\n\n\n<figure class=\"wp-block-image\"><img loading=\"lazy\" decoding=\"async\" width=\"680\" height=\"447\" src=\"https:\/\/www.kdrei-2009.de\/WPKdrei\/wp-content\/uploads\/2019\/02\/K3-WR18-19-04sieger-web.jpg\" alt=\"\" class=\"wp-image-7556\" srcset=\"https:\/\/www.kdrei-2009.de\/WPKdrei\/wp-content\/uploads\/2019\/02\/K3-WR18-19-04sieger-web.jpg 680w, https:\/\/www.kdrei-2009.de\/WPKdrei\/wp-content\/uploads\/2019\/02\/K3-WR18-19-04sieger-web-300x197.jpg 300w\" sizes=\"(max-width: 680px) 100vw, 680px\" \/><\/figure>\n\n\n\n<p>Nat\u00fcrlich auch noch die Abschlusstabelle. Aber wozu? Da steht auch nur Max ganz oben&#8230;.<\/p>\n\n\n\n<figure class=\"wp-block-image\"><img loading=\"lazy\" decoding=\"async\" width=\"567\" height=\"1024\" src=\"https:\/\/www.kdrei-2009.de\/WPKdrei\/wp-content\/uploads\/2019\/02\/K3-WR18-19-Endstand-web-567x1024.jpg\" alt=\"\" class=\"wp-image-7558\" srcset=\"https:\/\/www.kdrei-2009.de\/WPKdrei\/wp-content\/uploads\/2019\/02\/K3-WR18-19-Endstand-web-567x1024.jpg 567w, https:\/\/www.kdrei-2009.de\/WPKdrei\/wp-content\/uploads\/2019\/02\/K3-WR18-19-Endstand-web-166x300.jpg 166w, https:\/\/www.kdrei-2009.de\/WPKdrei\/wp-content\/uploads\/2019\/02\/K3-WR18-19-Endstand-web.jpg 680w\" sizes=\"(max-width: 567px) 100vw, 567px\" \/><\/figure>\n","protected":false},"excerpt":{"rendered":"<p>So schnell geht das vorbei. 4 Vereine, 4 Spielorte, viel Spass und Boule, viele Teilnehmer und einen Sieger. Max G. Bailly, Kdrei Frickenhausen, gewinnt das Winterrundenturnier. Herzlichen Gl\u00fcckwunsch. Hier der [&hellip;]<\/p>\n","protected":false},"author":1,"featured_media":0,"parent":6747,"menu_order":0,"comment_status":"open","ping_status":"closed","template":"","meta":{"footnotes":""},"_links":{"self":[{"href":"https:\/\/www.kdrei-2009.de\/WPKdrei\/wp-json\/wp\/v2\/pages\/7560"}],"collection":[{"href":"https:\/\/www.kdrei-2009.de\/WPKdrei\/wp-json\/wp\/v2\/pages"}],"about":[{"href":"https:\/\/www.kdrei-2009.de\/WPKdrei\/wp-json\/wp\/v2\/types\/page"}],"author":[{"embeddable":true,"href":"https:\/\/www.kdrei-2009.de\/WPKdrei\/wp-json\/wp\/v2\/users\/1"}],"replies":[{"embeddable":true,"href":"https:\/\/www.kdrei-2009.de\/WPKdrei\/wp-json\/wp\/v2\/comments?post=7560"}],"version-history":[{"count":4,"href":"https:\/\/www.kdrei-2009.de\/WPKdrei\/wp-json\/wp\/v2\/pages\/7560\/revisions"}],"predecessor-version":[{"id":7565,"href":"https:\/\/www.kdrei-2009.de\/WPKdrei\/wp-json\/wp\/v2\/pages\/7560\/revisions\/7565"}],"up":[{"embeddable":true,"href":"https:\/\/www.kdrei-2009.de\/WPKdrei\/wp-json\/wp\/v2\/pages\/6747"}],"wp:attachment":[{"href":"https:\/\/www.kdrei-2009.de\/WPKdrei\/wp-json\/wp\/v2\/media?parent=7560"}],"curies":[{"name":"wp","href":"https:\/\/api.w.org\/{rel}","templated":true}]}}